{"id":907,"date":"2024-07-18T11:47:07","date_gmt":"2024-07-18T11:47:07","guid":{"rendered":"https:\/\/seaglow.eu\/?page_id=907"},"modified":"2024-07-18T11:47:39","modified_gmt":"2024-07-18T11:47:39","slug":"privacy-and-data-protection-policy","status":"publish","type":"page","link":"https:\/\/seaglow.eu\/sv\/privacy-and-data-protection-policy\/","title":{"rendered":"Policy f\u00f6r integritet och dataskydd"},"content":{"rendered":"<h3 style=\"text-align: center;\">Policy f\u00f6r integritet och dataskydd<\/h3>\n<p><strong>\u00a0<\/strong><\/p>\n<p>V\u00e4lkommen till sekretess- och dataskyddspolicyn f\u00f6r SEAGLOWs webbplats (\"webbplatsen\"). Denna policy f\u00f6rklarar hur vi samlar in, anv\u00e4nder, avsl\u00f6jar och skyddar din personliga information n\u00e4r du bes\u00f6ker v\u00e5r webbplats. Genom att anv\u00e4nda v\u00e5r webbplats samtycker du till de metoder som beskrivs i denna policy.<\/p>\n<p>&nbsp;<\/p>\n<ol start=\"2\">\n<li>Information som vi samlar in<\/li>\n<\/ol>\n<p>Personlig information: Vi kan samla in personuppgifter som du frivilligt l\u00e4mnar till oss n\u00e4r du interagerar med webbplatsen, till exempel ditt namn, e-postadress, telefonnummer och annan information som du v\u00e4ljer att l\u00e4mna.<\/p>\n<p>Automatiskt insamlad information: Vi kan ocks\u00e5 automatiskt samla in viss information om din enhet och anv\u00e4ndning av webbplatsen med hj\u00e4lp av cookies och liknande teknik. Detta kan inkludera din IP-adress, webbl\u00e4sartyp, operativsystem, h\u00e4nvisande webbadresser och visade sidor.<\/p>\n<p>&nbsp;<\/p>\n<ol start=\"3\">\n<li>Anv\u00e4ndning av information<\/li>\n<\/ol>\n<p>Vi anv\u00e4nder den information vi samlar in f\u00f6r f\u00f6ljande \u00e4ndam\u00e5l:<\/p>\n<p>- F\u00f6r att tillhandah\u00e5lla och underh\u00e5lla Webbplatsen.<\/p>\n<p>-f\u00f6r att f\u00f6rb\u00e4ttra och anpassa din upplevelse p\u00e5 Webbplatsen.<\/p>\n<p>-F\u00f6r att kommunicera med dig, inklusive att svara p\u00e5 dina f\u00f6rfr\u00e5gningar och tillhandah\u00e5lla uppdateringar om projektet.<\/p>\n<p>&nbsp;<\/p>\n<p>-F\u00f6r att analysera och \u00f6vervaka anv\u00e4ndningen av Webbplatsen och f\u00f6r andra interna syften.<\/p>\n<p>-F\u00f6r att uppfylla r\u00e4ttsliga skyldigheter.<\/p>\n<p>&nbsp;<\/p>\n<ol start=\"4\">\n<li>R\u00e4ttslig grund f\u00f6r behandling<\/li>\n<\/ol>\n<p>Vi behandlar dina personuppgifter baserat p\u00e5 en eller flera av f\u00f6ljande r\u00e4ttsliga grunder:<\/p>\n<p>-Ditt samtycke, som du kan \u00e5terkalla n\u00e4r som helst.<\/p>\n<p>-N\u00f6dv\u00e4ndigheten av behandlingen f\u00f6r att fullg\u00f6ra ett avtal med dig.<\/p>\n<p>-Efterlevnad av v\u00e5ra r\u00e4ttsliga skyldigheter.<\/p>\n<p>V\u00e5ra legitima intressen, s\u00e5som att f\u00f6rb\u00e4ttra v\u00e5ra tj\u00e4nster och marknadsf\u00f6ringsaktiviteter, d\u00e4r dessa intressen inte \u00e5sidos\u00e4tts av dina r\u00e4ttigheter och intressen.<\/p>\n<p>&nbsp;<\/p>\n<ol start=\"5\">\n<li>Delning av information<\/li>\n<\/ol>\n<p>Vi kan dela din personliga information med tredje part under f\u00f6ljande omst\u00e4ndigheter:<\/p>\n<p>-Med tj\u00e4nsteleverant\u00f6rer och entrepren\u00f6rer som hj\u00e4lper oss att driva webbplatsen och tillhandah\u00e5lla tj\u00e4nster.<\/p>\n<p>-Med v\u00e5ra dotterbolag och partners som deltar i det EU-finansierade projektet.<\/p>\n<p>Som svar p\u00e5 lagliga f\u00f6rfr\u00e5gningar fr\u00e5n offentliga myndigheter, inklusive f\u00f6r att uppfylla nationella s\u00e4kerhets- eller brottsbek\u00e4mpningskrav.<\/p>\n<p>I samband med fusion, f\u00f6rs\u00e4ljning av f\u00f6retagets tillg\u00e5ngar, finansiering eller f\u00f6rv\u00e4rv av hela eller en del av v\u00e5rt projekt av ett annat f\u00f6retag.<\/p>\n<p>&nbsp;<\/p>\n<ol start=\"6\">\n<li>Datas\u00e4kerhet<\/li>\n<\/ol>\n<p>Vi vidtar l\u00e4mpliga tekniska och organisatoriska \u00e5tg\u00e4rder f\u00f6r att skydda din personliga information fr\u00e5n obeh\u00f6rig \u00e5tkomst, anv\u00e4ndning eller avsl\u00f6jande. Ingen metod f\u00f6r \u00f6verf\u00f6ring via internet eller elektronisk lagring \u00e4r dock helt s\u00e4ker, och vi kan inte garantera absolut s\u00e4kerhet.<\/p>\n<p>&nbsp;<\/p>\n<ol start=\"7\">\n<li>Dina r\u00e4ttigheter<\/li>\n<\/ol>\n<p>&nbsp;<\/p>\n<p>Du har f\u00f6ljande r\u00e4ttigheter avseende dina personuppgifter enligt g\u00e4llande dataskyddslagar:<\/p>\n<p>-\u00c5tkomst: Du har r\u00e4tt att f\u00e5 tillg\u00e5ng till den personliga information vi har om dig.<\/p>\n<p>-R\u00e4ttelse: Du kan beg\u00e4ra att vi korrigerar felaktig eller ofullst\u00e4ndig personlig information.<\/p>\n<p>-Radering: Du har r\u00e4tt att beg\u00e4ra radering av dina personuppgifter, med f\u00f6rbeh\u00e5ll f\u00f6r vissa undantag.<\/p>\n<p>-Begr\u00e4nsning: Du kan beg\u00e4ra att vi begr\u00e4nsar behandlingen av dina personuppgifter under vissa omst\u00e4ndigheter.<\/p>\n<p>-Inv\u00e4ndning: Du har r\u00e4tt att inv\u00e4nda mot behandling av dina personuppgifter, inklusive f\u00f6r direktmarknadsf\u00f6rings\u00e4ndam\u00e5l.<\/p>\n<p>-Dataportabilitet: Du kan beg\u00e4ra en kopia av dina personuppgifter i ett strukturerat, allm\u00e4nt anv\u00e4nt och maskinl\u00e4sbart format.<\/p>\n<p>F\u00f6r att ut\u00f6va dessa r\u00e4ttigheter, v\u00e4nligen kontakta oss med hj\u00e4lp av kontaktinformationen nedan.<\/p>\n<p>&nbsp;<\/p>\n<ol start=\"8\">\n<li>Internationella data\u00f6verf\u00f6ringar<\/li>\n<\/ol>\n<p>Dina personuppgifter kan komma att \u00f6verf\u00f6ras till och behandlas i l\u00e4nder utanf\u00f6r det Europeiska ekonomiska samarbetsomr\u00e5det (EES) som kanske inte erbjuder samma niv\u00e5 av dataskydd som ditt hemland. Vi kommer att vidta l\u00e4mpliga \u00e5tg\u00e4rder f\u00f6r att s\u00e4kerst\u00e4lla att din personliga information f\u00f6rblir skyddad i enlighet med denna policy.<\/p>\n<p>&nbsp;<\/p>\n<ol start=\"9\">\n<li>\u00c4ndringar av denna policy<\/li>\n<\/ol>\n<p>Vi kan komma att uppdatera denna integritets- och dataskyddspolicy fr\u00e5n tid till annan f\u00f6r att \u00e5terspegla f\u00f6r\u00e4ndringar i v\u00e5r praxis eller av andra operativa, juridiska eller regleringsm\u00e4ssiga sk\u00e4l. Vi uppmuntrar dig att regelbundet l\u00e4sa igenom denna policy f\u00f6r eventuella uppdateringar. Datumet f\u00f6r den senaste uppdateringen anges l\u00e4ngst ned i policyn.<\/p>\n<p>&nbsp;<\/p>\n<ol start=\"10\">\n<li>Kontakta oss<\/li>\n<\/ol>\n<p>&nbsp;<\/p>\n<p>Om du har n\u00e5gra fr\u00e5gor om denna integritets- och dataskyddspolicy eller v\u00e5r datapraxis, v\u00e4nligen kontakta SEAGLOW Project leader p\u00e5<\/p>\n<p>&nbsp;<\/p>\n<p>NordDanmarks EU-kontor NOVI Science Park<\/p>\n<p>Niels Jernes Vej 10 DK-9220 Aalborg \u00d8 Tlf: +45 6188 5300<\/p>\n<p>E-post: <a href=\"mailto:info@ndeu.dk\">info@ndeu.dk<\/a><\/p>\n<p>&nbsp;<\/p>\n<p>NordDanmarks EU-Kontor, Bruxelles Avenue Palmerston 18<\/p>\n<p>B-1000 Bryssel Belgien<\/p>\n<p>E-post: <a href=\"mailto:info@ndeu.dk\">info@ndeu.dk<\/a><\/p>\n<p>&nbsp;<\/p>\n<p style=\"text-align: right;\"><em>Senast uppdaterad: 17 juli 2024<\/em><\/p>","protected":false},"excerpt":{"rendered":"<p>Privacy and Data Protection Policy \u00a0 Welcome to the Privacy and Data Protection Policy for the SEAGLOW website (the &#8220;Website&#8221;). This policy explains how we collect, use, disclose, and protect [&hellip;]<\/p>\n","protected":false},"author":1,"featured_media":0,"parent":0,"menu_order":0,"comment_status":"closed","ping_status":"closed","template":"","meta":{"footnotes":""},"class_list":["post-907","page","type-page","status-publish","hentry","has-post-title","has-post-date","has-post-category","has-post-tag","has-post-comment","has-post-author",""],"_links":{"self":[{"href":"https:\/\/seaglow.eu\/sv\/wp-json\/wp\/v2\/pages\/907","targetHints":{"allow":["GET"]}}],"collection":[{"href":"https:\/\/seaglow.eu\/sv\/wp-json\/wp\/v2\/pages"}],"about":[{"href":"https:\/\/seaglow.eu\/sv\/wp-json\/wp\/v2\/types\/page"}],"author":[{"embeddable":true,"href":"https:\/\/seaglow.eu\/sv\/wp-json\/wp\/v2\/users\/1"}],"replies":[{"embeddable":true,"href":"https:\/\/seaglow.eu\/sv\/wp-json\/wp\/v2\/comments?post=907"}],"version-history":[{"count":2,"href":"https:\/\/seaglow.eu\/sv\/wp-json\/wp\/v2\/pages\/907\/revisions"}],"predecessor-version":[{"id":909,"href":"https:\/\/seaglow.eu\/sv\/wp-json\/wp\/v2\/pages\/907\/revisions\/909"}],"wp:attachment":[{"href":"https:\/\/seaglow.eu\/sv\/wp-json\/wp\/v2\/media?parent=907"}],"curies":[{"name":"wp","href":"https:\/\/api.w.org\/{rel}","templated":true}]}}