{"id":902,"date":"2024-07-18T11:40:03","date_gmt":"2024-07-18T11:40:03","guid":{"rendered":"https:\/\/seaglow.eu\/?page_id=902"},"modified":"2024-07-18T11:45:24","modified_gmt":"2024-07-18T11:45:24","slug":"cookies-policy","status":"publish","type":"page","link":"https:\/\/seaglow.eu\/sv\/cookies-policy\/","title":{"rendered":"Policy f\u00f6r cookies"},"content":{"rendered":"<h3 style=\"text-align: center;\">Policy f\u00f6r cookies<\/h3>\n<p>&nbsp;<\/p>\n<ol>\n<li>Inledning<\/li>\n<\/ol>\n<p>V\u00e4lkommen till cookiepolicyn f\u00f6r SEAGLOWs webbplats (\"Webbplatsen\"). Denna policy f\u00f6rklarar hur vi anv\u00e4nder cookies och liknande tekniker p\u00e5 v\u00e5r webbplats. Genom att anv\u00e4nda v\u00e5r webbplats samtycker du till anv\u00e4ndningen av cookies enligt beskrivningen i denna policy. Om du inte samtycker till v\u00e5r anv\u00e4ndning av cookies b\u00f6r du justera dina webbl\u00e4sarinst\u00e4llningar i enlighet med detta eller avst\u00e5 fr\u00e5n att anv\u00e4nda v\u00e5r webbplats.<\/p>\n<p>&nbsp;<\/p>\n<p>&nbsp;<\/p>\n<ol start=\"2\">\n<li>Vad \u00e4r cookies?<\/li>\n<\/ol>\n<p>Cookies \u00e4r sm\u00e5 textfiler som placeras p\u00e5 din enhet n\u00e4r du bes\u00f6ker en webbplats. De anv\u00e4nds ofta f\u00f6r att f\u00e5 webbplatser att fungera mer effektivt och f\u00f6r att ge information till webbplats\u00e4gare. Cookies g\u00f6r det m\u00f6jligt f\u00f6r webbplatser att k\u00e4nna igen din enhet och lagra viss information om dina preferenser eller tidigare handlingar.<\/p>\n<p>&nbsp;<\/p>\n<p>&nbsp;<\/p>\n<ol start=\"3\">\n<li>Typer av cookies som vi anv\u00e4nder<\/li>\n<\/ol>\n<p>Vi anv\u00e4nder f\u00f6ljande typer av cookies p\u00e5 v\u00e5r webbplats:<\/p>\n<p>Strikt n\u00f6dv\u00e4ndiga cookies: Dessa cookies \u00e4r n\u00f6dv\u00e4ndiga f\u00f6r att du ska kunna navigera p\u00e5 webbplatsen och anv\u00e4nda dess funktioner, t.ex. f\u00f6r att f\u00e5 tillg\u00e5ng till s\u00e4kra omr\u00e5den. Utan dessa cookies kan de tj\u00e4nster som du har beg\u00e4rt inte tillhandah\u00e5llas.<\/p>\n<p>&nbsp;<\/p>\n<p>Prestanda-cookies: Dessa cookies samlar in information om hur bes\u00f6kare anv\u00e4nder v\u00e5r webbplats, t.ex. vilka sidor som bes\u00f6ks oftast. Denna information anv\u00e4nds f\u00f6r att f\u00f6rb\u00e4ttra v\u00e5r webbplats och anv\u00e4ndarupplevelsen.<\/p>\n<p>Funktionalitetscookies: Dessa cookies g\u00f6r det m\u00f6jligt f\u00f6r webbplatsen att komma ih\u00e5g de val du g\u00f6r (t.ex. anv\u00e4ndarnamn, spr\u00e5k eller region) och tillhandah\u00e5lla f\u00f6rb\u00e4ttrade och mer personliga funktioner.<\/p>\n<p>Cookies f\u00f6r m\u00e5lgruppsanpassning\/annonsering: Dessa cookies anv\u00e4nds f\u00f6r att leverera inneh\u00e5ll som \u00e4r mer relevant f\u00f6r dig och dina intressen. De kan ocks\u00e5 anv\u00e4ndas f\u00f6r att begr\u00e4nsa antalet g\u00e5nger du ser en annons och m\u00e4ta effektiviteten i reklamkampanjer.<\/p>\n<p>&nbsp;<\/p>\n<p>&nbsp;<\/p>\n<ol start=\"4\">\n<li>Hur vi anv\u00e4nder cookies<\/li>\n<\/ol>\n<p>Vi anv\u00e4nder cookies f\u00f6r f\u00f6ljande \u00e4ndam\u00e5l:<\/p>\n<p>-f\u00f6r att s\u00e4kerst\u00e4lla att Webbplatsen fungerar korrekt.<\/p>\n<p>-f\u00f6r att analysera och f\u00f6rb\u00e4ttra prestandan p\u00e5 v\u00e5r webbplats.<\/p>\n<p>-F\u00f6r att anpassa din upplevelse p\u00e5 v\u00e5r webbplats.<\/p>\n<p>-f\u00f6r att leverera riktad reklam baserat p\u00e5 dina surfaktiviteter.<\/p>\n<p>&nbsp;<\/p>\n<p>&nbsp;<\/p>\n<ol start=\"5\">\n<li>Cookies fr\u00e5n tredje part<\/li>\n<\/ol>\n<p>V\u00e5r webbplats kan ocks\u00e5 anv\u00e4nda cookies fr\u00e5n tredjepartsleverant\u00f6rer, t.ex. Google Analytics, f\u00f6r att hj\u00e4lpa oss att analysera hur anv\u00e4ndare interagerar med webbplatsen. Dessa cookies kan samla in information anonymt och rapportera webbplatstrender utan att identifiera enskilda bes\u00f6kare. F\u00f6r mer information om hur dessa tredje parter anv\u00e4nder cookies, se deras respektive integritetspolicy.<\/p>\n<p>&nbsp;<\/p>\n<p>&nbsp;<\/p>\n<ol start=\"6\">\n<li>Hantering av cookies<\/li>\n<\/ol>\n<p>Du kan kontrollera och hantera cookies p\u00e5 olika s\u00e4tt. Observera att borttagning eller blockering av cookies kan p\u00e5verka din anv\u00e4ndarupplevelse och att vissa delar av webbplatsen kanske inte fungerar korrekt. Du kan hantera dina cookiepreferenser via inst\u00e4llningarna i din webbl\u00e4sare. Mer information om hur du hanterar cookies finns p\u00e5 hj\u00e4lpsidorna i din webbl\u00e4sare.<\/p>\n<p>&nbsp;<\/p>\n<ol start=\"7\">\n<li>Uppdateringar av denna policy<\/li>\n<\/ol>\n<p>Vi kan komma att uppdatera denna cookiepolicy d\u00e5 och d\u00e5 f\u00f6r att \u00e5terspegla f\u00f6r\u00e4ndringar i v\u00e5r praxis eller av andra operativa, juridiska eller regleringsm\u00e4ssiga sk\u00e4l. Vi uppmuntrar dig att regelbundet l\u00e4sa igenom denna policy f\u00f6r eventuella uppdateringar. Datumet f\u00f6r den senaste uppdateringen anges h\u00f6gst upp i policyn.<\/p>\n<p>&nbsp;<\/p>\n<p>&nbsp;<\/p>\n<ol start=\"8\">\n<li>Kontakta oss<\/li>\n<\/ol>\n<p>Om du har n\u00e5gra fr\u00e5gor om v\u00e5r anv\u00e4ndning av cookies eller denna cookiepolicy, v\u00e4nligen kontakta projektledaren SEAGLOW p\u00e5<\/p>\n<p>&nbsp;<\/p>\n<p>&nbsp;<\/p>\n<p>NordDanmarks EU-kontor NOVI Science Park<\/p>\n<p>Niels Jernes Vej 10 DK-9220 Aalborg \u00d8 Tlf: +45 6188 5300<\/p>\n<p>E-post: <a href=\"mailto:info@ndeu.dk\">info@ndeu.dk<\/a><\/p>\n<p>&nbsp;<\/p>\n<p>&nbsp;<\/p>\n<p>NordDanmarks EU-Kontor, Bruxelles Avenue Palmerston 18<\/p>\n<p>B-1000 Bryssel Belgien<\/p>\n<p>E-post: <a href=\"mailto:info@ndeu.dk\">info@ndeu.dk<\/a><\/p>","protected":false},"excerpt":{"rendered":"<p>Cookies Policy &nbsp; Introduction Welcome to the cookies policy for the SEAGLOW website (the &#8220;Website&#8221;). This policy explains how we use cookies and similar technologies on our Website. By using [&hellip;]<\/p>\n","protected":false},"author":1,"featured_media":0,"parent":0,"menu_order":0,"comment_status":"open","ping_status":"closed","template":"","meta":{"footnotes":""},"class_list":["post-902","page","type-page","status-publish","hentry","has-post-title","has-post-date","has-post-category","has-post-tag","has-post-comment","has-post-author",""],"_links":{"self":[{"href":"https:\/\/seaglow.eu\/sv\/wp-json\/wp\/v2\/pages\/902","targetHints":{"allow":["GET"]}}],"collection":[{"href":"https:\/\/seaglow.eu\/sv\/wp-json\/wp\/v2\/pages"}],"about":[{"href":"https:\/\/seaglow.eu\/sv\/wp-json\/wp\/v2\/types\/page"}],"author":[{"embeddable":true,"href":"https:\/\/seaglow.eu\/sv\/wp-json\/wp\/v2\/users\/1"}],"replies":[{"embeddable":true,"href":"https:\/\/seaglow.eu\/sv\/wp-json\/wp\/v2\/comments?post=902"}],"version-history":[{"count":4,"href":"https:\/\/seaglow.eu\/sv\/wp-json\/wp\/v2\/pages\/902\/revisions"}],"predecessor-version":[{"id":906,"href":"https:\/\/seaglow.eu\/sv\/wp-json\/wp\/v2\/pages\/902\/revisions\/906"}],"wp:attachment":[{"href":"https:\/\/seaglow.eu\/sv\/wp-json\/wp\/v2\/media?parent=902"}],"curies":[{"name":"wp","href":"https:\/\/api.w.org\/{rel}","templated":true}]}}