{"id":70,"date":"2020-11-17T16:00:54","date_gmt":"2020-11-17T16:00:54","guid":{"rendered":"https:\/\/seaglow.eu\/?page_id=20"},"modified":"2024-10-15T11:05:14","modified_gmt":"2024-10-15T11:05:14","slug":"about-us-old","status":"publish","type":"page","link":"https:\/\/seaglow.eu\/sv\/about-us-old\/","title":{"rendered":"About us &#8211; old"},"content":{"rendered":"<h6>\u25cfSEAGLOW<\/h6>\n<h1>OM OSS<\/h1>\n<p>&lt;h5<\/p>\n<p><img loading=\"lazy\" decoding=\"async\" src=\"https:\/\/seaglow.eu\/wp-content\/uploads\/2024\/07\/sd1.jpg\" sizes=\"auto, (max-width:767px) 480px, 506px\" srcset=\"https:\/\/seaglow.eu\/wp-content\/uploads\/2024\/07\/sd1.jpg 506w, https:\/\/seaglow.eu\/wp-content\/uploads\/2024\/07\/sd1-375x500.jpg 375w, https:\/\/seaglow.eu\/wp-content\/uploads\/2024\/07\/sd1-225x300.jpg 225w, https:\/\/seaglow.eu\/wp-content\/uploads\/2024\/07\/sd1-56x75.jpg 56w, https:\/\/seaglow.eu\/wp-content\/uploads\/2024\/07\/sd1-480x639.jpg 480w\" alt=\"\" width=\"506\" height=\"674\" \/><\/p>\n<h2>Seaglow \u00e4r ett konsortium best\u00e5ende av 16 europeiska partners<\/h2>\n<p>Seaglow \u00e4r ett konsortium best\u00e5ende av 16 partners fr\u00e5n EU, Norge och Thailand. Initiativet, som finansieras av EU och leds av Norddanmarks EU-kontor, syftar till att visa att sm\u00e5skaligt fiske med hj\u00e4lp av r\u00e4tt kombination av teknik kan minska sitt beroende av fossila br\u00e4nslen och bidra positivt till att \u00e5terst\u00e4lla marina ekosystem och f\u00f6rb\u00e4ttra fiskesamh\u00e4llenas v\u00e4lbefinnande.<\/p>\n<p>SEAGLOW-konsortiet utformar, konstruerar och driver fem teknikpiloter, inklusive utbyte av konventionella dieselmotorer och anv\u00e4ndning av E-bel\u00e4ggning och sensorteknik, p\u00e5 fyra fartyg i Danmark, Estland, Norge och Sverige.<\/p>\n<h2>Seaglow \u00e4r planerad att implementeras under minst 48 m\u00e5nader, med start i april 2024<\/h2>\n<p>SEAGLOW-konsortiets ambition \u00e4r att klart och tydligt visa att anv\u00e4ndningen av en kombination av l\u00e4mplig teknik kan f\u00f6r\u00e4ndra spelplanen och m\u00f6jligg\u00f6ra en kostnadseffektiv minskning av br\u00e4nslef\u00f6rbrukningen, vilket gynnar fiskesamh\u00e4llet och milj\u00f6n samt p\u00e5skyndar m\u00f6jligheterna till positiva f\u00f6r\u00e4ndringar.<\/p>\n<p><a href=\"https:\/\/seaglow.eu\/sv\/vehicles\/\"><br \/>\nVad vi g\u00f6r<br \/>\n<\/a><br \/>\n<img loading=\"lazy\" decoding=\"async\" src=\"https:\/\/seaglow.eu\/wp-content\/uploads\/2024\/07\/erd1.jpg\" sizes=\"auto, (max-width:767px) 480px, 611px\" srcset=\"https:\/\/seaglow.eu\/wp-content\/uploads\/2024\/07\/erd1.jpg 611w, https:\/\/seaglow.eu\/wp-content\/uploads\/2024\/07\/erd1-500x348.jpg 500w, https:\/\/seaglow.eu\/wp-content\/uploads\/2024\/07\/erd1-300x209.jpg 300w, https:\/\/seaglow.eu\/wp-content\/uploads\/2024\/07\/erd1-108x75.jpg 108w, https:\/\/seaglow.eu\/wp-content\/uploads\/2024\/07\/erd1-480x334.jpg 480w\" alt=\"\" width=\"611\" height=\"425\" \/><br \/>\n<img loading=\"lazy\" decoding=\"async\" src=\"https:\/\/seaglow.eu\/wp-content\/uploads\/2024\/09\/Seaglow-Partner-Logos_updated-1200x341.jpg\" sizes=\"auto, (max-width:767px) 480px, (max-width:1200px) 100vw, 1200px\" srcset=\"https:\/\/seaglow.eu\/wp-content\/uploads\/2024\/09\/Seaglow-Partner-Logos_updated-1200x341.jpg 1200w, https:\/\/seaglow.eu\/wp-content\/uploads\/2024\/09\/Seaglow-Partner-Logos_updated-500x142.jpg 500w, https:\/\/seaglow.eu\/wp-content\/uploads\/2024\/09\/Seaglow-Partner-Logos_updated-300x85.jpg 300w, https:\/\/seaglow.eu\/wp-content\/uploads\/2024\/09\/Seaglow-Partner-Logos_updated-768x218.jpg 768w, https:\/\/seaglow.eu\/wp-content\/uploads\/2024\/09\/Seaglow-Partner-Logos_updated-1536x436.jpg 1536w, https:\/\/seaglow.eu\/wp-content\/uploads\/2024\/09\/Seaglow-Partner-Logos_updated-2048x581.jpg 2048w, https:\/\/seaglow.eu\/wp-content\/uploads\/2024\/09\/Seaglow-Partner-Logos_updated-150x43.jpg 150w, https:\/\/seaglow.eu\/wp-content\/uploads\/2024\/09\/Seaglow-Partner-Logos_updated-480x136.jpg 480w\" alt=\"\" width=\"1200\" height=\"341\" \/><\/p>\n<h2>F\u00f6r ytterligare fr\u00e5gor \u00e4r du v\u00e4lkommen att h\u00f6ra av dig till<\/h2>\n<p><a href=\"https:\/\/seaglow.eu\/sv\/contact\/\"><br \/>\nSKICKA ETT MEDDELANDE TILL OSS<br \/>\n<\/a><\/p>","protected":false},"excerpt":{"rendered":"<p>\u25cfSEAGLOW ABOUT US &lt;h5 Seaglow is a consortium of 16 Europeans Partners Seaglow is a consortium of 16 partners from across the European Union, Norway and Thailand. The initiative, funded [&hellip;]<\/p>\n","protected":false},"author":1,"featured_media":0,"parent":0,"menu_order":0,"comment_status":"open","ping_status":"closed","template":"","meta":{"footnotes":""},"class_list":["post-70","page","type-page","status-publish","hentry","has-post-title","has-post-date","has-post-category","has-post-tag","has-post-comment","has-post-author",""],"_links":{"self":[{"href":"https:\/\/seaglow.eu\/sv\/wp-json\/wp\/v2\/pages\/70","targetHints":{"allow":["GET"]}}],"collection":[{"href":"https:\/\/seaglow.eu\/sv\/wp-json\/wp\/v2\/pages"}],"about":[{"href":"https:\/\/seaglow.eu\/sv\/wp-json\/wp\/v2\/types\/page"}],"author":[{"embeddable":true,"href":"https:\/\/seaglow.eu\/sv\/wp-json\/wp\/v2\/users\/1"}],"replies":[{"embeddable":true,"href":"https:\/\/seaglow.eu\/sv\/wp-json\/wp\/v2\/comments?post=70"}],"version-history":[{"count":42,"href":"https:\/\/seaglow.eu\/sv\/wp-json\/wp\/v2\/pages\/70\/revisions"}],"predecessor-version":[{"id":1049,"href":"https:\/\/seaglow.eu\/sv\/wp-json\/wp\/v2\/pages\/70\/revisions\/1049"}],"wp:attachment":[{"href":"https:\/\/seaglow.eu\/sv\/wp-json\/wp\/v2\/media?parent=70"}],"curies":[{"name":"wp","href":"https:\/\/api.w.org\/{rel}","templated":true}]}}