{"id":1053,"date":"2024-10-15T15:00:03","date_gmt":"2024-10-15T15:00:03","guid":{"rendered":"https:\/\/seaglow.eu\/?page_id=1053"},"modified":"2024-11-22T08:48:08","modified_gmt":"2024-11-22T08:48:08","slug":"what-we-do","status":"publish","type":"page","link":"https:\/\/seaglow.eu\/sv\/what-we-do\/","title":{"rendered":"Vad vi g\u00f6r"},"content":{"rendered":"<!--themify_builder_content-->\n<div id=\"themify_builder_content-1053\" data-postid=\"1053\" class=\"themify_builder_content themify_builder_content-1053 themify_builder tf_clear\">\n                    <div  data-lazy=\"1\" class=\"module_row themify_builder_row tb_39vn18 tb_first tf_w\">\n                        <div class=\"row_inner col_align_top tb_col_count_1 tf_box tf_rel\">\n                        <div  data-lazy=\"1\" class=\"module_column tb-column col-full tb_ws2x18 first\">\n        <span class=\"builder_row_cover tf_abs\"><\/span>            <!-- module text -->\n<div  class=\"module module-text tb_js1718\" data-lazy=\"1\">\n        <div  class=\"tb_text_wrap\">\n        <h1>VAD VI G\u00d6R<\/h1>\n<p style=\"text-align: center;\"><em>SEAGLOW-konsortiets ambition \u00e4r att klart och otvetydigt visa att anv\u00e4ndningen av<strong> en kombination av l\u00e4mpliga tekniker f\u00f6r\u00e4ndrar spelplanen<\/strong>vilket m\u00f6jligg\u00f6r en kostnadseffektiv minskning av br\u00e4nslef\u00f6rbrukningen, gynnar fiskesamh\u00e4llet och milj\u00f6n samt p\u00e5skyndar m\u00f6jligheterna till positiva f\u00f6r\u00e4ndringar.<\/em><\/p>    <\/div>\n<\/div>\n<!-- \/module text -->        <\/div>\n                        <\/div>\n        <\/div>\n                        <div  data-lazy=\"1\" class=\"module_row themify_builder_row tb_lx5s154 tf_w\">\n                        <div class=\"row_inner col_align_top tb_col_count_2 tf_box tf_rel\">\n                        <div  data-lazy=\"1\" class=\"module_column tb-column col4-2 tb_7wgf155 first\">\n                    <!-- module text -->\n<div  class=\"module module-text tb_ry6g158\" data-lazy=\"1\">\n        <div  class=\"tb_text_wrap\">\n        <h4>I februari 2023 offentliggjorde Europeiska kommissionen en rad \u00e5tg\u00e4rder f\u00f6r att f\u00f6rb\u00e4ttra h\u00e5llbarheten och motst\u00e5ndskraften i EU:s fiskeri- och vattenbrukssektor, bland annat f\u00f6ljande <a href=\"https:\/\/oceans-and-fisheries.ec.europa.eu\/publications\/communication-commission-energy-transition-eu-fisheries-and-aquaculture-sector_en\">Meddelande om energiomst\u00e4llningen inom EU:s fiskeri- och vattenbrukssektor<\/a>. Huvudsyftet med \u00e5tg\u00e4rderna \u00e4r att fr\u00e4mja anv\u00e4ndningen av renare energik\u00e4llor och minska beroendet av fossila br\u00e4nslen samt att minska fiskesektorns p\u00e5verkan p\u00e5 de marina ekosystemen.<\/h4>    <\/div>\n<\/div>\n<!-- \/module text -->        <\/div>\n                    <div  data-lazy=\"1\" class=\"module_column tb-column col4-2 tb_eepy155 last\">\n                    <!-- module image -->\n<div  class=\"module module-image tb_qzl8177 image-full-overlay   tf_mw\" data-lazy=\"1\">\n        <div class=\"image-wrap tf_rel tf_mw\">\n            <img loading=\"lazy\" decoding=\"async\" width=\"1920\" height=\"2560\" src=\"https:\/\/seaglow.eu\/wp-content\/uploads\/2024\/06\/billede-20240604-120228-bcef2de1-scaled.jpeg\" class=\"wp-post-image wp-image-638\" title=\"bild - 20240604-120228-bcef2de1\" alt=\"billede - 20240604-120228-bcef2de1\" srcset=\"https:\/\/seaglow.eu\/wp-content\/uploads\/2024\/06\/billede-20240604-120228-bcef2de1-scaled.jpeg 1920w, https:\/\/seaglow.eu\/wp-content\/uploads\/2024\/06\/billede-20240604-120228-bcef2de1-375x500.jpeg 375w, https:\/\/seaglow.eu\/wp-content\/uploads\/2024\/06\/billede-20240604-120228-bcef2de1-900x1200.jpeg 900w, https:\/\/seaglow.eu\/wp-content\/uploads\/2024\/06\/billede-20240604-120228-bcef2de1-225x300.jpeg 225w, https:\/\/seaglow.eu\/wp-content\/uploads\/2024\/06\/billede-20240604-120228-bcef2de1-768x1024.jpeg 768w, https:\/\/seaglow.eu\/wp-content\/uploads\/2024\/06\/billede-20240604-120228-bcef2de1-1152x1536.jpeg 1152w, https:\/\/seaglow.eu\/wp-content\/uploads\/2024\/06\/billede-20240604-120228-bcef2de1-1536x2048.jpeg 1536w, https:\/\/seaglow.eu\/wp-content\/uploads\/2024\/06\/billede-20240604-120228-bcef2de1-56x75.jpeg 56w, https:\/\/seaglow.eu\/wp-content\/uploads\/2024\/06\/billede-20240604-120228-bcef2de1-480x640.jpeg 480w\" sizes=\"auto, (max-width: 1920px) 100vw, 1920px\" \/>    \n        <\/div>\n    <!-- \/image-wrap -->\n    \n        <\/div>\n<!-- \/module image -->        <\/div>\n                        <\/div>\n        <\/div>\n                        <div  data-lazy=\"1\" class=\"module_row themify_builder_row tb_zw9v105 tf_w\">\n                        <div class=\"row_inner col_align_top tb_col_count_2 tf_box tf_rel\">\n                        <div  data-lazy=\"1\" class=\"module_column tb-column col4-2 tb_u1r3105 first\">\n                    <!-- module text -->\n<div  class=\"module module-text tb_uv0n658\" data-lazy=\"1\">\n        <div  class=\"tb_text_wrap\">\n        <h2><span style=\"color: #aec93e;\">Seaglow kommer aktivt att bidra till att uppn\u00e5 tv\u00e5 huvudm\u00e5l<\/span> riktningar f\u00f6r f\u00f6r\u00e4ndring\u00a0<\/h2>    <\/div>\n<\/div>\n<!-- \/module text --><!-- module image -->\n<div  class=\"module module-image tb_oh8k691 image-top   tf_mw\" data-lazy=\"1\">\n        <div class=\"image-wrap tf_rel tf_mw\">\n            <img loading=\"lazy\" decoding=\"async\" src=\"http:\/\/seaglow.eu\/wp-content\/uploads\/2024\/11\/DSC_0172.jpg\" width=\"496\" height=\"362\" title=\"Vad vi g\u00f6r\" alt=\"What we do\">    \n        <\/div>\n    <!-- \/image-wrap -->\n    \n        <\/div>\n<!-- \/module image -->        <\/div>\n                    <div  data-lazy=\"1\" class=\"module_column tb-column col4-2 tb_h4oj237 last\">\n                    <!-- module text -->\n<div  class=\"module module-text tb_uxnu651\" data-lazy=\"1\">\n        <div  class=\"tb_text_wrap\">\n        <ul>\n<li>\n<h4>\u00d6kad energieffektivitet p\u00e5 kort till medell\u00e5ng sikt\u00a0<\/h4>\n<\/li>\n<li>\n<h4>Att g\u00f6ra en gradvis \u00f6verg\u00e5ng fr\u00e5n fossila br\u00e4nslen till andra f\u00f6rnybara energik\u00e4llor med l\u00e5ga koldioxidutsl\u00e4pp.<\/h4>\n<\/li>\n<\/ul>\n<p>Det v\u00e4gledande m\u00e5let f\u00f6r fiskesektorn \u00e4r att minska fossilbr\u00e4nsleintensiteten (i liter per kg landad produkt) med &gt;15 % fr\u00e5n 2019 till 2030, med slutm\u00e5let CO2-neutralitet till 2050. \u00c5tg\u00e4rderna kommer att ge tid f\u00f6r investeringar, och \u00f6verg\u00e5ngen f\u00f6rv\u00e4ntas ske gradvis f\u00f6r att hj\u00e4lpa sektorn att anpassa sig. Som en del av processen inneh\u00e5ller handlingsplanen initiativ f\u00f6r att stimulera forskning och innovation, utveckla den kompetens som kr\u00e4vs hos arbetskraften och f\u00f6rb\u00e4ttra aff\u00e4rs- och investeringsklimatet, inklusive finansiering.<\/p>    <\/div>\n<\/div>\n<!-- \/module text -->        <\/div>\n                        <\/div>\n        <\/div>\n                        <div  data-lazy=\"1\" class=\"module_row themify_builder_row tb_klc5537 tf_w\">\n                        <div class=\"row_inner col_align_top tb_col_count_1 tf_box tf_rel\">\n                        <div  data-lazy=\"1\" class=\"module_column tb-column col-full tb_aqgb537 first\">\n                    <!-- module text -->\n<div  class=\"module module-text tb_z4o1537\" data-lazy=\"1\">\n        <div  class=\"tb_text_wrap\">\n        <h2 style=\"text-align: center;\"><strong>Utmaningar n\u00e4r det g\u00e4ller att tillgodose energibehoven inom ramen f\u00f6r den bl\u00e5 ekonomin<\/strong><\/h2>\n<p style=\"text-align: center;\"><span style=\"color: #01328a;\">Balans mellan h\u00e5llbara energil\u00f6sningar och sj\u00f6fartsindustrins realiteter<\/span><\/p>    <\/div>\n<\/div>\n<!-- \/module text -->        <div  data-lazy=\"1\" class=\"module_subrow themify_builder_sub_row tf_w col_align_top tb_col_count_3 tb_9pze80\">\n                <div  data-lazy=\"1\" class=\"module_column sub_column col3-1 tb_zg3v81 first\">\n                    <!-- module image -->\n<div  class=\"module module-image tb_k5hb963 image-top   tf_mw\" data-lazy=\"1\">\n        <div class=\"image-wrap tf_rel tf_mw\">\n            <img loading=\"lazy\" decoding=\"async\" src=\"http:\/\/seaglow.eu\/wp-content\/uploads\/2024\/06\/durabilite.png\" width=\"512\" height=\"512\" title=\"Vad vi g\u00f6r\" alt=\"What we do\">    \n        <\/div>\n    <!-- \/image-wrap -->\n    \n        <\/div>\n<!-- \/module image --><!-- module text -->\n<div  class=\"module module-text tb_k6p594\" data-lazy=\"1\">\n        <div  class=\"tb_text_wrap\">\n        <p>\u00c4ven om utmaningarna \u00e4r k\u00e4nda \u00e4r det sv\u00e5rt att uppfylla de energibehov som kr\u00e4vs f\u00f6r omvandlingen inom den bl\u00e5 ekonomin. Enligt g\u00e4llande lagstiftning m\u00e5ste ers\u00e4ttningsdrivlinor ha samma effekt eller mindre \u00e4n originalmotorn och kan \u00e4ven omfatta krav p\u00e5 l\u00e4gre CO2-utsl\u00e4pp.<\/p>\n<p>Ny teknik kan ha en h\u00f6gre vikt \u00e4n konventionella dieselmotorer, vilket kan p\u00e5verka fiskekapaciteten, som baseras p\u00e5 bruttodr\u00e4ktighet. S\u00e4rskilt f\u00f6r \u00e4ldre, mindre fiskefartyg \u00e4r storleken ofta ett problem, eftersom ny utrustning kan ta upp mer utrymme eller p\u00e5verka fartygets stabilitet. Detta kapacitetstak kan ocks\u00e5 bli \u00e4nnu mer hindrat av bristen p\u00e5 l\u00e4mplig hamninfrastruktur f\u00f6r service och underh\u00e5ll av motorer.\u00a0<\/p>    <\/div>\n<\/div>\n<!-- \/module text -->        <\/div>\n                    <div  data-lazy=\"1\" class=\"module_column sub_column col3-1 tb_5yn0888\">\n                    <!-- module image -->\n<div  class=\"module module-image tb_n52j888 image-top   tf_mw\" data-lazy=\"1\">\n        <div class=\"image-wrap tf_rel tf_mw\">\n            <img loading=\"lazy\" decoding=\"async\" src=\"http:\/\/seaglow.eu\/wp-content\/uploads\/2024\/06\/presentation.png\" width=\"512\" height=\"512\" title=\"Vad vi g\u00f6r\" alt=\"What we do\">    \n        <\/div>\n    <!-- \/image-wrap -->\n    \n        <\/div>\n<!-- \/module image --><!-- module text -->\n<div  class=\"module module-text tb_2d2u888\" data-lazy=\"1\">\n        <div  class=\"tb_text_wrap\">\n        <p>Det finns en betydande kunskaps- och kompetensbrist, d\u00e4r m\u00e5nga inom fiskeindustrin inte k\u00e4nner till ny, effektivare teknik och saknar praktiska f\u00e4rdigheter f\u00f6r att arbeta med ny framdrivningsteknik. Branschen \u00e5ldras, m\u00e5nga b\u00e5t\u00e4gare \u00e4r nu \u00f6ver 502 \u00e5r, och det har visat sig vara sv\u00e5rt att locka yngre m\u00e4nniskor till branschen.<\/p>\n<p>Det finns relativt h\u00f6ga investeringskostnader f\u00f6r att anta vissa energieffektiva eller koldioxidsn\u00e5la framdrivningstekniker, j\u00e4mf\u00f6rt med de begr\u00e4nsade int\u00e4kterna f\u00f6r de flesta fartyg i fiskeflottan, vilket g\u00f6r investeringar till en risk och kan f\u00f6rsena inf\u00f6randet av ny teknik. Slutligen finns det ett visst motst\u00e5nd inom branschen p\u00e5 grund av traditioner och en \u00f6nskan att beh\u00e5lla en k\u00e4nd och bepr\u00f6vad livsstil.\u00a0<\/p>    <\/div>\n<\/div>\n<!-- \/module text -->        <\/div>\n                    <div  data-lazy=\"1\" class=\"module_column sub_column col3-1 tb_ibeg443 last\">\n                    <!-- module image -->\n<div  class=\"module module-image tb_6qaj443 image-top   tf_mw\" data-lazy=\"1\">\n        <div class=\"image-wrap tf_rel tf_mw\">\n            <img loading=\"lazy\" decoding=\"async\" src=\"http:\/\/seaglow.eu\/wp-content\/uploads\/2024\/06\/energie-maremotrice.png\" width=\"512\" height=\"512\" title=\"Vad vi g\u00f6r\" alt=\"What we do\">    \n        <\/div>\n    <!-- \/image-wrap -->\n    \n        <\/div>\n<!-- \/module image --><!-- module text -->\n<div  class=\"module module-text tb_9q00443\" data-lazy=\"1\">\n        <div  class=\"tb_text_wrap\">\n        <p>SEAGLOW-konsortiet \u00e4r medvetet om utmaningarna i branschen och de politiska riktlinjer som fastst\u00e4llts i den europeiska gr\u00f6na given, och i synnerhet den nya strategin f\u00f6r den bl\u00e5 ekonomin. Konsortiet bygger upp sammanl\u00e4nkade, kompletterande och tv\u00e4rg\u00e5ende pilotfall i \u00d6stersj\u00f6n och Nordsj\u00f6n f\u00f6r att demonstrera l\u00e4mpliga tekniker som kan ge effekter p\u00e5 kort, medell\u00e5ng och l\u00e5ng sikt. Seaglow-pilotprojekten st\u00f6ds av h\u00f6gkvalitativa data och arbetar f\u00f6r att f\u00f6rb\u00e4ttra investeringarna i l\u00e4mpliga l\u00f6sningar f\u00f6r energiomst\u00e4llning.<\/p>\n<p>Konsortiet anv\u00e4nder en kombination av teknik och metoder som anses vara l\u00e4mpliga f\u00f6r industrin n\u00e4r det g\u00e4ller kostnader, st\u00f6d och underh\u00e5ll. Kombinationen av dessa tekniker, som fungerar p\u00e5 ett \u00f6vergripande och kompletterande s\u00e4tt och utnyttjar partnerskapets kombinerade f\u00e4rdigheter, erfarenheter och n\u00e4tverk, bygger p\u00e5 ett nytt tillv\u00e4gag\u00e5ngss\u00e4tt som bygger upp nya partnerskap f\u00f6r energiomst\u00e4llning p\u00e5 olika niv\u00e5er.<\/p>    <\/div>\n<\/div>\n<!-- \/module text -->        <\/div>\n                    <\/div>\n                <\/div>\n                        <\/div>\n        <\/div>\n                        <div  data-lazy=\"1\" class=\"module_row themify_builder_row tb_t108296 tf_w\">\n                        <div class=\"row_inner col_align_top tb_col_count_1 tf_box tf_rel\">\n                        <div  data-lazy=\"1\" class=\"module_column tb-column col-full tb_2v94296 first\">\n                    <!-- module text -->\n<div  class=\"module module-text tb_k0yt64\" data-lazy=\"1\">\n        <div  class=\"tb_text_wrap\">\n        <p style=\"text-align: center;\"><em>HORIZON-MISS-2023-OCEAN-01-05 - Fyrtorn i \u00d6stersj\u00f6ns och Nordsj\u00f6ns avrinningsomr\u00e5den - Gr\u00f6na och energieffektiva sm\u00e5skaliga fiskeflottor - Projekt: 101157477 - SEAGLOW\u00a0<\/em><\/p>    <\/div>\n<\/div>\n<!-- \/module text -->        <\/div>\n                        <\/div>\n        <\/div>\n                        <div  data-lazy=\"1\" class=\"module_row themify_builder_row tb_d6f5113 tf_w\">\n                        <div class=\"row_inner col_align_top tb_col_count_1 tf_box tf_rel\">\n                        <div  data-lazy=\"1\" class=\"module_column tb-column col-full tb_c16z114 first\">\n                            <\/div>\n                        <\/div>\n        <\/div>\n                        <div  data-lazy=\"1\" class=\"module_row themify_builder_row tb_vopq798 tf_w\">\n                        <div class=\"row_inner col_align_top tb_col_count_1 tf_box tf_rel\">\n                        <div  data-lazy=\"1\" class=\"module_column tb-column col-full tb_mg3u798 first\">\n                    <!-- module text -->\n<div  class=\"module module-text tb_2bqh114\" data-lazy=\"1\">\n        <div  class=\"tb_text_wrap\">\n        <p><em>Fotokreditering f\u00f6r denna sida: @Len Duevel @Seaglow<\/em><\/p>    <\/div>\n<\/div>\n<!-- \/module text -->        <\/div>\n                        <\/div>\n        <\/div>\n        <\/div>\n<!--\/themify_builder_content-->","protected":false},"excerpt":{"rendered":"<p>WHAT WE DO The ambition of the SEAGLOW consortium is to demonstrate clearly and unequivocally that the use of a combination of appropriate technologies is a game-changer, allowing the cost-efficient [&hellip;]<\/p>\n","protected":false},"author":2,"featured_media":0,"parent":0,"menu_order":0,"comment_status":"closed","ping_status":"closed","template":"","meta":{"footnotes":""},"class_list":["post-1053","page","type-page","status-publish","hentry","has-post-title","has-post-date","has-post-category","has-post-tag","has-post-comment","has-post-author",""],"_links":{"self":[{"href":"https:\/\/seaglow.eu\/sv\/wp-json\/wp\/v2\/pages\/1053","targetHints":{"allow":["GET"]}}],"collection":[{"href":"https:\/\/seaglow.eu\/sv\/wp-json\/wp\/v2\/pages"}],"about":[{"href":"https:\/\/seaglow.eu\/sv\/wp-json\/wp\/v2\/types\/page"}],"author":[{"embeddable":true,"href":"https:\/\/seaglow.eu\/sv\/wp-json\/wp\/v2\/users\/2"}],"replies":[{"embeddable":true,"href":"https:\/\/seaglow.eu\/sv\/wp-json\/wp\/v2\/comments?post=1053"}],"version-history":[{"count":42,"href":"https:\/\/seaglow.eu\/sv\/wp-json\/wp\/v2\/pages\/1053\/revisions"}],"predecessor-version":[{"id":1325,"href":"https:\/\/seaglow.eu\/sv\/wp-json\/wp\/v2\/pages\/1053\/revisions\/1325"}],"wp:attachment":[{"href":"https:\/\/seaglow.eu\/sv\/wp-json\/wp\/v2\/media?parent=1053"}],"curies":[{"name":"wp","href":"https:\/\/api.w.org\/{rel}","templated":true}]}}