{"id":907,"date":"2024-07-18T11:47:07","date_gmt":"2024-07-18T11:47:07","guid":{"rendered":"https:\/\/seaglow.eu\/?page_id=907"},"modified":"2024-07-18T11:47:39","modified_gmt":"2024-07-18T11:47:39","slug":"privacy-and-data-protection-policy","status":"publish","type":"page","link":"https:\/\/seaglow.eu\/pl\/privacy-and-data-protection-policy\/","title":{"rendered":"Polityka prywatno\u015bci i ochrony danych"},"content":{"rendered":"<h3 style=\"text-align: center;\">Polityka prywatno\u015bci i ochrony danych<\/h3>\n<p><strong>\u00a0<\/strong><\/p>\n<p>Witamy w Polityce prywatno\u015bci i ochrony danych dla strony internetowej SEAGLOW (\"Strona internetowa\"). Niniejsza polityka wyja\u015bnia, w jaki spos\u00f3b gromadzimy, wykorzystujemy, ujawniamy i chronimy dane osobowe u\u017cytkownik\u00f3w odwiedzaj\u0105cych nasz\u0105 Witryn\u0119. Korzystaj\u0105c z naszej Witryny, u\u017cytkownik wyra\u017ca zgod\u0119 na praktyki opisane w niniejszej polityce.<\/p>\n<p>&nbsp;<\/p>\n<ol start=\"2\">\n<li>Gromadzone przez nas informacje<\/li>\n<\/ol>\n<p>Dane osobowe: Mo\u017cemy gromadzi\u0107 dane osobowe, kt\u00f3re u\u017cytkownik dobrowolnie przekazuje nam podczas interakcji z Witryn\u0105, takie jak imi\u0119 i nazwisko, adres e-mail, numer telefonu i wszelkie inne informacje, kt\u00f3re u\u017cytkownik zdecyduje si\u0119 poda\u0107.<\/p>\n<p>Informacje zbierane automatycznie: Mo\u017cemy r\u00f3wnie\u017c automatycznie gromadzi\u0107 pewne informacje o urz\u0105dzeniu u\u017cytkownika i korzystaniu przez niego z Witryny za pomoc\u0105 plik\u00f3w cookie i podobnych technologii. Mo\u017ce to obejmowa\u0107 adres IP, typ przegl\u0105darki, system operacyjny, odsy\u0142aj\u0105ce adresy URL i przegl\u0105dane strony.<\/p>\n<p>&nbsp;<\/p>\n<ol start=\"3\">\n<li>Wykorzystanie informacji<\/li>\n<\/ol>\n<p>Gromadzone przez nas informacje wykorzystujemy do nast\u0119puj\u0105cych cel\u00f3w:<\/p>\n<p>- Udost\u0119pnianie i utrzymywanie Witryny.<\/p>\n<p>-Aby poprawi\u0107 i spersonalizowa\u0107 do\u015bwiadczenia u\u017cytkownika w Witrynie.<\/p>\n<p>-Kontaktowanie si\u0119 z u\u017cytkownikiem, w tym odpowiadanie na jego zapytania i dostarczanie aktualnych informacji o projekcie.<\/p>\n<p>&nbsp;<\/p>\n<p>-Analizowanie i monitorowanie korzystania z Witryny oraz do innych cel\u00f3w wewn\u0119trznych.<\/p>\n<p>-Przestrzeganie zobowi\u0105za\u0144 prawnych.<\/p>\n<p>&nbsp;<\/p>\n<ol start=\"4\">\n<li>Podstawa prawna przetwarzania danych<\/li>\n<\/ol>\n<p>Przetwarzamy dane osobowe u\u017cytkownika w oparciu o co najmniej jedn\u0105 z poni\u017cszych podstaw prawnych:<\/p>\n<p>-Twoja zgoda, kt\u00f3r\u0105 mo\u017cesz wycofa\u0107 w dowolnym momencie.<\/p>\n<p>-Konieczno\u015b\u0107 przetwarzania w celu wykonania umowy z u\u017cytkownikiem.<\/p>\n<p>-Zgodno\u015b\u0107 z naszymi zobowi\u0105zaniami prawnymi.<\/p>\n<p>Nasze uzasadnione interesy, takie jak ulepszanie naszych us\u0142ug i dzia\u0142ania marketingowe, o ile prawa i interesy u\u017cytkownika nie s\u0105 nadrz\u0119dne wobec tych interes\u00f3w.<\/p>\n<p>&nbsp;<\/p>\n<ol start=\"5\">\n<li>Udost\u0119pnianie informacji<\/li>\n<\/ol>\n<p>Mo\u017cemy udost\u0119pnia\u0107 dane osobowe u\u017cytkownika stronom trzecim w nast\u0119puj\u0105cych okoliczno\u015bciach:<\/p>\n<p>-Dostawcom us\u0142ug i wykonawcom, kt\u00f3rzy pomagaj\u0105 nam w prowadzeniu Witryny i \u015bwiadczeniu us\u0142ug.<\/p>\n<p>-Z naszymi oddzia\u0142ami i partnerami zaanga\u017cowanymi w projekt finansowany przez UE.<\/p>\n<p>-W odpowiedzi na zgodne z prawem \u017c\u0105dania w\u0142adz publicznych, w tym w celu spe\u0142nienia wymog\u00f3w bezpiecze\u0144stwa narodowego lub egzekwowania prawa.<\/p>\n<p>W zwi\u0105zku z jak\u0105kolwiek fuzj\u0105, sprzeda\u017c\u0105 aktyw\u00f3w sp\u00f3\u0142ki, finansowaniem lub przej\u0119ciem ca\u0142o\u015bci lub cz\u0119\u015bci naszego projektu przez inn\u0105 sp\u00f3\u0142k\u0119.<\/p>\n<p>&nbsp;<\/p>\n<ol start=\"6\">\n<li>Bezpiecze\u0144stwo danych<\/li>\n<\/ol>\n<p>Podejmujemy odpowiednie \u015brodki techniczne i organizacyjne w celu ochrony danych osobowych u\u017cytkownika przed nieuprawnionym dost\u0119pem, wykorzystaniem lub ujawnieniem. Jednak \u017cadna metoda transmisji przez Internet lub elektronicznego przechowywania danych nie jest ca\u0142kowicie bezpieczna i nie mo\u017cemy zagwarantowa\u0107 ca\u0142kowitego bezpiecze\u0144stwa.<\/p>\n<p>&nbsp;<\/p>\n<ol start=\"7\">\n<li>Prawa u\u017cytkownika<\/li>\n<\/ol>\n<p>&nbsp;<\/p>\n<p>Zgodnie z obowi\u0105zuj\u0105cymi przepisami o ochronie danych u\u017cytkownikowi przys\u0142uguj\u0105 nast\u0119puj\u0105ce prawa dotycz\u0105ce jego danych osobowych:<\/p>\n<p>-Dost\u0119p: U\u017cytkownik ma prawo dost\u0119pu do przechowywanych przez nas jego danych osobowych.<\/p>\n<p>-Korekta: U\u017cytkownik mo\u017ce za\u017c\u0105da\u0107 od nas poprawienia wszelkich niedok\u0142adnych lub niekompletnych danych osobowych.<\/p>\n<p>-Usuni\u0119cie: U\u017cytkownik ma prawo za\u017c\u0105da\u0107 usuni\u0119cia swoich danych osobowych, z zastrze\u017ceniem pewnych wyj\u0105tk\u00f3w.<\/p>\n<p>-Ograniczenie: U\u017cytkownik mo\u017ce za\u017c\u0105da\u0107, aby\u015bmy w pewnych okoliczno\u015bciach ograniczyli przetwarzanie jego danych osobowych.<\/p>\n<p>-Sprzeciw: U\u017cytkownik ma prawo sprzeciwi\u0107 si\u0119 przetwarzaniu jego danych osobowych, w tym do cel\u00f3w marketingu bezpo\u015bredniego.<\/p>\n<p>-Przenoszenie danych: U\u017cytkownik mo\u017ce za\u017c\u0105da\u0107 kopii swoich danych osobowych w ustrukturyzowanym, powszechnie u\u017cywanym formacie nadaj\u0105cym si\u0119 do odczytu maszynowego.<\/p>\n<p>Aby skorzysta\u0107 z tych praw, nale\u017cy skontaktowa\u0107 si\u0119 z nami, korzystaj\u0105c z danych kontaktowych podanych poni\u017cej.<\/p>\n<p>&nbsp;<\/p>\n<ol start=\"8\">\n<li>Mi\u0119dzynarodowe transfery danych<\/li>\n<\/ol>\n<p>Dane osobowe u\u017cytkownika mog\u0105 by\u0107 przekazywane i przetwarzane w krajach spoza Europejskiego Obszaru Gospodarczego (EOG), kt\u00f3re mog\u0105 nie zapewnia\u0107 takiego samego poziomu ochrony danych jak kraj u\u017cytkownika. Podejmiemy odpowiednie \u015brodki w celu zapewnienia ochrony danych osobowych u\u017cytkownika zgodnie z niniejsz\u0105 polityk\u0105.<\/p>\n<p>&nbsp;<\/p>\n<ol start=\"9\">\n<li>Zmiany w niniejszej Polityce<\/li>\n<\/ol>\n<p>Od czasu do czasu mo\u017cemy aktualizowa\u0107 niniejsz\u0105 Polityk\u0119 prywatno\u015bci i ochrony danych, aby odzwierciedli\u0107 zmiany w naszych praktykach lub z innych powod\u00f3w operacyjnych, prawnych lub regulacyjnych. Zach\u0119camy do okresowego sprawdzania niniejszej polityki pod k\u0105tem wszelkich aktualizacji. Data ostatniej aktualizacji b\u0119dzie podana na dole polityki.<\/p>\n<p>&nbsp;<\/p>\n<ol start=\"10\">\n<li>Kontakt<\/li>\n<\/ol>\n<p>&nbsp;<\/p>\n<p>W przypadku jakichkolwiek pyta\u0144 dotycz\u0105cych niniejszej Polityki prywatno\u015bci i ochrony danych lub naszych praktyk w zakresie danych, prosimy o kontakt z liderem projektu SEAGLOW pod adresem:<\/p>\n<p>&nbsp;<\/p>\n<p>NordDanmarks EU-kontor NOVI Science Park<\/p>\n<p>Niels Jernes Vej 10 DK-9220 Aalborg \u00d8 Tlf: +45 6188 5300<\/p>\n<p>E-mail: <a href=\"mailto:info@ndeu.dk\">info@ndeu.dk<\/a><\/p>\n<p>&nbsp;<\/p>\n<p>NordDanmarks EU-Kontor, Bruxelles Avenue Palmerston 18<\/p>\n<p>B-1000 Bruxelles Belgia<\/p>\n<p>E-mail: <a href=\"mailto:info@ndeu.dk\">info@ndeu.dk<\/a><\/p>\n<p>&nbsp;<\/p>\n<p style=\"text-align: right;\"><em>Ostatnia aktualizacja: 17 lipca 2024 r.<\/em><\/p>","protected":false},"excerpt":{"rendered":"<p>Privacy and Data Protection Policy \u00a0 Welcome to the Privacy and Data Protection Policy for the SEAGLOW website (the &#8220;Website&#8221;). This policy explains how we collect, use, disclose, and protect [&hellip;]<\/p>\n","protected":false},"author":1,"featured_media":0,"parent":0,"menu_order":0,"comment_status":"closed","ping_status":"closed","template":"","meta":{"footnotes":""},"class_list":["post-907","page","type-page","status-publish","hentry","has-post-title","has-post-date","has-post-category","has-post-tag","has-post-comment","has-post-author",""],"_links":{"self":[{"href":"https:\/\/seaglow.eu\/pl\/wp-json\/wp\/v2\/pages\/907","targetHints":{"allow":["GET"]}}],"collection":[{"href":"https:\/\/seaglow.eu\/pl\/wp-json\/wp\/v2\/pages"}],"about":[{"href":"https:\/\/seaglow.eu\/pl\/wp-json\/wp\/v2\/types\/page"}],"author":[{"embeddable":true,"href":"https:\/\/seaglow.eu\/pl\/wp-json\/wp\/v2\/users\/1"}],"replies":[{"embeddable":true,"href":"https:\/\/seaglow.eu\/pl\/wp-json\/wp\/v2\/comments?post=907"}],"version-history":[{"count":2,"href":"https:\/\/seaglow.eu\/pl\/wp-json\/wp\/v2\/pages\/907\/revisions"}],"predecessor-version":[{"id":909,"href":"https:\/\/seaglow.eu\/pl\/wp-json\/wp\/v2\/pages\/907\/revisions\/909"}],"wp:attachment":[{"href":"https:\/\/seaglow.eu\/pl\/wp-json\/wp\/v2\/media?parent=907"}],"curies":[{"name":"wp","href":"https:\/\/api.w.org\/{rel}","templated":true}]}}