{"id":902,"date":"2024-07-18T11:40:03","date_gmt":"2024-07-18T11:40:03","guid":{"rendered":"https:\/\/seaglow.eu\/?page_id=902"},"modified":"2024-07-18T11:45:24","modified_gmt":"2024-07-18T11:45:24","slug":"cookies-policy","status":"publish","type":"page","link":"https:\/\/seaglow.eu\/pl\/cookies-policy\/","title":{"rendered":"Polityka dotycz\u0105ca plik\u00f3w cookie"},"content":{"rendered":"<h3 style=\"text-align: center;\">Polityka dotycz\u0105ca plik\u00f3w cookie<\/h3>\n<p>&nbsp;<\/p>\n<ol>\n<li>Wprowadzenie<\/li>\n<\/ol>\n<p>Witamy w polityce plik\u00f3w cookie dla strony internetowej SEAGLOW (\"Strona internetowa\"). Niniejsza polityka wyja\u015bnia, w jaki spos\u00f3b u\u017cywamy plik\u00f3w cookie i podobnych technologii na naszej stronie internetowej. Korzystaj\u0105c z naszej Witryny, u\u017cytkownik wyra\u017ca zgod\u0119 na u\u017cywanie plik\u00f3w cookie w spos\u00f3b opisany w niniejszej polityce. Je\u015bli u\u017cytkownik nie wyra\u017ca zgody na korzystanie przez nas z plik\u00f3w cookie, powinien odpowiednio dostosowa\u0107 ustawienia przegl\u0105darki lub powstrzyma\u0107 si\u0119 od korzystania z naszej Witryny.<\/p>\n<p>&nbsp;<\/p>\n<p>&nbsp;<\/p>\n<ol start=\"2\">\n<li>Czym s\u0105 pliki cookie?<\/li>\n<\/ol>\n<p>Pliki cookie to ma\u0142e pliki tekstowe, kt\u00f3re s\u0105 umieszczane na urz\u0105dzeniu u\u017cytkownika podczas odwiedzania strony internetowej. S\u0105 one powszechnie stosowane w celu usprawnienia dzia\u0142ania witryn internetowych i dostarczania informacji ich w\u0142a\u015bcicielom. Pliki cookie umo\u017cliwiaj\u0105 witrynom internetowym rozpoznawanie urz\u0105dzenia u\u017cytkownika i przechowywanie niekt\u00f3rych informacji o jego preferencjach lub wcze\u015bniejszych dzia\u0142aniach.<\/p>\n<p>&nbsp;<\/p>\n<p>&nbsp;<\/p>\n<ol start=\"3\">\n<li>Rodzaje u\u017cywanych przez nas plik\u00f3w cookie<\/li>\n<\/ol>\n<p>W naszej Witrynie stosujemy nast\u0119puj\u0105ce rodzaje plik\u00f3w cookie:<\/p>\n<p>Niezb\u0119dne pliki cookie: Te pliki cookie s\u0105 niezb\u0119dne do poruszania si\u0119 po Witrynie i korzystania z jej funkcji, takich jak dost\u0119p do bezpiecznych obszar\u00f3w. Bez tych plik\u00f3w cookie nie mo\u017cna \u015bwiadczy\u0107 \u017c\u0105danych us\u0142ug.<\/p>\n<p>&nbsp;<\/p>\n<p>Wydajno\u015bciowe pliki cookie: Te pliki cookie zbieraj\u0105 informacje o tym, w jaki spos\u00f3b u\u017cytkownicy korzystaj\u0105 z naszej Witryny, np. kt\u00f3re strony s\u0105 odwiedzane najcz\u0119\u015bciej. Informacje te s\u0105 wykorzystywane do ulepszania naszej Witryny i do\u015bwiadcze\u0144 u\u017cytkownik\u00f3w.<\/p>\n<p>Funkcjonalne pliki cookie: Te pliki cookie umo\u017cliwiaj\u0105 Witrynie zapami\u0119tywanie wybor\u00f3w dokonywanych przez u\u017cytkownika (takich jak nazwa u\u017cytkownika, j\u0119zyk lub region) i zapewniaj\u0105 ulepszone, bardziej spersonalizowane funkcje.<\/p>\n<p>Targetuj\u0105ce\/reklamowe pliki cookie: Te pliki cookie s\u0142u\u017c\u0105 do dostarczania tre\u015bci, kt\u00f3re s\u0105 bardziej odpowiednie dla u\u017cytkownika i jego zainteresowa\u0144. Mog\u0105 by\u0107 r\u00f3wnie\u017c wykorzystywane do ograniczania liczby wy\u015bwietle\u0144 reklam i mierzenia skuteczno\u015bci kampanii reklamowych.<\/p>\n<p>&nbsp;<\/p>\n<p>&nbsp;<\/p>\n<ol start=\"4\">\n<li>Jak wykorzystujemy pliki cookie<\/li>\n<\/ol>\n<p>U\u017cywamy plik\u00f3w cookie do nast\u0119puj\u0105cych cel\u00f3w:<\/p>\n<p>-W celu zapewnienia prawid\u0142owego funkcjonowania Witryny.<\/p>\n<p>-Analiza i poprawa wydajno\u015bci naszej strony internetowej.<\/p>\n<p>-Spersonalizowanie do\u015bwiadcze\u0144 u\u017cytkownika w naszej Witrynie.<\/p>\n<p>-W celu dostarczania ukierunkowanych reklam w oparciu o dzia\u0142ania u\u017cytkownika zwi\u0105zane z przegl\u0105daniem stron internetowych.<\/p>\n<p>&nbsp;<\/p>\n<p>&nbsp;<\/p>\n<ol start=\"5\">\n<li>Pliki cookie stron trzecich<\/li>\n<\/ol>\n<p>Nasza Witryna mo\u017ce r\u00f3wnie\u017c wykorzystywa\u0107 pliki cookie od zewn\u0119trznych dostawc\u00f3w us\u0142ug, takich jak Google Analytics, aby pom\u00f3c nam analizowa\u0107 spos\u00f3b interakcji u\u017cytkownik\u00f3w z Witryn\u0105. Te pliki cookie mog\u0105 zbiera\u0107 informacje anonimowo i raportowa\u0107 trendy w witrynie bez identyfikowania poszczeg\u00f3lnych odwiedzaj\u0105cych. Aby uzyska\u0107 wi\u0119cej informacji o tym, w jaki spos\u00f3b strony trzecie wykorzystuj\u0105 pliki cookie, nale\u017cy zapozna\u0107 si\u0119 z ich polityk\u0105 prywatno\u015bci.<\/p>\n<p>&nbsp;<\/p>\n<p>&nbsp;<\/p>\n<ol start=\"6\">\n<li>Zarz\u0105dzanie plikami cookie<\/li>\n<\/ol>\n<p>Pliki cookie mo\u017cna kontrolowa\u0107 i zarz\u0105dza\u0107 nimi na r\u00f3\u017cne sposoby. Nale\u017cy pami\u0119ta\u0107, \u017ce usuni\u0119cie lub zablokowanie plik\u00f3w cookie mo\u017ce mie\u0107 wp\u0142yw na komfort u\u017cytkowania, a niekt\u00f3re cz\u0119\u015bci Witryny mog\u0105 nie dzia\u0142a\u0107 prawid\u0142owo. Preferencjami dotycz\u0105cymi plik\u00f3w cookie mo\u017cna zarz\u0105dza\u0107 za pomoc\u0105 ustawie\u0144 przegl\u0105darki. Wi\u0119cej informacji na temat zarz\u0105dzania plikami cookie mo\u017cna znale\u017a\u0107 na stronach pomocy przegl\u0105darki.<\/p>\n<p>&nbsp;<\/p>\n<ol start=\"7\">\n<li>Aktualizacje niniejszych zasad<\/li>\n<\/ol>\n<p>Od czasu do czasu mo\u017cemy aktualizowa\u0107 niniejsze zasady dotycz\u0105ce plik\u00f3w cookie, aby odzwierciedli\u0107 zmiany w naszych praktykach lub z innych powod\u00f3w operacyjnych, prawnych lub regulacyjnych. Zach\u0119camy do okresowego sprawdzania niniejszej polityki pod k\u0105tem wszelkich aktualizacji. Data ostatniej aktualizacji zostanie wskazana w g\u00f3rnej cz\u0119\u015bci polityki.<\/p>\n<p>&nbsp;<\/p>\n<p>&nbsp;<\/p>\n<ol start=\"8\">\n<li>Kontakt<\/li>\n<\/ol>\n<p>W przypadku jakichkolwiek pyta\u0144 dotycz\u0105cych korzystania przez nas z plik\u00f3w cookie lub niniejszej polityki dotycz\u0105cej plik\u00f3w cookie, prosimy o kontakt z liderem projektu SEAGLOW pod adresem:<\/p>\n<p>&nbsp;<\/p>\n<p>&nbsp;<\/p>\n<p>NordDanmarks EU-kontor NOVI Science Park<\/p>\n<p>Niels Jernes Vej 10 DK-9220 Aalborg \u00d8 Tlf: +45 6188 5300<\/p>\n<p>E-mail: <a href=\"mailto:info@ndeu.dk\">info@ndeu.dk<\/a><\/p>\n<p>&nbsp;<\/p>\n<p>&nbsp;<\/p>\n<p>NordDanmarks EU-Kontor, Bruxelles Avenue Palmerston 18<\/p>\n<p>B-1000 Bruxelles Belgia<\/p>\n<p>E-mail: <a href=\"mailto:info@ndeu.dk\">info@ndeu.dk<\/a><\/p>","protected":false},"excerpt":{"rendered":"<p>Cookies Policy &nbsp; Introduction Welcome to the cookies policy for the SEAGLOW website (the &#8220;Website&#8221;). This policy explains how we use cookies and similar technologies on our Website. By using [&hellip;]<\/p>\n","protected":false},"author":1,"featured_media":0,"parent":0,"menu_order":0,"comment_status":"open","ping_status":"closed","template":"","meta":{"footnotes":""},"class_list":["post-902","page","type-page","status-publish","hentry","has-post-title","has-post-date","has-post-category","has-post-tag","has-post-comment","has-post-author",""],"_links":{"self":[{"href":"https:\/\/seaglow.eu\/pl\/wp-json\/wp\/v2\/pages\/902","targetHints":{"allow":["GET"]}}],"collection":[{"href":"https:\/\/seaglow.eu\/pl\/wp-json\/wp\/v2\/pages"}],"about":[{"href":"https:\/\/seaglow.eu\/pl\/wp-json\/wp\/v2\/types\/page"}],"author":[{"embeddable":true,"href":"https:\/\/seaglow.eu\/pl\/wp-json\/wp\/v2\/users\/1"}],"replies":[{"embeddable":true,"href":"https:\/\/seaglow.eu\/pl\/wp-json\/wp\/v2\/comments?post=902"}],"version-history":[{"count":4,"href":"https:\/\/seaglow.eu\/pl\/wp-json\/wp\/v2\/pages\/902\/revisions"}],"predecessor-version":[{"id":906,"href":"https:\/\/seaglow.eu\/pl\/wp-json\/wp\/v2\/pages\/902\/revisions\/906"}],"wp:attachment":[{"href":"https:\/\/seaglow.eu\/pl\/wp-json\/wp\/v2\/media?parent=902"}],"curies":[{"name":"wp","href":"https:\/\/api.w.org\/{rel}","templated":true}]}}