{"id":907,"date":"2024-07-18T11:47:07","date_gmt":"2024-07-18T11:47:07","guid":{"rendered":"https:\/\/seaglow.eu\/?page_id=907"},"modified":"2024-07-18T11:47:39","modified_gmt":"2024-07-18T11:47:39","slug":"privacy-and-data-protection-policy","status":"publish","type":"page","link":"https:\/\/seaglow.eu\/nb\/privacy-and-data-protection-policy\/","title":{"rendered":"Retningslinjer for personvern og databeskyttelse"},"content":{"rendered":"<h3 style=\"text-align: center;\">Retningslinjer for personvern og databeskyttelse<\/h3>\n<p><strong>\u00a0<\/strong><\/p>\n<p>Velkommen til personvernerkl\u00e6ringen for SEAGLOWs nettsted (\"nettstedet\"). Disse retningslinjene forklarer hvordan vi samler inn, bruker, utleverer og beskytter personopplysningene dine n\u00e5r du bes\u00f8ker nettstedet v\u00e5rt. Ved \u00e5 bruke nettstedet v\u00e5rt samtykker du til praksisen som er beskrevet i disse retningslinjene.<\/p>\n<p>&nbsp;<\/p>\n<ol start=\"2\">\n<li>Informasjon vi samler inn<\/li>\n<\/ol>\n<p>Personlig informasjon: Vi kan samle inn personopplysninger som du frivillig oppgir til oss n\u00e5r du samhandler med nettstedet, for eksempel navn, e-postadresse, telefonnummer og annen informasjon du velger \u00e5 oppgi.<\/p>\n<p>Automatisk innsamlet informasjon: Vi kan ogs\u00e5 automatisk samle inn visse opplysninger om enheten din og bruken av nettstedet ved hjelp av informasjonskapsler og lignende teknologier. Dette kan omfatte IP-adresse, nettlesertype, operativsystem, henvisende URL-adresser og viste sider.<\/p>\n<p>&nbsp;<\/p>\n<ol start=\"3\">\n<li>Bruk av informasjon<\/li>\n<\/ol>\n<p>Vi bruker informasjonen vi samler inn til f\u00f8lgende form\u00e5l:<\/p>\n<p>- \u00c5 tilby og vedlikeholde nettstedet.<\/p>\n<p>-For \u00e5 forbedre og tilpasse opplevelsen din p\u00e5 nettstedet.<\/p>\n<p>-\u00c5 kommunisere med deg, inkludert \u00e5 svare p\u00e5 henvendelser og gi deg oppdateringer om prosjektet.<\/p>\n<p>&nbsp;<\/p>\n<p>-For \u00e5 analysere og overv\u00e5ke bruken av nettstedet og for andre interne form\u00e5l.<\/p>\n<p>-For \u00e5 overholde juridiske forpliktelser.<\/p>\n<p>&nbsp;<\/p>\n<ol start=\"4\">\n<li>Rettslig grunnlag for behandling<\/li>\n<\/ol>\n<p>Vi behandler personopplysningene dine basert p\u00e5 ett eller flere av f\u00f8lgende rettslige grunnlag:<\/p>\n<p>-Ditt samtykke, som du n\u00e5r som helst kan trekke tilbake.<\/p>\n<p>-N\u00f8dvendigheten av behandlingen for \u00e5 oppfylle en avtale med deg.<\/p>\n<p>-Oppfyllelse av v\u00e5re juridiske forpliktelser.<\/p>\n<p>V\u00e5re legitime interesser, for eksempel \u00e5 forbedre v\u00e5re tjenester og markedsf\u00f8ringsaktiviteter, der disse interessene ikke overstyres av dine rettigheter og interesser.<\/p>\n<p>&nbsp;<\/p>\n<ol start=\"5\">\n<li>Deling av informasjon<\/li>\n<\/ol>\n<p>Vi kan dele personopplysningene dine med tredjeparter under f\u00f8lgende omstendigheter:<\/p>\n<p>-Med tjenesteleverand\u00f8rer og entrepren\u00f8rer som hjelper oss med \u00e5 drive nettstedet og levere tjenester.<\/p>\n<p>-Med v\u00e5re tilknyttede selskaper og partnere som er involvert i det EU-finansierte prosjektet.<\/p>\n<p>-Som svar p\u00e5 lovlige foresp\u00f8rsler fra offentlige myndigheter, herunder for \u00e5 oppfylle krav til nasjonal sikkerhet eller rettsh\u00e5ndhevelse.<\/p>\n<p>I forbindelse med fusjon, salg av selskapets eiendeler, finansiering eller oppkj\u00f8p av hele eller deler av prosjektet v\u00e5rt av et annet selskap.<\/p>\n<p>&nbsp;<\/p>\n<ol start=\"6\">\n<li>Datasikkerhet<\/li>\n<\/ol>\n<p>Vi iverksetter egnede tekniske og organisatoriske tiltak for \u00e5 beskytte personopplysningene dine mot uautorisert tilgang, bruk eller utlevering. Ingen metode for overf\u00f8ring over Internett eller elektronisk lagring er imidlertid helt sikker, og vi kan ikke garantere absolutt sikkerhet.<\/p>\n<p>&nbsp;<\/p>\n<ol start=\"7\">\n<li>Dine rettigheter<\/li>\n<\/ol>\n<p>&nbsp;<\/p>\n<p>Du har f\u00f8lgende rettigheter med hensyn til personopplysningene dine i henhold til gjeldende personvernlovgivning:<\/p>\n<p>-Tilgang: Du har rett til \u00e5 f\u00e5 tilgang til personopplysningene vi har om deg.<\/p>\n<p>-Retting: Du kan be om at vi korrigerer un\u00f8yaktige eller ufullstendige personopplysninger.<\/p>\n<p>-Sletting: Du har rett til \u00e5 be om sletting av personopplysningene dine, med visse unntak.<\/p>\n<p>-Begrensning: Du kan be om at vi begrenser behandlingen av personopplysningene dine under visse omstendigheter.<\/p>\n<p>-Innsigelse: Du har rett til \u00e5 protestere mot behandling av personopplysningene dine, inkludert for direkte markedsf\u00f8ringsform\u00e5l.<\/p>\n<p>-Dataportabilitet: Du kan be om en kopi av personopplysningene dine i et strukturert, vanlig brukt og maskinlesbart format.<\/p>\n<p>For \u00e5 ut\u00f8ve disse rettighetene, vennligst kontakt oss ved hjelp av kontaktinformasjonen nedenfor.<\/p>\n<p>&nbsp;<\/p>\n<ol start=\"8\">\n<li>Internasjonale dataoverf\u00f8ringer<\/li>\n<\/ol>\n<p>Personopplysningene dine kan bli overf\u00f8rt til og behandlet i land utenfor Det europeiske \u00f8konomiske samarbeidsomr\u00e5det (E\u00d8S) som kanskje ikke gir samme niv\u00e5 av databeskyttelse som hjemlandet ditt. Vi vil iverksette egnede tiltak for \u00e5 sikre at personopplysningene dine forblir beskyttet i samsvar med disse retningslinjene.<\/p>\n<p>&nbsp;<\/p>\n<ol start=\"9\">\n<li>Endringer i disse retningslinjene<\/li>\n<\/ol>\n<p>Vi kan oppdatere disse retningslinjene for personvern og databeskyttelse fra tid til annen for \u00e5 gjenspeile endringer i v\u00e5r praksis eller av andre driftsmessige, juridiske eller regulatoriske \u00e5rsaker. Vi oppfordrer deg til \u00e5 lese gjennom disse retningslinjene med jevne mellomrom for \u00e5 se etter eventuelle oppdateringer. Datoen for den siste oppdateringen vil v\u00e6re angitt nederst i retningslinjene.<\/p>\n<p>&nbsp;<\/p>\n<ol start=\"10\">\n<li>Kontakt oss<\/li>\n<\/ol>\n<p>&nbsp;<\/p>\n<p>Hvis du har sp\u00f8rsm\u00e5l om denne personvernerkl\u00e6ringen eller v\u00e5r datapraksis, kan du kontakte SEAGLOWs prosjektleder p\u00e5<\/p>\n<p>&nbsp;<\/p>\n<p>NordDanmarks EU-kontor NOVI Science Park<\/p>\n<p>Niels Jernes Vej 10 DK-9220 Aalborg \u00d8 Tlf: +45 6188 5300<\/p>\n<p>E-post: <a href=\"mailto:info@ndeu.dk\">info@ndeu.dk<\/a><\/p>\n<p>&nbsp;<\/p>\n<p>NordDanmarks EU-Kontor, Bruxelles Avenue Palmerston 18<\/p>\n<p>B-1000 Bruxelles Belgia<\/p>\n<p>E-post: <a href=\"mailto:info@ndeu.dk\">info@ndeu.dk<\/a><\/p>\n<p>&nbsp;<\/p>\n<p style=\"text-align: right;\"><em>Sist oppdatert: 17. juli 2024<\/em><\/p>","protected":false},"excerpt":{"rendered":"<p>Privacy and Data Protection Policy \u00a0 Welcome to the Privacy and Data Protection Policy for the SEAGLOW website (the &#8220;Website&#8221;). This policy explains how we collect, use, disclose, and protect [&hellip;]<\/p>\n","protected":false},"author":1,"featured_media":0,"parent":0,"menu_order":0,"comment_status":"closed","ping_status":"closed","template":"","meta":{"footnotes":""},"class_list":["post-907","page","type-page","status-publish","hentry","has-post-title","has-post-date","has-post-category","has-post-tag","has-post-comment","has-post-author",""],"_links":{"self":[{"href":"https:\/\/seaglow.eu\/nb\/wp-json\/wp\/v2\/pages\/907","targetHints":{"allow":["GET"]}}],"collection":[{"href":"https:\/\/seaglow.eu\/nb\/wp-json\/wp\/v2\/pages"}],"about":[{"href":"https:\/\/seaglow.eu\/nb\/wp-json\/wp\/v2\/types\/page"}],"author":[{"embeddable":true,"href":"https:\/\/seaglow.eu\/nb\/wp-json\/wp\/v2\/users\/1"}],"replies":[{"embeddable":true,"href":"https:\/\/seaglow.eu\/nb\/wp-json\/wp\/v2\/comments?post=907"}],"version-history":[{"count":2,"href":"https:\/\/seaglow.eu\/nb\/wp-json\/wp\/v2\/pages\/907\/revisions"}],"predecessor-version":[{"id":909,"href":"https:\/\/seaglow.eu\/nb\/wp-json\/wp\/v2\/pages\/907\/revisions\/909"}],"wp:attachment":[{"href":"https:\/\/seaglow.eu\/nb\/wp-json\/wp\/v2\/media?parent=907"}],"curies":[{"name":"wp","href":"https:\/\/api.w.org\/{rel}","templated":true}]}}