{"id":902,"date":"2024-07-18T11:40:03","date_gmt":"2024-07-18T11:40:03","guid":{"rendered":"https:\/\/seaglow.eu\/?page_id=902"},"modified":"2024-07-18T11:45:24","modified_gmt":"2024-07-18T11:45:24","slug":"cookies-policy","status":"publish","type":"page","link":"https:\/\/seaglow.eu\/nb\/cookies-policy\/","title":{"rendered":"Retningslinjer for informasjonskapsler"},"content":{"rendered":"<h3 style=\"text-align: center;\">Retningslinjer for informasjonskapsler<\/h3>\n<p>&nbsp;<\/p>\n<ol>\n<li>Innledning<\/li>\n<\/ol>\n<p>Velkommen til retningslinjene for informasjonskapsler for SEAGLOWs nettsted (\"nettstedet\"). Disse retningslinjene forklarer hvordan vi bruker informasjonskapsler og lignende teknologier p\u00e5 nettstedet v\u00e5rt. Ved \u00e5 bruke nettstedet v\u00e5rt samtykker du i bruken av informasjonskapsler som beskrevet i disse retningslinjene. Hvis du ikke samtykker til v\u00e5r bruk av informasjonskapsler, b\u00f8r du justere nettleserinnstillingene dine tilsvarende eller avst\u00e5 fra \u00e5 bruke nettstedet v\u00e5rt.<\/p>\n<p>&nbsp;<\/p>\n<p>&nbsp;<\/p>\n<ol start=\"2\">\n<li>Hva er informasjonskapsler?<\/li>\n<\/ol>\n<p>Informasjonskapsler er sm\u00e5 tekstfiler som plasseres p\u00e5 enheten din n\u00e5r du bes\u00f8ker et nettsted. De brukes i stor utstrekning for \u00e5 f\u00e5 nettsteder til \u00e5 fungere mer effektivt og for \u00e5 gi informasjon til nettstedseiere. Informasjonskapsler gj\u00f8r det mulig for nettsteder \u00e5 gjenkjenne enheten din og lagre informasjon om dine preferanser eller tidligere handlinger.<\/p>\n<p>&nbsp;<\/p>\n<p>&nbsp;<\/p>\n<ol start=\"3\">\n<li>Typer informasjonskapsler vi bruker<\/li>\n<\/ol>\n<p>Vi bruker f\u00f8lgende typer informasjonskapsler p\u00e5 nettstedet v\u00e5rt:<\/p>\n<p>Strengt n\u00f8dvendige informasjonskapsler: Disse informasjonskapslene er avgj\u00f8rende for at du skal kunne navigere p\u00e5 nettstedet og bruke dets funksjoner, for eksempel tilgang til sikre omr\u00e5der. Uten disse informasjonskapslene kan ikke tjenestene du har bedt om, leveres.<\/p>\n<p>&nbsp;<\/p>\n<p>Informasjonskapsler for ytelse: Disse informasjonskapslene samler inn informasjon om hvordan bes\u00f8kende bruker nettstedet v\u00e5rt, for eksempel hvilke sider som bes\u00f8kes oftest. Denne informasjonen brukes til \u00e5 forbedre nettstedet v\u00e5rt og brukeropplevelsen.<\/p>\n<p>Informasjonskapsler for funksjonalitet: Disse informasjonskapslene gj\u00f8r det mulig for nettstedet \u00e5 huske valgene du gj\u00f8r (for eksempel brukernavn, spr\u00e5k eller region) og tilby forbedrede, mer tilpassede funksjoner.<\/p>\n<p>Informasjonskapsler for m\u00e5lretting\/annonsering: Disse informasjonskapslene brukes til \u00e5 levere innhold som er mer relevant for deg og dine interesser. De kan ogs\u00e5 brukes til \u00e5 begrense antall ganger du ser en annonse og m\u00e5le effektiviteten av reklamekampanjer.<\/p>\n<p>&nbsp;<\/p>\n<p>&nbsp;<\/p>\n<ol start=\"4\">\n<li>Slik bruker vi informasjonskapsler<\/li>\n<\/ol>\n<p>Vi bruker informasjonskapsler til f\u00f8lgende form\u00e5l:<\/p>\n<p>-For \u00e5 sikre at nettstedet fungerer som det skal.<\/p>\n<p>-For \u00e5 analysere og forbedre ytelsen til nettstedet v\u00e5rt.<\/p>\n<p>-For \u00e5 tilpasse opplevelsen din p\u00e5 nettstedet v\u00e5rt.<\/p>\n<p>-For \u00e5 levere m\u00e5lrettet annonsering basert p\u00e5 surfeaktivitetene dine.<\/p>\n<p>&nbsp;<\/p>\n<p>&nbsp;<\/p>\n<ol start=\"5\">\n<li>Tredjeparts informasjonskapsler<\/li>\n<\/ol>\n<p>Nettstedet v\u00e5rt kan ogs\u00e5 bruke informasjonskapsler fra tredjeparts tjenesteleverand\u00f8rer, for eksempel Google Analytics, for \u00e5 hjelpe oss med \u00e5 analysere hvordan brukerne samhandler med nettstedet. Disse informasjonskapslene kan samle inn informasjon anonymt og rapportere trender p\u00e5 nettstedet uten \u00e5 identifisere individuelle bes\u00f8kende. For mer informasjon om hvordan disse tredjepartene bruker informasjonskapsler, se deres respektive personvernerkl\u00e6ringer.<\/p>\n<p>&nbsp;<\/p>\n<p>&nbsp;<\/p>\n<ol start=\"6\">\n<li>Administrere informasjonskapsler<\/li>\n<\/ol>\n<p>Du kan kontrollere og administrere informasjonskapsler p\u00e5 ulike m\u00e5ter. V\u00e6r oppmerksom p\u00e5 at fjerning eller blokkering av informasjonskapsler kan p\u00e5virke brukeropplevelsen din, og at enkelte deler av nettstedet kanskje ikke fungerer som de skal. Du kan administrere preferansene dine for informasjonskapsler via innstillingene i nettleseren din. Hvis du vil ha mer informasjon om hvordan du administrerer informasjonskapsler, kan du g\u00e5 til hjelpesidene i nettleseren din.<\/p>\n<p>&nbsp;<\/p>\n<ol start=\"7\">\n<li>Oppdateringer av disse retningslinjene<\/li>\n<\/ol>\n<p>Vi kan oppdatere disse retningslinjene for informasjonskapsler fra tid til annen for \u00e5 gjenspeile endringer i v\u00e5r praksis eller av andre driftsmessige, juridiske eller regulatoriske \u00e5rsaker. Vi oppfordrer deg til \u00e5 lese gjennom disse retningslinjene med jevne mellomrom for \u00e5 se etter eventuelle oppdateringer. Datoen for den siste oppdateringen vil v\u00e6re angitt \u00f8verst i retningslinjene.<\/p>\n<p>&nbsp;<\/p>\n<p>&nbsp;<\/p>\n<ol start=\"8\">\n<li>Kontakt oss<\/li>\n<\/ol>\n<p>Hvis du har sp\u00f8rsm\u00e5l om v\u00e5r bruk av informasjonskapsler eller disse retningslinjene for informasjonskapsler, kan du kontakte prosjektleder SEAGLOW p\u00e5<\/p>\n<p>&nbsp;<\/p>\n<p>&nbsp;<\/p>\n<p>NordDanmarks EU-kontor NOVI Science Park<\/p>\n<p>Niels Jernes Vej 10 DK-9220 Aalborg \u00d8 Tlf: +45 6188 5300<\/p>\n<p>E-post: <a href=\"mailto:info@ndeu.dk\">info@ndeu.dk<\/a><\/p>\n<p>&nbsp;<\/p>\n<p>&nbsp;<\/p>\n<p>NordDanmarks EU-Kontor, Bruxelles Avenue Palmerston 18<\/p>\n<p>B-1000 Bruxelles Belgia<\/p>\n<p>E-post: <a href=\"mailto:info@ndeu.dk\">info@ndeu.dk<\/a><\/p>","protected":false},"excerpt":{"rendered":"<p>Cookies Policy &nbsp; Introduction Welcome to the cookies policy for the SEAGLOW website (the &#8220;Website&#8221;). This policy explains how we use cookies and similar technologies on our Website. By using [&hellip;]<\/p>\n","protected":false},"author":1,"featured_media":0,"parent":0,"menu_order":0,"comment_status":"open","ping_status":"closed","template":"","meta":{"footnotes":""},"class_list":["post-902","page","type-page","status-publish","hentry","has-post-title","has-post-date","has-post-category","has-post-tag","has-post-comment","has-post-author",""],"_links":{"self":[{"href":"https:\/\/seaglow.eu\/nb\/wp-json\/wp\/v2\/pages\/902","targetHints":{"allow":["GET"]}}],"collection":[{"href":"https:\/\/seaglow.eu\/nb\/wp-json\/wp\/v2\/pages"}],"about":[{"href":"https:\/\/seaglow.eu\/nb\/wp-json\/wp\/v2\/types\/page"}],"author":[{"embeddable":true,"href":"https:\/\/seaglow.eu\/nb\/wp-json\/wp\/v2\/users\/1"}],"replies":[{"embeddable":true,"href":"https:\/\/seaglow.eu\/nb\/wp-json\/wp\/v2\/comments?post=902"}],"version-history":[{"count":4,"href":"https:\/\/seaglow.eu\/nb\/wp-json\/wp\/v2\/pages\/902\/revisions"}],"predecessor-version":[{"id":906,"href":"https:\/\/seaglow.eu\/nb\/wp-json\/wp\/v2\/pages\/902\/revisions\/906"}],"wp:attachment":[{"href":"https:\/\/seaglow.eu\/nb\/wp-json\/wp\/v2\/media?parent=902"}],"curies":[{"name":"wp","href":"https:\/\/api.w.org\/{rel}","templated":true}]}}