{"id":907,"date":"2024-07-18T11:47:07","date_gmt":"2024-07-18T11:47:07","guid":{"rendered":"https:\/\/seaglow.eu\/?page_id=907"},"modified":"2024-07-18T11:47:39","modified_gmt":"2024-07-18T11:47:39","slug":"privacy-and-data-protection-policy","status":"publish","type":"page","link":"https:\/\/seaglow.eu\/lv\/privacy-and-data-protection-policy\/","title":{"rendered":"Priv\u0101tuma un datu aizsardz\u012bbas politika"},"content":{"rendered":"<h3 style=\"text-align: center;\">Priv\u0101tuma un datu aizsardz\u012bbas politika<\/h3>\n<p><strong>\u00a0<\/strong><\/p>\n<p>Laipni l\u016bgti SEAGLOW t\u012bmek\u013ca vietnes (\"T\u012bmek\u013ca vietne\") konfidencialit\u0101tes un datu aizsardz\u012bbas politik\u0101. \u0160aj\u0101 politik\u0101 ir izskaidrots, k\u0101 m\u0113s v\u0101cam, izmantojam, izpau\u017eam un aizsarg\u0101jam j\u016bsu personisko inform\u0101ciju, kad j\u016bs apmekl\u0113jat m\u016bsu T\u012bmek\u013ca vietni. Izmantojot m\u016bsu T\u012bmek\u013ca vietni, j\u016bs piekr\u012btat \u0161aj\u0101 politik\u0101 aprakst\u012btajai praksei.<\/p>\n<p>&nbsp;<\/p>\n<ol start=\"2\">\n<li>M\u016bsu apkopot\u0101 inform\u0101cija<\/li>\n<\/ol>\n<p>Person\u012bg\u0101 inform\u0101cija: M\u0113s varam v\u0101kt personisko inform\u0101ciju, ko j\u016bs br\u012bvpr\u0101t\u012bgi sniedzat mums, kad mijiedarbojaties ar T\u012bmek\u013ca vietni, piem\u0113ram, j\u016bsu v\u0101rdu, e-pasta adresi, t\u0101lru\u0146a numuru un jebkuru citu inform\u0101ciju, ko j\u016bs izv\u0113laties sniegt.<\/p>\n<p>Autom\u0101tiski apkopot\u0101 inform\u0101cija: M\u0113s varam ar\u012b autom\u0101tiski v\u0101kt noteiktu inform\u0101ciju par j\u016bsu ier\u012bci un T\u012bmek\u013ca vietnes izmanto\u0161anu, izmantojot s\u012bkfailus un l\u012bdz\u012bgas tehnolo\u0123ijas. T\u0101 var ietvert j\u016bsu IP adresi, p\u0101rl\u016bkprogrammas veidu, oper\u0113t\u0101jsist\u0113mu, atsauces URL un skat\u012bt\u0101s lapas.<\/p>\n<p>&nbsp;<\/p>\n<ol start=\"3\">\n<li>Inform\u0101cijas izmanto\u0161ana<\/li>\n<\/ol>\n<p>Sav\u0101kto inform\u0101ciju m\u0113s izmantojam \u0161\u0101diem m\u0113r\u0137iem:<\/p>\n<p>- Lai nodro\u0161in\u0101tu un uztur\u0113tu T\u012bmek\u013ca vietni.<\/p>\n<p>-Lai uzlabotu un personaliz\u0113tu j\u016bsu pieredzi T\u012bmek\u013ca vietn\u0113.<\/p>\n<p>-Sazi\u0146ai ar jums, tostarp atbildot uz j\u016bsu jaut\u0101jumiem un sniedzot jaun\u0101ko inform\u0101ciju par projektu.<\/p>\n<p>&nbsp;<\/p>\n<p>-Lai analiz\u0113tu un uzraudz\u012btu T\u012bmek\u013ca vietnes izmanto\u0161anu un citiem iek\u0161\u0113jiem m\u0113r\u0137iem.<\/p>\n<p>-Lai izpild\u012btu juridiskos pien\u0101kumus.<\/p>\n<p>&nbsp;<\/p>\n<ol start=\"4\">\n<li>Apstr\u0101des juridiskais pamats<\/li>\n<\/ol>\n<p>M\u0113s apstr\u0101d\u0101jam j\u016bsu personisko inform\u0101ciju, pamatojoties uz vienu vai vair\u0101kiem \u0161\u0101diem juridiskajiem pamatojumiem:<\/p>\n<p>-J\u016bsu piekri\u0161ana, kuru j\u016bs jebkur\u0101 laik\u0101 varat atsaukt.<\/p>\n<p>-apstr\u0101des nepiecie\u0161am\u012bba, lai izpild\u012btu l\u012bgumu ar jums.<\/p>\n<p>-m\u016bsu juridisko saist\u012bbu iev\u0113ro\u0161ana.<\/p>\n<p>M\u016bsu likum\u012bg\u0101s intereses, piem\u0113ram, m\u016bsu pakalpojumu uzlabo\u0161ana un m\u0101rketinga darb\u012bbas, ja \u0161\u012bs intereses nav svar\u012bg\u0101kas par j\u016bsu ties\u012bb\u0101m un interes\u0113m.<\/p>\n<p>&nbsp;<\/p>\n<ol start=\"5\">\n<li>Dal\u012b\u0161an\u0101s ar inform\u0101ciju<\/li>\n<\/ol>\n<p>M\u0113s varam kop\u012bgot j\u016bsu personisko inform\u0101ciju ar tre\u0161aj\u0101m pus\u0113m \u0161\u0101dos gad\u012bjumos:<\/p>\n<p>-ar pakalpojumu sniedz\u0113jiem un l\u012bgumsl\u0113dz\u0113jiem, kas mums pal\u012bdz T\u012bmek\u013ca vietnes darb\u012bb\u0101 un pakalpojumu snieg\u0161an\u0101.<\/p>\n<p>-ar m\u016bsu fili\u0101l\u0113m un partneriem, kas iesaist\u012bti ES finans\u0113taj\u0101 projekt\u0101.<\/p>\n<p>-Atbildot uz valsts iest\u0101\u017eu likum\u012bgiem piepras\u012bjumiem, tostarp, lai izpild\u012btu valsts dro\u0161\u012bbas vai ties\u012bbaizsardz\u012bbas pras\u012bbas.<\/p>\n<p>Saist\u012bb\u0101 ar jebk\u0101du apvieno\u0161anos, uz\u0146\u0113muma akt\u012bvu p\u0101rdo\u0161anu, finans\u0113\u0161anu vai visa m\u016bsu projekta vai t\u0101 da\u013cas ieg\u0101di, ko veic cits uz\u0146\u0113mums.<\/p>\n<p>&nbsp;<\/p>\n<ol start=\"6\">\n<li>Datu dro\u0161\u012bba<\/li>\n<\/ol>\n<p>M\u0113s veicam atbilsto\u0161us tehniskus un organizatoriskus pas\u0101kumus, lai aizsarg\u0101tu j\u016bsu personisko inform\u0101ciju no nesankcion\u0113tas piek\u013cuves, izmanto\u0161anas vai izpau\u0161anas. Tom\u0113r neviena p\u0101rraides metode internet\u0101 vai elektronisk\u0101 glab\u0101\u0161ana nav piln\u012bgi dro\u0161a, un m\u0113s nevaram garant\u0113t piln\u012bgu dro\u0161\u012bbu.<\/p>\n<p>&nbsp;<\/p>\n<ol start=\"7\">\n<li>J\u016bsu ties\u012bbas<\/li>\n<\/ol>\n<p>&nbsp;<\/p>\n<p>Saska\u0146\u0101 ar sp\u0113k\u0101 eso\u0161ajiem datu aizsardz\u012bbas ties\u012bbu aktiem jums ir \u0161\u0101das ties\u012bbas attiec\u012bb\u0101 uz j\u016bsu personas inform\u0101ciju:<\/p>\n<p>-Piek\u013cuve: Jums ir ties\u012bbas piek\u013c\u016bt m\u016bsu r\u012bc\u012bb\u0101 eso\u0161ajai personiskajai inform\u0101cijai par jums.<\/p>\n<p>-Rectifik\u0101cija: J\u016bs varat piepras\u012bt, lai m\u0113s labojam jebk\u0101du neprec\u012bzu vai nepiln\u012bgu personisko inform\u0101ciju.<\/p>\n<p>-dz\u0113\u0161ana: jums ir ties\u012bbas piepras\u012bt dz\u0113st savu personisko inform\u0101ciju, \u0146emot v\u0113r\u0101 da\u017eus iz\u0146\u0113mumus.<\/p>\n<p>-Ierobe\u017eojums: Noteiktos apst\u0101k\u013cos j\u016bs varat piepras\u012bt, lai m\u0113s ierobe\u017eojam j\u016bsu personisk\u0101s inform\u0101cijas apstr\u0101di.<\/p>\n<p>-Iebildumi: Jums ir ties\u012bbas iebilst pret savas personas inform\u0101cijas apstr\u0101di, tostarp tie\u0161\u0101 m\u0101rketinga nol\u016bkos.<\/p>\n<p>-Datu p\u0101rnesam\u012bba: J\u016bs varat piepras\u012bt savas personisk\u0101s inform\u0101cijas kopiju struktur\u0113t\u0101, pla\u0161i izmantot\u0101 un ma\u0161\u012bnlas\u0101m\u0101 form\u0101t\u0101.<\/p>\n<p>Lai izmantotu \u0161\u012bs ties\u012bbas, l\u016bdzu, sazinieties ar mums, izmantojot t\u0101l\u0101k nor\u0101d\u012bto kontaktinform\u0101ciju.<\/p>\n<p>&nbsp;<\/p>\n<ol start=\"8\">\n<li>Starptautiskie datu p\u0101rs\u016bt\u012bjumi<\/li>\n<\/ol>\n<p>J\u016bsu personisk\u0101 inform\u0101cija var tikt p\u0101rs\u016bt\u012bta un apstr\u0101d\u0101ta valst\u012bs \u0101rpus Eiropas Ekonomikas zonas (EEZ), kur\u0101s var neb\u016bt nodro\u0161in\u0101ts t\u0101ds pats datu aizsardz\u012bbas l\u012bmenis k\u0101 j\u016bsu izcelsmes valst\u012b. M\u0113s veiksim atbilsto\u0161us pas\u0101kumus, lai nodro\u0161in\u0101tu, ka j\u016bsu personas inform\u0101cija tiek aizsarg\u0101ta saska\u0146\u0101 ar \u0161o politiku.<\/p>\n<p>&nbsp;<\/p>\n<ol start=\"9\">\n<li>\u0160\u012bs politikas izmai\u0146as<\/li>\n<\/ol>\n<p>M\u0113s varam laiku pa laikam atjaunin\u0101t \u0161o konfidencialit\u0101tes un datu aizsardz\u012bbas politiku, lai atspogu\u013cotu izmai\u0146as m\u016bsu praks\u0113 vai citu darb\u012bbas, juridisku vai reglament\u0113jo\u0161u iemeslu d\u0113\u013c. M\u0113s aicin\u0101m j\u016bs periodiski p\u0101rskat\u012bt \u0161o politiku, lai uzzin\u0101tu visus t\u0101s atjaunin\u0101jumus. P\u0113d\u0113j\u0101 atjaunin\u0101juma datums b\u016bs nor\u0101d\u012bts politikas apak\u0161da\u013c\u0101.<\/p>\n<p>&nbsp;<\/p>\n<ol start=\"10\">\n<li>Sazinieties ar mums<\/li>\n<\/ol>\n<p>&nbsp;<\/p>\n<p>Ja jums ir k\u0101di jaut\u0101jumi par \u0161o Priv\u0101tuma un datu aizsardz\u012bbas politiku vai m\u016bsu datu apstr\u0101des praksi, l\u016bdzu, sazinieties ar SEAGLOW projekta vad\u012bt\u0101ju pa t\u0101lruni:<\/p>\n<p>&nbsp;<\/p>\n<p>NordDanmarks EU-kontor NOVI zin\u0101tnes parks<\/p>\n<p>Niels Jernes Vej 10 DK-9220 Olborga \u00d8 Tlf: +45 6188 5300<\/p>\n<p>E-pasts: <a href=\"mailto:info@ndeu.dk\">info@ndeu.dk<\/a><\/p>\n<p>&nbsp;<\/p>\n<p>NordDanmarks EU-Kontor, Bruxelles Avenue Palmerston 18<\/p>\n<p>B-1000 Bruxelles Be\u013c\u0123ija<\/p>\n<p>E-pasts: <a href=\"mailto:info@ndeu.dk\">info@ndeu.dk<\/a><\/p>\n<p>&nbsp;<\/p>\n<p style=\"text-align: right;\"><em>P\u0113d\u0113jo reizi atjaunin\u0101ts: 2024. gada 17. j\u016blijs<\/em><\/p>","protected":false},"excerpt":{"rendered":"<p>Privacy and Data Protection Policy \u00a0 Welcome to the Privacy and Data Protection Policy for the SEAGLOW website (the &#8220;Website&#8221;). This policy explains how we collect, use, disclose, and protect [&hellip;]<\/p>\n","protected":false},"author":1,"featured_media":0,"parent":0,"menu_order":0,"comment_status":"closed","ping_status":"closed","template":"","meta":{"footnotes":""},"class_list":["post-907","page","type-page","status-publish","hentry","has-post-title","has-post-date","has-post-category","has-post-tag","has-post-comment","has-post-author",""],"_links":{"self":[{"href":"https:\/\/seaglow.eu\/lv\/wp-json\/wp\/v2\/pages\/907","targetHints":{"allow":["GET"]}}],"collection":[{"href":"https:\/\/seaglow.eu\/lv\/wp-json\/wp\/v2\/pages"}],"about":[{"href":"https:\/\/seaglow.eu\/lv\/wp-json\/wp\/v2\/types\/page"}],"author":[{"embeddable":true,"href":"https:\/\/seaglow.eu\/lv\/wp-json\/wp\/v2\/users\/1"}],"replies":[{"embeddable":true,"href":"https:\/\/seaglow.eu\/lv\/wp-json\/wp\/v2\/comments?post=907"}],"version-history":[{"count":2,"href":"https:\/\/seaglow.eu\/lv\/wp-json\/wp\/v2\/pages\/907\/revisions"}],"predecessor-version":[{"id":909,"href":"https:\/\/seaglow.eu\/lv\/wp-json\/wp\/v2\/pages\/907\/revisions\/909"}],"wp:attachment":[{"href":"https:\/\/seaglow.eu\/lv\/wp-json\/wp\/v2\/media?parent=907"}],"curies":[{"name":"wp","href":"https:\/\/api.w.org\/{rel}","templated":true}]}}