{"id":902,"date":"2024-07-18T11:40:03","date_gmt":"2024-07-18T11:40:03","guid":{"rendered":"https:\/\/seaglow.eu\/?page_id=902"},"modified":"2024-07-18T11:45:24","modified_gmt":"2024-07-18T11:45:24","slug":"cookies-policy","status":"publish","type":"page","link":"https:\/\/seaglow.eu\/lv\/cookies-policy\/","title":{"rendered":"S\u012bkfailu politika"},"content":{"rendered":"<h3 style=\"text-align: center;\">S\u012bkfailu politika<\/h3>\n<p>&nbsp;<\/p>\n<ol>\n<li>Ievads<\/li>\n<\/ol>\n<p>Laipni l\u016bgti SEAGLOW t\u012bmek\u013ca vietnes (\"T\u012bmek\u013ca vietne\") s\u012bkfailu politik\u0101. \u0160aj\u0101 politik\u0101 ir izskaidrots, k\u0101 m\u0113s izmantojam s\u012bkfailus un l\u012bdz\u012bgas tehnolo\u0123ijas m\u016bsu T\u012bmek\u013ca vietn\u0113. Izmantojot m\u016bsu T\u012bmek\u013ca vietni, j\u016bs piekr\u012btat s\u012bkdat\u0146u izmanto\u0161anai, k\u0101 aprakst\u012bts \u0161aj\u0101 politik\u0101. Ja nepiekr\u012btat m\u016bsu s\u012bkdat\u0146u izmanto\u0161anai, jums attiec\u012bgi j\u0101piel\u0101go p\u0101rl\u016bkprogrammas iestat\u012bjumi vai ar\u012b j\u0101izvair\u0101s no m\u016bsu T\u012bmek\u013ca vietnes lieto\u0161anas.<\/p>\n<p>&nbsp;<\/p>\n<p>&nbsp;<\/p>\n<ol start=\"2\">\n<li>Kas ir s\u012bkfaili?<\/li>\n<\/ol>\n<p>S\u012bkfaili ir nelieli teksta faili, kas tiek ievietoti j\u016bsu ier\u012bc\u0113, kad apmekl\u0113jat vietni. T\u0101s tiek pla\u0161i izmantotas, lai t\u012bmek\u013ca vietnes darbotos efekt\u012bv\u0101k un sniegtu inform\u0101ciju t\u012bmek\u013ca viet\u0146u \u012bpa\u0161niekiem. S\u012bkfaili \u013cauj t\u012bmek\u013ca vietn\u0113m atpaz\u012bt j\u016bsu ier\u012bci un saglab\u0101t noteiktu inform\u0101ciju par j\u016bsu preferenc\u0113m vai iepriek\u0161 veiktaj\u0101m darb\u012bb\u0101m.<\/p>\n<p>&nbsp;<\/p>\n<p>&nbsp;<\/p>\n<ol start=\"3\">\n<li>M\u016bsu izmantoto s\u012bkfailu veidi<\/li>\n<\/ol>\n<p>M\u016bsu T\u012bmek\u013ca vietn\u0113 tiek izmantoti \u0161\u0101di s\u012bkfailu veidi:<\/p>\n<p>Oblig\u0101ti nepiecie\u0161am\u0101s s\u012bkdatnes: \u0160\u012bs s\u012bkdatnes ir nepiecie\u0161amas, lai j\u016bs var\u0113tu p\u0101rvietoties pa t\u012bmek\u013ca vietni un izmantot t\u0101s funkcijas, piem\u0113ram, piek\u013c\u016bt dro\u0161\u0101m zon\u0101m. Bez \u0161\u012bm s\u012bkdatn\u0113m nav iesp\u0113jams sniegt j\u016bsu piepras\u012btos pakalpojumus.<\/p>\n<p>&nbsp;<\/p>\n<p>Veiktsp\u0113jas s\u012bkfaili: \u0160\u012bs s\u012bkdatnes apkopo inform\u0101ciju par to, k\u0101 apmekl\u0113t\u0101ji izmanto m\u016bsu t\u012bmek\u013ca vietni, piem\u0113ram, kuras lapas apmekl\u0113t\u0101ji apmekl\u0113 visbie\u017e\u0101k. \u0160\u012b inform\u0101cija tiek izmantota, lai uzlabotu m\u016bsu T\u012bmek\u013ca vietni un lietot\u0101ju pieredzi.<\/p>\n<p>Funkcionalit\u0101te S\u012bkfaili: \u0160\u012bs s\u012bkdatnes \u013cauj T\u012bmek\u013ca vietnei atcer\u0113ties j\u016bsu izdar\u012bt\u0101s izv\u0113les (piem\u0113ram, lietot\u0101jv\u0101rdu, valodu vai re\u0123ionu) un nodro\u0161in\u0101t uzlabotas, personaliz\u0113t\u0101kas funkcijas.<\/p>\n<p>M\u0113r\u0137\u0113\u0161anas\/rekl\u0101mas s\u012bkfaili: \u0160\u012bs s\u012bkdatnes tiek izmantotas, lai sniegtu jums un j\u016bsu interes\u0113m atbilsto\u0161\u0101ku saturu. T\u0101s var tikt izmantotas ar\u012b, lai ierobe\u017eotu rekl\u0101mu r\u0101d\u012b\u0161anas rei\u017eu skaitu un nov\u0113rt\u0113tu rekl\u0101mas kampa\u0146u efektivit\u0101ti.<\/p>\n<p>&nbsp;<\/p>\n<p>&nbsp;<\/p>\n<ol start=\"4\">\n<li>K\u0101 m\u0113s izmantojam s\u012bkfailus<\/li>\n<\/ol>\n<p>M\u0113s izmantojam s\u012bkfailus \u0161\u0101diem m\u0113r\u0137iem:<\/p>\n<p>-Lai nodro\u0161in\u0101tu pareizu T\u012bmek\u013ca vietnes darb\u012bbu.<\/p>\n<p>-Lai analiz\u0113tu un uzlabotu m\u016bsu T\u012bmek\u013ca vietnes veiktsp\u0113ju.<\/p>\n<p>-Lai personaliz\u0113tu j\u016bsu pieredzi m\u016bsu T\u012bmek\u013ca vietn\u0113.<\/p>\n<p>-Lai nodro\u0161in\u0101tu m\u0113r\u0137tiec\u012bgu rekl\u0101mu, pamatojoties uz j\u016bsu p\u0101rl\u016bko\u0161anas darb\u012bb\u0101m.<\/p>\n<p>&nbsp;<\/p>\n<p>&nbsp;<\/p>\n<ol start=\"5\">\n<li>Tre\u0161o pu\u0161u s\u012bkfaili<\/li>\n<\/ol>\n<p>M\u016bsu T\u012bmek\u013ca vietne var izmantot ar\u012b s\u012bkfailus no tre\u0161o pu\u0161u pakalpojumu sniedz\u0113jiem, piem\u0113ram, Google Analytics, lai pal\u012bdz\u0113tu mums analiz\u0113t, k\u0101 lietot\u0101ji mijiedarbojas ar T\u012bmek\u013ca vietni. \u0160\u012bs s\u012bkdatnes var v\u0101kt inform\u0101ciju anon\u012bmi un zi\u0146ot par t\u012bmek\u013ca vietnes tendenc\u0113m, neidentific\u0113jot atsevi\u0161\u0137us apmekl\u0113t\u0101jus. S\u012bk\u0101ku inform\u0101ciju par to, k\u0101 \u0161\u012bs tre\u0161\u0101s puses izmanto s\u012bkfailus, skatiet to attiec\u012bgaj\u0101s priv\u0101tuma politik\u0101s.<\/p>\n<p>&nbsp;<\/p>\n<p>&nbsp;<\/p>\n<ol start=\"6\">\n<li>S\u012bkfailu p\u0101rvald\u012bba<\/li>\n<\/ol>\n<p>S\u012bkfailus varat kontrol\u0113t un p\u0101rvald\u012bt da\u017e\u0101dos veidos. L\u016bdzu, \u0146emiet v\u0113r\u0101, ka s\u012bkfailu no\u0146em\u0161ana vai blo\u0137\u0113\u0161ana var ietekm\u0113t j\u016bsu lieto\u0161anas pieredzi un da\u017eas vietnes da\u013cas var nedarboties pareizi. S\u012bkdat\u0146u preferences varat p\u0101rvald\u012bt, izmantojot p\u0101rl\u016bkprogrammas iestat\u012bjumus. Lai ieg\u016btu vair\u0101k inform\u0101cijas par s\u012bkfailu p\u0101rvald\u012b\u0161anu, apmekl\u0113jiet savas p\u0101rl\u016bkprogrammas pal\u012bdz\u012bbas lapas.<\/p>\n<p>&nbsp;<\/p>\n<ol start=\"7\">\n<li>\u0160\u012bs politikas atjaunin\u0101jumi<\/li>\n<\/ol>\n<p>M\u0113s laiku pa laikam varam atjaunin\u0101t \u0161o s\u012bkfailu politiku, lai atspogu\u013cotu izmai\u0146as m\u016bsu praks\u0113 vai citu darb\u012bbas, juridisku vai regulat\u012bvu iemeslu d\u0113\u013c. M\u0113s aicin\u0101m j\u016bs periodiski p\u0101rskat\u012bt \u0161o politiku, lai uzzin\u0101tu par visiem t\u0101s atjaunin\u0101jumiem. P\u0113d\u0113j\u0101 atjaunin\u0101juma datums b\u016bs nor\u0101d\u012bts politikas aug\u0161pus\u0113.<\/p>\n<p>&nbsp;<\/p>\n<p>&nbsp;<\/p>\n<ol start=\"8\">\n<li>Sazinieties ar mums<\/li>\n<\/ol>\n<p>Ja jums ir k\u0101di jaut\u0101jumi par m\u016bsu s\u012bkfailu izmanto\u0161anu vai \u0161o s\u012bkfailu politiku, l\u016bdzu, sazinieties ar projekta vad\u012bt\u0101ju SEAGLOW pa t\u0101lruni:<\/p>\n<p>&nbsp;<\/p>\n<p>&nbsp;<\/p>\n<p>NordDanmarks EU-kontor NOVI zin\u0101tnes parks<\/p>\n<p>Niels Jernes Vej 10 DK-9220 Olborga \u00d8 Tlf: +45 6188 5300<\/p>\n<p>E-pasts: <a href=\"mailto:info@ndeu.dk\">info@ndeu.dk<\/a><\/p>\n<p>&nbsp;<\/p>\n<p>&nbsp;<\/p>\n<p>NordDanmarks EU-Kontor, Bruxelles Avenue Palmerston 18<\/p>\n<p>B-1000 Bruxelles Be\u013c\u0123ija<\/p>\n<p>E-pasts: <a href=\"mailto:info@ndeu.dk\">info@ndeu.dk<\/a><\/p>","protected":false},"excerpt":{"rendered":"<p>Cookies Policy &nbsp; Introduction Welcome to the cookies policy for the SEAGLOW website (the &#8220;Website&#8221;). This policy explains how we use cookies and similar technologies on our Website. By using [&hellip;]<\/p>\n","protected":false},"author":1,"featured_media":0,"parent":0,"menu_order":0,"comment_status":"open","ping_status":"closed","template":"","meta":{"footnotes":""},"class_list":["post-902","page","type-page","status-publish","hentry","has-post-title","has-post-date","has-post-category","has-post-tag","has-post-comment","has-post-author",""],"_links":{"self":[{"href":"https:\/\/seaglow.eu\/lv\/wp-json\/wp\/v2\/pages\/902","targetHints":{"allow":["GET"]}}],"collection":[{"href":"https:\/\/seaglow.eu\/lv\/wp-json\/wp\/v2\/pages"}],"about":[{"href":"https:\/\/seaglow.eu\/lv\/wp-json\/wp\/v2\/types\/page"}],"author":[{"embeddable":true,"href":"https:\/\/seaglow.eu\/lv\/wp-json\/wp\/v2\/users\/1"}],"replies":[{"embeddable":true,"href":"https:\/\/seaglow.eu\/lv\/wp-json\/wp\/v2\/comments?post=902"}],"version-history":[{"count":4,"href":"https:\/\/seaglow.eu\/lv\/wp-json\/wp\/v2\/pages\/902\/revisions"}],"predecessor-version":[{"id":906,"href":"https:\/\/seaglow.eu\/lv\/wp-json\/wp\/v2\/pages\/902\/revisions\/906"}],"wp:attachment":[{"href":"https:\/\/seaglow.eu\/lv\/wp-json\/wp\/v2\/media?parent=902"}],"curies":[{"name":"wp","href":"https:\/\/api.w.org\/{rel}","templated":true}]}}