{"id":70,"date":"2020-11-17T16:00:54","date_gmt":"2020-11-17T16:00:54","guid":{"rendered":"https:\/\/seaglow.eu\/?page_id=20"},"modified":"2024-10-15T11:05:14","modified_gmt":"2024-10-15T11:05:14","slug":"about-us-old","status":"publish","type":"page","link":"https:\/\/seaglow.eu\/lv\/about-us-old\/","title":{"rendered":"About us &#8211; old"},"content":{"rendered":"<h6>\u25cf SEAGLOW<\/h6>\n<h1>PAR MUMS<\/h1>\n<p>&lt;h5<\/p>\n<p><img loading=\"lazy\" decoding=\"async\" src=\"https:\/\/seaglow.eu\/wp-content\/uploads\/2024\/07\/sd1.jpg\" sizes=\"auto, (max-width:767px) 480px, 506px\" srcset=\"https:\/\/seaglow.eu\/wp-content\/uploads\/2024\/07\/sd1.jpg 506w, https:\/\/seaglow.eu\/wp-content\/uploads\/2024\/07\/sd1-375x500.jpg 375w, https:\/\/seaglow.eu\/wp-content\/uploads\/2024\/07\/sd1-225x300.jpg 225w, https:\/\/seaglow.eu\/wp-content\/uploads\/2024\/07\/sd1-56x75.jpg 56w, https:\/\/seaglow.eu\/wp-content\/uploads\/2024\/07\/sd1-480x639.jpg 480w\" alt=\"\" width=\"506\" height=\"674\" \/><\/p>\n<h2>Seaglow ir 16 Eiropas partneru konsorcijs Partneri<\/h2>\n<p>Seaglow ir 16 partneru konsorcijs no Eiropas Savien\u012bbas, Norv\u0113\u0123ijas un Taizemes. Iniciat\u012bvas, ko finans\u0113 ES un vada Zieme\u013cd\u0101nijas ES birojs, m\u0113r\u0137is ir par\u0101d\u012bt, ka, izmantojot pareizo tehnolo\u0123iju kombin\u0101ciju, maza m\u0113roga zvejniec\u012bba var samazin\u0101t atkar\u012bbu no fosil\u0101 kurin\u0101m\u0101 un pozit\u012bvi veicin\u0101t j\u016bras ekosist\u0113mu atjauno\u0161anu un uzlabot zvejnieku kopienu labkl\u0101j\u012bbu.<\/p>\n<p>SEAGLOW konsorcijs projekt\u0113, b\u016bv\u0113 un ekspluat\u0113 piecas pilotprojekta tehnolo\u0123ijas, tostarp parasto d\u012bze\u013cdzin\u0113ju nomai\u0146u un E-p\u0101rkl\u0101juma un sensoru tehnolo\u0123iju izmanto\u0161anu uz \u010detriem ku\u0123iem D\u0101nij\u0101, Igaunij\u0101, Norv\u0113\u0123ij\u0101 un Zviedrij\u0101.<\/p>\n<h2>Seaglow ir pl\u0101nots \u012bstenot vismaz 48 m\u0113ne\u0161us, s\u0101kot no 2024. gada apr\u012b\u013ca.<\/h2>\n<p>SEAGLOW konsorcija m\u0113r\u0137is ir skaidri un nep\u0101rprotami pier\u0101d\u012bt, ka piem\u0113rotu tehnolo\u0123iju kombin\u0101cijas izmanto\u0161ana maina sp\u0113les noteikumus, \u013caujot rentabli samazin\u0101t degvielas pat\u0113ri\u0146u, sniedzot labumu zvejnieku kopienai un videi un pa\u0101trinot pozit\u012bvu p\u0101rmai\u0146u iesp\u0113jas.<\/p>\n<p><a href=\"https:\/\/seaglow.eu\/lv\/vehicles\/\"><br \/>\nKo m\u0113s dar\u0101m<br \/>\n<\/a><br \/>\n<img loading=\"lazy\" decoding=\"async\" src=\"https:\/\/seaglow.eu\/wp-content\/uploads\/2024\/07\/erd1.jpg\" sizes=\"auto, (max-width:767px) 480px, 611px\" srcset=\"https:\/\/seaglow.eu\/wp-content\/uploads\/2024\/07\/erd1.jpg 611w, https:\/\/seaglow.eu\/wp-content\/uploads\/2024\/07\/erd1-500x348.jpg 500w, https:\/\/seaglow.eu\/wp-content\/uploads\/2024\/07\/erd1-300x209.jpg 300w, https:\/\/seaglow.eu\/wp-content\/uploads\/2024\/07\/erd1-108x75.jpg 108w, https:\/\/seaglow.eu\/wp-content\/uploads\/2024\/07\/erd1-480x334.jpg 480w\" alt=\"\" width=\"611\" height=\"425\" \/><br \/>\n<img loading=\"lazy\" decoding=\"async\" src=\"https:\/\/seaglow.eu\/wp-content\/uploads\/2024\/09\/Seaglow-Partner-Logos_updated-1200x341.jpg\" sizes=\"auto, (max-width:767px) 480px, (max-width:1200px) 100vw, 1200px\" srcset=\"https:\/\/seaglow.eu\/wp-content\/uploads\/2024\/09\/Seaglow-Partner-Logos_updated-1200x341.jpg 1200w, https:\/\/seaglow.eu\/wp-content\/uploads\/2024\/09\/Seaglow-Partner-Logos_updated-500x142.jpg 500w, https:\/\/seaglow.eu\/wp-content\/uploads\/2024\/09\/Seaglow-Partner-Logos_updated-300x85.jpg 300w, https:\/\/seaglow.eu\/wp-content\/uploads\/2024\/09\/Seaglow-Partner-Logos_updated-768x218.jpg 768w, https:\/\/seaglow.eu\/wp-content\/uploads\/2024\/09\/Seaglow-Partner-Logos_updated-1536x436.jpg 1536w, https:\/\/seaglow.eu\/wp-content\/uploads\/2024\/09\/Seaglow-Partner-Logos_updated-2048x581.jpg 2048w, https:\/\/seaglow.eu\/wp-content\/uploads\/2024\/09\/Seaglow-Partner-Logos_updated-150x43.jpg 150w, https:\/\/seaglow.eu\/wp-content\/uploads\/2024\/09\/Seaglow-Partner-Logos_updated-480x136.jpg 480w\" alt=\"\" width=\"1200\" height=\"341\" \/><\/p>\n<h2>Lai sa\u0146emtu papildu inform\u0101ciju, sazinieties ar mums.<\/h2>\n<p><a href=\"https:\/\/seaglow.eu\/lv\/contact\/\"><br \/>\nNOS\u016aTIET MUMS ZI\u0145U<br \/>\n<\/a><\/p>","protected":false},"excerpt":{"rendered":"<p>\u25cfSEAGLOW ABOUT US &lt;h5 Seaglow is a consortium of 16 Europeans Partners Seaglow is a consortium of 16 partners from across the European Union, Norway and Thailand. The initiative, funded [&hellip;]<\/p>\n","protected":false},"author":1,"featured_media":0,"parent":0,"menu_order":0,"comment_status":"open","ping_status":"closed","template":"","meta":{"footnotes":""},"class_list":["post-70","page","type-page","status-publish","hentry","has-post-title","has-post-date","has-post-category","has-post-tag","has-post-comment","has-post-author",""],"_links":{"self":[{"href":"https:\/\/seaglow.eu\/lv\/wp-json\/wp\/v2\/pages\/70","targetHints":{"allow":["GET"]}}],"collection":[{"href":"https:\/\/seaglow.eu\/lv\/wp-json\/wp\/v2\/pages"}],"about":[{"href":"https:\/\/seaglow.eu\/lv\/wp-json\/wp\/v2\/types\/page"}],"author":[{"embeddable":true,"href":"https:\/\/seaglow.eu\/lv\/wp-json\/wp\/v2\/users\/1"}],"replies":[{"embeddable":true,"href":"https:\/\/seaglow.eu\/lv\/wp-json\/wp\/v2\/comments?post=70"}],"version-history":[{"count":42,"href":"https:\/\/seaglow.eu\/lv\/wp-json\/wp\/v2\/pages\/70\/revisions"}],"predecessor-version":[{"id":1049,"href":"https:\/\/seaglow.eu\/lv\/wp-json\/wp\/v2\/pages\/70\/revisions\/1049"}],"wp:attachment":[{"href":"https:\/\/seaglow.eu\/lv\/wp-json\/wp\/v2\/media?parent=70"}],"curies":[{"name":"wp","href":"https:\/\/api.w.org\/{rel}","templated":true}]}}