{"id":1053,"date":"2024-10-15T15:00:03","date_gmt":"2024-10-15T15:00:03","guid":{"rendered":"https:\/\/seaglow.eu\/?page_id=1053"},"modified":"2024-11-22T08:48:08","modified_gmt":"2024-11-22T08:48:08","slug":"what-we-do","status":"publish","type":"page","link":"https:\/\/seaglow.eu\/lv\/what-we-do\/","title":{"rendered":"Ko m\u0113s dar\u0101m"},"content":{"rendered":"<!--themify_builder_content-->\n<div id=\"themify_builder_content-1053\" data-postid=\"1053\" class=\"themify_builder_content themify_builder_content-1053 themify_builder tf_clear\">\n                    <div  data-lazy=\"1\" class=\"module_row themify_builder_row tb_39vn18 tb_first tf_w\">\n                        <div class=\"row_inner col_align_top tb_col_count_1 tf_box tf_rel\">\n                        <div  data-lazy=\"1\" class=\"module_column tb-column col-full tb_ws2x18 first\">\n        <span class=\"builder_row_cover tf_abs\"><\/span>            <!-- module text -->\n<div  class=\"module module-text tb_js1718\" data-lazy=\"1\">\n        <div  class=\"tb_text_wrap\">\n        <h1>KO M\u0112S DAR\u0100M<\/h1>\n<p style=\"text-align: center;\"><em>SEAGLOW konsorcija m\u0113r\u0137is ir skaidri un nep\u0101rprotami pier\u0101d\u012bt, ka SEAGLOW izmanto\u0161ana<strong> atbilsto\u0161u tehnolo\u0123iju kombin\u0101cija ir sp\u0113les main\u012bt\u0101js.<\/strong>, kas \u013cauj rentabli samazin\u0101t degvielas pat\u0113ri\u0146u, sniedz labumu zvejnieku kopienai un videi, k\u0101 ar\u012b pa\u0101trina pozit\u012bvu p\u0101rmai\u0146u iesp\u0113jas.<\/em><\/p>    <\/div>\n<\/div>\n<!-- \/module text -->        <\/div>\n                        <\/div>\n        <\/div>\n                        <div  data-lazy=\"1\" class=\"module_row themify_builder_row tb_lx5s154 tf_w\">\n                        <div class=\"row_inner col_align_top tb_col_count_2 tf_box tf_rel\">\n                        <div  data-lazy=\"1\" class=\"module_column tb-column col4-2 tb_7wgf155 first\">\n                    <!-- module text -->\n<div  class=\"module module-text tb_ry6g158\" data-lazy=\"1\">\n        <div  class=\"tb_text_wrap\">\n        <h4>2023. gada febru\u0101r\u012b Eiropas Komisija public\u0113ja pas\u0101kumu kopumu, lai uzlabotu ES zivsaimniec\u012bbas un akvakult\u016bras nozares ilgtsp\u0113ju un notur\u012bbu, t.sk. <a href=\"https:\/\/oceans-and-fisheries.ec.europa.eu\/publications\/communication-commission-energy-transition-eu-fisheries-and-aquaculture-sector_en\">Pazi\u0146ojums par ener\u0123\u0113tikas p\u0101reju ES zivsaimniec\u012bbas un akvakult\u016bras nozar\u0113<\/a>. Pas\u0101kumu galvenie m\u0113r\u0137i ir veicin\u0101t t\u012br\u0101ku ener\u0123ijas avotu izmanto\u0161anu un mazin\u0101t atkar\u012bbu no fosil\u0101 kurin\u0101m\u0101, k\u0101 ar\u012b samazin\u0101t zivsaimniec\u012bbas nozares ietekmi uz j\u016bras ekosist\u0113m\u0101m.<\/h4>    <\/div>\n<\/div>\n<!-- \/module text -->        <\/div>\n                    <div  data-lazy=\"1\" class=\"module_column tb-column col4-2 tb_eepy155 last\">\n                    <!-- module image -->\n<div  class=\"module module-image tb_qzl8177 image-full-overlay   tf_mw\" data-lazy=\"1\">\n        <div class=\"image-wrap tf_rel tf_mw\">\n            <img loading=\"lazy\" decoding=\"async\" width=\"1920\" height=\"2560\" src=\"https:\/\/seaglow.eu\/wp-content\/uploads\/2024\/06\/billede-20240604-120228-bcef2de1-scaled.jpeg\" class=\"wp-post-image wp-image-638\" title=\"Billede - 20240604-120228-bcef2de1\" alt=\"billede - 20240604-120228-bcef2de1\" srcset=\"https:\/\/seaglow.eu\/wp-content\/uploads\/2024\/06\/billede-20240604-120228-bcef2de1-scaled.jpeg 1920w, https:\/\/seaglow.eu\/wp-content\/uploads\/2024\/06\/billede-20240604-120228-bcef2de1-375x500.jpeg 375w, https:\/\/seaglow.eu\/wp-content\/uploads\/2024\/06\/billede-20240604-120228-bcef2de1-900x1200.jpeg 900w, https:\/\/seaglow.eu\/wp-content\/uploads\/2024\/06\/billede-20240604-120228-bcef2de1-225x300.jpeg 225w, https:\/\/seaglow.eu\/wp-content\/uploads\/2024\/06\/billede-20240604-120228-bcef2de1-768x1024.jpeg 768w, https:\/\/seaglow.eu\/wp-content\/uploads\/2024\/06\/billede-20240604-120228-bcef2de1-1152x1536.jpeg 1152w, https:\/\/seaglow.eu\/wp-content\/uploads\/2024\/06\/billede-20240604-120228-bcef2de1-1536x2048.jpeg 1536w, https:\/\/seaglow.eu\/wp-content\/uploads\/2024\/06\/billede-20240604-120228-bcef2de1-56x75.jpeg 56w, https:\/\/seaglow.eu\/wp-content\/uploads\/2024\/06\/billede-20240604-120228-bcef2de1-480x640.jpeg 480w\" sizes=\"auto, (max-width: 1920px) 100vw, 1920px\" \/>    \n        <\/div>\n    <!-- \/image-wrap -->\n    \n        <\/div>\n<!-- \/module image -->        <\/div>\n                        <\/div>\n        <\/div>\n                        <div  data-lazy=\"1\" class=\"module_row themify_builder_row tb_zw9v105 tf_w\">\n                        <div class=\"row_inner col_align_top tb_col_count_2 tf_box tf_rel\">\n                        <div  data-lazy=\"1\" class=\"module_column tb-column col4-2 tb_u1r3105 first\">\n                    <!-- module text -->\n<div  class=\"module module-text tb_uv0n658\" data-lazy=\"1\">\n        <div  class=\"tb_text_wrap\">\n        <h2><span style=\"color: #aec93e;\">Seaglow akt\u012bvi veicin\u0101s divu galveno m\u0113r\u0137u sasnieg\u0161anu.<\/span> p\u0101rmai\u0146u virzieni\u00a0<\/h2>    <\/div>\n<\/div>\n<!-- \/module text --><!-- module image -->\n<div  class=\"module module-image tb_oh8k691 image-top   tf_mw\" data-lazy=\"1\">\n        <div class=\"image-wrap tf_rel tf_mw\">\n            <img loading=\"lazy\" decoding=\"async\" src=\"http:\/\/seaglow.eu\/wp-content\/uploads\/2024\/11\/DSC_0172.jpg\" width=\"496\" height=\"362\" title=\"Ko m\u0113s dar\u0101m\" alt=\"What we do\">    \n        <\/div>\n    <!-- \/image-wrap -->\n    \n        <\/div>\n<!-- \/module image -->        <\/div>\n                    <div  data-lazy=\"1\" class=\"module_column tb-column col4-2 tb_h4oj237 last\">\n                    <!-- module text -->\n<div  class=\"module module-text tb_uxnu651\" data-lazy=\"1\">\n        <div  class=\"tb_text_wrap\">\n        <ul>\n<li>\n<h4>Energoefektivit\u0101tes paaugstin\u0101\u0161ana \u012bstermi\u0146\u0101 un vid\u0113j\u0101 termi\u0146\u0101.\u00a0<\/h4>\n<\/li>\n<li>\n<h4>pak\u0101peniska p\u0101reja no fosil\u0101 kurin\u0101m\u0101 uz citiem atjaunojamiem un zema oglek\u013ca satura ener\u0123ijas avotiem.<\/h4>\n<\/li>\n<\/ul>\n<p>Orient\u0113jo\u0161ais m\u0113r\u0137is zivsaimniec\u012bbas nozarei ir no 2019. l\u012bdz 2030. gadam samazin\u0101t fosil\u0101 kurin\u0101m\u0101 intensit\u0101ti (litros uz kg izkraut\u0101 produkta) par &gt;15 %, un gal\u012bgais m\u0113r\u0137is ir l\u012bdz 2050. gadam pan\u0101kt CO2 neitralit\u0101ti. Veicot \u0161os pas\u0101kumus, tiks atv\u0113l\u0113ts laiks invest\u012bcij\u0101m, un paredzams, ka p\u0101reja notiks pak\u0101peniski, lai pal\u012bdz\u0113tu nozarei piel\u0101goties. R\u012bc\u012bbas pl\u0101n\u0101 k\u0101 da\u013ca no \u0161\u012b procesa ir iek\u013cautas iniciat\u012bvas p\u0113tniec\u012bbas un inov\u0101cijas veicin\u0101\u0161anai, nepiecie\u0161amo darbasp\u0113ka prasmju att\u012bst\u012b\u0161anai un uz\u0146\u0113m\u0113jdarb\u012bbas un invest\u012bciju vides, tostarp finans\u0113juma, uzlabo\u0161anai.<\/p>    <\/div>\n<\/div>\n<!-- \/module text -->        <\/div>\n                        <\/div>\n        <\/div>\n                        <div  data-lazy=\"1\" class=\"module_row themify_builder_row tb_klc5537 tf_w\">\n                        <div class=\"row_inner col_align_top tb_col_count_1 tf_box tf_rel\">\n                        <div  data-lazy=\"1\" class=\"module_column tb-column col-full tb_aqgb537 first\">\n                    <!-- module text -->\n<div  class=\"module module-text tb_z4o1537\" data-lazy=\"1\">\n        <div  class=\"tb_text_wrap\">\n        <h2 style=\"text-align: center;\"><strong>Izaicin\u0101jumi ener\u0123ijas piepras\u012bjuma apmierin\u0101\u0161anai zil\u0101s ekonomikas kontekst\u0101<\/strong><\/h2>\n<p style=\"text-align: center;\"><span style=\"color: #01328a;\">Ilgtsp\u0113j\u012bgas ener\u0123ijas risin\u0101jumu l\u012bdzsvaro\u0161ana ar j\u016brniec\u012bbas nozares realit\u0101ti<\/span><\/p>    <\/div>\n<\/div>\n<!-- \/module text -->        <div  data-lazy=\"1\" class=\"module_subrow themify_builder_sub_row tf_w col_align_top tb_col_count_3 tb_9pze80\">\n                <div  data-lazy=\"1\" class=\"module_column sub_column col3-1 tb_zg3v81 first\">\n                    <!-- module image -->\n<div  class=\"module module-image tb_k5hb963 image-top   tf_mw\" data-lazy=\"1\">\n        <div class=\"image-wrap tf_rel tf_mw\">\n            <img loading=\"lazy\" decoding=\"async\" src=\"http:\/\/seaglow.eu\/wp-content\/uploads\/2024\/06\/durabilite.png\" width=\"512\" height=\"512\" title=\"Ko m\u0113s dar\u0101m\" alt=\"What we do\">    \n        <\/div>\n    <!-- \/image-wrap -->\n    \n        <\/div>\n<!-- \/module image --><!-- module text -->\n<div  class=\"module module-text tb_k6p594\" data-lazy=\"1\">\n        <div  class=\"tb_text_wrap\">\n        <p>Lai gan probl\u0113mas ir zin\u0101mas, ir gr\u016bti apmierin\u0101t ener\u0123ijas piepras\u012bjumu, kas nepiecie\u0161ams zil\u0101s ekonomikas p\u0101rveido\u0161anai. Pa\u0161reiz\u0113jos ties\u012bbu aktos ir noteikts, ka aizvietojamajiem sp\u0113ka agreg\u0101tiem j\u0101b\u016bt ar t\u0101du pa\u0161u vai maz\u0101ku jaudu nek\u0101 s\u0101kotn\u0113jam dzin\u0113jam, un tajos var b\u016bt iek\u013cautas pras\u012bbas par zem\u0101ku CO2 izme\u0161u daudzumu.<\/p>\n<p>Jaunaj\u0101m tehnolo\u0123ij\u0101m var b\u016bt liel\u0101ks svars nek\u0101 tradicion\u0101lajiem d\u012bze\u013cdzin\u0113jiem, kas var ietekm\u0113t zvejas jaudu, kuras pamat\u0101 ir bruto tilp\u012bba. Jo \u012bpa\u0161i vec\u0101kiem, maz\u0101kiem zvejas ku\u0123iem bie\u017ei vien ir svar\u012bgi izm\u0113ri, jo jaunais apr\u012bkojums var aiz\u0146emt vair\u0101k vietas vai ietekm\u0113t ku\u0123a stabilit\u0101ti. \u0160o maksim\u0101lo zvejas jaudu var v\u0113l vair\u0101k ierobe\u017eot ar\u012b piem\u0113rotas ostas infrastrukt\u016bras tr\u016bkums, lai veiktu dzin\u0113ju apkopi un tehnisko apkopi.\u00a0<\/p>    <\/div>\n<\/div>\n<!-- \/module text -->        <\/div>\n                    <div  data-lazy=\"1\" class=\"module_column sub_column col3-1 tb_5yn0888\">\n                    <!-- module image -->\n<div  class=\"module module-image tb_n52j888 image-top   tf_mw\" data-lazy=\"1\">\n        <div class=\"image-wrap tf_rel tf_mw\">\n            <img loading=\"lazy\" decoding=\"async\" src=\"http:\/\/seaglow.eu\/wp-content\/uploads\/2024\/06\/presentation.png\" width=\"512\" height=\"512\" title=\"Ko m\u0113s dar\u0101m\" alt=\"What we do\">    \n        <\/div>\n    <!-- \/image-wrap -->\n    \n        <\/div>\n<!-- \/module image --><!-- module text -->\n<div  class=\"module module-text tb_2d2u888\" data-lazy=\"1\">\n        <div  class=\"tb_text_wrap\">\n        <p>Past\u0101v iev\u0113rojams zin\u0101\u0161anu un prasmju tr\u016bkums, jo daudzi zvejniec\u012bbas nozares darbinieki nezina par jaun\u0101m, efekt\u012bv\u0101k\u0101m tehnolo\u0123ij\u0101m un vi\u0146iem tr\u016bkst praktisku iema\u0146u darbam ar jaunaj\u0101m dzin\u0113ju tehnolo\u0123ij\u0101m. Nozare noveco, jo daudzi laivu \u012bpa\u0161nieki ir vec\u0101ki par 502 gadiem, un ir gr\u016bti piesaist\u012bt nozarei jaunie\u0161us.<\/p>\n<p>Sal\u012bdzin\u0101jum\u0101 ar liel\u0101k\u0101s da\u013cas zvejas flotes ku\u0123u ierobe\u017eotajiem ie\u0146\u0113mumiem, kas saist\u012bti ar da\u017eu energoefekt\u012bvu vai zema oglek\u013ca satura dzin\u0113ju tehnolo\u0123iju ievie\u0161anu, ir sal\u012bdzino\u0161i augstas ieguld\u012bjumu izmaksas, kas padara ieguld\u012bjumus riskantus un var aizkav\u0113t jaunu tehnolo\u0123iju ievie\u0161anu. Visbeidzot, nozar\u0113 past\u0101v zin\u0101ma pretest\u012bba, ko rada trad\u012bcijas un v\u0113lme saglab\u0101t zin\u0101mu un p\u0101rbaud\u012btu dz\u012bvesveidu.\u00a0<\/p>    <\/div>\n<\/div>\n<!-- \/module text -->        <\/div>\n                    <div  data-lazy=\"1\" class=\"module_column sub_column col3-1 tb_ibeg443 last\">\n                    <!-- module image -->\n<div  class=\"module module-image tb_6qaj443 image-top   tf_mw\" data-lazy=\"1\">\n        <div class=\"image-wrap tf_rel tf_mw\">\n            <img loading=\"lazy\" decoding=\"async\" src=\"http:\/\/seaglow.eu\/wp-content\/uploads\/2024\/06\/energie-maremotrice.png\" width=\"512\" height=\"512\" title=\"Ko m\u0113s dar\u0101m\" alt=\"What we do\">    \n        <\/div>\n    <!-- \/image-wrap -->\n    \n        <\/div>\n<!-- \/module image --><!-- module text -->\n<div  class=\"module module-text tb_9q00443\" data-lazy=\"1\">\n        <div  class=\"tb_text_wrap\">\n        <p>SEAGLOW konsorcijs apzin\u0101s nozares izaicin\u0101jumus un politiskos virzienus, kas noteikti Eiropas Za\u013caj\u0101 kurs\u0101, un jo \u012bpa\u0161i jauno pieeju zilajai ekonomikai. Tas veido savstarp\u0113ji saist\u012btus, papildino\u0161us un transvers\u0101lus izm\u0113\u0123in\u0101juma gad\u012bjumus vis\u0101 Baltijas j\u016br\u0101 un Zieme\u013cj\u016br\u0101, demonstr\u0113jot piem\u0113rotas tehnolo\u0123ijas, kur\u0101m var b\u016bt \u012bstermi\u0146a, vid\u0113ja termi\u0146a un ilgtermi\u0146a ietekme. Seaglow pilotprojekti tiek atbalst\u012bti ar augstas kvalit\u0101tes datiem, str\u0101d\u0101jot pie t\u0101, lai uzlabotu ieguld\u012bjumus atbilsto\u0161os ener\u0123\u0113tikas p\u0101rejas risin\u0101jumos.<\/p>\n<p>Konsorcijs izmanto tehnolo\u0123iju un meto\u017eu kombin\u0101ciju, kas tiek uzskat\u012btas par piem\u0113rot\u0101m nozarei izmaksu, atbalsta un uztur\u0113\u0161anas zi\u0146\u0101. \u0160o tehnolo\u0123iju kombin\u0101cija, kas darbojas transvers\u0101l\u0101 un savstarp\u0113ji papildino\u0161\u0101 veid\u0101 un izmanto partner\u012bbas apvienot\u0101s prasmes, pieredzi un t\u012bklus, ir balst\u012bta uz jaunu pieeju, veidojot jaunas ener\u0123\u0113tikas p\u0101rejas partner\u012bbas da\u017e\u0101dos l\u012bme\u0146os.<\/p>    <\/div>\n<\/div>\n<!-- \/module text -->        <\/div>\n                    <\/div>\n                <\/div>\n                        <\/div>\n        <\/div>\n                        <div  data-lazy=\"1\" class=\"module_row themify_builder_row tb_t108296 tf_w\">\n                        <div class=\"row_inner col_align_top tb_col_count_1 tf_box tf_rel\">\n                        <div  data-lazy=\"1\" class=\"module_column tb-column col-full tb_2v94296 first\">\n                    <!-- module text -->\n<div  class=\"module module-text tb_k0yt64\" data-lazy=\"1\">\n        <div  class=\"tb_text_wrap\">\n        <p style=\"text-align: center;\"><em>HORIZON-MISS-2023-OCEAN-01-05 - B\u0101ka Baltijas j\u016bras un Zieme\u013cj\u016bras baseinos - Za\u013c\u0101s un energoefekt\u012bv\u0101s mazapjoma zvejas flotes - Projekts: 101157477 - SEAGLOW\u00a0<\/em><\/p>    <\/div>\n<\/div>\n<!-- \/module text -->        <\/div>\n                        <\/div>\n        <\/div>\n                        <div  data-lazy=\"1\" class=\"module_row themify_builder_row tb_d6f5113 tf_w\">\n                        <div class=\"row_inner col_align_top tb_col_count_1 tf_box tf_rel\">\n                        <div  data-lazy=\"1\" class=\"module_column tb-column col-full tb_c16z114 first\">\n                            <\/div>\n                        <\/div>\n        <\/div>\n                        <div  data-lazy=\"1\" class=\"module_row themify_builder_row tb_vopq798 tf_w\">\n                        <div class=\"row_inner col_align_top tb_col_count_1 tf_box tf_rel\">\n                        <div  data-lazy=\"1\" class=\"module_column tb-column col-full tb_mg3u798 first\">\n                    <!-- module text -->\n<div  class=\"module module-text tb_2bqh114\" data-lazy=\"1\">\n        <div  class=\"tb_text_wrap\">\n        <p><em>\u0160\u012bs lapas fotoatt\u0113lu kred\u012bti: @Len Duevel @Seaglow<\/em><\/p>    <\/div>\n<\/div>\n<!-- \/module text -->        <\/div>\n                        <\/div>\n        <\/div>\n        <\/div>\n<!--\/themify_builder_content-->","protected":false},"excerpt":{"rendered":"<p>WHAT WE DO The ambition of the SEAGLOW consortium is to demonstrate clearly and unequivocally that the use of a combination of appropriate technologies is a game-changer, allowing the cost-efficient [&hellip;]<\/p>\n","protected":false},"author":2,"featured_media":0,"parent":0,"menu_order":0,"comment_status":"closed","ping_status":"closed","template":"","meta":{"footnotes":""},"class_list":["post-1053","page","type-page","status-publish","hentry","has-post-title","has-post-date","has-post-category","has-post-tag","has-post-comment","has-post-author",""],"_links":{"self":[{"href":"https:\/\/seaglow.eu\/lv\/wp-json\/wp\/v2\/pages\/1053","targetHints":{"allow":["GET"]}}],"collection":[{"href":"https:\/\/seaglow.eu\/lv\/wp-json\/wp\/v2\/pages"}],"about":[{"href":"https:\/\/seaglow.eu\/lv\/wp-json\/wp\/v2\/types\/page"}],"author":[{"embeddable":true,"href":"https:\/\/seaglow.eu\/lv\/wp-json\/wp\/v2\/users\/2"}],"replies":[{"embeddable":true,"href":"https:\/\/seaglow.eu\/lv\/wp-json\/wp\/v2\/comments?post=1053"}],"version-history":[{"count":42,"href":"https:\/\/seaglow.eu\/lv\/wp-json\/wp\/v2\/pages\/1053\/revisions"}],"predecessor-version":[{"id":1325,"href":"https:\/\/seaglow.eu\/lv\/wp-json\/wp\/v2\/pages\/1053\/revisions\/1325"}],"wp:attachment":[{"href":"https:\/\/seaglow.eu\/lv\/wp-json\/wp\/v2\/media?parent=1053"}],"curies":[{"name":"wp","href":"https:\/\/api.w.org\/{rel}","templated":true}]}}