{"id":907,"date":"2024-07-18T11:47:07","date_gmt":"2024-07-18T11:47:07","guid":{"rendered":"https:\/\/seaglow.eu\/?page_id=907"},"modified":"2024-07-18T11:47:39","modified_gmt":"2024-07-18T11:47:39","slug":"privacy-and-data-protection-policy","status":"publish","type":"page","link":"https:\/\/seaglow.eu\/lt\/privacy-and-data-protection-policy\/","title":{"rendered":"Privatumo ir duomen\u0173 apsaugos politika"},"content":{"rendered":"<h3 style=\"text-align: center;\">Privatumo ir duomen\u0173 apsaugos politika<\/h3>\n<p><strong>\u00a0<\/strong><\/p>\n<p>Sveiki atvyk\u0119 \u012f SEAGLOW svetain\u0117s (toliau - Svetain\u0117) privatumo ir duomen\u0173 apsaugos politik\u0105. \u0160ioje politikoje paai\u0161kinama, kaip renkame, naudojame, atskleid\u017eiame ir saugome j\u016bs\u0173 asmenin\u0119 informacij\u0105, kai lankot\u0117s m\u016bs\u0173 Svetain\u0117je. Naudodamiesi m\u016bs\u0173 Svetaine, j\u016bs sutinkate su \u0161ioje politikoje apra\u0161yta praktika.<\/p>\n<p>&nbsp;<\/p>\n<ol start=\"2\">\n<li>M\u016bs\u0173 renkama informacija<\/li>\n<\/ol>\n<p>Asmenin\u0117 informacija: Galime rinkti asmenin\u0119 informacij\u0105, kuri\u0105 savanori\u0161kai pateikiate mums, kai bendraujate su Svetaine, pvz., j\u016bs\u0173 vard\u0105, pavard\u0119, el. pa\u0161to adres\u0105, telefono numer\u012f ir bet koki\u0105 kit\u0105 j\u016bs\u0173 pasirinkt\u0105 informacij\u0105.<\/p>\n<p>Automati\u0161kai renkama informacija: Mes taip pat galime automati\u0161kai rinkti tam tikr\u0105 informacij\u0105 apie j\u016bs\u0173 \u012frengin\u012f ir naudojim\u0105si Svetaine naudodami slapukus ir pana\u0161ias technologijas. Tai gali b\u016bti j\u016bs\u0173 IP adresas, nar\u0161ykl\u0117s tipas, operacin\u0117 sistema, nukreipiamieji URL adresai ir per\u017ei\u016br\u0117ti puslapiai.<\/p>\n<p>&nbsp;<\/p>\n<ol start=\"3\">\n<li>Informacijos naudojimas<\/li>\n<\/ol>\n<p>Surinkt\u0105 informacij\u0105 naudojame \u0161iais tikslais:<\/p>\n<p>- teikti ir pri\u017ei\u016br\u0117ti Svetain\u0119.<\/p>\n<p>-Siekiant pagerinti ir suasmeninti j\u016bs\u0173 patirt\u012f Svetain\u0117je.<\/p>\n<p>-bendrauti su jumis, \u012fskaitant atsakymus \u012f j\u016bs\u0173 u\u017eklausas ir naujausi\u0105 informacij\u0105 apie projekt\u0105.<\/p>\n<p>&nbsp;<\/p>\n<p>-Analizuoti ir steb\u0117ti naudojim\u0105si Svetaine bei kitais vidaus tikslais.<\/p>\n<p>-Siekiant laikytis teisini\u0173 \u012fsipareigojim\u0173.<\/p>\n<p>&nbsp;<\/p>\n<ol start=\"4\">\n<li>Apdorojimo teisinis pagrindas<\/li>\n<\/ol>\n<p>J\u016bs\u0173 asmenin\u0119 informacij\u0105 tvarkome remdamiesi vienu ar keliais toliau nurodytais teisiniais pagrindais:<\/p>\n<p>-J\u016bs\u0173 sutikimas, kur\u012f galite bet kada at\u0161aukti.<\/p>\n<p>-b\u016btinyb\u0117 tvarkyti duomenis siekiant \u012fvykdyti su jumis sudaryt\u0105 sutart\u012f.<\/p>\n<p>-m\u016bs\u0173 teisini\u0173 \u012fsipareigojim\u0173 laikymasis.<\/p>\n<p>m\u016bs\u0173 teis\u0117ti interesai, pavyzd\u017eiui, gerinti m\u016bs\u0173 paslaugas ir rinkodaros veikl\u0105, jei \u0161i\u0173 interes\u0173 nenusveria j\u016bs\u0173 teis\u0117s ir interesai.<\/p>\n<p>&nbsp;<\/p>\n<ol start=\"5\">\n<li>Dalijimasis informacija<\/li>\n<\/ol>\n<p>J\u016bs\u0173 asmenine informacija galime dalytis su tre\u010diosiomis \u0161alimis toliau nurodytais atvejais:<\/p>\n<p>-su paslaug\u0173 teik\u0117jais ir rangovais, kurie padeda mums valdyti Svetain\u0119 ir teikti paslaugas.<\/p>\n<p>-Savo filialais ir partneriais, dalyvaujan\u010diais ES finansuojamame projekte.<\/p>\n<p>-atsakant \u012f teis\u0117tus vald\u017eios institucij\u0173 pra\u0161ymus, \u012fskaitant nacionalinio saugumo ar teis\u0117saugos reikalavimus.<\/p>\n<p>d\u0117l bet kokio susijungimo, bendrov\u0117s turto pardavimo, finansavimo ar viso m\u016bs\u0173 projekto ar jo dalies \u012fsigijimo i\u0161 kitos bendrov\u0117s.<\/p>\n<p>&nbsp;<\/p>\n<ol start=\"6\">\n<li>Duomen\u0173 saugumas<\/li>\n<\/ol>\n<p>Imam\u0117s atitinkam\u0173 technini\u0173 ir organizacini\u0173 priemoni\u0173, kad apsaugotume j\u016bs\u0173 asmenin\u0119 informacij\u0105 nuo neteis\u0117tos prieigos, naudojimo ar atskleidimo. Ta\u010diau joks perdavimo internetu ar elektroninio saugojimo b\u016bdas n\u0117ra visi\u0161kai saugus, tod\u0117l negalime u\u017etikrinti visi\u0161ko saugumo.<\/p>\n<p>&nbsp;<\/p>\n<ol start=\"7\">\n<li>J\u016bs\u0173 teis\u0117s<\/li>\n<\/ol>\n<p>&nbsp;<\/p>\n<p>Pagal galiojan\u010dius duomen\u0173 apsaugos \u012fstatymus turite \u0161ias teises, susijusias su j\u016bs\u0173 asmenine informacija:<\/p>\n<p>-Prieiga: Turite teis\u0119 susipa\u017einti su m\u016bs\u0173 turima asmenine informacija apie jus.<\/p>\n<p>-Rektifikacija: Galite pra\u0161yti, kad i\u0161taisytume bet koki\u0105 netiksli\u0105 ar nei\u0161sami\u0105 asmenin\u0119 informacij\u0105.<\/p>\n<p>-I\u0161trynimas: turite teis\u0119 pra\u0161yti i\u0161trinti savo asmenin\u0119 informacij\u0105, i\u0161skyrus tam tikras i\u0161imtis.<\/p>\n<p>-Apribojimas: Tam tikromis aplinkyb\u0117mis galite pra\u0161yti apriboti j\u016bs\u0173 asmenin\u0117s informacijos tvarkym\u0105.<\/p>\n<p>-Prie\u0161taravimas: J\u016bs turite teis\u0119 nesutikti, kad j\u016bs\u0173 asmenin\u0117 informacija b\u016bt\u0173 tvarkoma, \u012fskaitant ir tiesiogin\u0117s rinkodaros tikslais.<\/p>\n<p>-Duomen\u0173 perkeliamumas: Galite papra\u0161yti savo asmenin\u0117s informacijos kopijos strukt\u016brizuotu, \u012fprastai naudojamu ir kompiuterio skaitomu formatu.<\/p>\n<p>Nor\u0117dami pasinaudoti \u0161iomis teis\u0117mis, susisiekite su mumis toliau nurodytais kontaktiniais duomenimis.<\/p>\n<p>&nbsp;<\/p>\n<ol start=\"8\">\n<li>Tarptautinis duomen\u0173 perdavimas<\/li>\n<\/ol>\n<p>J\u016bs\u0173 asmenin\u0117 informacija gali b\u016bti perduodama ir tvarkoma ne Europos ekonomin\u0117je erdv\u0117je (EEE) esan\u010diose \u0161alyse, kuriose gali b\u016bti u\u017etikrinama ne tokio paties lygio duomen\u0173 apsauga kaip j\u016bs\u0173 \u0161alyje. Mes imsim\u0117s tinkam\u0173 priemoni\u0173, kad u\u017etikrintume, jog j\u016bs\u0173 asmenin\u0117 informacija ir toliau b\u016bt\u0173 saugoma pagal \u0161i\u0105 politik\u0105.<\/p>\n<p>&nbsp;<\/p>\n<ol start=\"9\">\n<li>\u0160ios politikos pakeitimai<\/li>\n<\/ol>\n<p>Laikas nuo laiko galime atnaujinti \u0161i\u0105 privatumo ir duomen\u0173 apsaugos politik\u0105, kad ji atspind\u0117t\u0173 m\u016bs\u0173 praktikos poky\u010dius arba d\u0117l kit\u0173 veiklos, teisini\u0173 ar reguliavimo prie\u017eas\u010di\u0173. Raginame jus periodi\u0161kai per\u017ei\u016br\u0117ti \u0161i\u0105 politik\u0105, kad su\u017einotum\u0117te apie visus atnaujinimus. Paskutinio atnaujinimo data bus nurodyta politikos apa\u010dioje.<\/p>\n<p>&nbsp;<\/p>\n<ol start=\"10\">\n<li>Susisiekite su mumis<\/li>\n<\/ol>\n<p>&nbsp;<\/p>\n<p>Jei turite klausim\u0173 apie \u0161i\u0105 privatumo ir duomen\u0173 apsaugos politik\u0105 arba m\u016bs\u0173 duomen\u0173 tvarkymo praktik\u0105, kreipkit\u0117s \u012f SEAGLOW projekto vadov\u0105 adresu:<\/p>\n<p>&nbsp;<\/p>\n<p>NordDanmarks EU-kontor NOVI mokslo parkas<\/p>\n<p>Niels Jernes Vej 10 DK-9220 Aalborg \u00d8 Tlf: +45 6188 5300<\/p>\n<p>El. pa\u0161tas: <a href=\"mailto:info@ndeu.dk\">info@ndeu.dk<\/a><\/p>\n<p>&nbsp;<\/p>\n<p>\"NordDanmarks EU-Kontor\", Bruxelles Avenue Palmerston 18<\/p>\n<p>B-1000 Bruxelles Belgija<\/p>\n<p>El. pa\u0161tas: <a href=\"mailto:info@ndeu.dk\">info@ndeu.dk<\/a><\/p>\n<p>&nbsp;<\/p>\n<p style=\"text-align: right;\"><em>Paskutin\u012f kart\u0105 atnaujinta: 2024 m. liepos 17 d.<\/em><\/p>","protected":false},"excerpt":{"rendered":"<p>Privacy and Data Protection Policy \u00a0 Welcome to the Privacy and Data Protection Policy for the SEAGLOW website (the &#8220;Website&#8221;). This policy explains how we collect, use, disclose, and protect [&hellip;]<\/p>\n","protected":false},"author":1,"featured_media":0,"parent":0,"menu_order":0,"comment_status":"closed","ping_status":"closed","template":"","meta":{"footnotes":""},"class_list":["post-907","page","type-page","status-publish","hentry","has-post-title","has-post-date","has-post-category","has-post-tag","has-post-comment","has-post-author",""],"_links":{"self":[{"href":"https:\/\/seaglow.eu\/lt\/wp-json\/wp\/v2\/pages\/907","targetHints":{"allow":["GET"]}}],"collection":[{"href":"https:\/\/seaglow.eu\/lt\/wp-json\/wp\/v2\/pages"}],"about":[{"href":"https:\/\/seaglow.eu\/lt\/wp-json\/wp\/v2\/types\/page"}],"author":[{"embeddable":true,"href":"https:\/\/seaglow.eu\/lt\/wp-json\/wp\/v2\/users\/1"}],"replies":[{"embeddable":true,"href":"https:\/\/seaglow.eu\/lt\/wp-json\/wp\/v2\/comments?post=907"}],"version-history":[{"count":2,"href":"https:\/\/seaglow.eu\/lt\/wp-json\/wp\/v2\/pages\/907\/revisions"}],"predecessor-version":[{"id":909,"href":"https:\/\/seaglow.eu\/lt\/wp-json\/wp\/v2\/pages\/907\/revisions\/909"}],"wp:attachment":[{"href":"https:\/\/seaglow.eu\/lt\/wp-json\/wp\/v2\/media?parent=907"}],"curies":[{"name":"wp","href":"https:\/\/api.w.org\/{rel}","templated":true}]}}