{"id":902,"date":"2024-07-18T11:40:03","date_gmt":"2024-07-18T11:40:03","guid":{"rendered":"https:\/\/seaglow.eu\/?page_id=902"},"modified":"2024-07-18T11:45:24","modified_gmt":"2024-07-18T11:45:24","slug":"cookies-policy","status":"publish","type":"page","link":"https:\/\/seaglow.eu\/lt\/cookies-policy\/","title":{"rendered":"Slapuk\u0173 politika"},"content":{"rendered":"<h3 style=\"text-align: center;\">Slapuk\u0173 politika<\/h3>\n<p>&nbsp;<\/p>\n<ol>\n<li>\u012evadas<\/li>\n<\/ol>\n<p>Sveiki atvyk\u0119 \u012f SEAGLOW svetain\u0117s (toliau - Svetain\u0117) slapuk\u0173 politik\u0105. \u0160ioje politikoje paai\u0161kinama, kaip naudojame slapukus ir pana\u0161ias technologijas savo Svetain\u0117je. Naudodamiesi m\u016bs\u0173 Svetaine sutinkate, kad slapukai b\u016bt\u0173 naudojami taip, kaip apra\u0161yta \u0161ioje politikoje. Jei nesutinkate, kad mes naudotume slapukus, tur\u0117tum\u0117te atitinkamai pakoreguoti savo nar\u0161ykl\u0117s nustatymus arba nesinaudoti m\u016bs\u0173 Svetaine.<\/p>\n<p>&nbsp;<\/p>\n<p>&nbsp;<\/p>\n<ol start=\"2\">\n<li>Kas yra slapukai?<\/li>\n<\/ol>\n<p>Slapukai - tai ma\u017ei tekstiniai failai, kurie \u012fra\u0161omi \u012f j\u016bs\u0173 \u012frengin\u012f, kai lankot\u0117s svetain\u0117je. Jie pla\u010diai naudojami siekiant, kad svetain\u0117s veikt\u0173 efektyviau ir kad j\u0173 savininkai gaut\u0173 informacijos. Slapukai leid\u017eia svetain\u0117ms atpa\u017einti j\u016bs\u0173 \u012frengin\u012f ir i\u0161saugoti tam tikr\u0105 informacij\u0105 apie j\u016bs\u0173 pageidavimus ar ankstesnius veiksmus.<\/p>\n<p>&nbsp;<\/p>\n<p>&nbsp;<\/p>\n<ol start=\"3\">\n<li>M\u016bs\u0173 naudojam\u0173 slapuk\u0173 tipai<\/li>\n<\/ol>\n<p>Savo svetain\u0117je naudojame \u0161i\u0173 tip\u0173 slapukus:<\/p>\n<p>Grie\u017etai b\u016btini slapukai: \u0160ie slapukai yra b\u016btini, kad gal\u0117tum\u0117te nar\u0161yti Svetain\u0117je ir naudotis jos funkcijomis, pvz., prieiga prie saugi\u0173 sri\u010di\u0173. Be \u0161i\u0173 slapuk\u0173 j\u016bs\u0173 pra\u0161omos paslaugos negali b\u016bti teikiamos.<\/p>\n<p>&nbsp;<\/p>\n<p>Veikimo slapukai: \u0160ie slapukai renka informacij\u0105 apie tai, kaip lankytojai naudojasi m\u016bs\u0173 Svetaine, pvz., kokius puslapius lanko da\u017eniausiai. \u0160i informacija naudojama m\u016bs\u0173 Svetainei ir naudotoj\u0173 patir\u010diai gerinti.<\/p>\n<p>Funkciniai slapukai: \u0160ie slapukai leid\u017eia Svetainei \u012fsiminti j\u016bs\u0173 pasirinkimus (pvz., vartotojo vard\u0105, kalb\u0105 ar region\u0105) ir teikti patobulintas, labiau suasmenintas funkcijas.<\/p>\n<p>Tiksliniai \/ reklaminiai slapukai: \u0160ie slapukai naudojami siekiant pateikti jums ir j\u016bs\u0173 interesams tinkamesn\u012f turin\u012f. Jie taip pat gali b\u016bti naudojami siekiant apriboti reklamos rodymo kart\u0173 skai\u010di\u0173 ir \u012fvertinti reklamos kampanij\u0173 veiksmingum\u0105.<\/p>\n<p>&nbsp;<\/p>\n<p>&nbsp;<\/p>\n<ol start=\"4\">\n<li>Kaip naudojame slapukus<\/li>\n<\/ol>\n<p>Slapukus naudojame \u0161iais tikslais:<\/p>\n<p>-Siekiant u\u017etikrinti tinkam\u0105 Svetain\u0117s veikim\u0105.<\/p>\n<p>-Analizuoti ir gerinti m\u016bs\u0173 Svetain\u0117s veikim\u0105.<\/p>\n<p>-Siekdami suasmeninti j\u016bs\u0173 patirt\u012f m\u016bs\u0173 Svetain\u0117je.<\/p>\n<p>-Tikslinei reklamai teikti, atsi\u017evelgiant \u012f j\u016bs\u0173 nar\u0161ymo veikl\u0105.<\/p>\n<p>&nbsp;<\/p>\n<p>&nbsp;<\/p>\n<ol start=\"5\">\n<li>Tre\u010di\u0173j\u0173 \u0161ali\u0173 slapukai<\/li>\n<\/ol>\n<p>M\u016bs\u0173 Svetain\u0117je taip pat gali b\u016bti naudojami tre\u010di\u0173j\u0173 \u0161ali\u0173 paslaug\u0173 teik\u0117j\u0173, pavyzd\u017eiui, \"Google Analytics\", slapukai, padedantys analizuoti, kaip naudotojai s\u0105veikauja su Svetaine. \u0160ie slapukai gali anonimi\u0161kai rinkti informacij\u0105 ir prane\u0161ti apie svetain\u0117s tendencijas neidentifikuojant atskir\u0173 lankytoj\u0173. Daugiau informacijos apie tai, kaip \u0161ios tre\u010diosios \u0161alys naudoja slapukus, rasite atitinkamose j\u0173 privatumo politikose.<\/p>\n<p>&nbsp;<\/p>\n<p>&nbsp;<\/p>\n<ol start=\"6\">\n<li>Slapuk\u0173 valdymas<\/li>\n<\/ol>\n<p>Slapukus galite valdyti ir tvarkyti \u012fvairiais b\u016bdais. Atkreipkite d\u0117mes\u012f, kad slapuk\u0173 pa\u0161alinimas arba blokavimas gali tur\u0117ti \u012ftakos j\u016bs\u0173 naudojimosi patir\u010diai ir kai kurios Svetain\u0117s dalys gali tinkamai neveikti. Slapuk\u0173 nuostatas galite valdyti naudodami nar\u0161ykl\u0117s nustatymus. Daugiau informacijos apie slapuk\u0173 valdym\u0105 rasite savo nar\u0161ykl\u0117s pagalbos puslapiuose.<\/p>\n<p>&nbsp;<\/p>\n<ol start=\"7\">\n<li>\u0160ios politikos atnaujinimai<\/li>\n<\/ol>\n<p>Laikas nuo laiko galime atnaujinti \u0161i\u0105 slapuk\u0173 politik\u0105, kad ji atspind\u0117t\u0173 m\u016bs\u0173 praktikos poky\u010dius arba d\u0117l kit\u0173 veiklos, teisini\u0173 ar reguliavimo prie\u017eas\u010di\u0173. Raginame jus periodi\u0161kai per\u017ei\u016br\u0117ti \u0161i\u0105 politik\u0105, kad su\u017einotum\u0117te apie visus atnaujinimus. Paskutinio atnaujinimo data bus nurodyta politikos vir\u0161uje.<\/p>\n<p>&nbsp;<\/p>\n<p>&nbsp;<\/p>\n<ol start=\"8\">\n<li>Susisiekite su mumis<\/li>\n<\/ol>\n<p>Jei turite klausim\u0173 apie slapuk\u0173 naudojim\u0105 arba \u0161i\u0105 slapuk\u0173 politik\u0105, kreipkit\u0117s \u012f projekto vadov\u0105 SEAGLOW adresu:<\/p>\n<p>&nbsp;<\/p>\n<p>&nbsp;<\/p>\n<p>NordDanmarks EU-kontor NOVI mokslo parkas<\/p>\n<p>Niels Jernes Vej 10 DK-9220 Aalborg \u00d8 Tlf: +45 6188 5300<\/p>\n<p>El. pa\u0161tas: <a href=\"mailto:info@ndeu.dk\">info@ndeu.dk<\/a><\/p>\n<p>&nbsp;<\/p>\n<p>&nbsp;<\/p>\n<p>\"NordDanmarks EU-Kontor\", Bruxelles Avenue Palmerston 18<\/p>\n<p>B-1000 Bruxelles Belgija<\/p>\n<p>El. pa\u0161tas: <a href=\"mailto:info@ndeu.dk\">info@ndeu.dk<\/a><\/p>","protected":false},"excerpt":{"rendered":"<p>Cookies Policy &nbsp; Introduction Welcome to the cookies policy for the SEAGLOW website (the &#8220;Website&#8221;). This policy explains how we use cookies and similar technologies on our Website. By using [&hellip;]<\/p>\n","protected":false},"author":1,"featured_media":0,"parent":0,"menu_order":0,"comment_status":"open","ping_status":"closed","template":"","meta":{"footnotes":""},"class_list":["post-902","page","type-page","status-publish","hentry","has-post-title","has-post-date","has-post-category","has-post-tag","has-post-comment","has-post-author",""],"_links":{"self":[{"href":"https:\/\/seaglow.eu\/lt\/wp-json\/wp\/v2\/pages\/902","targetHints":{"allow":["GET"]}}],"collection":[{"href":"https:\/\/seaglow.eu\/lt\/wp-json\/wp\/v2\/pages"}],"about":[{"href":"https:\/\/seaglow.eu\/lt\/wp-json\/wp\/v2\/types\/page"}],"author":[{"embeddable":true,"href":"https:\/\/seaglow.eu\/lt\/wp-json\/wp\/v2\/users\/1"}],"replies":[{"embeddable":true,"href":"https:\/\/seaglow.eu\/lt\/wp-json\/wp\/v2\/comments?post=902"}],"version-history":[{"count":4,"href":"https:\/\/seaglow.eu\/lt\/wp-json\/wp\/v2\/pages\/902\/revisions"}],"predecessor-version":[{"id":906,"href":"https:\/\/seaglow.eu\/lt\/wp-json\/wp\/v2\/pages\/902\/revisions\/906"}],"wp:attachment":[{"href":"https:\/\/seaglow.eu\/lt\/wp-json\/wp\/v2\/media?parent=902"}],"curies":[{"name":"wp","href":"https:\/\/api.w.org\/{rel}","templated":true}]}}