{"id":907,"date":"2024-07-18T11:47:07","date_gmt":"2024-07-18T11:47:07","guid":{"rendered":"https:\/\/seaglow.eu\/?page_id=907"},"modified":"2024-07-18T11:47:39","modified_gmt":"2024-07-18T11:47:39","slug":"privacy-and-data-protection-policy","status":"publish","type":"page","link":"https:\/\/seaglow.eu\/fr\/privacy-and-data-protection-policy\/","title":{"rendered":"Politique de confidentialit\u00e9 et de protection des donn\u00e9es"},"content":{"rendered":"<h3 style=\"text-align: center;\">Politique de confidentialit\u00e9 et de protection des donn\u00e9es<\/h3>\n<p><strong>\u00a0<\/strong><\/p>\n<p>Bienvenue dans la politique de confidentialit\u00e9 et de protection des donn\u00e9es du site web de SEAGLOW (le \"site web\"). Cette politique explique comment nous collectons, utilisons, divulguons et prot\u00e9geons vos informations personnelles lorsque vous visitez notre site web. En utilisant notre site web, vous acceptez les pratiques d\u00e9crites dans cette politique.<\/p>\n<p>&nbsp;<\/p>\n<ol start=\"2\">\n<li>Informations collect\u00e9es<\/li>\n<\/ol>\n<p>Informations personnelles : Nous pouvons recueillir des informations personnelles que vous nous fournissez volontairement lorsque vous interagissez avec le site web, telles que votre nom, votre adresse \u00e9lectronique, votre num\u00e9ro de t\u00e9l\u00e9phone et toute autre information que vous choisissez de fournir.<\/p>\n<p>Informations collect\u00e9es automatiquement : Nous pouvons \u00e9galement collecter automatiquement certaines informations sur votre appareil et votre utilisation du site web \u00e0 l'aide de cookies et de technologies similaires. Il peut s'agir de votre adresse IP, du type de navigateur, du syst\u00e8me d'exploitation, des URL de r\u00e9f\u00e9rence et des pages consult\u00e9es.<\/p>\n<p>&nbsp;<\/p>\n<ol start=\"3\">\n<li>Utilisation des informations<\/li>\n<\/ol>\n<p>Nous utilisons les informations que nous recueillons aux fins suivantes :<\/p>\n<p>- Fournir et maintenir le site web.<\/p>\n<p>-Am\u00e9liorer et personnaliser votre exp\u00e9rience sur le site Web.<\/p>\n<p>-Pour communiquer avec vous, notamment en r\u00e9pondant \u00e0 vos demandes et en vous fournissant des informations actualis\u00e9es sur le projet.<\/p>\n<p>&nbsp;<\/p>\n<p>-pour analyser et contr\u00f4ler l'utilisation du site web et \u00e0 d'autres fins internes.<\/p>\n<p>-Pour se conformer \u00e0 des obligations l\u00e9gales.<\/p>\n<p>&nbsp;<\/p>\n<ol start=\"4\">\n<li>Base juridique du traitement<\/li>\n<\/ol>\n<p>Nous traitons vos informations personnelles sur la base d'un ou de plusieurs des motifs juridiques suivants :<\/p>\n<p>-Votre consentement, que vous pouvez retirer \u00e0 tout moment.<\/p>\n<p>-La n\u00e9cessit\u00e9 du traitement pour l'ex\u00e9cution d'un contrat avec vous.<\/p>\n<p>-le respect de nos obligations l\u00e9gales.<\/p>\n<p>Nos int\u00e9r\u00eats l\u00e9gitimes, tels que l'am\u00e9lioration de nos services et de nos activit\u00e9s de marketing, dans la mesure o\u00f9 vos droits et int\u00e9r\u00eats ne pr\u00e9valent pas sur ces int\u00e9r\u00eats.<\/p>\n<p>&nbsp;<\/p>\n<ol start=\"5\">\n<li>Partage d'informations<\/li>\n<\/ol>\n<p>Nous pouvons partager vos informations personnelles avec des tiers dans les circonstances suivantes :<\/p>\n<p>avec les prestataires de services et les sous-traitants qui nous aident \u00e0 exploiter le site web et \u00e0 fournir des services.<\/p>\n<p>-Avec nos affili\u00e9s et partenaires impliqu\u00e9s dans le projet financ\u00e9 par l'UE.<\/p>\n<p>-en r\u00e9ponse \u00e0 des demandes l\u00e9gitimes des autorit\u00e9s publiques, y compris pour r\u00e9pondre \u00e0 des exigences de s\u00e9curit\u00e9 nationale ou d'application de la loi.<\/p>\n<p>Dans le cadre d'une fusion, d'une vente d'actifs de l'entreprise, d'un financement ou d'une acquisition de tout ou partie de notre projet par une autre entreprise.<\/p>\n<p>&nbsp;<\/p>\n<ol start=\"6\">\n<li>S\u00e9curit\u00e9 des donn\u00e9es<\/li>\n<\/ol>\n<p>Nous prenons des mesures techniques et organisationnelles appropri\u00e9es pour prot\u00e9ger vos informations personnelles contre tout acc\u00e8s, utilisation ou divulgation non autoris\u00e9s. Toutefois, aucune m\u00e9thode de transmission sur l'internet ou de stockage \u00e9lectronique n'est totalement s\u00fbre et nous ne pouvons pas garantir une s\u00e9curit\u00e9 absolue.<\/p>\n<p>&nbsp;<\/p>\n<ol start=\"7\">\n<li>Vos droits<\/li>\n<\/ol>\n<p>&nbsp;<\/p>\n<p>Vous disposez des droits suivants concernant vos informations personnelles en vertu des lois applicables en mati\u00e8re de protection des donn\u00e9es :<\/p>\n<p>-Acc\u00e8s : Vous avez le droit d'acc\u00e9der aux informations personnelles que nous d\u00e9tenons \u00e0 votre sujet.<\/p>\n<p>-Rectification : Vous pouvez nous demander de corriger toute information personnelle inexacte ou incompl\u00e8te.<\/p>\n<p>-Effacement : vous avez le droit de demander l'effacement de vos donn\u00e9es personnelles, sous r\u00e9serve de certaines exceptions.<\/p>\n<p>-Restriction : Vous pouvez nous demander de restreindre le traitement de vos donn\u00e9es personnelles dans certaines circonstances.<\/p>\n<p>-Opposition : Vous avez le droit de vous opposer au traitement de vos donn\u00e9es personnelles, y compris \u00e0 des fins de marketing direct.<\/p>\n<p>-Portabilit\u00e9 des donn\u00e9es : Vous pouvez demander une copie de vos donn\u00e9es personnelles dans un format structur\u00e9, couramment utilis\u00e9 et lisible par machine.<\/p>\n<p>Pour exercer ces droits, veuillez nous contacter en utilisant les coordonn\u00e9es indiqu\u00e9es ci-dessous.<\/p>\n<p>&nbsp;<\/p>\n<ol start=\"8\">\n<li>Transferts internationaux de donn\u00e9es<\/li>\n<\/ol>\n<p>Vos informations personnelles peuvent \u00eatre transf\u00e9r\u00e9es et trait\u00e9es dans des pays situ\u00e9s en dehors de l'Espace \u00e9conomique europ\u00e9en (EEE) qui peuvent ne pas offrir le m\u00eame niveau de protection des donn\u00e9es que votre pays d'origine. Nous prendrons les mesures appropri\u00e9es pour garantir que vos informations personnelles restent prot\u00e9g\u00e9es conform\u00e9ment \u00e0 la pr\u00e9sente politique.<\/p>\n<p>&nbsp;<\/p>\n<ol start=\"9\">\n<li>Modifications de la pr\u00e9sente politique<\/li>\n<\/ol>\n<p>Nous pouvons mettre \u00e0 jour la pr\u00e9sente politique de confidentialit\u00e9 et de protection des donn\u00e9es de temps \u00e0 autre pour refl\u00e9ter des changements dans nos pratiques ou pour d'autres raisons op\u00e9rationnelles, juridiques ou r\u00e9glementaires. Nous vous encourageons \u00e0 consulter r\u00e9guli\u00e8rement cette politique pour prendre connaissance des \u00e9ventuelles mises \u00e0 jour. La date de la derni\u00e8re mise \u00e0 jour sera indiqu\u00e9e au bas de la politique.<\/p>\n<p>&nbsp;<\/p>\n<ol start=\"10\">\n<li>Nous contacter<\/li>\n<\/ol>\n<p>&nbsp;<\/p>\n<p>Si vous avez des questions sur la pr\u00e9sente politique de confidentialit\u00e9 et de protection des donn\u00e9es ou sur nos pratiques en mati\u00e8re de donn\u00e9es, veuillez contacter le chef de projet de SEAGLOW \u00e0 l'adresse suivante :<\/p>\n<p>&nbsp;<\/p>\n<p>NordDanmarks EU-kontor NOVI Science Park<\/p>\n<p>Niels Jernes Vej 10 DK-9220 Aalborg \u00d8 Tlf : +45 6188 5300<\/p>\n<p>E-mail : <a href=\"mailto:info@ndeu.dk\">info@ndeu.dk<\/a><\/p>\n<p>&nbsp;<\/p>\n<p>NordDanmarks EU-Kontor, Bruxelles Avenue Palmerston 18<\/p>\n<p>B-1000 Bruxelles Belgique<\/p>\n<p>E-mail : <a href=\"mailto:info@ndeu.dk\">info@ndeu.dk<\/a><\/p>\n<p>&nbsp;<\/p>\n<p style=\"text-align: right;\"><em>Derni\u00e8re mise \u00e0 jour : 17 juillet 2024<\/em><\/p>","protected":false},"excerpt":{"rendered":"<p>Privacy and Data Protection Policy \u00a0 Welcome to the Privacy and Data Protection Policy for the SEAGLOW website (the &#8220;Website&#8221;). This policy explains how we collect, use, disclose, and protect [&hellip;]<\/p>\n","protected":false},"author":1,"featured_media":0,"parent":0,"menu_order":0,"comment_status":"closed","ping_status":"closed","template":"","meta":{"footnotes":""},"class_list":["post-907","page","type-page","status-publish","hentry","has-post-title","has-post-date","has-post-category","has-post-tag","has-post-comment","has-post-author",""],"_links":{"self":[{"href":"https:\/\/seaglow.eu\/fr\/wp-json\/wp\/v2\/pages\/907","targetHints":{"allow":["GET"]}}],"collection":[{"href":"https:\/\/seaglow.eu\/fr\/wp-json\/wp\/v2\/pages"}],"about":[{"href":"https:\/\/seaglow.eu\/fr\/wp-json\/wp\/v2\/types\/page"}],"author":[{"embeddable":true,"href":"https:\/\/seaglow.eu\/fr\/wp-json\/wp\/v2\/users\/1"}],"replies":[{"embeddable":true,"href":"https:\/\/seaglow.eu\/fr\/wp-json\/wp\/v2\/comments?post=907"}],"version-history":[{"count":2,"href":"https:\/\/seaglow.eu\/fr\/wp-json\/wp\/v2\/pages\/907\/revisions"}],"predecessor-version":[{"id":909,"href":"https:\/\/seaglow.eu\/fr\/wp-json\/wp\/v2\/pages\/907\/revisions\/909"}],"wp:attachment":[{"href":"https:\/\/seaglow.eu\/fr\/wp-json\/wp\/v2\/media?parent=907"}],"curies":[{"name":"wp","href":"https:\/\/api.w.org\/{rel}","templated":true}]}}