{"id":70,"date":"2020-11-17T16:00:54","date_gmt":"2020-11-17T16:00:54","guid":{"rendered":"https:\/\/seaglow.eu\/?page_id=20"},"modified":"2024-10-15T11:05:14","modified_gmt":"2024-10-15T11:05:14","slug":"about-us-old","status":"publish","type":"page","link":"https:\/\/seaglow.eu\/fr\/about-us-old\/","title":{"rendered":"About us &#8211; old"},"content":{"rendered":"<h6>\u25cfSEAGLOW<\/h6>\n<h1>\u00c0 PROPOS DE NOUS<\/h1>\n<p>&lt;h5<\/p>\n<p><img loading=\"lazy\" decoding=\"async\" src=\"https:\/\/seaglow.eu\/wp-content\/uploads\/2024\/07\/sd1.jpg\" sizes=\"auto, (max-width:767px) 480px, 506px\" srcset=\"https:\/\/seaglow.eu\/wp-content\/uploads\/2024\/07\/sd1.jpg 506w, https:\/\/seaglow.eu\/wp-content\/uploads\/2024\/07\/sd1-375x500.jpg 375w, https:\/\/seaglow.eu\/wp-content\/uploads\/2024\/07\/sd1-225x300.jpg 225w, https:\/\/seaglow.eu\/wp-content\/uploads\/2024\/07\/sd1-56x75.jpg 56w, https:\/\/seaglow.eu\/wp-content\/uploads\/2024\/07\/sd1-480x639.jpg 480w\" alt=\"\" width=\"506\" height=\"674\" \/><\/p>\n<h2>Seaglow est un consortium de 16 partenaires europ\u00e9ens.<\/h2>\n<p>Seaglow est un consortium de 16 partenaires de l'Union europ\u00e9enne, de Norv\u00e8ge et de Tha\u00eflande. L'initiative, financ\u00e9e par l'UE et dirig\u00e9e par le North Denmark EU-Office, vise \u00e0 d\u00e9montrer qu'en utilisant la bonne combinaison de technologies, les p\u00eacheries \u00e0 petite \u00e9chelle peuvent r\u00e9duire leur d\u00e9pendance aux combustibles fossiles et contribuer positivement \u00e0 la restauration des \u00e9cosyst\u00e8mes marins et \u00e0 l'am\u00e9lioration du bien-\u00eatre des communaut\u00e9s de p\u00eacheurs.<\/p>\n<p>Le consortium SEAGLOW con\u00e7oit, construit et exploite cinq pilotes technologiques, y compris le remplacement des moteurs diesel conventionnels et l'utilisation de technologies de rev\u00eatement E et de capteurs, sur quatre navires au Danemark, en Estonie, en Norv\u00e8ge et en Su\u00e8de.<\/p>\n<h2>La mise en \u0153uvre de Seaglow est pr\u00e9vue pour une dur\u00e9e d'au moins 48 mois, \u00e0 compter d'avril 2024.<\/h2>\n<p>L'ambition du consortium SEAGLOW est de d\u00e9montrer clairement et sans \u00e9quivoque que l'utilisation d'une combinaison de technologies appropri\u00e9es change la donne, en permettant une r\u00e9duction rentable de la consommation de carburant, en b\u00e9n\u00e9ficiant \u00e0 la communaut\u00e9 des p\u00eacheurs et \u00e0 l'environnement, et en acc\u00e9l\u00e9rant les possibilit\u00e9s de changement positif.<\/p>\n<p><a href=\"https:\/\/seaglow.eu\/fr\/vehicles\/\"><br \/>\nCe que nous faisons<br \/>\n<\/a><br \/>\n<img loading=\"lazy\" decoding=\"async\" src=\"https:\/\/seaglow.eu\/wp-content\/uploads\/2024\/07\/erd1.jpg\" sizes=\"auto, (max-width:767px) 480px, 611px\" srcset=\"https:\/\/seaglow.eu\/wp-content\/uploads\/2024\/07\/erd1.jpg 611w, https:\/\/seaglow.eu\/wp-content\/uploads\/2024\/07\/erd1-500x348.jpg 500w, https:\/\/seaglow.eu\/wp-content\/uploads\/2024\/07\/erd1-300x209.jpg 300w, https:\/\/seaglow.eu\/wp-content\/uploads\/2024\/07\/erd1-108x75.jpg 108w, https:\/\/seaglow.eu\/wp-content\/uploads\/2024\/07\/erd1-480x334.jpg 480w\" alt=\"\" width=\"611\" height=\"425\" \/><br \/>\n<img loading=\"lazy\" decoding=\"async\" src=\"https:\/\/seaglow.eu\/wp-content\/uploads\/2024\/09\/Seaglow-Partner-Logos_updated-1200x341.jpg\" sizes=\"auto, (max-width:767px) 480px, (max-width:1200px) 100vw, 1200px\" srcset=\"https:\/\/seaglow.eu\/wp-content\/uploads\/2024\/09\/Seaglow-Partner-Logos_updated-1200x341.jpg 1200w, https:\/\/seaglow.eu\/wp-content\/uploads\/2024\/09\/Seaglow-Partner-Logos_updated-500x142.jpg 500w, https:\/\/seaglow.eu\/wp-content\/uploads\/2024\/09\/Seaglow-Partner-Logos_updated-300x85.jpg 300w, https:\/\/seaglow.eu\/wp-content\/uploads\/2024\/09\/Seaglow-Partner-Logos_updated-768x218.jpg 768w, https:\/\/seaglow.eu\/wp-content\/uploads\/2024\/09\/Seaglow-Partner-Logos_updated-1536x436.jpg 1536w, https:\/\/seaglow.eu\/wp-content\/uploads\/2024\/09\/Seaglow-Partner-Logos_updated-2048x581.jpg 2048w, https:\/\/seaglow.eu\/wp-content\/uploads\/2024\/09\/Seaglow-Partner-Logos_updated-150x43.jpg 150w, https:\/\/seaglow.eu\/wp-content\/uploads\/2024\/09\/Seaglow-Partner-Logos_updated-480x136.jpg 480w\" alt=\"\" width=\"1200\" height=\"341\" \/><\/p>\n<h2>Pour plus d'informations, n'h\u00e9sitez pas \u00e0 nous contacter<\/h2>\n<p><a href=\"https:\/\/seaglow.eu\/fr\/contact\/\"><br \/>\nENVOYEZ-NOUS UN MESSAGE<br \/>\n<\/a><\/p>","protected":false},"excerpt":{"rendered":"<p>\u25cfSEAGLOW ABOUT US &lt;h5 Seaglow is a consortium of 16 Europeans Partners Seaglow is a consortium of 16 partners from across the European Union, Norway and Thailand. The initiative, funded [&hellip;]<\/p>\n","protected":false},"author":1,"featured_media":0,"parent":0,"menu_order":0,"comment_status":"open","ping_status":"closed","template":"","meta":{"footnotes":""},"class_list":["post-70","page","type-page","status-publish","hentry","has-post-title","has-post-date","has-post-category","has-post-tag","has-post-comment","has-post-author",""],"_links":{"self":[{"href":"https:\/\/seaglow.eu\/fr\/wp-json\/wp\/v2\/pages\/70","targetHints":{"allow":["GET"]}}],"collection":[{"href":"https:\/\/seaglow.eu\/fr\/wp-json\/wp\/v2\/pages"}],"about":[{"href":"https:\/\/seaglow.eu\/fr\/wp-json\/wp\/v2\/types\/page"}],"author":[{"embeddable":true,"href":"https:\/\/seaglow.eu\/fr\/wp-json\/wp\/v2\/users\/1"}],"replies":[{"embeddable":true,"href":"https:\/\/seaglow.eu\/fr\/wp-json\/wp\/v2\/comments?post=70"}],"version-history":[{"count":42,"href":"https:\/\/seaglow.eu\/fr\/wp-json\/wp\/v2\/pages\/70\/revisions"}],"predecessor-version":[{"id":1049,"href":"https:\/\/seaglow.eu\/fr\/wp-json\/wp\/v2\/pages\/70\/revisions\/1049"}],"wp:attachment":[{"href":"https:\/\/seaglow.eu\/fr\/wp-json\/wp\/v2\/media?parent=70"}],"curies":[{"name":"wp","href":"https:\/\/api.w.org\/{rel}","templated":true}]}}