{"id":1505,"date":"2025-04-22T14:27:55","date_gmt":"2025-04-22T14:27:55","guid":{"rendered":"https:\/\/seaglow.eu\/?page_id=1505"},"modified":"2025-12-12T09:07:38","modified_gmt":"2025-12-12T09:07:38","slug":"mission-allies","status":"publish","type":"page","link":"https:\/\/seaglow.eu\/fr\/mission-allies\/","title":{"rendered":"Alli\u00e9s de la mission"},"content":{"rendered":"<!--themify_builder_content-->\n<div id=\"themify_builder_content-1505\" data-postid=\"1505\" class=\"themify_builder_content themify_builder_content-1505 themify_builder tf_clear\">\n                    <div  data-lazy=\"1\" class=\"module_row themify_builder_row tb_s7ax954 tb_first tf_w\">\n                        <div class=\"row_inner col_align_top tb_col_count_1 tf_box tf_rel\">\n                        <div  data-lazy=\"1\" class=\"module_column tb-column col-full tb_9duv954 first\">\n        <span class=\"builder_row_cover tf_abs\"><\/span>            <!-- module text -->\n<div  class=\"module module-text tb_klgg954\" data-lazy=\"1\">\n        <div  class=\"tb_text_wrap\">\n        <h3>Projets et initiatives ax\u00e9s sur la mission<\/h3>\n<p>Seaglow fait partie d'un r\u00e9seau plus large de recherche et d'innovation.<\/p>    <\/div>\n<\/div>\n<!-- \/module text -->        <\/div>\n                        <\/div>\n        <\/div>\n                        <div  data-lazy=\"1\" class=\"module_row themify_builder_row tb_hffq389 tf_w\">\n                        <div class=\"row_inner col_align_top tb_col_count_2 tf_box tf_rel\">\n                        <div  data-lazy=\"1\" class=\"module_column tb-column col4-2 tb_vhx2389 first\">\n                    <!-- module text -->\n<div  class=\"module module-text tb_dh92389\" data-lazy=\"1\">\n        <div  class=\"tb_text_wrap\">\n        <h4 style=\"text-align: center;\"><strong><a href=\"https:\/\/www.refest-project.eu\/\">Rencontrez notre projet jumeau Refest<\/a><\/strong><\/h4>    <\/div>\n<\/div>\n<!-- \/module text --><!-- module image -->\n<div  class=\"module module-image tb_5idu583 image-center   tf_mw\" data-lazy=\"1\">\n        <div class=\"image-wrap tf_rel tf_mw\">\n            <img loading=\"lazy\" decoding=\"async\" src=\"https:\/\/seaglow.eu\/wp-content\/uploads\/2025\/09\/EN-Funded-by-the-EU-POS-1200x252-257x52.jpg\" width=\"257\" height=\"52\" class=\"wp-post-image wp-image-1632\" title=\"FR-Financ\u00e9 par l&#039;UE-POS\" alt=\"EN-Funded by the EU-POS\" srcset=\"https:\/\/seaglow.eu\/wp-content\/uploads\/2025\/09\/EN-Funded-by-the-EU-POS-1200x252-257x52.jpg 257w, https:\/\/seaglow.eu\/wp-content\/uploads\/2025\/09\/EN-Funded-by-the-EU-POS-18x4.jpg 18w, https:\/\/seaglow.eu\/wp-content\/uploads\/2025\/09\/EN-Funded-by-the-EU-POS-1200x252-323x66.jpg 323w, https:\/\/seaglow.eu\/wp-content\/uploads\/2025\/09\/EN-Funded-by-the-EU-POS-1200x252-258x52.jpg 258w\" sizes=\"auto, (max-width: 257px) 100vw, 257px\" \/>    \n        <\/div>\n    <!-- \/image-wrap -->\n    \n        <\/div>\n<!-- \/module image -->        <\/div>\n                    <div  data-lazy=\"1\" class=\"module_column tb-column col4-2 tb_zgd9389 last\">\n                            <div  data-lazy=\"1\" class=\"module_subrow themify_builder_sub_row tf_w col_align_top tb_col_count_1 tb_6qih389\">\n                <div  data-lazy=\"1\" class=\"module_column sub_column col-full tb_cwpk389 first\">\n                    <!-- module image -->\n<div  class=\"module module-image tb_beby389 image-center   tf_mw\" data-lazy=\"1\">\n        <div class=\"image-wrap tf_rel tf_mw\">\n            <a href=\"https:\/\/www.refest-project.eu\/\">\n                   <img loading=\"lazy\" decoding=\"async\" src=\"http:\/\/seaglow.eu\/wp-content\/uploads\/2025\/04\/Refest.png\" width=\"179\" height=\"160\" alt=\"REFEST is a 3-year EU project with 14 partners from 10 countries, aiming to reduce fuel consumption and greenhouse gas emissions by up to 40% in small fishing vessels. The project develops scalable, easy-to-install retrofitting solutions such as battery propulsion, solar power, improved hull design, and digital monitoring systems. All technologies are designed to be sustainable, cost-effective, and ready for wide adoption, with full consideration of environmental impacts and end-user needs.\">        <\/a>\n    \n        <\/div>\n    <!-- \/image-wrap -->\n    \n        <div class=\"image-content\">\n                        <div class=\"image-caption tb_text_wrap\">\n            REFEST est un projet europ\u00e9en de trois ans auquel participent 14 partenaires de 10 pays et qui vise \u00e0 r\u00e9duire la consommation de carburant et les \u00e9missions de gaz \u00e0 effet de serre de 40% sur les petits navires de p\u00eache. Le projet d\u00e9veloppe des solutions \u00e9volutives et faciles \u00e0 installer, telles que la propulsion par batterie, l'\u00e9nergie solaire, l'am\u00e9lioration de la conception de la coque et les syst\u00e8mes de surveillance num\u00e9riques. Toutes les technologies sont con\u00e7ues pour \u00eatre durables, rentables et pr\u00eates \u00e0 \u00eatre adopt\u00e9es \u00e0 grande \u00e9chelle, en tenant pleinement compte des incidences sur l'environnement et des besoins des utilisateurs finaux.        <\/div>\n        <!-- \/image-caption -->\n            <\/div>\n    <!-- \/image-content -->\n        <\/div>\n<!-- \/module image -->        <\/div>\n                    <\/div>\n                <\/div>\n                        <\/div>\n        <\/div>\n                        <div  data-lazy=\"1\" class=\"module_row themify_builder_row tb_ebvc105 tf_w\">\n                        <div class=\"row_inner col_align_top tb_col_count_2 tf_box tf_rel\">\n                        <div  data-lazy=\"1\" class=\"module_column tb-column col4-2 tb_7y13105 first\">\n                    <!-- module text -->\n<div  class=\"module module-text tb_oizv105\" data-lazy=\"1\">\n        <div  class=\"tb_text_wrap\">\n        <h4 style=\"text-align: center;\"><strong><a href=\"https:\/\/www.h2-seas.eu\/\">D\u00e9couvrez notre projet jumeau H2Seas<\/a><\/strong><\/h4>    <\/div>\n<\/div>\n<!-- \/module text --><!-- module image -->\n<div  class=\"module module-image tb_q8ug279 image-center   tf_mw\" data-lazy=\"1\">\n        <div class=\"image-wrap tf_rel tf_mw\">\n            <img loading=\"lazy\" decoding=\"async\" src=\"http:\/\/seaglow.eu\/wp-content\/uploads\/2025\/09\/EN-Funded-by-the-EU-POS-scaled.jpg\" width=\"258\" height=\"52\" title=\"Alli\u00e9s de la mission\" alt=\"Mission Allies\">    \n        <\/div>\n    <!-- \/image-wrap -->\n    \n        <\/div>\n<!-- \/module image -->        <\/div>\n                    <div  data-lazy=\"1\" class=\"module_column tb-column col4-2 tb_xc12105 last\">\n                            <div  data-lazy=\"1\" class=\"module_subrow themify_builder_sub_row tf_w col_align_top tb_col_count_1 tb_9ofd105\">\n                <div  data-lazy=\"1\" class=\"module_column sub_column col-full tb_b3ip105 first\">\n                    <!-- module image -->\n<div  class=\"module module-image tb_km9e105 image-center   tf_mw\" data-lazy=\"1\">\n        <div class=\"image-wrap tf_rel tf_mw\">\n            <a href=\"https:\/\/www.h2-seas.eu\/\">\n                   <img loading=\"lazy\" decoding=\"async\" src=\"http:\/\/seaglow.eu\/wp-content\/uploads\/2025\/08\/Logo_H2Seas1-scaled.jpg\" width=\"179\" height=\"160\" alt=\"H2-SEAS initiative is an Innovation Action targeting the overarching objectives of the topic HORIZON-MISS-2023-OCEAN-01-05. The initiative proposes a novel, fully integrated hydrogen-electric fishing vessel to accelerate a sustainable and accessible transition to clean and efficient power for small-scale fishing fleets. Based on hydrogen fuel cell technology, the prototype will demonstrate increased energy efficiency and an environmentally friendly solution for the marine environment: zero emissions and low sound pollution.\">        <\/a>\n    \n        <\/div>\n    <!-- \/image-wrap -->\n    \n        <div class=\"image-content\">\n                        <div class=\"image-caption tb_text_wrap\">\n            L'initiative H2-SEAS est une action d'innovation visant les objectifs g\u00e9n\u00e9raux du th\u00e8me HORIZON-MISS-2023-OCEAN-01-05. L'initiative propose un nouveau navire de p\u00eache hydrog\u00e8ne-\u00e9lectrique enti\u00e8rement int\u00e9gr\u00e9 afin d'acc\u00e9l\u00e9rer une transition durable et accessible vers une \u00e9nergie propre et efficace pour les flottes de p\u00eache \u00e0 petite \u00e9chelle. Bas\u00e9 sur la technologie des piles \u00e0 hydrog\u00e8ne, le prototype d\u00e9montrera une efficacit\u00e9 \u00e9nerg\u00e9tique accrue et une solution respectueuse de l'environnement marin : z\u00e9ro \u00e9mission et faible pollution sonore.        <\/div>\n        <!-- \/image-caption -->\n            <\/div>\n    <!-- \/image-content -->\n        <\/div>\n<!-- \/module image -->        <\/div>\n                    <\/div>\n                <\/div>\n                        <\/div>\n        <\/div>\n                        <div  data-lazy=\"1\" class=\"module_row themify_builder_row tb_n4wf25 tf_w\">\n                        <div class=\"row_inner col_align_top tb_col_count_2 tf_box tf_rel\">\n                        <div  data-lazy=\"1\" class=\"module_column tb-column col4-2 tb_fskj25 first\">\n                    <!-- module text -->\n<div  class=\"module module-text tb_09lh25\" data-lazy=\"1\">\n        <div  class=\"tb_text_wrap\">\n        <h4 style=\"text-align: center;\"><strong><a href=\"https:\/\/nemoship.eu\">Rencontrer Nemoship<\/a><\/strong><\/h4>    <\/div>\n<\/div>\n<!-- \/module text --><!-- module image -->\n<div  class=\"module module-image tb_5zeu495 image-center   tf_mw\" data-lazy=\"1\">\n        <div class=\"image-wrap tf_rel tf_mw\">\n            <a href=\"https:\/\/nemoship.eu\">\n                   <img loading=\"lazy\" decoding=\"async\" src=\"https:\/\/seaglow.eu\/wp-content\/uploads\/2025\/09\/EN-Co-funded-by-the-EU_POS-1-1200x252-258x52.jpg\" width=\"258\" height=\"52\" class=\"wp-post-image wp-image-1633\" title=\"FR Cofinanc\u00e9 par l&#039;UE_POS (1)\" alt=\"EN Co-funded by the EU_POS (1)\" srcset=\"https:\/\/seaglow.eu\/wp-content\/uploads\/2025\/09\/EN-Co-funded-by-the-EU_POS-1-1200x252-258x52.jpg 258w, https:\/\/seaglow.eu\/wp-content\/uploads\/2025\/09\/EN-Co-funded-by-the-EU_POS-1-18x4.jpg 18w, https:\/\/seaglow.eu\/wp-content\/uploads\/2025\/09\/EN-Co-funded-by-the-EU_POS-1-1200x252-323x66.jpg 323w\" sizes=\"auto, (max-width: 258px) 100vw, 258px\" \/>        <\/a>\n    \n        <\/div>\n    <!-- \/image-wrap -->\n    \n        <\/div>\n<!-- \/module image -->        <\/div>\n                    <div  data-lazy=\"1\" class=\"module_column tb-column col4-2 tb_56lg25 last\">\n                            <div  data-lazy=\"1\" class=\"module_subrow themify_builder_sub_row tf_w col_align_top tb_col_count_1 tb_qcvp25\">\n                <div  data-lazy=\"1\" class=\"module_column sub_column col-full tb_w4jg25 first\">\n                    <!-- module image -->\n<div  class=\"module module-image tb_ptt325 image-center   tf_mw\" data-lazy=\"1\">\n        <div class=\"image-wrap tf_rel tf_mw\">\n            <a href=\"https:\/\/nemoship.eu\/\">\n                   <img loading=\"lazy\" decoding=\"async\" src=\"https:\/\/seaglow.eu\/wp-content\/uploads\/2025\/09\/NEMOSHIP_LOGO-2-1200x260-393x80.png\" width=\"393\" height=\"80\" class=\"wp-post-image wp-image-1629\" title=\"NEMOSHIP_LOGO (2)\" alt=\"NEMOSHIP is a Horizon Europe project which started in 2023 and has a 4 years duration. The ambition of NEMOSHIP is to develop, test, demonstrate new innovative technologies, methodologies and guidelines to better optimise large electric battery power technology within hybrid and fully electrical ships. This project has received funding from the European Union\u2019s Horizon Europe Research and Innovation programme under grant agreement No 101096324\" srcset=\"https:\/\/seaglow.eu\/wp-content\/uploads\/2025\/09\/NEMOSHIP_LOGO-2-1200x260-393x80.png 393w, https:\/\/seaglow.eu\/wp-content\/uploads\/2025\/09\/NEMOSHIP_LOGO-2-18x4.png 18w\" sizes=\"auto, (max-width: 393px) 100vw, 393px\" \/>        <\/a>\n    \n        <\/div>\n    <!-- \/image-wrap -->\n    \n        <div class=\"image-content\">\n                        <div class=\"image-caption tb_text_wrap\">\n             NEMOSHIP est un projet Horizon Europe qui a d\u00e9but\u00e9 en 2023 et a une dur\u00e9e de 4 ans. L'ambition de NEMOSHIP est de d\u00e9velopper, tester et d\u00e9montrer de nouvelles technologies innovantes, des m\u00e9thodologies et des lignes directrices pour mieux optimiser la technologie des grandes batteries \u00e9lectriques dans les navires hybrides et enti\u00e8rement \u00e9lectriques.\n\nCe projet a re\u00e7u un financement du programme de recherche et d'innovation Horizon Europe de l'Union europ\u00e9enne dans le cadre de l'accord de subvention n\u00b0 101096324.        <\/div>\n        <!-- \/image-caption -->\n            <\/div>\n    <!-- \/image-content -->\n        <\/div>\n<!-- \/module image -->        <\/div>\n                    <\/div>\n                <\/div>\n                        <\/div>\n        <\/div>\n                        <div  data-lazy=\"1\" class=\"module_row themify_builder_row tb_3e2h157 tf_w\">\n                        <div class=\"row_inner col_align_top tb_col_count_2 tf_box tf_rel\">\n                        <div  data-lazy=\"1\" class=\"module_column tb-column col4-2 tb_6o6k157 first\">\n                    <!-- module text -->\n<div  class=\"module module-text tb_9h96507\" data-lazy=\"1\">\n        <div  class=\"tb_text_wrap\">\n        <h4 style=\"text-align: center;\"><a href=\"https:\/\/roboat.tech\/\"><strong>Rencontrer Roboat<\/strong><\/a><\/h4>    <\/div>\n<\/div>\n<!-- \/module text -->        <\/div>\n                    <div  data-lazy=\"1\" class=\"module_column tb-column col4-2 tb_667d157 last\">\n                            <div  data-lazy=\"1\" class=\"module_subrow themify_builder_sub_row tf_w col_align_top tb_col_count_1 tb_opgs157\">\n                <div  data-lazy=\"1\" class=\"module_column sub_column col-full tb_ae7s157 first\">\n                    <!-- module image -->\n<div  class=\"module module-image tb_kvcu441 image-center   tf_mw\" data-lazy=\"1\">\n        <div class=\"image-wrap tf_rel tf_mw\">\n            <a href=\"https:\/\/roboat.tech\/\">\n                   <img loading=\"lazy\" decoding=\"async\" src=\"https:\/\/seaglow.eu\/wp-content\/uploads\/2025\/10\/Roboat-logo_dark2-1200x386-283x94.png\" width=\"283\" height=\"94\" class=\"wp-post-image wp-image-1654\" title=\"Roboat - logo_dark2\" alt=\"Roboat is a spin-out from a joint research project between MIT and AMS Institute (Amsterdam Institute for Advanced Metropolitan Solutions). The company develops automation systems for inland waterway operators that boost safety and efficiency of passenger and logistic transport, while reducing operational costs. Unlike current navigation systems, Roboat systems use LiDAR sensors for a real-time and accurate view of the surroundings, specifically designed for the unique challenges of inland waterways.\" srcset=\"https:\/\/seaglow.eu\/wp-content\/uploads\/2025\/10\/Roboat-logo_dark2-1200x386-283x94.png 283w, https:\/\/seaglow.eu\/wp-content\/uploads\/2025\/10\/Roboat-logo_dark2-18x6.png 18w\" sizes=\"auto, (max-width: 283px) 100vw, 283px\" \/>        <\/a>\n    \n        <\/div>\n    <!-- \/image-wrap -->\n    \n        <div class=\"image-content\">\n                        <div class=\"image-caption tb_text_wrap\">\n            Roboat est une entreprise d\u00e9riv\u00e9e d'un projet de recherche commun entre le MIT et l'institut AMS (Amsterdam Institute for Advanced Metropolitan Solutions). L'entreprise d\u00e9veloppe des syst\u00e8mes d'automatisation pour les op\u00e9rateurs de voies navigables qui renforcent la s\u00e9curit\u00e9 et l'efficacit\u00e9 du transport de passagers et de la logistique, tout en r\u00e9duisant les co\u00fbts d'exploitation. Contrairement aux syst\u00e8mes de navigation actuels, les syst\u00e8mes Roboat utilisent des capteurs LiDAR pour obtenir une vue pr\u00e9cise et en temps r\u00e9el de l'environnement, sp\u00e9cialement con\u00e7ue pour les d\u00e9fis uniques des voies navigables int\u00e9rieures. \n\n \n        <\/div>\n        <!-- \/image-caption -->\n            <\/div>\n    <!-- \/image-content -->\n        <\/div>\n<!-- \/module image -->        <\/div>\n                    <\/div>\n                <\/div>\n                        <\/div>\n        <\/div>\n                        <div  data-lazy=\"1\" class=\"module_row themify_builder_row tb_tj23837 tf_w\">\n                        <div class=\"row_inner col_align_top tb_col_count_2 tf_box tf_rel\">\n                        <div  data-lazy=\"1\" class=\"module_column tb-column col4-2 tb_4gwk837 first\">\n                    <!-- module text -->\n<div  class=\"module module-text tb_fez1837\" data-lazy=\"1\">\n        <div  class=\"tb_text_wrap\">\n        <h4 style=\"text-align: center;\"><a href=\"https:\/\/submariner-network.eu\/seamphoni\/\"><strong>Rencontrer Seamphoni<\/strong><\/a><\/h4>    <\/div>\n<\/div>\n<!-- \/module text -->        <\/div>\n                    <div  data-lazy=\"1\" class=\"module_column tb-column col4-2 tb_pg0p837 last\">\n                            <div  data-lazy=\"1\" class=\"module_subrow themify_builder_sub_row tf_w col_align_top tb_col_count_1 tb_m8q4837\">\n                <div  data-lazy=\"1\" class=\"module_column sub_column col-full tb_zj9p837 first\">\n                    <!-- module image -->\n<div  class=\"module module-image tb_fgod837 image-center   tf_mw\" data-lazy=\"1\">\n        <div class=\"image-wrap tf_rel tf_mw\">\n            <a href=\"https:\/\/submariner-network.eu\/seamphoni\/\">\n                   <img loading=\"lazy\" decoding=\"async\" src=\"https:\/\/seaglow.eu\/wp-content\/uploads\/2025\/12\/Seamphoni_LogoFullName_color-1200x817-250x135.png\" width=\"250\" height=\"135\" class=\"wp-post-image wp-image-1703\" title=\"Seamphoni_LogoFullName_color\" alt=\"SEAMPHONI (2025-2029) is a Mission Ocean project that will bring visibility and protection to largely unprotected offshore marine areas. By testing, coupling, and validating three innovative monitoring solutions \u2014 environmental DNA (eDNA), acoustics, and imaging \u2014 in 6 demo sites in Europe and beyond, the project will create a shared observing system integrated into an Intelligent Marine Digital Twin, interoperable with the European Digital Twin Ocean.\">        <\/a>\n    \n        <\/div>\n    <!-- \/image-wrap -->\n    \n        <div class=\"image-content\">\n                        <div class=\"image-caption tb_text_wrap\">\n            SEAMPHONI (2025-2029) est un projet de Mission Oc\u00e9an qui apportera visibilit\u00e9 et protection \u00e0 des zones marines offshore largement d\u00e9pourvues de protection. En testant, couplant et validant trois solutions de surveillance innovantes - l'ADN environnemental (eDNA), l'acoustique et l'imagerie - dans 6 sites de d\u00e9monstration en Europe et au-del\u00e0, le projet cr\u00e9era un syst\u00e8me d'observation partag\u00e9 int\u00e9gr\u00e9 dans un jumeau num\u00e9rique marin intelligent, interop\u00e9rable avec le jumeau num\u00e9rique europ\u00e9en Ocean.\n \n        <\/div>\n        <!-- \/image-caption -->\n            <\/div>\n    <!-- \/image-content -->\n        <\/div>\n<!-- \/module image -->        <\/div>\n                    <\/div>\n                <\/div>\n                        <\/div>\n        <\/div>\n                        <div  data-lazy=\"1\" class=\"module_row themify_builder_row tb_rnf1766 tf_w\">\n                        <div class=\"row_inner col_align_top tb_col_count_2 tf_box tf_rel\">\n                        <div  data-lazy=\"1\" class=\"module_column tb-column col4-2 tb_vkvp766 first\">\n                    <!-- module text -->\n<div  class=\"module module-text tb_iya5766\" data-lazy=\"1\">\n        <div  class=\"tb_text_wrap\">\n        <h4 style=\"text-align: center;\"><a href=\"https:\/\/maritime-forum.ec.europa.eu\/theme\/blue-economy-and-fisheries\/blue-energy\/energy-transition-partnership_en\"><strong>Rencontre avec l'ETP : les parties prenantes progressent vers des solutions \u00e9nerg\u00e9tiques plus intelligentes pour la p\u00eache de l'UE <\/strong><\/a><\/h4>    <\/div>\n<\/div>\n<!-- \/module text -->        <\/div>\n                    <div  data-lazy=\"1\" class=\"module_column tb-column col4-2 tb_9o8p766 last\">\n                            <div  data-lazy=\"1\" class=\"module_subrow themify_builder_sub_row tf_w col_align_top tb_col_count_1 tb_ml07766\">\n                <div  data-lazy=\"1\" class=\"module_column sub_column col-full tb_2oq0766 first\">\n                    <!-- module image -->\n<div  class=\"module module-image tb_gps6766 image-center   tf_mw\" data-lazy=\"1\">\n        <div class=\"image-wrap tf_rel tf_mw\">\n            <a href=\"https:\/\/maritime-forum.ec.europa.eu\/theme\/blue-economy-and-fisheries\/blue-energy\/energy-transition-partnership_en\">\n                   <img loading=\"lazy\" decoding=\"async\" src=\"https:\/\/seaglow.eu\/wp-content\/uploads\/2025\/04\/European-Commision-300x173.webp\" width=\"300\" height=\"173\" class=\"wp-post-image wp-image-1514\" title=\"Commission europ\u00e9enne\" alt=\"The Energy Transition Partnership (ETP) is a collaborative platform designed to accelerate the energy transition in the EU fisheries and aquaculture sector. Launched by the European Commission in 2023, the ETP tackles technical, financial, and regulatory barriers by bringing together stakeholders to create practical, actionable solutions.\">        <\/a>\n    \n        <\/div>\n    <!-- \/image-wrap -->\n    \n        <div class=\"image-content\">\n                        <div class=\"image-caption tb_text_wrap\">\n            Le Partenariat pour la transition \u00e9nerg\u00e9tique (PTE) est une plateforme collaborative con\u00e7ue pour acc\u00e9l\u00e9rer la transition \u00e9nerg\u00e9tique dans le secteur de la p\u00eache et de l'aquaculture de l'UE. Lanc\u00e9 par la Commission europ\u00e9enne en 2023, le PTE s'attaque aux obstacles techniques, financiers et r\u00e9glementaires en r\u00e9unissant les parties prenantes pour cr\u00e9er des solutions pratiques et r\u00e9alisables.        <\/div>\n        <!-- \/image-caption -->\n            <\/div>\n    <!-- \/image-content -->\n        <\/div>\n<!-- \/module image -->        <\/div>\n                    <\/div>\n                <\/div>\n                        <\/div>\n        <\/div>\n        <\/div>\n<!--\/themify_builder_content-->","protected":false},"excerpt":{"rendered":"<p>Mission-driven projects and initiatives Seaglow is part of a broader network of research and innovation Meet our sister project Refest REFEST is a 3-year EU project with 14 partners from [&hellip;]<\/p>\n","protected":false},"author":2,"featured_media":0,"parent":0,"menu_order":0,"comment_status":"closed","ping_status":"closed","template":"","meta":{"footnotes":""},"class_list":["post-1505","page","type-page","status-publish","hentry","has-post-title","has-post-date","has-post-category","has-post-tag","has-post-comment","has-post-author",""],"_links":{"self":[{"href":"https:\/\/seaglow.eu\/fr\/wp-json\/wp\/v2\/pages\/1505","targetHints":{"allow":["GET"]}}],"collection":[{"href":"https:\/\/seaglow.eu\/fr\/wp-json\/wp\/v2\/pages"}],"about":[{"href":"https:\/\/seaglow.eu\/fr\/wp-json\/wp\/v2\/types\/page"}],"author":[{"embeddable":true,"href":"https:\/\/seaglow.eu\/fr\/wp-json\/wp\/v2\/users\/2"}],"replies":[{"embeddable":true,"href":"https:\/\/seaglow.eu\/fr\/wp-json\/wp\/v2\/comments?post=1505"}],"version-history":[{"count":46,"href":"https:\/\/seaglow.eu\/fr\/wp-json\/wp\/v2\/pages\/1505\/revisions"}],"predecessor-version":[{"id":1707,"href":"https:\/\/seaglow.eu\/fr\/wp-json\/wp\/v2\/pages\/1505\/revisions\/1707"}],"wp:attachment":[{"href":"https:\/\/seaglow.eu\/fr\/wp-json\/wp\/v2\/media?parent=1505"}],"curies":[{"name":"wp","href":"https:\/\/api.w.org\/{rel}","templated":true}]}}