{"id":1053,"date":"2024-10-15T15:00:03","date_gmt":"2024-10-15T15:00:03","guid":{"rendered":"https:\/\/seaglow.eu\/?page_id=1053"},"modified":"2024-11-22T08:48:08","modified_gmt":"2024-11-22T08:48:08","slug":"what-we-do","status":"publish","type":"page","link":"https:\/\/seaglow.eu\/fr\/what-we-do\/","title":{"rendered":"Ce que nous faisons"},"content":{"rendered":"<!--themify_builder_content-->\n<div id=\"themify_builder_content-1053\" data-postid=\"1053\" class=\"themify_builder_content themify_builder_content-1053 themify_builder tf_clear\">\n                    <div  data-lazy=\"1\" class=\"module_row themify_builder_row tb_39vn18 tb_first tf_w\">\n                        <div class=\"row_inner col_align_top tb_col_count_1 tf_box tf_rel\">\n                        <div  data-lazy=\"1\" class=\"module_column tb-column col-full tb_ws2x18 first\">\n        <span class=\"builder_row_cover tf_abs\"><\/span>            <!-- module text -->\n<div  class=\"module module-text tb_js1718\" data-lazy=\"1\">\n        <div  class=\"tb_text_wrap\">\n        <h1>CE QUE NOUS FAISONS<\/h1>\n<p style=\"text-align: center;\"><em>L'ambition du consortium SEAGLOW est de d\u00e9montrer clairement et sans \u00e9quivoque que l'utilisation du<strong> une combinaison de technologies appropri\u00e9es change la donne<\/strong>L'objectif est de r\u00e9duire la consommation de carburant de mani\u00e8re rentable, au b\u00e9n\u00e9fice de la communaut\u00e9 des p\u00eacheurs et de l'environnement, et d'acc\u00e9l\u00e9rer les possibilit\u00e9s de changement positif.<\/em><\/p>    <\/div>\n<\/div>\n<!-- \/module text -->        <\/div>\n                        <\/div>\n        <\/div>\n                        <div  data-lazy=\"1\" class=\"module_row themify_builder_row tb_lx5s154 tf_w\">\n                        <div class=\"row_inner col_align_top tb_col_count_2 tf_box tf_rel\">\n                        <div  data-lazy=\"1\" class=\"module_column tb-column col4-2 tb_7wgf155 first\">\n                    <!-- module text -->\n<div  class=\"module module-text tb_ry6g158\" data-lazy=\"1\">\n        <div  class=\"tb_text_wrap\">\n        <h4>En f\u00e9vrier 2023, la Commission europ\u00e9enne a publi\u00e9 une s\u00e9rie de mesures visant \u00e0 am\u00e9liorer la durabilit\u00e9 et la r\u00e9silience du secteur de la p\u00eache et de l'aquaculture de l'UE, notamment les suivantes <a href=\"https:\/\/oceans-and-fisheries.ec.europa.eu\/publications\/communication-commission-energy-transition-eu-fisheries-and-aquaculture-sector_en\">Communication sur la transition \u00e9nerg\u00e9tique du secteur de la p\u00eache et de l'aquaculture de l'UE<\/a>. Les principaux objectifs de ces mesures sont de promouvoir l'utilisation de sources d'\u00e9nergie plus propres et de r\u00e9duire la d\u00e9pendance \u00e0 l'\u00e9gard des combustibles fossiles, ainsi que de r\u00e9duire l'impact du secteur de la p\u00eache sur les \u00e9cosyst\u00e8mes marins.<\/h4>    <\/div>\n<\/div>\n<!-- \/module text -->        <\/div>\n                    <div  data-lazy=\"1\" class=\"module_column tb-column col4-2 tb_eepy155 last\">\n                    <!-- module image -->\n<div  class=\"module module-image tb_qzl8177 image-full-overlay   tf_mw\" data-lazy=\"1\">\n        <div class=\"image-wrap tf_rel tf_mw\">\n            <img loading=\"lazy\" decoding=\"async\" width=\"1920\" height=\"2560\" src=\"https:\/\/seaglow.eu\/wp-content\/uploads\/2024\/06\/billede-20240604-120228-bcef2de1-scaled.jpeg\" class=\"wp-post-image wp-image-638\" title=\"billede - 20240604-120228-bcef2de1\" alt=\"billede - 20240604-120228-bcef2de1\" srcset=\"https:\/\/seaglow.eu\/wp-content\/uploads\/2024\/06\/billede-20240604-120228-bcef2de1-scaled.jpeg 1920w, https:\/\/seaglow.eu\/wp-content\/uploads\/2024\/06\/billede-20240604-120228-bcef2de1-375x500.jpeg 375w, https:\/\/seaglow.eu\/wp-content\/uploads\/2024\/06\/billede-20240604-120228-bcef2de1-900x1200.jpeg 900w, https:\/\/seaglow.eu\/wp-content\/uploads\/2024\/06\/billede-20240604-120228-bcef2de1-225x300.jpeg 225w, https:\/\/seaglow.eu\/wp-content\/uploads\/2024\/06\/billede-20240604-120228-bcef2de1-768x1024.jpeg 768w, https:\/\/seaglow.eu\/wp-content\/uploads\/2024\/06\/billede-20240604-120228-bcef2de1-1152x1536.jpeg 1152w, https:\/\/seaglow.eu\/wp-content\/uploads\/2024\/06\/billede-20240604-120228-bcef2de1-1536x2048.jpeg 1536w, https:\/\/seaglow.eu\/wp-content\/uploads\/2024\/06\/billede-20240604-120228-bcef2de1-56x75.jpeg 56w, https:\/\/seaglow.eu\/wp-content\/uploads\/2024\/06\/billede-20240604-120228-bcef2de1-480x640.jpeg 480w\" sizes=\"auto, (max-width: 1920px) 100vw, 1920px\" \/>    \n        <\/div>\n    <!-- \/image-wrap -->\n    \n        <\/div>\n<!-- \/module image -->        <\/div>\n                        <\/div>\n        <\/div>\n                        <div  data-lazy=\"1\" class=\"module_row themify_builder_row tb_zw9v105 tf_w\">\n                        <div class=\"row_inner col_align_top tb_col_count_2 tf_box tf_rel\">\n                        <div  data-lazy=\"1\" class=\"module_column tb-column col4-2 tb_u1r3105 first\">\n                    <!-- module text -->\n<div  class=\"module module-text tb_uv0n658\" data-lazy=\"1\">\n        <div  class=\"tb_text_wrap\">\n        <h2><span style=\"color: #aec93e;\">Seaglow contribuera activement \u00e0 la r\u00e9alisation de deux objectifs principaux<\/span> orientations du changement\u00a0<\/h2>    <\/div>\n<\/div>\n<!-- \/module text --><!-- module image -->\n<div  class=\"module module-image tb_oh8k691 image-top   tf_mw\" data-lazy=\"1\">\n        <div class=\"image-wrap tf_rel tf_mw\">\n            <img loading=\"lazy\" decoding=\"async\" src=\"http:\/\/seaglow.eu\/wp-content\/uploads\/2024\/11\/DSC_0172.jpg\" width=\"496\" height=\"362\" title=\"Ce que nous faisons\" alt=\"What we do\">    \n        <\/div>\n    <!-- \/image-wrap -->\n    \n        <\/div>\n<!-- \/module image -->        <\/div>\n                    <div  data-lazy=\"1\" class=\"module_column tb-column col4-2 tb_h4oj237 last\">\n                    <!-- module text -->\n<div  class=\"module module-text tb_uxnu651\" data-lazy=\"1\">\n        <div  class=\"tb_text_wrap\">\n        <ul>\n<li>\n<h4>Accro\u00eetre l'efficacit\u00e9 \u00e9nerg\u00e9tique \u00e0 court et \u00e0 moyen terme\u00a0<\/h4>\n<\/li>\n<li>\n<h4>Passer progressivement des combustibles fossiles \u00e0 d'autres sources d'\u00e9nergie renouvelables et \u00e0 faible teneur en carbone.<\/h4>\n<\/li>\n<\/ul>\n<p>L'objectif indicatif pour le secteur de la p\u00eache est de r\u00e9duire l'intensit\u00e9 des combustibles fossiles (en litres par kg de produit d\u00e9barqu\u00e9) de &gt;15 % entre 2019 et 2030, l'objectif ultime \u00e9tant la neutralit\u00e9 en CO2 d'ici 2050. Les actions pr\u00e9vues laisseront du temps pour les investissements, et la transition devrait se faire progressivement pour aider le secteur \u00e0 s'adapter. Dans le cadre de ce processus, le plan d'action comprend des initiatives visant \u00e0 stimuler la recherche et l'innovation, \u00e0 d\u00e9velopper les comp\u00e9tences professionnelles requises et \u00e0 am\u00e9liorer l'environnement des entreprises et des investissements, y compris le financement.<\/p>    <\/div>\n<\/div>\n<!-- \/module text -->        <\/div>\n                        <\/div>\n        <\/div>\n                        <div  data-lazy=\"1\" class=\"module_row themify_builder_row tb_klc5537 tf_w\">\n                        <div class=\"row_inner col_align_top tb_col_count_1 tf_box tf_rel\">\n                        <div  data-lazy=\"1\" class=\"module_column tb-column col-full tb_aqgb537 first\">\n                    <!-- module text -->\n<div  class=\"module module-text tb_z4o1537\" data-lazy=\"1\">\n        <div  class=\"tb_text_wrap\">\n        <h2 style=\"text-align: center;\"><strong>D\u00e9fis \u00e0 relever pour r\u00e9pondre \u00e0 la demande d'\u00e9nergie dans le contexte de l'\u00e9conomie bleue<\/strong><\/h2>\n<p style=\"text-align: center;\"><span style=\"color: #01328a;\">Trouver un \u00e9quilibre entre les solutions \u00e9nerg\u00e9tiques durables et les r\u00e9alit\u00e9s de l'industrie maritime<\/span><\/p>    <\/div>\n<\/div>\n<!-- \/module text -->        <div  data-lazy=\"1\" class=\"module_subrow themify_builder_sub_row tf_w col_align_top tb_col_count_3 tb_9pze80\">\n                <div  data-lazy=\"1\" class=\"module_column sub_column col3-1 tb_zg3v81 first\">\n                    <!-- module image -->\n<div  class=\"module module-image tb_k5hb963 image-top   tf_mw\" data-lazy=\"1\">\n        <div class=\"image-wrap tf_rel tf_mw\">\n            <img loading=\"lazy\" decoding=\"async\" src=\"http:\/\/seaglow.eu\/wp-content\/uploads\/2024\/06\/durabilite.png\" width=\"512\" height=\"512\" title=\"Ce que nous faisons\" alt=\"What we do\">    \n        <\/div>\n    <!-- \/image-wrap -->\n    \n        <\/div>\n<!-- \/module image --><!-- module text -->\n<div  class=\"module module-text tb_k6p594\" data-lazy=\"1\">\n        <div  class=\"tb_text_wrap\">\n        <p>Bien que les d\u00e9fis soient connus, il est difficile de r\u00e9pondre aux demandes d'\u00e9nergie n\u00e9cessaires \u00e0 la transformation dans le cadre de l'\u00e9conomie bleue. La l\u00e9gislation actuelle exige que les groupes motopropulseurs de remplacement aient une puissance \u00e9gale ou inf\u00e9rieure \u00e0 celle du moteur d'origine et peut inclure des exigences de r\u00e9duction des \u00e9missions de CO2.<\/p>\n<p>Les nouvelles technologies peuvent avoir un poids plus \u00e9lev\u00e9 que les moteurs diesel conventionnels, ce qui peut influer sur la capacit\u00e9 de p\u00eache, qui est bas\u00e9e sur le tonnage brut. Pour les navires de p\u00eache plus anciens et plus petits, la taille est souvent un probl\u00e8me, car les nouveaux \u00e9quipements peuvent prendre plus de place ou affecter la stabilit\u00e9 du navire. Ce plafond de capacit\u00e9 peut \u00e9galement \u00eatre entrav\u00e9 par le manque d'infrastructures portuaires appropri\u00e9es pour l'entretien et la maintenance des moteurs.\u00a0<\/p>    <\/div>\n<\/div>\n<!-- \/module text -->        <\/div>\n                    <div  data-lazy=\"1\" class=\"module_column sub_column col3-1 tb_5yn0888\">\n                    <!-- module image -->\n<div  class=\"module module-image tb_n52j888 image-top   tf_mw\" data-lazy=\"1\">\n        <div class=\"image-wrap tf_rel tf_mw\">\n            <img loading=\"lazy\" decoding=\"async\" src=\"http:\/\/seaglow.eu\/wp-content\/uploads\/2024\/06\/presentation.png\" width=\"512\" height=\"512\" title=\"Ce que nous faisons\" alt=\"What we do\">    \n        <\/div>\n    <!-- \/image-wrap -->\n    \n        <\/div>\n<!-- \/module image --><!-- module text -->\n<div  class=\"module module-text tb_2d2u888\" data-lazy=\"1\">\n        <div  class=\"tb_text_wrap\">\n        <p>Il existe un manque important de connaissances et de comp\u00e9tences, de nombreux op\u00e9rateurs du secteur de la p\u00eache ignorant l'existence de nouvelles technologies plus efficaces et manquant de comp\u00e9tences pratiques pour travailler avec les nouvelles technologies de propulsion. Le secteur vieillit, de nombreux propri\u00e9taires de bateaux ayant aujourd'hui plus de 502 ans, et il s'est av\u00e9r\u00e9 difficile d'attirer des jeunes dans le secteur.<\/p>\n<p>Les co\u00fbts d'investissement li\u00e9s \u00e0 l'adoption de certaines technologies de propulsion \u00e0 haut rendement \u00e9nerg\u00e9tique ou \u00e0 faible \u00e9mission de carbone sont relativement \u00e9lev\u00e9s par rapport aux revenus limit\u00e9s de la plupart des navires de la flotte de p\u00eache, ce qui fait des investissements un risque et peut retarder la mise en \u0153uvre de nouvelles technologies. Enfin, il existe une certaine r\u00e9sistance dans le secteur en raison de la tradition et du d\u00e9sir de maintenir un mode de vie connu et \u00e9prouv\u00e9.\u00a0<\/p>    <\/div>\n<\/div>\n<!-- \/module text -->        <\/div>\n                    <div  data-lazy=\"1\" class=\"module_column sub_column col3-1 tb_ibeg443 last\">\n                    <!-- module image -->\n<div  class=\"module module-image tb_6qaj443 image-top   tf_mw\" data-lazy=\"1\">\n        <div class=\"image-wrap tf_rel tf_mw\">\n            <img loading=\"lazy\" decoding=\"async\" src=\"http:\/\/seaglow.eu\/wp-content\/uploads\/2024\/06\/energie-maremotrice.png\" width=\"512\" height=\"512\" title=\"Ce que nous faisons\" alt=\"What we do\">    \n        <\/div>\n    <!-- \/image-wrap -->\n    \n        <\/div>\n<!-- \/module image --><!-- module text -->\n<div  class=\"module module-text tb_9q00443\" data-lazy=\"1\">\n        <div  class=\"tb_text_wrap\">\n        <p>Le consortium SEAGLOW reconna\u00eet les d\u00e9fis de l'industrie et les orientations politiques \u00e9tablies dans le cadre du Green Deal europ\u00e9en, et en particulier la nouvelle approche de l'\u00e9conomie bleue. Il construit des cas pilotes interconnect\u00e9s, compl\u00e9mentaires et transversaux \u00e0 travers la mer Baltique et la mer du Nord, d\u00e9montrant des technologies appropri\u00e9es qui peuvent avoir des effets \u00e0 court, moyen et long terme. Les projets pilotes de Seaglow s'appuient sur des donn\u00e9es de haute qualit\u00e9 et visent \u00e0 am\u00e9liorer les investissements dans des solutions de transition \u00e9nerg\u00e9tique appropri\u00e9es.<\/p>\n<p>Le consortium utilise une combinaison de technologies et de m\u00e9thodes consid\u00e9r\u00e9es comme adapt\u00e9es \u00e0 l'industrie en termes de co\u00fbt, de soutien et de maintenance. La combinaison de ces technologies, fonctionnant de mani\u00e8re transversale et compl\u00e9mentaire et utilisant les comp\u00e9tences, exp\u00e9riences et r\u00e9seaux combin\u00e9s du partenariat, est bas\u00e9e sur une approche nouvelle, construisant de nouveaux partenariats de transition \u00e9nerg\u00e9tique \u00e0 diff\u00e9rents niveaux.<\/p>    <\/div>\n<\/div>\n<!-- \/module text -->        <\/div>\n                    <\/div>\n                <\/div>\n                        <\/div>\n        <\/div>\n                        <div  data-lazy=\"1\" class=\"module_row themify_builder_row tb_t108296 tf_w\">\n                        <div class=\"row_inner col_align_top tb_col_count_1 tf_box tf_rel\">\n                        <div  data-lazy=\"1\" class=\"module_column tb-column col-full tb_2v94296 first\">\n                    <!-- module text -->\n<div  class=\"module module-text tb_k0yt64\" data-lazy=\"1\">\n        <div  class=\"tb_text_wrap\">\n        <p style=\"text-align: center;\"><em>HORIZON-MISS-2023-OCEAN-01-05 - Phare dans les bassins de la mer Baltique et de la mer du Nord - Flottes de p\u00eache artisanale vertes et \u00e9conomes en \u00e9nergie - Projet : 101157477 - SEAGLOW\u00a0<\/em><\/p>    <\/div>\n<\/div>\n<!-- \/module text -->        <\/div>\n                        <\/div>\n        <\/div>\n                        <div  data-lazy=\"1\" class=\"module_row themify_builder_row tb_d6f5113 tf_w\">\n                        <div class=\"row_inner col_align_top tb_col_count_1 tf_box tf_rel\">\n                        <div  data-lazy=\"1\" class=\"module_column tb-column col-full tb_c16z114 first\">\n                            <\/div>\n                        <\/div>\n        <\/div>\n                        <div  data-lazy=\"1\" class=\"module_row themify_builder_row tb_vopq798 tf_w\">\n                        <div class=\"row_inner col_align_top tb_col_count_1 tf_box tf_rel\">\n                        <div  data-lazy=\"1\" class=\"module_column tb-column col-full tb_mg3u798 first\">\n                    <!-- module text -->\n<div  class=\"module module-text tb_2bqh114\" data-lazy=\"1\">\n        <div  class=\"tb_text_wrap\">\n        <p><em>Cr\u00e9dits photos pour cette page : @Len Duevel @Seaglow<\/em><\/p>    <\/div>\n<\/div>\n<!-- \/module text -->        <\/div>\n                        <\/div>\n        <\/div>\n        <\/div>\n<!--\/themify_builder_content-->","protected":false},"excerpt":{"rendered":"<p>WHAT WE DO The ambition of the SEAGLOW consortium is to demonstrate clearly and unequivocally that the use of a combination of appropriate technologies is a game-changer, allowing the cost-efficient [&hellip;]<\/p>\n","protected":false},"author":2,"featured_media":0,"parent":0,"menu_order":0,"comment_status":"closed","ping_status":"closed","template":"","meta":{"footnotes":""},"class_list":["post-1053","page","type-page","status-publish","hentry","has-post-title","has-post-date","has-post-category","has-post-tag","has-post-comment","has-post-author",""],"_links":{"self":[{"href":"https:\/\/seaglow.eu\/fr\/wp-json\/wp\/v2\/pages\/1053","targetHints":{"allow":["GET"]}}],"collection":[{"href":"https:\/\/seaglow.eu\/fr\/wp-json\/wp\/v2\/pages"}],"about":[{"href":"https:\/\/seaglow.eu\/fr\/wp-json\/wp\/v2\/types\/page"}],"author":[{"embeddable":true,"href":"https:\/\/seaglow.eu\/fr\/wp-json\/wp\/v2\/users\/2"}],"replies":[{"embeddable":true,"href":"https:\/\/seaglow.eu\/fr\/wp-json\/wp\/v2\/comments?post=1053"}],"version-history":[{"count":42,"href":"https:\/\/seaglow.eu\/fr\/wp-json\/wp\/v2\/pages\/1053\/revisions"}],"predecessor-version":[{"id":1325,"href":"https:\/\/seaglow.eu\/fr\/wp-json\/wp\/v2\/pages\/1053\/revisions\/1325"}],"wp:attachment":[{"href":"https:\/\/seaglow.eu\/fr\/wp-json\/wp\/v2\/media?parent=1053"}],"curies":[{"name":"wp","href":"https:\/\/api.w.org\/{rel}","templated":true}]}}