{"id":907,"date":"2024-07-18T11:47:07","date_gmt":"2024-07-18T11:47:07","guid":{"rendered":"https:\/\/seaglow.eu\/?page_id=907"},"modified":"2024-07-18T11:47:39","modified_gmt":"2024-07-18T11:47:39","slug":"privacy-and-data-protection-policy","status":"publish","type":"page","link":"https:\/\/seaglow.eu\/fi\/privacy-and-data-protection-policy\/","title":{"rendered":"Yksityisyyden suoja ja tietosuojapolitiikka"},"content":{"rendered":"<h3 style=\"text-align: center;\">Yksityisyyden suoja ja tietosuojapolitiikka<\/h3>\n<p><strong>\u00a0<\/strong><\/p>\n<p>Tervetuloa SEAGLOWn verkkosivuston (j\u00e4ljemp\u00e4n\u00e4 \"verkkosivusto\") tietosuoja- ja tietosuojak\u00e4yt\u00e4nt\u00f6\u00f6n. T\u00e4m\u00e4 k\u00e4yt\u00e4nt\u00f6 selitt\u00e4\u00e4, miten ker\u00e4\u00e4mme, k\u00e4yt\u00e4mme, luovutamme ja suojaamme henkil\u00f6tietojasi, kun vierailet verkkosivustollamme. K\u00e4ytt\u00e4m\u00e4ll\u00e4 verkkosivustoamme annat suostumuksesi t\u00e4ss\u00e4 politiikassa kuvattuihin k\u00e4yt\u00e4nt\u00f6ihin.<\/p>\n<p>&nbsp;<\/p>\n<ol start=\"2\">\n<li>Ker\u00e4\u00e4m\u00e4mme tiedot<\/li>\n<\/ol>\n<p>Henkil\u00f6kohtaiset tiedot: T\u00e4llaisia tietoja ovat esimerkiksi nimesi, s\u00e4hk\u00f6postiosoitteesi, puhelinnumerosi ja muut tiedot, jotka haluat antaa.<\/p>\n<p>Automaattisesti ker\u00e4tyt tiedot: Ev\u00e4steiden ja vastaavien tekniikoiden avulla saatamme my\u00f6s automaattisesti ker\u00e4t\u00e4 tiettyj\u00e4 tietoja laitteestasi ja verkkosivuston k\u00e4yt\u00f6st\u00e4. T\u00e4llaisia tietoja voivat olla IP-osoite, selaimen tyyppi, k\u00e4ytt\u00f6j\u00e4rjestelm\u00e4, viittaavat URL-osoitteet ja katsotut sivut.<\/p>\n<p>&nbsp;<\/p>\n<ol start=\"3\">\n<li>Tietojen k\u00e4ytt\u00f6<\/li>\n<\/ol>\n<p>K\u00e4yt\u00e4mme ker\u00e4\u00e4mi\u00e4mme tietoja seuraaviin tarkoituksiin:<\/p>\n<p>- Verkkosivuston tarjoaminen ja yll\u00e4pit\u00e4minen.<\/p>\n<p>-Parantaaksemme ja personoidaksemme kokemustasi verkkosivustolla.<\/p>\n<p>-Viestitt\u00e4\u00e4ksemme kanssasi, mukaan lukien vastaaminen kyselyihisi ja p\u00e4ivitysten antaminen projektista.<\/p>\n<p>&nbsp;<\/p>\n<p>-Verkkosivuston k\u00e4yt\u00f6n analysoimiseksi ja valvomiseksi sek\u00e4 muihin sis\u00e4isiin tarkoituksiin.<\/p>\n<p>-Lakis\u00e4\u00e4teisten velvoitteiden noudattamiseksi.<\/p>\n<p>&nbsp;<\/p>\n<ol start=\"4\">\n<li>K\u00e4sittelyn oikeusperusta<\/li>\n<\/ol>\n<p>K\u00e4sittelemme henkil\u00f6tietojasi yhdell\u00e4 tai useammalla seuraavista oikeudellisista perusteista:<\/p>\n<p>-Suostumuksesi, jonka voit peruuttaa milloin tahansa.<\/p>\n<p>-K\u00e4sittelyn tarpeellisuus kanssasi tehdyn sopimuksen t\u00e4ytt\u00e4miseksi.<\/p>\n<p>-Lakis\u00e4\u00e4teisten velvoitteidemme noudattaminen.<\/p>\n<p>oikeutetut etumme, kuten palveluidemme ja markkinointitoimiemme parantaminen, jos oikeutesi ja etusi eiv\u00e4t syrj\u00e4yt\u00e4 n\u00e4it\u00e4 etuja.<\/p>\n<p>&nbsp;<\/p>\n<ol start=\"5\">\n<li>Tietojen jakaminen<\/li>\n<\/ol>\n<p>Voimme jakaa henkil\u00f6tietojasi kolmansien osapuolten kanssa seuraavissa tilanteissa:<\/p>\n<p>-palveluntarjoajien ja alihankkijoiden kanssa, jotka avustavat meit\u00e4 verkkosivuston toiminnassa ja palvelujen tarjoamisessa.<\/p>\n<p>-EU:n rahoittamaan hankkeeseen osallistuvien tyt\u00e4ryhti\u00f6idemme ja kumppaneidemme kanssa.<\/p>\n<p>-vastauksena viranomaisten laillisiin pyynt\u00f6ihin, mukaan lukien kansallisen turvallisuuden tai lainvalvonnan vaatimusten t\u00e4ytt\u00e4minen.<\/p>\n<p>Mahdollisen fuusion, yrityksen omaisuuden myynnin, rahoituksen tai toisen yrityksen hankkiman koko projektin tai sen osan hankinnan yhteydess\u00e4.<\/p>\n<p>&nbsp;<\/p>\n<ol start=\"6\">\n<li>Tietoturva<\/li>\n<\/ol>\n<p>Toteutamme asianmukaiset tekniset ja organisatoriset toimenpiteet suojellaksemme henkil\u00f6tietojasi luvattomalta p\u00e4\u00e4sylt\u00e4, k\u00e4yt\u00f6lt\u00e4 tai paljastamiselta. Mik\u00e4\u00e4n internetin v\u00e4lityksell\u00e4 tapahtuva siirtomenetelm\u00e4 tai s\u00e4hk\u00f6inen tallennus ei kuitenkaan ole t\u00e4ysin turvallinen, emmek\u00e4 voi taata ehdotonta turvallisuutta.<\/p>\n<p>&nbsp;<\/p>\n<ol start=\"7\">\n<li>Oikeutesi<\/li>\n<\/ol>\n<p>&nbsp;<\/p>\n<p>Sinulla on seuraavat henkil\u00f6tietojasi koskevat oikeudet sovellettavan tietosuojalains\u00e4\u00e4d\u00e4nn\u00f6n mukaisesti:<\/p>\n<p>-P\u00e4\u00e4sy: Sinulla on oikeus tutustua sinusta hallussamme oleviin henkil\u00f6tietoihin.<\/p>\n<p>-Rektifiointi: Voit pyyt\u00e4\u00e4 meit\u00e4 korjaamaan virheelliset tai puutteelliset henkil\u00f6tiedot.<\/p>\n<p>-Poistaminen: Sinulla on oikeus pyyt\u00e4\u00e4 henkil\u00f6tietojesi poistamista tietyin poikkeuksin.<\/p>\n<p>-Rajoitus: Voit pyyt\u00e4\u00e4, ett\u00e4 rajoitamme henkil\u00f6tietojesi k\u00e4sittely\u00e4 tietyiss\u00e4 olosuhteissa.<\/p>\n<p>-Vastalause: Sinulla on oikeus vastustaa henkil\u00f6tietojesi k\u00e4sittely\u00e4, my\u00f6s suoramarkkinointitarkoituksiin.<\/p>\n<p>-Datan siirrett\u00e4vyys: Voit pyyt\u00e4\u00e4 kopion henkil\u00f6tiedoistasi j\u00e4sennellyss\u00e4, yleisesti k\u00e4ytetyss\u00e4 ja koneellisesti luettavassa muodossa.<\/p>\n<p>Jos haluat k\u00e4ytt\u00e4\u00e4 n\u00e4it\u00e4 oikeuksia, ota meihin yhteytt\u00e4 alla olevien yhteystietojen avulla.<\/p>\n<p>&nbsp;<\/p>\n<ol start=\"8\">\n<li>Kansainv\u00e4liset tiedonsiirrot<\/li>\n<\/ol>\n<p>Henkil\u00f6tietojasi saatetaan siirt\u00e4\u00e4 ja k\u00e4sitell\u00e4 Euroopan talousalueen (ETA) ulkopuolisissa maissa, jotka eiv\u00e4t v\u00e4ltt\u00e4m\u00e4tt\u00e4 tarjoa samaa tietosuojan tasoa kuin kotimaasi. Ryhdymme asianmukaisiin toimenpiteisiin varmistaaksemme, ett\u00e4 henkil\u00f6tietosi pysyv\u00e4t suojattuina t\u00e4m\u00e4n politiikan mukaisesti.<\/p>\n<p>&nbsp;<\/p>\n<ol start=\"9\">\n<li>Muutokset t\u00e4h\u00e4n k\u00e4yt\u00e4nt\u00f6\u00f6n<\/li>\n<\/ol>\n<p>Saatamme ajoittain p\u00e4ivitt\u00e4\u00e4 t\u00e4t\u00e4 tietosuojak\u00e4yt\u00e4nt\u00f6\u00e4 vastaamaan k\u00e4yt\u00e4nt\u00f6jemme muutoksia tai muista toiminnallisista, oikeudellisista tai s\u00e4\u00e4ntelyyn liittyvist\u00e4 syist\u00e4. Kehotamme sinua tarkistamaan t\u00e4m\u00e4n k\u00e4yt\u00e4nn\u00f6n s\u00e4\u00e4nn\u00f6llisesti p\u00e4ivitysten varalta. Viimeisimm\u00e4n p\u00e4ivityksen p\u00e4iv\u00e4m\u00e4\u00e4r\u00e4 ilmoitetaan k\u00e4yt\u00e4nn\u00f6n alareunassa.<\/p>\n<p>&nbsp;<\/p>\n<ol start=\"10\">\n<li>Ota yhteytt\u00e4<\/li>\n<\/ol>\n<p>&nbsp;<\/p>\n<p>Jos sinulla on kysytt\u00e4v\u00e4\u00e4 t\u00e4st\u00e4 tietosuojak\u00e4yt\u00e4nn\u00f6st\u00e4 tai tietok\u00e4yt\u00e4nn\u00f6ist\u00e4mme, ota yhteytt\u00e4 SEAGLOW-projektin johtajaan osoitteeseen:<\/p>\n<p>&nbsp;<\/p>\n<p>NordDanmarks EU-kontor NOVI Science Park -tiedepuisto<\/p>\n<p>Niels Jernes Vej 10 DK-9220 Aalborg \u00d8 Tlf: +45 6188 5300<\/p>\n<p>S\u00e4hk\u00f6posti: <a href=\"mailto:info@ndeu.dk\">info@ndeu.dk<\/a><\/p>\n<p>&nbsp;<\/p>\n<p>NordDanmarks EU-Kontor, Bruxelles Avenue Palmerston 18<\/p>\n<p>B-1000 Bruxelles Belgia<\/p>\n<p>S\u00e4hk\u00f6posti: <a href=\"mailto:info@ndeu.dk\">info@ndeu.dk<\/a><\/p>\n<p>&nbsp;<\/p>\n<p style=\"text-align: right;\"><em>Viimeksi p\u00e4ivitetty: hein\u00e4kuuta 2024<\/em><\/p>","protected":false},"excerpt":{"rendered":"<p>Privacy and Data Protection Policy \u00a0 Welcome to the Privacy and Data Protection Policy for the SEAGLOW website (the &#8220;Website&#8221;). This policy explains how we collect, use, disclose, and protect [&hellip;]<\/p>\n","protected":false},"author":1,"featured_media":0,"parent":0,"menu_order":0,"comment_status":"closed","ping_status":"closed","template":"","meta":{"footnotes":""},"class_list":["post-907","page","type-page","status-publish","hentry","has-post-title","has-post-date","has-post-category","has-post-tag","has-post-comment","has-post-author",""],"_links":{"self":[{"href":"https:\/\/seaglow.eu\/fi\/wp-json\/wp\/v2\/pages\/907","targetHints":{"allow":["GET"]}}],"collection":[{"href":"https:\/\/seaglow.eu\/fi\/wp-json\/wp\/v2\/pages"}],"about":[{"href":"https:\/\/seaglow.eu\/fi\/wp-json\/wp\/v2\/types\/page"}],"author":[{"embeddable":true,"href":"https:\/\/seaglow.eu\/fi\/wp-json\/wp\/v2\/users\/1"}],"replies":[{"embeddable":true,"href":"https:\/\/seaglow.eu\/fi\/wp-json\/wp\/v2\/comments?post=907"}],"version-history":[{"count":2,"href":"https:\/\/seaglow.eu\/fi\/wp-json\/wp\/v2\/pages\/907\/revisions"}],"predecessor-version":[{"id":909,"href":"https:\/\/seaglow.eu\/fi\/wp-json\/wp\/v2\/pages\/907\/revisions\/909"}],"wp:attachment":[{"href":"https:\/\/seaglow.eu\/fi\/wp-json\/wp\/v2\/media?parent=907"}],"curies":[{"name":"wp","href":"https:\/\/api.w.org\/{rel}","templated":true}]}}