{"id":902,"date":"2024-07-18T11:40:03","date_gmt":"2024-07-18T11:40:03","guid":{"rendered":"https:\/\/seaglow.eu\/?page_id=902"},"modified":"2024-07-18T11:45:24","modified_gmt":"2024-07-18T11:45:24","slug":"cookies-policy","status":"publish","type":"page","link":"https:\/\/seaglow.eu\/fi\/cookies-policy\/","title":{"rendered":"Ev\u00e4stek\u00e4yt\u00e4nt\u00f6"},"content":{"rendered":"<h3 style=\"text-align: center;\">Ev\u00e4stek\u00e4yt\u00e4nt\u00f6<\/h3>\n<p>&nbsp;<\/p>\n<ol>\n<li>Johdanto<\/li>\n<\/ol>\n<p>Tervetuloa SEAGLOWn verkkosivuston (\"verkkosivusto\") ev\u00e4stek\u00e4yt\u00e4nt\u00f6\u00f6n. T\u00e4m\u00e4 k\u00e4yt\u00e4nt\u00f6 selitt\u00e4\u00e4, miten k\u00e4yt\u00e4mme ev\u00e4steit\u00e4 ja vastaavia tekniikoita verkkosivustollamme. K\u00e4ytt\u00e4m\u00e4ll\u00e4 verkkosivustoamme annat suostumuksesi ev\u00e4steiden k\u00e4ytt\u00f6\u00f6n t\u00e4ss\u00e4 k\u00e4yt\u00e4nn\u00f6ss\u00e4mme kuvatulla tavalla. Jos et hyv\u00e4ksy ev\u00e4steiden k\u00e4ytt\u00f6\u00e4, sinun tulee muuttaa selaimesi asetuksia vastaavasti tai olla k\u00e4ytt\u00e4m\u00e4tt\u00e4 verkkosivustoamme.<\/p>\n<p>&nbsp;<\/p>\n<p>&nbsp;<\/p>\n<ol start=\"2\">\n<li>Mit\u00e4 ev\u00e4steet ovat?<\/li>\n<\/ol>\n<p>Ev\u00e4steet ovat pieni\u00e4 tekstitiedostoja, jotka sijoitetaan laitteellesi, kun vierailet verkkosivustolla. Niit\u00e4 k\u00e4ytet\u00e4\u00e4n laajalti, jotta verkkosivut toimisivat tehokkaammin ja jotta verkkosivujen omistajat saisivat tietoa. Ev\u00e4steiden avulla verkkosivustot voivat tunnistaa laitteesi ja tallentaa tietoja mieltymyksist\u00e4si tai aiemmista toimistasi.<\/p>\n<p>&nbsp;<\/p>\n<p>&nbsp;<\/p>\n<ol start=\"3\">\n<li>K\u00e4ytt\u00e4miemme ev\u00e4steiden tyypit<\/li>\n<\/ol>\n<p>K\u00e4yt\u00e4mme verkkosivustollamme seuraavanlaisia ev\u00e4steit\u00e4:<\/p>\n<p>Ehdottoman v\u00e4ltt\u00e4m\u00e4tt\u00f6m\u00e4t ev\u00e4steet: N\u00e4m\u00e4 ev\u00e4steet ovat v\u00e4ltt\u00e4m\u00e4tt\u00f6mi\u00e4, jotta voit navigoida verkkosivustolla ja k\u00e4ytt\u00e4\u00e4 sen ominaisuuksia, kuten p\u00e4\u00e4sy\u00e4 suojatuille alueille. Ilman n\u00e4it\u00e4 ev\u00e4steit\u00e4 pyyt\u00e4mi\u00e4si palveluja ei voida tarjota.<\/p>\n<p>&nbsp;<\/p>\n<p>Suorituskykyev\u00e4steet: N\u00e4m\u00e4 ev\u00e4steet ker\u00e4\u00e4v\u00e4t tietoa siit\u00e4, miten k\u00e4vij\u00e4t k\u00e4ytt\u00e4v\u00e4t verkkosivustoamme, esimerkiksi mill\u00e4 sivuilla k\u00e4yd\u00e4\u00e4n useimmin. N\u00e4it\u00e4 tietoja k\u00e4ytet\u00e4\u00e4n verkkosivuston ja k\u00e4ytt\u00e4j\u00e4kokemuksen parantamiseen.<\/p>\n<p>Toiminnalliset ev\u00e4steet: N\u00e4m\u00e4 ev\u00e4steet mahdollistavat sen, ett\u00e4 verkkosivusto voi muistaa tekem\u00e4si valinnat (kuten k\u00e4ytt\u00e4j\u00e4tunnuksesi, kielesi tai alueesi) ja tarjota parannettuja, yksil\u00f6llisempi\u00e4 toimintoja.<\/p>\n<p>Kohdennus-\/mainosev\u00e4steet: N\u00e4it\u00e4 ev\u00e4steit\u00e4 k\u00e4ytet\u00e4\u00e4n tarjoamaan sinulle ja kiinnostuksen kohteillesi sopivampaa sis\u00e4lt\u00f6\u00e4. Niit\u00e4 voidaan k\u00e4ytt\u00e4\u00e4 my\u00f6s rajoittamaan mainosten katselukertojen m\u00e4\u00e4r\u00e4\u00e4 ja mittaamaan mainoskampanjoiden tehokkuutta.<\/p>\n<p>&nbsp;<\/p>\n<p>&nbsp;<\/p>\n<ol start=\"4\">\n<li>Kuinka k\u00e4yt\u00e4mme ev\u00e4steit\u00e4<\/li>\n<\/ol>\n<p>K\u00e4yt\u00e4mme ev\u00e4steit\u00e4 seuraaviin tarkoituksiin:<\/p>\n<p>-sivuston moitteettoman toiminnan varmistamiseksi.<\/p>\n<p>-analysoida ja parantaa verkkosivustomme suorituskyky\u00e4.<\/p>\n<p>-Kokemuksesi personoimiseksi verkkosivustollamme.<\/p>\n<p>-Selailutoimintoihin perustuvan kohdennetun mainonnan tarjoaminen.<\/p>\n<p>&nbsp;<\/p>\n<p>&nbsp;<\/p>\n<ol start=\"5\">\n<li>Kolmannen osapuolen ev\u00e4steet<\/li>\n<\/ol>\n<p>Verkkosivustomme voi my\u00f6s k\u00e4ytt\u00e4\u00e4 kolmannen osapuolen palveluntarjoajien, kuten Google Analyticsin, ev\u00e4steit\u00e4, joiden avulla voimme analysoida, miten k\u00e4ytt\u00e4j\u00e4t toimivat verkkosivuston kanssa. N\u00e4m\u00e4 ev\u00e4steet voivat ker\u00e4t\u00e4 tietoja nimett\u00f6m\u00e4n\u00e4 ja raportoida verkkosivuston trendej\u00e4 tunnistamatta yksitt\u00e4isi\u00e4 k\u00e4vij\u00f6it\u00e4. Lis\u00e4tietoja siit\u00e4, miten n\u00e4m\u00e4 kolmannet osapuolet k\u00e4ytt\u00e4v\u00e4t ev\u00e4steit\u00e4, saat niiden tietosuojak\u00e4yt\u00e4nn\u00f6ist\u00e4.<\/p>\n<p>&nbsp;<\/p>\n<p>&nbsp;<\/p>\n<ol start=\"6\">\n<li>Ev\u00e4steiden hallinta<\/li>\n<\/ol>\n<p>Voit valvoa ja hallita ev\u00e4steit\u00e4 eri tavoin. Huomaa, ett\u00e4 ev\u00e4steiden poistaminen tai est\u00e4minen voi vaikuttaa k\u00e4ytt\u00f6kokemukseesi, ja jotkin verkkosivuston osat eiv\u00e4t ehk\u00e4 toimi oikein. Voit hallita ev\u00e4steasetuksiasi selaimesi asetusten kautta. Lis\u00e4tietoja ev\u00e4steiden hallinnasta saat selaimesi ohjesivuilta.<\/p>\n<p>&nbsp;<\/p>\n<ol start=\"7\">\n<li>T\u00e4m\u00e4n politiikan p\u00e4ivitykset<\/li>\n<\/ol>\n<p>Saatamme p\u00e4ivitt\u00e4\u00e4 t\u00e4t\u00e4 ev\u00e4stek\u00e4yt\u00e4nt\u00f6\u00e4 aika ajoin vastaamaan k\u00e4yt\u00e4nt\u00f6jemme muutoksia tai muista toiminnallisista, oikeudellisista tai s\u00e4\u00e4ntelyyn liittyvist\u00e4 syist\u00e4. Kehotamme sinua tarkistamaan t\u00e4m\u00e4n k\u00e4yt\u00e4nn\u00f6n s\u00e4\u00e4nn\u00f6llisesti p\u00e4ivitysten varalta. Viimeisimm\u00e4n p\u00e4ivityksen p\u00e4iv\u00e4m\u00e4\u00e4r\u00e4 ilmoitetaan k\u00e4yt\u00e4nn\u00f6n yl\u00e4osassa.<\/p>\n<p>&nbsp;<\/p>\n<p>&nbsp;<\/p>\n<ol start=\"8\">\n<li>Ota yhteytt\u00e4<\/li>\n<\/ol>\n<p>Jos sinulla on kysytt\u00e4v\u00e4\u00e4 ev\u00e4steiden k\u00e4yt\u00f6st\u00e4 tai t\u00e4st\u00e4 ev\u00e4stek\u00e4yt\u00e4nn\u00f6st\u00e4, ota yhteytt\u00e4 SEAGLOW-projektinjohtajaan osoitteeseen:<\/p>\n<p>&nbsp;<\/p>\n<p>&nbsp;<\/p>\n<p>NordDanmarks EU-kontor NOVI Science Park -tiedepuisto<\/p>\n<p>Niels Jernes Vej 10 DK-9220 Aalborg \u00d8 Tlf: +45 6188 5300<\/p>\n<p>S\u00e4hk\u00f6posti: <a href=\"mailto:info@ndeu.dk\">info@ndeu.dk<\/a><\/p>\n<p>&nbsp;<\/p>\n<p>&nbsp;<\/p>\n<p>NordDanmarks EU-Kontor, Bruxelles Avenue Palmerston 18<\/p>\n<p>B-1000 Bruxelles Belgia<\/p>\n<p>S\u00e4hk\u00f6posti: <a href=\"mailto:info@ndeu.dk\">info@ndeu.dk<\/a><\/p>","protected":false},"excerpt":{"rendered":"<p>Cookies Policy &nbsp; Introduction Welcome to the cookies policy for the SEAGLOW website (the &#8220;Website&#8221;). This policy explains how we use cookies and similar technologies on our Website. By using [&hellip;]<\/p>\n","protected":false},"author":1,"featured_media":0,"parent":0,"menu_order":0,"comment_status":"open","ping_status":"closed","template":"","meta":{"footnotes":""},"class_list":["post-902","page","type-page","status-publish","hentry","has-post-title","has-post-date","has-post-category","has-post-tag","has-post-comment","has-post-author",""],"_links":{"self":[{"href":"https:\/\/seaglow.eu\/fi\/wp-json\/wp\/v2\/pages\/902","targetHints":{"allow":["GET"]}}],"collection":[{"href":"https:\/\/seaglow.eu\/fi\/wp-json\/wp\/v2\/pages"}],"about":[{"href":"https:\/\/seaglow.eu\/fi\/wp-json\/wp\/v2\/types\/page"}],"author":[{"embeddable":true,"href":"https:\/\/seaglow.eu\/fi\/wp-json\/wp\/v2\/users\/1"}],"replies":[{"embeddable":true,"href":"https:\/\/seaglow.eu\/fi\/wp-json\/wp\/v2\/comments?post=902"}],"version-history":[{"count":4,"href":"https:\/\/seaglow.eu\/fi\/wp-json\/wp\/v2\/pages\/902\/revisions"}],"predecessor-version":[{"id":906,"href":"https:\/\/seaglow.eu\/fi\/wp-json\/wp\/v2\/pages\/902\/revisions\/906"}],"wp:attachment":[{"href":"https:\/\/seaglow.eu\/fi\/wp-json\/wp\/v2\/media?parent=902"}],"curies":[{"name":"wp","href":"https:\/\/api.w.org\/{rel}","templated":true}]}}