{"id":70,"date":"2020-11-17T16:00:54","date_gmt":"2020-11-17T16:00:54","guid":{"rendered":"https:\/\/seaglow.eu\/?page_id=20"},"modified":"2024-10-15T11:05:14","modified_gmt":"2024-10-15T11:05:14","slug":"about-us-old","status":"publish","type":"page","link":"https:\/\/seaglow.eu\/fi\/about-us-old\/","title":{"rendered":"About us &#8211; old"},"content":{"rendered":"<h6>\u25cfSEAGLOW<\/h6>\n<h1>MEIST\u00c4<\/h1>\n<p>&lt;h5<\/p>\n<p><img loading=\"lazy\" decoding=\"async\" src=\"https:\/\/seaglow.eu\/wp-content\/uploads\/2024\/07\/sd1.jpg\" sizes=\"auto, (max-width:767px) 480px, 506px\" srcset=\"https:\/\/seaglow.eu\/wp-content\/uploads\/2024\/07\/sd1.jpg 506w, https:\/\/seaglow.eu\/wp-content\/uploads\/2024\/07\/sd1-375x500.jpg 375w, https:\/\/seaglow.eu\/wp-content\/uploads\/2024\/07\/sd1-225x300.jpg 225w, https:\/\/seaglow.eu\/wp-content\/uploads\/2024\/07\/sd1-56x75.jpg 56w, https:\/\/seaglow.eu\/wp-content\/uploads\/2024\/07\/sd1-480x639.jpg 480w\" alt=\"\" width=\"506\" height=\"674\" \/><\/p>\n<h2>Seaglow on 16 eurooppalaisen kumppanin yhteenliittym\u00e4 Partners<\/h2>\n<p>Seaglow on yhteenliittym\u00e4, johon kuuluu 16 kumppania Euroopan unionista, Norjasta ja Thaimaasta. EU:n rahoittaman ja Pohjois-Tanskan EU-toimiston johtaman aloitteen tavoitteena on osoittaa, ett\u00e4 kun k\u00e4ytet\u00e4\u00e4n oikeaa teknologiayhdistelm\u00e4\u00e4, pienimuotoinen kalastus voi v\u00e4hent\u00e4\u00e4 riippuvuuttaan fossiilisista polttoaineista ja vaikuttaa my\u00f6nteisesti meriekosysteemien ennallistamiseen ja kalastusyhteis\u00f6jen hyvinvoinnin parantamiseen.<\/p>\n<p>SEAGLOW-konsortio suunnittelee, rakentaa ja k\u00e4ytt\u00e4\u00e4 viitt\u00e4 teknologiapilottia, mukaan lukien perinteisten dieselmoottoreiden korvaaminen sek\u00e4 E-pinnoite- ja anturiteknologioiden k\u00e4ytt\u00f6, nelj\u00e4ss\u00e4 aluksessa Tanskassa, Virossa, Norjassa ja Ruotsissa.<\/p>\n<h2>Seaglow'n on m\u00e4\u00e4r\u00e4 olla k\u00e4yt\u00f6ss\u00e4 v\u00e4hint\u00e4\u00e4n 48 kuukautta huhtikuusta 2024 alkaen.<\/h2>\n<p>SEAGLOW-konsortion tavoitteena on osoittaa selke\u00e4sti ja yksiselitteisesti, ett\u00e4 sopivien teknologioiden yhdistelm\u00e4n k\u00e4ytt\u00f6 on k\u00e4\u00e4nteentekev\u00e4 tekij\u00e4, joka mahdollistaa polttoaineen kulutuksen kustannustehokkaan v\u00e4hent\u00e4misen, hy\u00f6dytt\u00e4\u00e4 kalastusyhteis\u00f6\u00e4 ja ymp\u00e4rist\u00f6\u00e4 sek\u00e4 nopeuttaa my\u00f6nteisen muutoksen mahdollisuuksia.<\/p>\n<p><a href=\"https:\/\/seaglow.eu\/fi\/vehicles\/\"><br \/>\nMit\u00e4 me teemme<br \/>\n<\/a><br \/>\n<img loading=\"lazy\" decoding=\"async\" src=\"https:\/\/seaglow.eu\/wp-content\/uploads\/2024\/07\/erd1.jpg\" sizes=\"auto, (max-width:767px) 480px, 611px\" srcset=\"https:\/\/seaglow.eu\/wp-content\/uploads\/2024\/07\/erd1.jpg 611w, https:\/\/seaglow.eu\/wp-content\/uploads\/2024\/07\/erd1-500x348.jpg 500w, https:\/\/seaglow.eu\/wp-content\/uploads\/2024\/07\/erd1-300x209.jpg 300w, https:\/\/seaglow.eu\/wp-content\/uploads\/2024\/07\/erd1-108x75.jpg 108w, https:\/\/seaglow.eu\/wp-content\/uploads\/2024\/07\/erd1-480x334.jpg 480w\" alt=\"\" width=\"611\" height=\"425\" \/><br \/>\n<img loading=\"lazy\" decoding=\"async\" src=\"https:\/\/seaglow.eu\/wp-content\/uploads\/2024\/09\/Seaglow-Partner-Logos_updated-1200x341.jpg\" sizes=\"auto, (max-width:767px) 480px, (max-width:1200px) 100vw, 1200px\" srcset=\"https:\/\/seaglow.eu\/wp-content\/uploads\/2024\/09\/Seaglow-Partner-Logos_updated-1200x341.jpg 1200w, https:\/\/seaglow.eu\/wp-content\/uploads\/2024\/09\/Seaglow-Partner-Logos_updated-500x142.jpg 500w, https:\/\/seaglow.eu\/wp-content\/uploads\/2024\/09\/Seaglow-Partner-Logos_updated-300x85.jpg 300w, https:\/\/seaglow.eu\/wp-content\/uploads\/2024\/09\/Seaglow-Partner-Logos_updated-768x218.jpg 768w, https:\/\/seaglow.eu\/wp-content\/uploads\/2024\/09\/Seaglow-Partner-Logos_updated-1536x436.jpg 1536w, https:\/\/seaglow.eu\/wp-content\/uploads\/2024\/09\/Seaglow-Partner-Logos_updated-2048x581.jpg 2048w, https:\/\/seaglow.eu\/wp-content\/uploads\/2024\/09\/Seaglow-Partner-Logos_updated-150x43.jpg 150w, https:\/\/seaglow.eu\/wp-content\/uploads\/2024\/09\/Seaglow-Partner-Logos_updated-480x136.jpg 480w\" alt=\"\" width=\"1200\" height=\"341\" \/><\/p>\n<h2>Jos haluat lis\u00e4tietoja, ota rohkeasti yhteytt\u00e4.<\/h2>\n<p><a href=\"https:\/\/seaglow.eu\/fi\/contact\/\"><br \/>\nL\u00c4HET\u00c4 MEILLE VIESTI<br \/>\n<\/a><\/p>","protected":false},"excerpt":{"rendered":"<p>\u25cfSEAGLOW ABOUT US &lt;h5 Seaglow is a consortium of 16 Europeans Partners Seaglow is a consortium of 16 partners from across the European Union, Norway and Thailand. The initiative, funded [&hellip;]<\/p>\n","protected":false},"author":1,"featured_media":0,"parent":0,"menu_order":0,"comment_status":"open","ping_status":"closed","template":"","meta":{"footnotes":""},"class_list":["post-70","page","type-page","status-publish","hentry","has-post-title","has-post-date","has-post-category","has-post-tag","has-post-comment","has-post-author",""],"_links":{"self":[{"href":"https:\/\/seaglow.eu\/fi\/wp-json\/wp\/v2\/pages\/70","targetHints":{"allow":["GET"]}}],"collection":[{"href":"https:\/\/seaglow.eu\/fi\/wp-json\/wp\/v2\/pages"}],"about":[{"href":"https:\/\/seaglow.eu\/fi\/wp-json\/wp\/v2\/types\/page"}],"author":[{"embeddable":true,"href":"https:\/\/seaglow.eu\/fi\/wp-json\/wp\/v2\/users\/1"}],"replies":[{"embeddable":true,"href":"https:\/\/seaglow.eu\/fi\/wp-json\/wp\/v2\/comments?post=70"}],"version-history":[{"count":42,"href":"https:\/\/seaglow.eu\/fi\/wp-json\/wp\/v2\/pages\/70\/revisions"}],"predecessor-version":[{"id":1049,"href":"https:\/\/seaglow.eu\/fi\/wp-json\/wp\/v2\/pages\/70\/revisions\/1049"}],"wp:attachment":[{"href":"https:\/\/seaglow.eu\/fi\/wp-json\/wp\/v2\/media?parent=70"}],"curies":[{"name":"wp","href":"https:\/\/api.w.org\/{rel}","templated":true}]}}