{"id":1505,"date":"2025-04-22T14:27:55","date_gmt":"2025-04-22T14:27:55","guid":{"rendered":"https:\/\/seaglow.eu\/?page_id=1505"},"modified":"2025-12-12T09:07:38","modified_gmt":"2025-12-12T09:07:38","slug":"mission-allies","status":"publish","type":"page","link":"https:\/\/seaglow.eu\/fi\/mission-allies\/","title":{"rendered":"Teht\u00e4v\u00e4n liittolaiset"},"content":{"rendered":"<!--themify_builder_content-->\n<div id=\"themify_builder_content-1505\" data-postid=\"1505\" class=\"themify_builder_content themify_builder_content-1505 themify_builder tf_clear\">\n                    <div  data-lazy=\"1\" class=\"module_row themify_builder_row tb_s7ax954 tb_first tf_w\">\n                        <div class=\"row_inner col_align_top tb_col_count_1 tf_box tf_rel\">\n                        <div  data-lazy=\"1\" class=\"module_column tb-column col-full tb_9duv954 first\">\n        <span class=\"builder_row_cover tf_abs\"><\/span>            <!-- module text -->\n<div  class=\"module module-text tb_klgg954\" data-lazy=\"1\">\n        <div  class=\"tb_text_wrap\">\n        <h3>Teht\u00e4v\u00e4l\u00e4ht\u00f6iset hankkeet ja aloitteet<\/h3>\n<p>Seaglow on osa laajempaa tutkimus- ja innovaatioverkostoa.<\/p>    <\/div>\n<\/div>\n<!-- \/module text -->        <\/div>\n                        <\/div>\n        <\/div>\n                        <div  data-lazy=\"1\" class=\"module_row themify_builder_row tb_hffq389 tf_w\">\n                        <div class=\"row_inner col_align_top tb_col_count_2 tf_box tf_rel\">\n                        <div  data-lazy=\"1\" class=\"module_column tb-column col4-2 tb_vhx2389 first\">\n                    <!-- module text -->\n<div  class=\"module module-text tb_dh92389\" data-lazy=\"1\">\n        <div  class=\"tb_text_wrap\">\n        <h4 style=\"text-align: center;\"><strong><a href=\"https:\/\/www.refest-project.eu\/\">Tutustu sisarprojektiimme Refest<\/a><\/strong><\/h4>    <\/div>\n<\/div>\n<!-- \/module text --><!-- module image -->\n<div  class=\"module module-image tb_5idu583 image-center   tf_mw\" data-lazy=\"1\">\n        <div class=\"image-wrap tf_rel tf_mw\">\n            <img loading=\"lazy\" decoding=\"async\" src=\"https:\/\/seaglow.eu\/wp-content\/uploads\/2025\/09\/EN-Funded-by-the-EU-POS-1200x252-257x52.jpg\" width=\"257\" height=\"52\" class=\"wp-post-image wp-image-1632\" title=\"FI EU-POS-ohjelman rahoittama\" alt=\"EN-Funded by the EU-POS\" srcset=\"https:\/\/seaglow.eu\/wp-content\/uploads\/2025\/09\/EN-Funded-by-the-EU-POS-1200x252-257x52.jpg 257w, https:\/\/seaglow.eu\/wp-content\/uploads\/2025\/09\/EN-Funded-by-the-EU-POS-18x4.jpg 18w, https:\/\/seaglow.eu\/wp-content\/uploads\/2025\/09\/EN-Funded-by-the-EU-POS-1200x252-323x66.jpg 323w, https:\/\/seaglow.eu\/wp-content\/uploads\/2025\/09\/EN-Funded-by-the-EU-POS-1200x252-258x52.jpg 258w\" sizes=\"auto, (max-width: 257px) 100vw, 257px\" \/>    \n        <\/div>\n    <!-- \/image-wrap -->\n    \n        <\/div>\n<!-- \/module image -->        <\/div>\n                    <div  data-lazy=\"1\" class=\"module_column tb-column col4-2 tb_zgd9389 last\">\n                            <div  data-lazy=\"1\" class=\"module_subrow themify_builder_sub_row tf_w col_align_top tb_col_count_1 tb_6qih389\">\n                <div  data-lazy=\"1\" class=\"module_column sub_column col-full tb_cwpk389 first\">\n                    <!-- module image -->\n<div  class=\"module module-image tb_beby389 image-center   tf_mw\" data-lazy=\"1\">\n        <div class=\"image-wrap tf_rel tf_mw\">\n            <a href=\"https:\/\/www.refest-project.eu\/\">\n                   <img loading=\"lazy\" decoding=\"async\" src=\"http:\/\/seaglow.eu\/wp-content\/uploads\/2025\/04\/Refest.png\" width=\"179\" height=\"160\" alt=\"REFEST is a 3-year EU project with 14 partners from 10 countries, aiming to reduce fuel consumption and greenhouse gas emissions by up to 40% in small fishing vessels. The project develops scalable, easy-to-install retrofitting solutions such as battery propulsion, solar power, improved hull design, and digital monitoring systems. All technologies are designed to be sustainable, cost-effective, and ready for wide adoption, with full consideration of environmental impacts and end-user needs.\">        <\/a>\n    \n        <\/div>\n    <!-- \/image-wrap -->\n    \n        <div class=\"image-content\">\n                        <div class=\"image-caption tb_text_wrap\">\n            REFEST on kolmivuotinen EU:n hanke, johon osallistuu 14 kumppania 10 maasta ja jonka tavoitteena on v\u00e4hent\u00e4\u00e4 polttoaineen kulutusta ja kasvihuonekaasup\u00e4\u00e4st\u00f6j\u00e4 jopa 40% pieniss\u00e4 kalastusaluksissa. Hankkeessa kehitet\u00e4\u00e4n skaalautuvia, helposti asennettavia j\u00e4lkiasennusratkaisuja, kuten akkuk\u00e4ytt\u00f6\u00e4, aurinkoenergiaa, rungon parempaa suunnittelua ja digitaalisia seurantaj\u00e4rjestelmi\u00e4. Kaikki teknologiat on suunniteltu kest\u00e4viksi, kustannustehokkaiksi ja valmiiksi laajamittaiseen k\u00e4ytt\u00f6\u00f6nottoon ottaen t\u00e4ysin huomioon ymp\u00e4rist\u00f6vaikutukset ja loppuk\u00e4ytt\u00e4jien tarpeet.        <\/div>\n        <!-- \/image-caption -->\n            <\/div>\n    <!-- \/image-content -->\n        <\/div>\n<!-- \/module image -->        <\/div>\n                    <\/div>\n                <\/div>\n                        <\/div>\n        <\/div>\n                        <div  data-lazy=\"1\" class=\"module_row themify_builder_row tb_ebvc105 tf_w\">\n                        <div class=\"row_inner col_align_top tb_col_count_2 tf_box tf_rel\">\n                        <div  data-lazy=\"1\" class=\"module_column tb-column col4-2 tb_7y13105 first\">\n                    <!-- module text -->\n<div  class=\"module module-text tb_oizv105\" data-lazy=\"1\">\n        <div  class=\"tb_text_wrap\">\n        <h4 style=\"text-align: center;\"><strong><a href=\"https:\/\/www.h2-seas.eu\/\">Tutustu sisarhankkeeseemme H2Seas<\/a><\/strong><\/h4>    <\/div>\n<\/div>\n<!-- \/module text --><!-- module image -->\n<div  class=\"module module-image tb_q8ug279 image-center   tf_mw\" data-lazy=\"1\">\n        <div class=\"image-wrap tf_rel tf_mw\">\n            <img loading=\"lazy\" decoding=\"async\" src=\"http:\/\/seaglow.eu\/wp-content\/uploads\/2025\/09\/EN-Funded-by-the-EU-POS-scaled.jpg\" width=\"258\" height=\"52\" title=\"Teht\u00e4v\u00e4n liittolaiset\" alt=\"Mission Allies\">    \n        <\/div>\n    <!-- \/image-wrap -->\n    \n        <\/div>\n<!-- \/module image -->        <\/div>\n                    <div  data-lazy=\"1\" class=\"module_column tb-column col4-2 tb_xc12105 last\">\n                            <div  data-lazy=\"1\" class=\"module_subrow themify_builder_sub_row tf_w col_align_top tb_col_count_1 tb_9ofd105\">\n                <div  data-lazy=\"1\" class=\"module_column sub_column col-full tb_b3ip105 first\">\n                    <!-- module image -->\n<div  class=\"module module-image tb_km9e105 image-center   tf_mw\" data-lazy=\"1\">\n        <div class=\"image-wrap tf_rel tf_mw\">\n            <a href=\"https:\/\/www.h2-seas.eu\/\">\n                   <img loading=\"lazy\" decoding=\"async\" src=\"http:\/\/seaglow.eu\/wp-content\/uploads\/2025\/08\/Logo_H2Seas1-scaled.jpg\" width=\"179\" height=\"160\" alt=\"H2-SEAS initiative is an Innovation Action targeting the overarching objectives of the topic HORIZON-MISS-2023-OCEAN-01-05. The initiative proposes a novel, fully integrated hydrogen-electric fishing vessel to accelerate a sustainable and accessible transition to clean and efficient power for small-scale fishing fleets. Based on hydrogen fuel cell technology, the prototype will demonstrate increased energy efficiency and an environmentally friendly solution for the marine environment: zero emissions and low sound pollution.\">        <\/a>\n    \n        <\/div>\n    <!-- \/image-wrap -->\n    \n        <div class=\"image-content\">\n                        <div class=\"image-caption tb_text_wrap\">\n            H2-SEAS-aloite on innovaatiotoimi, joka t\u00e4ht\u00e4\u00e4 HORIZON-MISS-2023-OCEAN-01-05 -aiheen yleistavoitteisiin. Aloitteessa ehdotetaan uudenlaista, t\u00e4ysin integroitua vetys\u00e4hk\u00f6ist\u00e4 kalastusalusta, jolla nopeutetaan kest\u00e4v\u00e4\u00e4 ja helposti saatavilla olevaa siirtymist\u00e4 puhtaaseen ja tehokkaaseen energiaan pienimuotoista kalastusta harjoittavissa laivastoissa. Vetypolttokennotekniikkaan perustuva prototyyppi osoittaa lis\u00e4\u00e4ntyneen energiatehokkuuden ja meriymp\u00e4rist\u00f6n kannalta ymp\u00e4rist\u00f6yst\u00e4v\u00e4llisen ratkaisun: p\u00e4\u00e4st\u00f6tt\u00f6myys ja v\u00e4h\u00e4inen melusaaste.        <\/div>\n        <!-- \/image-caption -->\n            <\/div>\n    <!-- \/image-content -->\n        <\/div>\n<!-- \/module image -->        <\/div>\n                    <\/div>\n                <\/div>\n                        <\/div>\n        <\/div>\n                        <div  data-lazy=\"1\" class=\"module_row themify_builder_row tb_n4wf25 tf_w\">\n                        <div class=\"row_inner col_align_top tb_col_count_2 tf_box tf_rel\">\n                        <div  data-lazy=\"1\" class=\"module_column tb-column col4-2 tb_fskj25 first\">\n                    <!-- module text -->\n<div  class=\"module module-text tb_09lh25\" data-lazy=\"1\">\n        <div  class=\"tb_text_wrap\">\n        <h4 style=\"text-align: center;\"><strong><a href=\"https:\/\/nemoship.eu\">Tapaa Nemoship<\/a><\/strong><\/h4>    <\/div>\n<\/div>\n<!-- \/module text --><!-- module image -->\n<div  class=\"module module-image tb_5zeu495 image-center   tf_mw\" data-lazy=\"1\">\n        <div class=\"image-wrap tf_rel tf_mw\">\n            <a href=\"https:\/\/nemoship.eu\">\n                   <img loading=\"lazy\" decoding=\"async\" src=\"https:\/\/seaglow.eu\/wp-content\/uploads\/2025\/09\/EN-Co-funded-by-the-EU_POS-1-1200x252-258x52.jpg\" width=\"258\" height=\"52\" class=\"wp-post-image wp-image-1633\" title=\"FI EU_POS:n osarahoittama (1)\" alt=\"EN Co-funded by the EU_POS (1)\" srcset=\"https:\/\/seaglow.eu\/wp-content\/uploads\/2025\/09\/EN-Co-funded-by-the-EU_POS-1-1200x252-258x52.jpg 258w, https:\/\/seaglow.eu\/wp-content\/uploads\/2025\/09\/EN-Co-funded-by-the-EU_POS-1-18x4.jpg 18w, https:\/\/seaglow.eu\/wp-content\/uploads\/2025\/09\/EN-Co-funded-by-the-EU_POS-1-1200x252-323x66.jpg 323w\" sizes=\"auto, (max-width: 258px) 100vw, 258px\" \/>        <\/a>\n    \n        <\/div>\n    <!-- \/image-wrap -->\n    \n        <\/div>\n<!-- \/module image -->        <\/div>\n                    <div  data-lazy=\"1\" class=\"module_column tb-column col4-2 tb_56lg25 last\">\n                            <div  data-lazy=\"1\" class=\"module_subrow themify_builder_sub_row tf_w col_align_top tb_col_count_1 tb_qcvp25\">\n                <div  data-lazy=\"1\" class=\"module_column sub_column col-full tb_w4jg25 first\">\n                    <!-- module image -->\n<div  class=\"module module-image tb_ptt325 image-center   tf_mw\" data-lazy=\"1\">\n        <div class=\"image-wrap tf_rel tf_mw\">\n            <a href=\"https:\/\/nemoship.eu\/\">\n                   <img loading=\"lazy\" decoding=\"async\" src=\"https:\/\/seaglow.eu\/wp-content\/uploads\/2025\/09\/NEMOSHIP_LOGO-2-1200x260-393x80.png\" width=\"393\" height=\"80\" class=\"wp-post-image wp-image-1629\" title=\"NEMOSHIP_LOGO (2)\" alt=\"NEMOSHIP is a Horizon Europe project which started in 2023 and has a 4 years duration. The ambition of NEMOSHIP is to develop, test, demonstrate new innovative technologies, methodologies and guidelines to better optimise large electric battery power technology within hybrid and fully electrical ships. This project has received funding from the European Union\u2019s Horizon Europe Research and Innovation programme under grant agreement No 101096324\" srcset=\"https:\/\/seaglow.eu\/wp-content\/uploads\/2025\/09\/NEMOSHIP_LOGO-2-1200x260-393x80.png 393w, https:\/\/seaglow.eu\/wp-content\/uploads\/2025\/09\/NEMOSHIP_LOGO-2-18x4.png 18w\" sizes=\"auto, (max-width: 393px) 100vw, 393px\" \/>        <\/a>\n    \n        <\/div>\n    <!-- \/image-wrap -->\n    \n        <div class=\"image-content\">\n                        <div class=\"image-caption tb_text_wrap\">\n             NEMOSHIP on Horisontti Eurooppa -hanke, joka alkoi vuonna 2023 ja jonka kesto on nelj\u00e4 vuotta. NEMOSHIP-hankkeen tavoitteena on kehitt\u00e4\u00e4, testata ja demonstroida uusia innovatiivisia tekniikoita, menetelmi\u00e4 ja ohjeita, joiden avulla voidaan optimoida paremmin suurten s\u00e4hk\u00f6akkujen energiateknologiaa hybridi- ja t\u00e4yss\u00e4hk\u00f6aluksissa.\n\nHanke on saanut rahoitusta Euroopan unionin Horisontti Eurooppa -tutkimus- ja innovaatio-ohjelmasta avustussopimuksella nro 101096324.        <\/div>\n        <!-- \/image-caption -->\n            <\/div>\n    <!-- \/image-content -->\n        <\/div>\n<!-- \/module image -->        <\/div>\n                    <\/div>\n                <\/div>\n                        <\/div>\n        <\/div>\n                        <div  data-lazy=\"1\" class=\"module_row themify_builder_row tb_3e2h157 tf_w\">\n                        <div class=\"row_inner col_align_top tb_col_count_2 tf_box tf_rel\">\n                        <div  data-lazy=\"1\" class=\"module_column tb-column col4-2 tb_6o6k157 first\">\n                    <!-- module text -->\n<div  class=\"module module-text tb_9h96507\" data-lazy=\"1\">\n        <div  class=\"tb_text_wrap\">\n        <h4 style=\"text-align: center;\"><a href=\"https:\/\/roboat.tech\/\"><strong>Tapaa Roboat<\/strong><\/a><\/h4>    <\/div>\n<\/div>\n<!-- \/module text -->        <\/div>\n                    <div  data-lazy=\"1\" class=\"module_column tb-column col4-2 tb_667d157 last\">\n                            <div  data-lazy=\"1\" class=\"module_subrow themify_builder_sub_row tf_w col_align_top tb_col_count_1 tb_opgs157\">\n                <div  data-lazy=\"1\" class=\"module_column sub_column col-full tb_ae7s157 first\">\n                    <!-- module image -->\n<div  class=\"module module-image tb_kvcu441 image-center   tf_mw\" data-lazy=\"1\">\n        <div class=\"image-wrap tf_rel tf_mw\">\n            <a href=\"https:\/\/roboat.tech\/\">\n                   <img loading=\"lazy\" decoding=\"async\" src=\"https:\/\/seaglow.eu\/wp-content\/uploads\/2025\/10\/Roboat-logo_dark2-1200x386-283x94.png\" width=\"283\" height=\"94\" class=\"wp-post-image wp-image-1654\" title=\"Roboat - logo_dark2\" alt=\"Roboat is a spin-out from a joint research project between MIT and AMS Institute (Amsterdam Institute for Advanced Metropolitan Solutions). The company develops automation systems for inland waterway operators that boost safety and efficiency of passenger and logistic transport, while reducing operational costs. Unlike current navigation systems, Roboat systems use LiDAR sensors for a real-time and accurate view of the surroundings, specifically designed for the unique challenges of inland waterways.\" srcset=\"https:\/\/seaglow.eu\/wp-content\/uploads\/2025\/10\/Roboat-logo_dark2-1200x386-283x94.png 283w, https:\/\/seaglow.eu\/wp-content\/uploads\/2025\/10\/Roboat-logo_dark2-18x6.png 18w\" sizes=\"auto, (max-width: 283px) 100vw, 283px\" \/>        <\/a>\n    \n        <\/div>\n    <!-- \/image-wrap -->\n    \n        <div class=\"image-content\">\n                        <div class=\"image-caption tb_text_wrap\">\n            Roboat on MIT:n ja AMS-instituutin (Amsterdam Institute for Advanced Metropolitan Solutions) yhteisen tutkimushankkeen tulos. Yritys kehitt\u00e4\u00e4 sis\u00e4vesiliikenteen harjoittajille automaatioj\u00e4rjestelmi\u00e4, jotka lis\u00e4\u00e4v\u00e4t matkustajien ja logistiikan kuljetusten turvallisuutta ja tehokkuutta ja v\u00e4hent\u00e4v\u00e4t samalla k\u00e4ytt\u00f6kustannuksia. Toisin kuin nykyiset navigointij\u00e4rjestelm\u00e4t, Roboat-j\u00e4rjestelm\u00e4t k\u00e4ytt\u00e4v\u00e4t LiDAR-antureita, jotka antavat reaaliaikaisen ja tarkan kuvan ymp\u00e4rist\u00f6st\u00e4 ja jotka on suunniteltu erityisesti sis\u00e4vesiv\u00e4ylien ainutlaatuisiin haasteisiin. \n\n \n        <\/div>\n        <!-- \/image-caption -->\n            <\/div>\n    <!-- \/image-content -->\n        <\/div>\n<!-- \/module image -->        <\/div>\n                    <\/div>\n                <\/div>\n                        <\/div>\n        <\/div>\n                        <div  data-lazy=\"1\" class=\"module_row themify_builder_row tb_tj23837 tf_w\">\n                        <div class=\"row_inner col_align_top tb_col_count_2 tf_box tf_rel\">\n                        <div  data-lazy=\"1\" class=\"module_column tb-column col4-2 tb_4gwk837 first\">\n                    <!-- module text -->\n<div  class=\"module module-text tb_fez1837\" data-lazy=\"1\">\n        <div  class=\"tb_text_wrap\">\n        <h4 style=\"text-align: center;\"><a href=\"https:\/\/submariner-network.eu\/seamphoni\/\"><strong>Tapaa Seamphoni<\/strong><\/a><\/h4>    <\/div>\n<\/div>\n<!-- \/module text -->        <\/div>\n                    <div  data-lazy=\"1\" class=\"module_column tb-column col4-2 tb_pg0p837 last\">\n                            <div  data-lazy=\"1\" class=\"module_subrow themify_builder_sub_row tf_w col_align_top tb_col_count_1 tb_m8q4837\">\n                <div  data-lazy=\"1\" class=\"module_column sub_column col-full tb_zj9p837 first\">\n                    <!-- module image -->\n<div  class=\"module module-image tb_fgod837 image-center   tf_mw\" data-lazy=\"1\">\n        <div class=\"image-wrap tf_rel tf_mw\">\n            <a href=\"https:\/\/submariner-network.eu\/seamphoni\/\">\n                   <img loading=\"lazy\" decoding=\"async\" src=\"https:\/\/seaglow.eu\/wp-content\/uploads\/2025\/12\/Seamphoni_LogoFullName_color-1200x817-250x135.png\" width=\"250\" height=\"135\" class=\"wp-post-image wp-image-1703\" title=\"Seamphoni_LogoFullName_v\u00e4ri\" alt=\"SEAMPHONI (2025-2029) is a Mission Ocean project that will bring visibility and protection to largely unprotected offshore marine areas. By testing, coupling, and validating three innovative monitoring solutions \u2014 environmental DNA (eDNA), acoustics, and imaging \u2014 in 6 demo sites in Europe and beyond, the project will create a shared observing system integrated into an Intelligent Marine Digital Twin, interoperable with the European Digital Twin Ocean.\">        <\/a>\n    \n        <\/div>\n    <!-- \/image-wrap -->\n    \n        <div class=\"image-content\">\n                        <div class=\"image-caption tb_text_wrap\">\n            SEAMPHONI (2025-2029) on Mission Ocean -hanke, joka tuo n\u00e4kyvyytt\u00e4 ja suojaa suurelta osin suojelemattomille merialueille. Hankkeessa testataan, yhdistet\u00e4\u00e4n ja validoidaan kolmea innovatiivista seurantaratkaisua - ymp\u00e4rist\u00f6-DNA:ta (eDNA), akustiikkaa ja kuvantamista - kuudella esittelypaikalla Euroopassa ja sen ulkopuolella, ja sen avulla luodaan yhteinen seurantaj\u00e4rjestelm\u00e4, joka on integroitu \u00e4lykk\u00e4\u00e4seen merten digitaaliseen kaksoismalliin, joka on yhteentoimiva eurooppalaisen digitaalisen kaksoismallin kanssa.\n \n        <\/div>\n        <!-- \/image-caption -->\n            <\/div>\n    <!-- \/image-content -->\n        <\/div>\n<!-- \/module image -->        <\/div>\n                    <\/div>\n                <\/div>\n                        <\/div>\n        <\/div>\n                        <div  data-lazy=\"1\" class=\"module_row themify_builder_row tb_rnf1766 tf_w\">\n                        <div class=\"row_inner col_align_top tb_col_count_2 tf_box tf_rel\">\n                        <div  data-lazy=\"1\" class=\"module_column tb-column col4-2 tb_vkvp766 first\">\n                    <!-- module text -->\n<div  class=\"module module-text tb_iya5766\" data-lazy=\"1\">\n        <div  class=\"tb_text_wrap\">\n        <h4 style=\"text-align: center;\"><a href=\"https:\/\/maritime-forum.ec.europa.eu\/theme\/blue-economy-and-fisheries\/blue-energy\/energy-transition-partnership_en\"><strong>Tapaa ETP: sidosryhm\u00e4t kehitt\u00e4v\u00e4t \u00e4lykk\u00e4\u00e4mpi\u00e4 energiaratkaisuja EU:n kalastukselle. <\/strong><\/a><\/h4>    <\/div>\n<\/div>\n<!-- \/module text -->        <\/div>\n                    <div  data-lazy=\"1\" class=\"module_column tb-column col4-2 tb_9o8p766 last\">\n                            <div  data-lazy=\"1\" class=\"module_subrow themify_builder_sub_row tf_w col_align_top tb_col_count_1 tb_ml07766\">\n                <div  data-lazy=\"1\" class=\"module_column sub_column col-full tb_2oq0766 first\">\n                    <!-- module image -->\n<div  class=\"module module-image tb_gps6766 image-center   tf_mw\" data-lazy=\"1\">\n        <div class=\"image-wrap tf_rel tf_mw\">\n            <a href=\"https:\/\/maritime-forum.ec.europa.eu\/theme\/blue-economy-and-fisheries\/blue-energy\/energy-transition-partnership_en\">\n                   <img loading=\"lazy\" decoding=\"async\" src=\"https:\/\/seaglow.eu\/wp-content\/uploads\/2025\/04\/European-Commision-300x173.webp\" width=\"300\" height=\"173\" class=\"wp-post-image wp-image-1514\" title=\"Euroopan komissio\" alt=\"The Energy Transition Partnership (ETP) is a collaborative platform designed to accelerate the energy transition in the EU fisheries and aquaculture sector. Launched by the European Commission in 2023, the ETP tackles technical, financial, and regulatory barriers by bringing together stakeholders to create practical, actionable solutions.\">        <\/a>\n    \n        <\/div>\n    <!-- \/image-wrap -->\n    \n        <div class=\"image-content\">\n                        <div class=\"image-caption tb_text_wrap\">\n            Energy Transition Partnership (ETP) on yhteisty\u00f6foorumi, jonka tarkoituksena on nopeuttaa EU:n kalastus- ja vesiviljelysektorin siirtymist\u00e4 energia-alalle. Euroopan komissio k\u00e4ynnisti ETP:n vuonna 2023, ja sen avulla puututaan teknisiin, rahoituksellisiin ja lains\u00e4\u00e4d\u00e4nn\u00f6llisiin esteisiin tuomalla sidosryhm\u00e4t yhteen luomaan k\u00e4yt\u00e4nn\u00f6llisi\u00e4 ja toteuttamiskelpoisia ratkaisuja.        <\/div>\n        <!-- \/image-caption -->\n            <\/div>\n    <!-- \/image-content -->\n        <\/div>\n<!-- \/module image -->        <\/div>\n                    <\/div>\n                <\/div>\n                        <\/div>\n        <\/div>\n        <\/div>\n<!--\/themify_builder_content-->","protected":false},"excerpt":{"rendered":"<p>Mission-driven projects and initiatives Seaglow is part of a broader network of research and innovation Meet our sister project Refest REFEST is a 3-year EU project with 14 partners from [&hellip;]<\/p>\n","protected":false},"author":2,"featured_media":0,"parent":0,"menu_order":0,"comment_status":"closed","ping_status":"closed","template":"","meta":{"footnotes":""},"class_list":["post-1505","page","type-page","status-publish","hentry","has-post-title","has-post-date","has-post-category","has-post-tag","has-post-comment","has-post-author",""],"_links":{"self":[{"href":"https:\/\/seaglow.eu\/fi\/wp-json\/wp\/v2\/pages\/1505","targetHints":{"allow":["GET"]}}],"collection":[{"href":"https:\/\/seaglow.eu\/fi\/wp-json\/wp\/v2\/pages"}],"about":[{"href":"https:\/\/seaglow.eu\/fi\/wp-json\/wp\/v2\/types\/page"}],"author":[{"embeddable":true,"href":"https:\/\/seaglow.eu\/fi\/wp-json\/wp\/v2\/users\/2"}],"replies":[{"embeddable":true,"href":"https:\/\/seaglow.eu\/fi\/wp-json\/wp\/v2\/comments?post=1505"}],"version-history":[{"count":46,"href":"https:\/\/seaglow.eu\/fi\/wp-json\/wp\/v2\/pages\/1505\/revisions"}],"predecessor-version":[{"id":1707,"href":"https:\/\/seaglow.eu\/fi\/wp-json\/wp\/v2\/pages\/1505\/revisions\/1707"}],"wp:attachment":[{"href":"https:\/\/seaglow.eu\/fi\/wp-json\/wp\/v2\/media?parent=1505"}],"curies":[{"name":"wp","href":"https:\/\/api.w.org\/{rel}","templated":true}]}}