{"id":907,"date":"2024-07-18T11:47:07","date_gmt":"2024-07-18T11:47:07","guid":{"rendered":"https:\/\/seaglow.eu\/?page_id=907"},"modified":"2024-07-18T11:47:39","modified_gmt":"2024-07-18T11:47:39","slug":"privacy-and-data-protection-policy","status":"publish","type":"page","link":"https:\/\/seaglow.eu\/et\/privacy-and-data-protection-policy\/","title":{"rendered":"Privaatsus ja andmekaitsepoliitika"},"content":{"rendered":"<h3 style=\"text-align: center;\">Privaatsus ja andmekaitsepoliitika<\/h3>\n<p><strong>\u00a0<\/strong><\/p>\n<p>Tere tulemast SEAGLOW veebilehe (edaspidi \"veebileht\") privaatsus- ja andmekaitsetingimuste juurde. K\u00e4esolev poliitika selgitab, kuidas me kogume, kasutame, avalikustame ja kaitseme teie isikuandmeid, kui k\u00fclastate meie veebisaiti. Kasutades meie veebisaiti, n\u00f5ustute k\u00e4esolevas poliitikas kirjeldatud tegevusega.<\/p>\n<p>&nbsp;<\/p>\n<ol start=\"2\">\n<li>Kogutud teave<\/li>\n<\/ol>\n<p>Isiklik teave: Me v\u00f5ime koguda isikuandmeid, mida te meile vabatahtlikult annate, kui te veebilehega suhtlete, n\u00e4iteks teie nimi, e-posti aadress, telefoninumber ja mis tahes muu teave, mida te otsustate esitada.<\/p>\n<p>Automaatselt kogutud teave: Me v\u00f5ime automaatselt koguda ka teatud teavet teie seadme ja veebisaidi kasutamise kohta, kasutades k\u00fcpsiseid ja sarnaseid tehnoloogiaid. See v\u00f5ib h\u00f5lmata teie IP-aadressi, brauseri t\u00fc\u00fcpi, operatsioonis\u00fcsteemi, viitavaid URL-aadresse ja vaadatud lehek\u00fclgi.<\/p>\n<p>&nbsp;<\/p>\n<ol start=\"3\">\n<li>Teabe kasutamine<\/li>\n<\/ol>\n<p>Me kasutame kogutud teavet j\u00e4rgmistel eesm\u00e4rkidel:<\/p>\n<p>- Veebisaidi pakkumine ja haldamine.<\/p>\n<p>-Parandada ja isikup\u00e4rastada teie kasutuskogemust veebisaidil.<\/p>\n<p>-Teiega suhtlemine, sealhulgas teie p\u00e4ringutele vastamine ja projektiga seotud uuenduste edastamine.<\/p>\n<p>&nbsp;<\/p>\n<p>-Veebisaidi kasutamise anal\u00fc\u00fcsimiseks ja j\u00e4lgimiseks ning muudel sisemistel eesm\u00e4rkidel.<\/p>\n<p>-Juriidiliste kohustuste t\u00e4itmiseks.<\/p>\n<p>&nbsp;<\/p>\n<ol start=\"4\">\n<li>T\u00f6\u00f6tlemise \u00f5iguslik alus<\/li>\n<\/ol>\n<p>Me t\u00f6\u00f6tleme teie isikuandmeid \u00fche v\u00f5i mitme j\u00e4rgmise \u00f5igusliku aluse alusel:<\/p>\n<p>-Teie n\u00f5usolek, mille v\u00f5ite igal ajal tagasi v\u00f5tta.<\/p>\n<p>-Vajadus t\u00f6\u00f6tlemiseks teiega s\u00f5lmitud lepingu t\u00e4itmiseks.<\/p>\n<p>-Meie juriidiliste kohustuste t\u00e4itmine.<\/p>\n<p>Meie \u00f5igustatud huvid, n\u00e4iteks meie teenuste ja turundustegevuse parandamine, kui teie \u00f5igused ja huvid ei ole nende huvide suhtes \u00fclimuslikud.<\/p>\n<p>&nbsp;<\/p>\n<ol start=\"5\">\n<li>Teabe jagamine<\/li>\n<\/ol>\n<p>Me v\u00f5ime jagada teie isikuandmeid kolmandate isikutega j\u00e4rgmistel juhtudel:<\/p>\n<p>-Teenusepakkujate ja t\u00f6\u00f6v\u00f5tjatega, kes abistavad meid veebisaidi k\u00e4itamisel ja teenuste osutamisel.<\/p>\n<p>-Meie t\u00fctarettev\u00f5tete ja partneritega, kes osalevad ELi rahastatud projektis.<\/p>\n<p>-vastuseks riigiasutuste seaduslikele taotlustele, sealhulgas riikliku julgeoleku v\u00f5i \u00f5iguskaitse n\u00f5uete t\u00e4itmiseks.<\/p>\n<p>seoses mis tahes \u00fchinemise, ettev\u00f5tte varade m\u00fc\u00fcgi, rahastamise v\u00f5i meie projekti v\u00f5i selle osa omandamisega teise ettev\u00f5tte poolt.<\/p>\n<p>&nbsp;<\/p>\n<ol start=\"6\">\n<li>Andmete turvalisus<\/li>\n<\/ol>\n<p>Me v\u00f5tame asjakohaseid tehnilisi ja korralduslikke meetmeid, et kaitsta teie isikuandmeid volitamata juurdep\u00e4\u00e4su, kasutamise v\u00f5i avalikustamise eest. Siiski ei ole \u00fckski Interneti-\u00fclekande v\u00f5i elektroonilise salvestamise meetod t\u00e4iesti turvaline ja me ei saa tagada absoluutset turvalisust.<\/p>\n<p>&nbsp;<\/p>\n<ol start=\"7\">\n<li>Teie \u00f5igused<\/li>\n<\/ol>\n<p>&nbsp;<\/p>\n<p>Teil on kohaldatavate andmekaitseseaduste kohaselt j\u00e4rgmised \u00f5igused seoses teie isikuandmetega:<\/p>\n<p>-Juurdep\u00e4\u00e4s: Teil on \u00f5igus tutvuda teie kohta k\u00e4ivate isikuandmetega.<\/p>\n<p>-Rektifitseerimine: Te v\u00f5ite taotleda, et me parandaksime ebat\u00e4psed v\u00f5i ebat\u00e4ielikud isikuandmed.<\/p>\n<p>-Kustutamine: Teil on \u00f5igus n\u00f5uda oma isikuandmete kustutamist, kui teatavad erandid ei ole t\u00e4idetud.<\/p>\n<p>-Piirangud: Te v\u00f5ite taotleda, et me piiraksime teie isikuandmete t\u00f6\u00f6tlemist teatud tingimustel.<\/p>\n<p>-Vastuv\u00e4ide: Teil on \u00f5igus esitada vastuv\u00e4iteid oma isikuandmete t\u00f6\u00f6tlemisele, sealhulgas otseturunduse eesm\u00e4rgil.<\/p>\n<p>-Andmete teisaldatavus: Te v\u00f5ite taotleda oma isikuandmete koopiat struktureeritud, \u00fcldkasutatavas ja masinloetavas formaadis.<\/p>\n<p>Nende \u00f5iguste kasutamiseks v\u00f5tke meiega \u00fchendust, kasutades allpool esitatud kontaktandmeid.<\/p>\n<p>&nbsp;<\/p>\n<ol start=\"8\">\n<li>Rahvusvaheline andmeedastus<\/li>\n<\/ol>\n<p>Teie isikuandmeid v\u00f5idakse edastada ja t\u00f6\u00f6delda v\u00e4ljaspool Euroopa Majanduspiirkonda (EMP) asuvates riikides, mis ei pruugi pakkuda sama k\u00f5rget andmekaitse taset kui teie koduriik. Me v\u00f5tame asjakohaseid meetmeid, et tagada teie isikuandmete kaitse vastavalt k\u00e4esolevale poliitikale.<\/p>\n<p>&nbsp;<\/p>\n<ol start=\"9\">\n<li>Muudatused k\u00e4esolevasse poliitikasse<\/li>\n<\/ol>\n<p>Me v\u00f5ime aeg-ajalt ajakohastada k\u00e4esolevat privaatsus- ja andmekaitsetingimusi, et kajastada muudatusi meie tegevuses v\u00f5i muudel operatiivsetel, \u00f5iguslikel v\u00f5i regulatiivsetel p\u00f5hjustel. Soovitame teil seda poliitikat perioodiliselt l\u00e4bi vaadata, et leida ajakohastusi. Viimase ajakohastamise kuup\u00e4ev on m\u00e4rgitud poliitika allosas.<\/p>\n<p>&nbsp;<\/p>\n<ol start=\"10\">\n<li>V\u00f5tke meiega \u00fchendust<\/li>\n<\/ol>\n<p>&nbsp;<\/p>\n<p>Kui teil on k\u00fcsimusi k\u00e4esoleva privaatsus- ja andmekaitsepoliitika v\u00f5i meie andmet\u00f6\u00f6tluse kohta, v\u00f5tke palun \u00fchendust SEAGLOW projektijuhiga aadressil:<\/p>\n<p>&nbsp;<\/p>\n<p>NordDanmarks EU-kontor NOVI Science Park<\/p>\n<p>Niels Jernes Vej 10 DK-9220 Aalborg \u00d8 Tlf: +45 6188 5300<\/p>\n<p>E-post: <a href=\"mailto:info@ndeu.dk\">info@ndeu.dk<\/a><\/p>\n<p>&nbsp;<\/p>\n<p>NordDanmarks EU-Kontor, Bruxelles Avenue Palmerston 18<\/p>\n<p>B-1000 Bruxelles Belgia<\/p>\n<p>E-post: <a href=\"mailto:info@ndeu.dk\">info@ndeu.dk<\/a><\/p>\n<p>&nbsp;<\/p>\n<p style=\"text-align: right;\"><em>Viimati uuendatud: juuli 2024<\/em><\/p>","protected":false},"excerpt":{"rendered":"<p>Privacy and Data Protection Policy \u00a0 Welcome to the Privacy and Data Protection Policy for the SEAGLOW website (the &#8220;Website&#8221;). This policy explains how we collect, use, disclose, and protect [&hellip;]<\/p>\n","protected":false},"author":1,"featured_media":0,"parent":0,"menu_order":0,"comment_status":"closed","ping_status":"closed","template":"","meta":{"footnotes":""},"class_list":["post-907","page","type-page","status-publish","hentry","has-post-title","has-post-date","has-post-category","has-post-tag","has-post-comment","has-post-author",""],"_links":{"self":[{"href":"https:\/\/seaglow.eu\/et\/wp-json\/wp\/v2\/pages\/907","targetHints":{"allow":["GET"]}}],"collection":[{"href":"https:\/\/seaglow.eu\/et\/wp-json\/wp\/v2\/pages"}],"about":[{"href":"https:\/\/seaglow.eu\/et\/wp-json\/wp\/v2\/types\/page"}],"author":[{"embeddable":true,"href":"https:\/\/seaglow.eu\/et\/wp-json\/wp\/v2\/users\/1"}],"replies":[{"embeddable":true,"href":"https:\/\/seaglow.eu\/et\/wp-json\/wp\/v2\/comments?post=907"}],"version-history":[{"count":2,"href":"https:\/\/seaglow.eu\/et\/wp-json\/wp\/v2\/pages\/907\/revisions"}],"predecessor-version":[{"id":909,"href":"https:\/\/seaglow.eu\/et\/wp-json\/wp\/v2\/pages\/907\/revisions\/909"}],"wp:attachment":[{"href":"https:\/\/seaglow.eu\/et\/wp-json\/wp\/v2\/media?parent=907"}],"curies":[{"name":"wp","href":"https:\/\/api.w.org\/{rel}","templated":true}]}}