{"id":902,"date":"2024-07-18T11:40:03","date_gmt":"2024-07-18T11:40:03","guid":{"rendered":"https:\/\/seaglow.eu\/?page_id=902"},"modified":"2024-07-18T11:45:24","modified_gmt":"2024-07-18T11:45:24","slug":"cookies-policy","status":"publish","type":"page","link":"https:\/\/seaglow.eu\/et\/cookies-policy\/","title":{"rendered":"K\u00fcpsiste poliitika"},"content":{"rendered":"<h3 style=\"text-align: center;\">K\u00fcpsiste poliitika<\/h3>\n<p>&nbsp;<\/p>\n<ol>\n<li>Sissejuhatus<\/li>\n<\/ol>\n<p>Tere tulemast SEAGLOW veebilehe (\"Veebileht\") k\u00fcpsiste poliitika juurde. K\u00e4esolev poliitika selgitab, kuidas me kasutame k\u00fcpsiseid ja sarnaseid tehnoloogiaid meie veebisaidil. Kasutades meie veebisaiti, n\u00f5ustute k\u00fcpsiste kasutamisega k\u00e4esolevas poliitikas kirjeldatud viisil. Kui te ei n\u00f5ustu meie k\u00fcpsiste kasutamisega, peaksite oma brauseri seadeid vastavalt muutma v\u00f5i hoiduma meie veebisaidi kasutamisest.<\/p>\n<p>&nbsp;<\/p>\n<p>&nbsp;<\/p>\n<ol start=\"2\">\n<li>Mis on k\u00fcpsised?<\/li>\n<\/ol>\n<p>K\u00fcpsised on v\u00e4ikesed tekstifailid, mis paigutatakse teie seadmesse, kui k\u00fclastate veebisaiti. Neid kasutatakse laialdaselt selleks, et muuta veebisaitide t\u00f6\u00f6d t\u00f5husamaks ja anda veebisaidi omanikele teavet. K\u00fcpsised v\u00f5imaldavad veebisaitidel teie seadet \u00e4ra tunda ja salvestada teavet teie eelistuste v\u00f5i varasemate tegevuste kohta.<\/p>\n<p>&nbsp;<\/p>\n<p>&nbsp;<\/p>\n<ol start=\"3\">\n<li>Meie poolt kasutatavate k\u00fcpsiste t\u00fc\u00fcbid<\/li>\n<\/ol>\n<p>Kasutame oma veebisaidil j\u00e4rgmisi k\u00fcpsiseid:<\/p>\n<p>Rangelt vajalikud k\u00fcpsised: Need k\u00fcpsised on h\u00e4davajalikud, et saaksite veebisaidil navigeerida ja kasutada selle funktsioone, n\u00e4iteks juurdep\u00e4\u00e4s turvalistele aladele. Ilma nende k\u00fcpsisteta ei saa teie poolt soovitud teenuseid pakkuda.<\/p>\n<p>&nbsp;<\/p>\n<p>Tulemuslikkuse k\u00fcpsised: Need k\u00fcpsised koguvad teavet selle kohta, kuidas k\u00fclastajad meie veebisaiti kasutavad, n\u00e4iteks milliseid lehek\u00fclgi k\u00fclastatakse k\u00f5ige sagedamini. Seda teavet kasutatakse meie veebisaidi ja kasutajakogemuse parandamiseks.<\/p>\n<p>Funktsionaalsus K\u00fcpsised: Need k\u00fcpsised v\u00f5imaldavad veebisaidil meeles pidada teie tehtud valikuid (n\u00e4iteks kasutajanimi, keel v\u00f5i piirkond) ja pakkuda t\u00e4iustatud, isikup\u00e4rastatud funktsioone.<\/p>\n<p>Sihtotstarbelised\/reklaamik\u00fcpsised: Need k\u00fcpsised on m\u00f5eldud selleks, et pakkuda teile ja teie huvidele asjakohasemat sisu. Neid v\u00f5idakse kasutada ka selleks, et piirata reklaami n\u00e4gemise kordade arvu ja m\u00f5\u00f5ta reklaamikampaaniate t\u00f5husust.<\/p>\n<p>&nbsp;<\/p>\n<p>&nbsp;<\/p>\n<ol start=\"4\">\n<li>Kuidas me kasutame k\u00fcpsiseid<\/li>\n<\/ol>\n<p>Me kasutame k\u00fcpsiseid j\u00e4rgmistel eesm\u00e4rkidel:<\/p>\n<p>-Et tagada veebilehe n\u00f5uetekohast toimimist.<\/p>\n<p>-Anal\u00fc\u00fcsida ja parandada meie veebisaidi toimimist.<\/p>\n<p>-Kasutamiskogemuse isikup\u00e4rastamiseks meie veebisaidil.<\/p>\n<p>-Suunatud reklaami edastamiseks teie sirvimistegevuse alusel.<\/p>\n<p>&nbsp;<\/p>\n<p>&nbsp;<\/p>\n<ol start=\"5\">\n<li>Kolmanda osapoole k\u00fcpsised<\/li>\n<\/ol>\n<p>Meie veebisait v\u00f5ib kasutada ka kolmandate osapoolte teenusepakkujate k\u00fcpsiseid, n\u00e4iteks Google Analytics, et aidata meil anal\u00fc\u00fcsida, kuidas kasutajad veebisaidiga suhtlevad. Need k\u00fcpsised v\u00f5ivad koguda teavet anon\u00fc\u00fcmselt ja anda aru veebisaidi suundumustest ilma \u00fcksikuid k\u00fclastajaid tuvastamata. Lisateavet selle kohta, kuidas need kolmandad osapooled k\u00fcpsiseid kasutavad, leiate nende vastavatest privaatsuspoliitikatest.<\/p>\n<p>&nbsp;<\/p>\n<p>&nbsp;<\/p>\n<ol start=\"6\">\n<li>K\u00fcpsiste haldamine<\/li>\n<\/ol>\n<p>K\u00fcpsiseid saab kontrollida ja hallata mitmel viisil. Pange t\u00e4hele, et k\u00fcpsiste eemaldamine v\u00f5i blokeerimine v\u00f5ib m\u00f5jutada teie kasutuskogemust ja m\u00f5ned veebisaidi osad ei pruugi korralikult toimida. Saate oma k\u00fcpsiste eelistusi hallata oma brauseri seadete kaudu. Lisateavet k\u00fcpsiste haldamise kohta leiate oma brauseri abilehtedelt.<\/p>\n<p>&nbsp;<\/p>\n<ol start=\"7\">\n<li>Selle poliitika uuendused<\/li>\n<\/ol>\n<p>Me v\u00f5ime seda k\u00fcpsiste poliitikat aeg-ajalt ajakohastada, et kajastada muutusi meie tavades v\u00f5i muudel operatiivsetel, \u00f5iguslikel v\u00f5i regulatiivsetel p\u00f5hjustel. Soovitame teil seda poliitikat perioodiliselt \u00fcle vaadata, et seda ajakohastada. Viimase uuenduse kuup\u00e4ev on m\u00e4rgitud poliitika \u00fclaosas.<\/p>\n<p>&nbsp;<\/p>\n<p>&nbsp;<\/p>\n<ol start=\"8\">\n<li>V\u00f5tke meiega \u00fchendust<\/li>\n<\/ol>\n<p>Kui teil on k\u00fcsimusi meie k\u00fcpsiste kasutamise v\u00f5i k\u00e4esoleva k\u00fcpsiste poliitika kohta, v\u00f5tke palun \u00fchendust projektijuhi SEAGLOWga aadressil:<\/p>\n<p>&nbsp;<\/p>\n<p>&nbsp;<\/p>\n<p>NordDanmarks EU-kontor NOVI Science Park<\/p>\n<p>Niels Jernes Vej 10 DK-9220 Aalborg \u00d8 Tlf: +45 6188 5300<\/p>\n<p>E-post: <a href=\"mailto:info@ndeu.dk\">info@ndeu.dk<\/a><\/p>\n<p>&nbsp;<\/p>\n<p>&nbsp;<\/p>\n<p>NordDanmarks EU-Kontor, Bruxelles Avenue Palmerston 18<\/p>\n<p>B-1000 Bruxelles Belgia<\/p>\n<p>E-post: <a href=\"mailto:info@ndeu.dk\">info@ndeu.dk<\/a><\/p>","protected":false},"excerpt":{"rendered":"<p>Cookies Policy &nbsp; Introduction Welcome to the cookies policy for the SEAGLOW website (the &#8220;Website&#8221;). This policy explains how we use cookies and similar technologies on our Website. By using [&hellip;]<\/p>\n","protected":false},"author":1,"featured_media":0,"parent":0,"menu_order":0,"comment_status":"open","ping_status":"closed","template":"","meta":{"footnotes":""},"class_list":["post-902","page","type-page","status-publish","hentry","has-post-title","has-post-date","has-post-category","has-post-tag","has-post-comment","has-post-author",""],"_links":{"self":[{"href":"https:\/\/seaglow.eu\/et\/wp-json\/wp\/v2\/pages\/902","targetHints":{"allow":["GET"]}}],"collection":[{"href":"https:\/\/seaglow.eu\/et\/wp-json\/wp\/v2\/pages"}],"about":[{"href":"https:\/\/seaglow.eu\/et\/wp-json\/wp\/v2\/types\/page"}],"author":[{"embeddable":true,"href":"https:\/\/seaglow.eu\/et\/wp-json\/wp\/v2\/users\/1"}],"replies":[{"embeddable":true,"href":"https:\/\/seaglow.eu\/et\/wp-json\/wp\/v2\/comments?post=902"}],"version-history":[{"count":4,"href":"https:\/\/seaglow.eu\/et\/wp-json\/wp\/v2\/pages\/902\/revisions"}],"predecessor-version":[{"id":906,"href":"https:\/\/seaglow.eu\/et\/wp-json\/wp\/v2\/pages\/902\/revisions\/906"}],"wp:attachment":[{"href":"https:\/\/seaglow.eu\/et\/wp-json\/wp\/v2\/media?parent=902"}],"curies":[{"name":"wp","href":"https:\/\/api.w.org\/{rel}","templated":true}]}}