{"id":70,"date":"2020-11-17T16:00:54","date_gmt":"2020-11-17T16:00:54","guid":{"rendered":"https:\/\/seaglow.eu\/?page_id=20"},"modified":"2024-10-15T11:05:14","modified_gmt":"2024-10-15T11:05:14","slug":"about-us-old","status":"publish","type":"page","link":"https:\/\/seaglow.eu\/et\/about-us-old\/","title":{"rendered":"About us &#8211; old"},"content":{"rendered":"<h6>\u25cfSEAGLOW<\/h6>\n<h1>MEIST<\/h1>\n<p>&lt;h5<\/p>\n<p><img loading=\"lazy\" decoding=\"async\" src=\"https:\/\/seaglow.eu\/wp-content\/uploads\/2024\/07\/sd1.jpg\" sizes=\"auto, (max-width:767px) 480px, 506px\" srcset=\"https:\/\/seaglow.eu\/wp-content\/uploads\/2024\/07\/sd1.jpg 506w, https:\/\/seaglow.eu\/wp-content\/uploads\/2024\/07\/sd1-375x500.jpg 375w, https:\/\/seaglow.eu\/wp-content\/uploads\/2024\/07\/sd1-225x300.jpg 225w, https:\/\/seaglow.eu\/wp-content\/uploads\/2024\/07\/sd1-56x75.jpg 56w, https:\/\/seaglow.eu\/wp-content\/uploads\/2024\/07\/sd1-480x639.jpg 480w\" alt=\"\" width=\"506\" height=\"674\" \/><\/p>\n<h2>Seaglow on 16 Euroopa partneri konsortsium.<\/h2>\n<p>Seaglow on 16 Euroopa Liidu, Norra ja Tai partneri konsortsium. ELi rahastatud ja P\u00f5hja-Taani ELi b\u00fcroo juhitud algatuse eesm\u00e4rk on n\u00e4idata, et \u00f5iget tehnoloogiakombinatsiooni kasutades saab v\u00e4ikesemahuline kalap\u00fc\u00fck v\u00e4hendada s\u00f5ltuvust fossiilsetest k\u00fctustest ning aidata kaasa mere \u00f6kos\u00fcsteemide taastamisele ja kalap\u00fc\u00fcgiga tegelevate kogukondade heaolu parandamisele.<\/p>\n<p>SEAGLOW konsortsium projekteerib, ehitab ja k\u00e4itab viit tehnoloogilist pilootprojekti, sealhulgas tavap\u00e4raste diiselmootorite asendamist ning E-katete ja anduritehnoloogiate kasutamist neljal laeval Taanis, Eestis, Norras ja Rootsis.<\/p>\n<h2>Seaglow on kavas rakendada v\u00e4hemalt 48 kuud, alates 2024. aasta aprillist.<\/h2>\n<p>SEAGLOW konsortsiumi eesm\u00e4rk on selgelt ja \u00fchem\u00f5tteliselt n\u00e4idata, et sobivate tehnoloogiate kombinatsiooni kasutamine muudab olukorda, v\u00f5imaldades k\u00fctusekulu kulut\u00f5husalt v\u00e4hendada, tuues kasu kalurkonnale ja keskkonnale ning kiirendades positiivsete muutuste v\u00f5imalusi.<\/p>\n<p><a href=\"https:\/\/seaglow.eu\/et\/vehicles\/\"><br \/>\nMida me teeme<br \/>\n<\/a><br \/>\n<img loading=\"lazy\" decoding=\"async\" src=\"https:\/\/seaglow.eu\/wp-content\/uploads\/2024\/07\/erd1.jpg\" sizes=\"auto, (max-width:767px) 480px, 611px\" srcset=\"https:\/\/seaglow.eu\/wp-content\/uploads\/2024\/07\/erd1.jpg 611w, https:\/\/seaglow.eu\/wp-content\/uploads\/2024\/07\/erd1-500x348.jpg 500w, https:\/\/seaglow.eu\/wp-content\/uploads\/2024\/07\/erd1-300x209.jpg 300w, https:\/\/seaglow.eu\/wp-content\/uploads\/2024\/07\/erd1-108x75.jpg 108w, https:\/\/seaglow.eu\/wp-content\/uploads\/2024\/07\/erd1-480x334.jpg 480w\" alt=\"\" width=\"611\" height=\"425\" \/><br \/>\n<img loading=\"lazy\" decoding=\"async\" src=\"https:\/\/seaglow.eu\/wp-content\/uploads\/2024\/09\/Seaglow-Partner-Logos_updated-1200x341.jpg\" sizes=\"auto, (max-width:767px) 480px, (max-width:1200px) 100vw, 1200px\" srcset=\"https:\/\/seaglow.eu\/wp-content\/uploads\/2024\/09\/Seaglow-Partner-Logos_updated-1200x341.jpg 1200w, https:\/\/seaglow.eu\/wp-content\/uploads\/2024\/09\/Seaglow-Partner-Logos_updated-500x142.jpg 500w, https:\/\/seaglow.eu\/wp-content\/uploads\/2024\/09\/Seaglow-Partner-Logos_updated-300x85.jpg 300w, https:\/\/seaglow.eu\/wp-content\/uploads\/2024\/09\/Seaglow-Partner-Logos_updated-768x218.jpg 768w, https:\/\/seaglow.eu\/wp-content\/uploads\/2024\/09\/Seaglow-Partner-Logos_updated-1536x436.jpg 1536w, https:\/\/seaglow.eu\/wp-content\/uploads\/2024\/09\/Seaglow-Partner-Logos_updated-2048x581.jpg 2048w, https:\/\/seaglow.eu\/wp-content\/uploads\/2024\/09\/Seaglow-Partner-Logos_updated-150x43.jpg 150w, https:\/\/seaglow.eu\/wp-content\/uploads\/2024\/09\/Seaglow-Partner-Logos_updated-480x136.jpg 480w\" alt=\"\" width=\"1200\" height=\"341\" \/><\/p>\n<h2>T\u00e4iendavate p\u00e4ringute puhul v\u00f5tke julgelt \u00fchendust<\/h2>\n<p><a href=\"https:\/\/seaglow.eu\/et\/contact\/\"><br \/>\nSAATKE MEILE S\u00d5NUM<br \/>\n<\/a><\/p>","protected":false},"excerpt":{"rendered":"<p>\u25cfSEAGLOW ABOUT US &lt;h5 Seaglow is a consortium of 16 Europeans Partners Seaglow is a consortium of 16 partners from across the European Union, Norway and Thailand. The initiative, funded [&hellip;]<\/p>\n","protected":false},"author":1,"featured_media":0,"parent":0,"menu_order":0,"comment_status":"open","ping_status":"closed","template":"","meta":{"footnotes":""},"class_list":["post-70","page","type-page","status-publish","hentry","has-post-title","has-post-date","has-post-category","has-post-tag","has-post-comment","has-post-author",""],"_links":{"self":[{"href":"https:\/\/seaglow.eu\/et\/wp-json\/wp\/v2\/pages\/70","targetHints":{"allow":["GET"]}}],"collection":[{"href":"https:\/\/seaglow.eu\/et\/wp-json\/wp\/v2\/pages"}],"about":[{"href":"https:\/\/seaglow.eu\/et\/wp-json\/wp\/v2\/types\/page"}],"author":[{"embeddable":true,"href":"https:\/\/seaglow.eu\/et\/wp-json\/wp\/v2\/users\/1"}],"replies":[{"embeddable":true,"href":"https:\/\/seaglow.eu\/et\/wp-json\/wp\/v2\/comments?post=70"}],"version-history":[{"count":42,"href":"https:\/\/seaglow.eu\/et\/wp-json\/wp\/v2\/pages\/70\/revisions"}],"predecessor-version":[{"id":1049,"href":"https:\/\/seaglow.eu\/et\/wp-json\/wp\/v2\/pages\/70\/revisions\/1049"}],"wp:attachment":[{"href":"https:\/\/seaglow.eu\/et\/wp-json\/wp\/v2\/media?parent=70"}],"curies":[{"name":"wp","href":"https:\/\/api.w.org\/{rel}","templated":true}]}}