{"id":1053,"date":"2024-10-15T15:00:03","date_gmt":"2024-10-15T15:00:03","guid":{"rendered":"https:\/\/seaglow.eu\/?page_id=1053"},"modified":"2024-11-22T08:48:08","modified_gmt":"2024-11-22T08:48:08","slug":"what-we-do","status":"publish","type":"page","link":"https:\/\/seaglow.eu\/et\/what-we-do\/","title":{"rendered":"Mida me teeme"},"content":{"rendered":"<!--themify_builder_content-->\n<div id=\"themify_builder_content-1053\" data-postid=\"1053\" class=\"themify_builder_content themify_builder_content-1053 themify_builder tf_clear\">\n                    <div  data-lazy=\"1\" class=\"module_row themify_builder_row tb_39vn18 tb_first tf_w\">\n                        <div class=\"row_inner col_align_top tb_col_count_1 tf_box tf_rel\">\n                        <div  data-lazy=\"1\" class=\"module_column tb-column col-full tb_ws2x18 first\">\n        <span class=\"builder_row_cover tf_abs\"><\/span>            <!-- module text -->\n<div  class=\"module module-text tb_js1718\" data-lazy=\"1\">\n        <div  class=\"tb_text_wrap\">\n        <h1>MIDA ME TEEME<\/h1>\n<p style=\"text-align: center;\"><em>SEAGLOW konsortsiumi eesm\u00e4rk on n\u00e4idata selgelt ja \u00fchem\u00f5tteliselt, et kasutada<strong> sobivate tehnoloogiate kombinatsioon on m\u00e4ngu muutja<\/strong>, mis v\u00f5imaldab k\u00fctusekulu kulut\u00f5husalt v\u00e4hendada, tuues kasu kalurkonnale ja keskkonnale ning kiirendades positiivsete muutuste v\u00f5imalusi.<\/em><\/p>    <\/div>\n<\/div>\n<!-- \/module text -->        <\/div>\n                        <\/div>\n        <\/div>\n                        <div  data-lazy=\"1\" class=\"module_row themify_builder_row tb_lx5s154 tf_w\">\n                        <div class=\"row_inner col_align_top tb_col_count_2 tf_box tf_rel\">\n                        <div  data-lazy=\"1\" class=\"module_column tb-column col4-2 tb_7wgf155 first\">\n                    <!-- module text -->\n<div  class=\"module module-text tb_ry6g158\" data-lazy=\"1\">\n        <div  class=\"tb_text_wrap\">\n        <h4>Veebruaris 2023 avaldas Euroopa Komisjon meetmete kogumi ELi kalandus- ja vesiviljelussektori j\u00e4tkusuutlikkuse ja vastupanuv\u00f5ime parandamiseks, sealhulgas <a href=\"https:\/\/oceans-and-fisheries.ec.europa.eu\/publications\/communication-commission-energy-transition-eu-fisheries-and-aquaculture-sector_en\">Teatis ELi kalandus- ja vesiviljelussektori energia \u00fclemineku kohta<\/a>. Meetmete peamised eesm\u00e4rgid on edendada puhtamate energiaallikate kasutamist ja v\u00e4hendada s\u00f5ltuvust fossiilk\u00fctustest ning v\u00e4hendada kalandussektori m\u00f5ju mere \u00f6kos\u00fcsteemidele.<\/h4>    <\/div>\n<\/div>\n<!-- \/module text -->        <\/div>\n                    <div  data-lazy=\"1\" class=\"module_column tb-column col4-2 tb_eepy155 last\">\n                    <!-- module image -->\n<div  class=\"module module-image tb_qzl8177 image-full-overlay   tf_mw\" data-lazy=\"1\">\n        <div class=\"image-wrap tf_rel tf_mw\">\n            <img loading=\"lazy\" decoding=\"async\" width=\"1920\" height=\"2560\" src=\"https:\/\/seaglow.eu\/wp-content\/uploads\/2024\/06\/billede-20240604-120228-bcef2de1-scaled.jpeg\" class=\"wp-post-image wp-image-638\" title=\"billede - 20240604-120228-bcef2de1\" alt=\"billede - 20240604-120228-bcef2de1\" srcset=\"https:\/\/seaglow.eu\/wp-content\/uploads\/2024\/06\/billede-20240604-120228-bcef2de1-scaled.jpeg 1920w, https:\/\/seaglow.eu\/wp-content\/uploads\/2024\/06\/billede-20240604-120228-bcef2de1-375x500.jpeg 375w, https:\/\/seaglow.eu\/wp-content\/uploads\/2024\/06\/billede-20240604-120228-bcef2de1-900x1200.jpeg 900w, https:\/\/seaglow.eu\/wp-content\/uploads\/2024\/06\/billede-20240604-120228-bcef2de1-225x300.jpeg 225w, https:\/\/seaglow.eu\/wp-content\/uploads\/2024\/06\/billede-20240604-120228-bcef2de1-768x1024.jpeg 768w, https:\/\/seaglow.eu\/wp-content\/uploads\/2024\/06\/billede-20240604-120228-bcef2de1-1152x1536.jpeg 1152w, https:\/\/seaglow.eu\/wp-content\/uploads\/2024\/06\/billede-20240604-120228-bcef2de1-1536x2048.jpeg 1536w, https:\/\/seaglow.eu\/wp-content\/uploads\/2024\/06\/billede-20240604-120228-bcef2de1-56x75.jpeg 56w, https:\/\/seaglow.eu\/wp-content\/uploads\/2024\/06\/billede-20240604-120228-bcef2de1-480x640.jpeg 480w\" sizes=\"auto, (max-width: 1920px) 100vw, 1920px\" \/>    \n        <\/div>\n    <!-- \/image-wrap -->\n    \n        <\/div>\n<!-- \/module image -->        <\/div>\n                        <\/div>\n        <\/div>\n                        <div  data-lazy=\"1\" class=\"module_row themify_builder_row tb_zw9v105 tf_w\">\n                        <div class=\"row_inner col_align_top tb_col_count_2 tf_box tf_rel\">\n                        <div  data-lazy=\"1\" class=\"module_column tb-column col4-2 tb_u1r3105 first\">\n                    <!-- module text -->\n<div  class=\"module module-text tb_uv0n658\" data-lazy=\"1\">\n        <div  class=\"tb_text_wrap\">\n        <h2><span style=\"color: #aec93e;\">Seaglow aitab aktiivselt kaasa kahe peamise eesm\u00e4rgi saavutamisele<\/span> muutuste suunad\u00a0<\/h2>    <\/div>\n<\/div>\n<!-- \/module text --><!-- module image -->\n<div  class=\"module module-image tb_oh8k691 image-top   tf_mw\" data-lazy=\"1\">\n        <div class=\"image-wrap tf_rel tf_mw\">\n            <img loading=\"lazy\" decoding=\"async\" src=\"http:\/\/seaglow.eu\/wp-content\/uploads\/2024\/11\/DSC_0172.jpg\" width=\"496\" height=\"362\" title=\"Mida me teeme\" alt=\"What we do\">    \n        <\/div>\n    <!-- \/image-wrap -->\n    \n        <\/div>\n<!-- \/module image -->        <\/div>\n                    <div  data-lazy=\"1\" class=\"module_column tb-column col4-2 tb_h4oj237 last\">\n                    <!-- module text -->\n<div  class=\"module module-text tb_uxnu651\" data-lazy=\"1\">\n        <div  class=\"tb_text_wrap\">\n        <ul>\n<li>\n<h4>Energiat\u00f5hususe suurendamine l\u00fchikeses ja keskpikas perspektiivis\u00a0<\/h4>\n<\/li>\n<li>\n<h4>j\u00e4rkj\u00e4rguline \u00fcleminek fossiilk\u00fctustelt teistele taastuvatele ja v\u00e4hese s\u00fcsinikdioksiidiheitega energiaallikatele.<\/h4>\n<\/li>\n<\/ul>\n<p>Kalandussektori soovituslik eesm\u00e4rk on v\u00e4hendada fossiilk\u00fctuste kasutamise intensiivsust (liitrites lossitud toote kilogrammi kohta) aastatel 2019-2030 &gt;15 % v\u00f5rra, kusjuures l\u00f5ppeesm\u00e4rk on CO2-neutraalsus 2050. aastaks. Meetmed annavad aega investeeringuteks ja \u00fcleminekut kavatsetakse teostada j\u00e4rk-j\u00e4rgult, et aidata sektoril kohaneda. Protsessi osana h\u00f5lmab tegevuskava algatusi teadusuuringute ja innovatsiooni stimuleerimiseks, vajalike t\u00f6\u00f6j\u00f5u oskuste arendamiseks ning ettev\u00f5tlus- ja investeerimiskeskkonna, sealhulgas rahastamise parandamiseks.<\/p>    <\/div>\n<\/div>\n<!-- \/module text -->        <\/div>\n                        <\/div>\n        <\/div>\n                        <div  data-lazy=\"1\" class=\"module_row themify_builder_row tb_klc5537 tf_w\">\n                        <div class=\"row_inner col_align_top tb_col_count_1 tf_box tf_rel\">\n                        <div  data-lazy=\"1\" class=\"module_column tb-column col-full tb_aqgb537 first\">\n                    <!-- module text -->\n<div  class=\"module module-text tb_z4o1537\" data-lazy=\"1\">\n        <div  class=\"tb_text_wrap\">\n        <h2 style=\"text-align: center;\"><strong>V\u00e4ljakutsed energiavajaduste rahuldamisel sinise majanduse kontekstis<\/strong><\/h2>\n<p style=\"text-align: center;\"><span style=\"color: #01328a;\">S\u00e4\u00e4stvate energialahenduste ja merendussektori tegelikkuse tasakaalustamine<\/span><\/p>    <\/div>\n<\/div>\n<!-- \/module text -->        <div  data-lazy=\"1\" class=\"module_subrow themify_builder_sub_row tf_w col_align_top tb_col_count_3 tb_9pze80\">\n                <div  data-lazy=\"1\" class=\"module_column sub_column col3-1 tb_zg3v81 first\">\n                    <!-- module image -->\n<div  class=\"module module-image tb_k5hb963 image-top   tf_mw\" data-lazy=\"1\">\n        <div class=\"image-wrap tf_rel tf_mw\">\n            <img loading=\"lazy\" decoding=\"async\" src=\"http:\/\/seaglow.eu\/wp-content\/uploads\/2024\/06\/durabilite.png\" width=\"512\" height=\"512\" title=\"Mida me teeme\" alt=\"What we do\">    \n        <\/div>\n    <!-- \/image-wrap -->\n    \n        <\/div>\n<!-- \/module image --><!-- module text -->\n<div  class=\"module module-text tb_k6p594\" data-lazy=\"1\">\n        <div  class=\"tb_text_wrap\">\n        <p>Kuigi v\u00e4ljakutsed on teada, on sinise majanduse \u00fcmberkujundamiseks vajalike energian\u00f5uete t\u00e4itmine keeruline. Praegused \u00f5igusaktid n\u00f5uavad, et asendusajamite v\u00f5imsus peab olema sama suur v\u00f5i v\u00e4iksem kui algsel mootoril, ning need v\u00f5ivad sisaldada n\u00f5udeid v\u00e4iksema CO2-heitme kohta.<\/p>\n<p>Uue tehnoloogia kaal v\u00f5ib olla suurem kui tavap\u00e4raste diiselmootorite puhul, mis v\u00f5ib m\u00f5jutada p\u00fc\u00fcgiv\u00f5imsust, mis p\u00f5hineb brutotonnaa\u017eil. Eriti vanemate, v\u00e4iksemate kalalaevade puhul on suurus sageli probleemiks, kuna uued seadmed v\u00f5ivad v\u00f5tta rohkem ruumi v\u00f5i m\u00f5jutada laeva stabiilsust. Seda v\u00f5imsuse \u00fclemm\u00e4\u00e4ra v\u00f5ib veelgi enam takistada mootorite hooldamiseks ja hooldamiseks sobiva sadama infrastruktuuri puudumine.\u00a0<\/p>    <\/div>\n<\/div>\n<!-- \/module text -->        <\/div>\n                    <div  data-lazy=\"1\" class=\"module_column sub_column col3-1 tb_5yn0888\">\n                    <!-- module image -->\n<div  class=\"module module-image tb_n52j888 image-top   tf_mw\" data-lazy=\"1\">\n        <div class=\"image-wrap tf_rel tf_mw\">\n            <img loading=\"lazy\" decoding=\"async\" src=\"http:\/\/seaglow.eu\/wp-content\/uploads\/2024\/06\/presentation.png\" width=\"512\" height=\"512\" title=\"Mida me teeme\" alt=\"What we do\">    \n        <\/div>\n    <!-- \/image-wrap -->\n    \n        <\/div>\n<!-- \/module image --><!-- module text -->\n<div  class=\"module module-text tb_2d2u888\" data-lazy=\"1\">\n        <div  class=\"tb_text_wrap\">\n        <p>Teadmiste ja oskuste osas on m\u00e4rkimisv\u00e4\u00e4rne puuduj\u00e4\u00e4k, sest paljud kalandussektori t\u00f6\u00f6tajad ei ole teadlikud uutest, t\u00f5husamatest tehnoloogiatest ja neil puuduvad praktilised oskused uute j\u00f5useadmetega t\u00f6\u00f6tamiseks. T\u00f6\u00f6stus vananeb, paljud paadiomanikud on n\u00fc\u00fcdseks \u00fcle 502 aasta vanad, ja nooremaid inimesi on olnud raske t\u00f6\u00f6stusse meelitada.<\/p>\n<p>Teatavate energiat\u00f5husate v\u00f5i v\u00e4hese s\u00fcsinikdioksiidiheitega k\u00e4ituritehnoloogiate kasutuselev\u00f5tuga kaasnevad suhteliselt suured investeerimiskulud, v\u00f5rreldes enamiku kalalaevastiku laevade piiratud tuludega, mis muudab investeeringud riskantseks ja v\u00f5ib uute tehnoloogiate rakendamist edasi l\u00fckata. L\u00f5puks on t\u00f6\u00f6stusharus teatav vastuseis, mis tuleneb traditsioonidest ja soovist s\u00e4ilitada tuntud ja j\u00e4releproovitud eluviisi.\u00a0<\/p>    <\/div>\n<\/div>\n<!-- \/module text -->        <\/div>\n                    <div  data-lazy=\"1\" class=\"module_column sub_column col3-1 tb_ibeg443 last\">\n                    <!-- module image -->\n<div  class=\"module module-image tb_6qaj443 image-top   tf_mw\" data-lazy=\"1\">\n        <div class=\"image-wrap tf_rel tf_mw\">\n            <img loading=\"lazy\" decoding=\"async\" src=\"http:\/\/seaglow.eu\/wp-content\/uploads\/2024\/06\/energie-maremotrice.png\" width=\"512\" height=\"512\" title=\"Mida me teeme\" alt=\"What we do\">    \n        <\/div>\n    <!-- \/image-wrap -->\n    \n        <\/div>\n<!-- \/module image --><!-- module text -->\n<div  class=\"module module-text tb_9q00443\" data-lazy=\"1\">\n        <div  class=\"tb_text_wrap\">\n        <p>SEAGLOW konsortsium tunnistab t\u00f6\u00f6stuse v\u00e4ljakutseid ja Euroopa rohelise kokkuleppe raames kehtestatud poliitilisi suundumusi, eelk\u00f5ige uut l\u00e4henemisviisi sinisele majandusele. See loob omavahel seotud, t\u00e4iendavaid ja valdkondadevahelisi katsejuhtumeid kogu L\u00e4\u00e4nemeres ja P\u00f5hjameres, n\u00e4idates sobivaid tehnoloogiaid, millel v\u00f5ib olla l\u00fchi-, kesk- ja pikaajaline m\u00f5ju. Seaglow pilootprojektide toetuseks on kvaliteetsed andmed, mis aitavad parandada investeeringuid asjakohastesse energia \u00fclemineku lahendustesse.<\/p>\n<p>Konsortsium kasutab kombinatsiooni tehnoloogiatest ja meetoditest, mida peetakse t\u00f6\u00f6stusele sobivaks kulude, toetuse ja hoolduse seisukohast. Nende tehnoloogiate kombineerimine, mis toimib valdkondadevahelisel ja \u00fcksteist t\u00e4iendaval viisil ning kasutab partnerluse \u00fchiseid oskusi, kogemusi ja v\u00f5rgustikke, p\u00f5hineb uudsel l\u00e4henemisviisil, millega luuakse uusi energia \u00fclemineku partnerlussuhteid erinevatel tasanditel.<\/p>    <\/div>\n<\/div>\n<!-- \/module text -->        <\/div>\n                    <\/div>\n                <\/div>\n                        <\/div>\n        <\/div>\n                        <div  data-lazy=\"1\" class=\"module_row themify_builder_row tb_t108296 tf_w\">\n                        <div class=\"row_inner col_align_top tb_col_count_1 tf_box tf_rel\">\n                        <div  data-lazy=\"1\" class=\"module_column tb-column col-full tb_2v94296 first\">\n                    <!-- module text -->\n<div  class=\"module module-text tb_k0yt64\" data-lazy=\"1\">\n        <div  class=\"tb_text_wrap\">\n        <p style=\"text-align: center;\"><em>HORIZON-MISS-2023-OCEAN-01-05 - L\u00e4\u00e4nemere ja P\u00f5hjamere vesikonna tuletorn - Keskkonnahoidlikud ja energiat\u00f5husad v\u00e4ikesemahulised kalalaevastikud - Projekt: 101157477 - SEAGLOW\u00a0<\/em><\/p>    <\/div>\n<\/div>\n<!-- \/module text -->        <\/div>\n                        <\/div>\n        <\/div>\n                        <div  data-lazy=\"1\" class=\"module_row themify_builder_row tb_d6f5113 tf_w\">\n                        <div class=\"row_inner col_align_top tb_col_count_1 tf_box tf_rel\">\n                        <div  data-lazy=\"1\" class=\"module_column tb-column col-full tb_c16z114 first\">\n                            <\/div>\n                        <\/div>\n        <\/div>\n                        <div  data-lazy=\"1\" class=\"module_row themify_builder_row tb_vopq798 tf_w\">\n                        <div class=\"row_inner col_align_top tb_col_count_1 tf_box tf_rel\">\n                        <div  data-lazy=\"1\" class=\"module_column tb-column col-full tb_mg3u798 first\">\n                    <!-- module text -->\n<div  class=\"module module-text tb_2bqh114\" data-lazy=\"1\">\n        <div  class=\"tb_text_wrap\">\n        <p><em>Fotokrediit selle lehek\u00fclje jaoks: @Len Duevel @Seaglow<\/em><\/p>    <\/div>\n<\/div>\n<!-- \/module text -->        <\/div>\n                        <\/div>\n        <\/div>\n        <\/div>\n<!--\/themify_builder_content-->","protected":false},"excerpt":{"rendered":"<p>WHAT WE DO The ambition of the SEAGLOW consortium is to demonstrate clearly and unequivocally that the use of a combination of appropriate technologies is a game-changer, allowing the cost-efficient [&hellip;]<\/p>\n","protected":false},"author":2,"featured_media":0,"parent":0,"menu_order":0,"comment_status":"closed","ping_status":"closed","template":"","meta":{"footnotes":""},"class_list":["post-1053","page","type-page","status-publish","hentry","has-post-title","has-post-date","has-post-category","has-post-tag","has-post-comment","has-post-author",""],"_links":{"self":[{"href":"https:\/\/seaglow.eu\/et\/wp-json\/wp\/v2\/pages\/1053","targetHints":{"allow":["GET"]}}],"collection":[{"href":"https:\/\/seaglow.eu\/et\/wp-json\/wp\/v2\/pages"}],"about":[{"href":"https:\/\/seaglow.eu\/et\/wp-json\/wp\/v2\/types\/page"}],"author":[{"embeddable":true,"href":"https:\/\/seaglow.eu\/et\/wp-json\/wp\/v2\/users\/2"}],"replies":[{"embeddable":true,"href":"https:\/\/seaglow.eu\/et\/wp-json\/wp\/v2\/comments?post=1053"}],"version-history":[{"count":42,"href":"https:\/\/seaglow.eu\/et\/wp-json\/wp\/v2\/pages\/1053\/revisions"}],"predecessor-version":[{"id":1325,"href":"https:\/\/seaglow.eu\/et\/wp-json\/wp\/v2\/pages\/1053\/revisions\/1325"}],"wp:attachment":[{"href":"https:\/\/seaglow.eu\/et\/wp-json\/wp\/v2\/media?parent=1053"}],"curies":[{"name":"wp","href":"https:\/\/api.w.org\/{rel}","templated":true}]}}