{"id":907,"date":"2024-07-18T11:47:07","date_gmt":"2024-07-18T11:47:07","guid":{"rendered":"https:\/\/seaglow.eu\/?page_id=907"},"modified":"2024-07-18T11:47:39","modified_gmt":"2024-07-18T11:47:39","slug":"privacy-and-data-protection-policy","status":"publish","type":"page","link":"https:\/\/seaglow.eu\/de\/privacy-and-data-protection-policy\/","title":{"rendered":"Privatsph\u00e4re und Datenschutz"},"content":{"rendered":"<h3 style=\"text-align: center;\">Privatsph\u00e4re und Datenschutz<\/h3>\n<p><strong>\u00a0<\/strong><\/p>\n<p>Willkommen bei den Datenschutzbestimmungen f\u00fcr die SEAGLOW-Website (die \"Website\"). Diese Richtlinie erkl\u00e4rt, wie wir Ihre pers\u00f6nlichen Daten sammeln, verwenden, offenlegen und sch\u00fctzen, wenn Sie unsere Website besuchen. Durch die Nutzung unserer Website erkl\u00e4ren Sie sich mit den in dieser Richtlinie beschriebenen Praktiken einverstanden.<\/p>\n<p>&nbsp;<\/p>\n<ol start=\"2\">\n<li>Gesammelte Informationen<\/li>\n<\/ol>\n<p>Pers\u00f6nliche Informationen: Wir k\u00f6nnen personenbezogene Daten sammeln, die Sie uns freiwillig zur Verf\u00fcgung stellen, wenn Sie mit der Website interagieren, wie z. B. Ihren Namen, Ihre E-Mail-Adresse, Ihre Telefonnummer und andere Informationen, die Sie uns zur Verf\u00fcgung stellen.<\/p>\n<p>Automatisch gesammelte Informationen: Wir k\u00f6nnen auch automatisch bestimmte Informationen \u00fcber Ihr Ger\u00e4t und die Nutzung der Website mithilfe von Cookies und \u00e4hnlichen Technologien erfassen. Dazu k\u00f6nnen Ihre IP-Adresse, der Browsertyp, das Betriebssystem, verweisende URLs und die aufgerufenen Seiten geh\u00f6ren.<\/p>\n<p>&nbsp;<\/p>\n<ol start=\"3\">\n<li>Verwendung von Informationen<\/li>\n<\/ol>\n<p>Wir verwenden die von uns gesammelten Informationen f\u00fcr die folgenden Zwecke:<\/p>\n<p>- Zur Bereitstellung und Pflege der Website.<\/p>\n<p>-Um Ihre Erfahrungen auf der Website zu verbessern und zu personalisieren.<\/p>\n<p>-um mit Ihnen zu kommunizieren, einschlie\u00dflich der Beantwortung Ihrer Anfragen und der Bereitstellung aktueller Informationen \u00fcber das Projekt.<\/p>\n<p>&nbsp;<\/p>\n<p>-Zur Analyse und \u00dcberwachung der Nutzung der Website und f\u00fcr andere interne Zwecke.<\/p>\n<p>-Zur Erf\u00fcllung rechtlicher Verpflichtungen.<\/p>\n<p>&nbsp;<\/p>\n<ol start=\"4\">\n<li>Rechtsgrundlage f\u00fcr die Verarbeitung<\/li>\n<\/ol>\n<p>Wir verarbeiten Ihre personenbezogenen Daten auf der Grundlage einer oder mehrerer der folgenden Rechtsgrundlagen:<\/p>\n<p>-Ihre Einwilligung, die Sie jederzeit widerrufen k\u00f6nnen.<\/p>\n<p>-Erforderlichkeit der Verarbeitung f\u00fcr die Erf\u00fcllung eines Vertrags mit Ihnen.<\/p>\n<p>-Erf\u00fcllung unserer rechtlichen Verpflichtungen.<\/p>\n<p>Unsere legitimen Interessen, wie z. B. die Verbesserung unserer Dienstleistungen und Marketingaktivit\u00e4ten, sofern diese Interessen nicht durch Ihre Rechte und Interessen \u00fcberlagert werden.<\/p>\n<p>&nbsp;<\/p>\n<ol start=\"5\">\n<li>Weitergabe von Informationen<\/li>\n<\/ol>\n<p>Wir k\u00f6nnen Ihre pers\u00f6nlichen Daten unter den folgenden Umst\u00e4nden an Dritte weitergeben:<\/p>\n<p>-Mit Dienstleistern und Auftragnehmern, die uns beim Betrieb der Website und bei der Bereitstellung von Dienstleistungen unterst\u00fctzen.<\/p>\n<p>-mit unseren Mitgliedsorganisationen und Partnern, die an dem von der EU finanzierten Projekt beteiligt sind.<\/p>\n<p>-Antworten auf rechtm\u00e4\u00dfige Anfragen von Beh\u00f6rden, einschlie\u00dflich der Erf\u00fcllung von Anforderungen der nationalen Sicherheit oder der Strafverfolgung.<\/p>\n<p>Im Zusammenhang mit Fusionen, dem Verkauf von Unternehmensverm\u00f6gen, Finanzierungen oder der \u00dcbernahme unseres gesamten oder eines Teils unseres Projekts durch ein anderes Unternehmen.<\/p>\n<p>&nbsp;<\/p>\n<ol start=\"6\">\n<li>Datensicherheit<\/li>\n<\/ol>\n<p>Wir ergreifen angemessene technische und organisatorische Ma\u00dfnahmen, um Ihre pers\u00f6nlichen Daten vor unbefugtem Zugriff, unbefugter Nutzung oder Offenlegung zu sch\u00fctzen. Allerdings ist keine Methode der \u00dcbertragung \u00fcber das Internet oder der elektronischen Speicherung v\u00f6llig sicher, und wir k\u00f6nnen keine absolute Sicherheit garantieren.<\/p>\n<p>&nbsp;<\/p>\n<ol start=\"7\">\n<li>Ihre Rechte<\/li>\n<\/ol>\n<p>&nbsp;<\/p>\n<p>Nach den geltenden Datenschutzgesetzen haben Sie die folgenden Rechte in Bezug auf Ihre pers\u00f6nlichen Daten:<\/p>\n<p>-Zugang: Sie haben das Recht auf Zugang zu den personenbezogenen Daten, die wir \u00fcber Sie gespeichert haben.<\/p>\n<p>-Berichtigung: Sie k\u00f6nnen uns auffordern, ungenaue oder unvollst\u00e4ndige personenbezogene Daten zu berichtigen.<\/p>\n<p>-L\u00f6schung: Sie haben das Recht, vorbehaltlich bestimmter Ausnahmen, die L\u00f6schung Ihrer personenbezogenen Daten zu verlangen.<\/p>\n<p>-Einschr\u00e4nkung: Sie k\u00f6nnen beantragen, dass wir die Verarbeitung Ihrer personenbezogenen Daten unter bestimmten Umst\u00e4nden einschr\u00e4nken.<\/p>\n<p>-Widerspruch: Sie haben das Recht, der Verarbeitung Ihrer personenbezogenen Daten zu widersprechen, auch zu Zwecken des Direktmarketings.<\/p>\n<p>-Daten\u00fcbertragbarkeit: Sie k\u00f6nnen eine Kopie Ihrer personenbezogenen Daten in einem strukturierten, allgemein gebr\u00e4uchlichen und maschinenlesbaren Format anfordern.<\/p>\n<p>Um diese Rechte auszu\u00fcben, kontaktieren Sie uns bitte unter den unten angegebenen Kontaktdaten.<\/p>\n<p>&nbsp;<\/p>\n<ol start=\"8\">\n<li>Internationale Daten\u00fcbertragungen<\/li>\n<\/ol>\n<p>Ihre personenbezogenen Daten k\u00f6nnen in L\u00e4nder au\u00dferhalb des Europ\u00e4ischen Wirtschaftsraums (EWR) \u00fcbermittelt und dort verarbeitet werden, die m\u00f6glicherweise nicht das gleiche Datenschutzniveau bieten wie Ihr Heimatland. Wir werden geeignete Ma\u00dfnahmen ergreifen, um sicherzustellen, dass Ihre personenbezogenen Daten im Einklang mit dieser Richtlinie gesch\u00fctzt bleiben.<\/p>\n<p>&nbsp;<\/p>\n<ol start=\"9\">\n<li>\u00c4nderungen an dieser Politik<\/li>\n<\/ol>\n<p>Wir behalten uns vor, diese Datenschutzrichtlinie von Zeit zu Zeit zu aktualisieren, um \u00c4nderungen in unseren Praktiken oder aus anderen betrieblichen, rechtlichen oder regulatorischen Gr\u00fcnden zu ber\u00fccksichtigen. Wir empfehlen Ihnen, diese Richtlinie in regelm\u00e4\u00dfigen Abst\u00e4nden auf Aktualisierungen hin zu \u00fcberpr\u00fcfen. Das Datum der letzten Aktualisierung wird am Ende der Richtlinie angegeben.<\/p>\n<p>&nbsp;<\/p>\n<ol start=\"10\">\n<li>Kontakt<\/li>\n<\/ol>\n<p>&nbsp;<\/p>\n<p>Wenn Sie Fragen zu dieser Datenschutzrichtlinie oder zu unseren Datenpraktiken haben, wenden Sie sich bitte an den SEAGLOW-Projektleiter:<\/p>\n<p>&nbsp;<\/p>\n<p>NordDanmarks EU-kontor NOVI Wissenschaftspark<\/p>\n<p>Niels Jernes Vej 10 DK-9220 Aalborg \u00d8 Tlf: +45 6188 5300<\/p>\n<p>E-Mail: <a href=\"mailto:info@ndeu.dk\">info@ndeu.dk<\/a><\/p>\n<p>&nbsp;<\/p>\n<p>NordDanmarks EU-Kontor, Bruxelles Avenue Palmerston 18<\/p>\n<p>B-1000 Bruxelles Belgien<\/p>\n<p>E-Mail: <a href=\"mailto:info@ndeu.dk\">info@ndeu.dk<\/a><\/p>\n<p>&nbsp;<\/p>\n<p style=\"text-align: right;\"><em>Zuletzt aktualisiert: 17. Juli 2024<\/em><\/p>","protected":false},"excerpt":{"rendered":"<p>Privacy and Data Protection Policy \u00a0 Welcome to the Privacy and Data Protection Policy for the SEAGLOW website (the &#8220;Website&#8221;). This policy explains how we collect, use, disclose, and protect [&hellip;]<\/p>\n","protected":false},"author":1,"featured_media":0,"parent":0,"menu_order":0,"comment_status":"closed","ping_status":"closed","template":"","meta":{"footnotes":""},"class_list":["post-907","page","type-page","status-publish","hentry","has-post-title","has-post-date","has-post-category","has-post-tag","has-post-comment","has-post-author",""],"_links":{"self":[{"href":"https:\/\/seaglow.eu\/de\/wp-json\/wp\/v2\/pages\/907","targetHints":{"allow":["GET"]}}],"collection":[{"href":"https:\/\/seaglow.eu\/de\/wp-json\/wp\/v2\/pages"}],"about":[{"href":"https:\/\/seaglow.eu\/de\/wp-json\/wp\/v2\/types\/page"}],"author":[{"embeddable":true,"href":"https:\/\/seaglow.eu\/de\/wp-json\/wp\/v2\/users\/1"}],"replies":[{"embeddable":true,"href":"https:\/\/seaglow.eu\/de\/wp-json\/wp\/v2\/comments?post=907"}],"version-history":[{"count":2,"href":"https:\/\/seaglow.eu\/de\/wp-json\/wp\/v2\/pages\/907\/revisions"}],"predecessor-version":[{"id":909,"href":"https:\/\/seaglow.eu\/de\/wp-json\/wp\/v2\/pages\/907\/revisions\/909"}],"wp:attachment":[{"href":"https:\/\/seaglow.eu\/de\/wp-json\/wp\/v2\/media?parent=907"}],"curies":[{"name":"wp","href":"https:\/\/api.w.org\/{rel}","templated":true}]}}