{"id":902,"date":"2024-07-18T11:40:03","date_gmt":"2024-07-18T11:40:03","guid":{"rendered":"https:\/\/seaglow.eu\/?page_id=902"},"modified":"2024-07-18T11:45:24","modified_gmt":"2024-07-18T11:45:24","slug":"cookies-policy","status":"publish","type":"page","link":"https:\/\/seaglow.eu\/de\/cookies-policy\/","title":{"rendered":"Cookies-Politik"},"content":{"rendered":"<h3 style=\"text-align: center;\">Cookies-Politik<\/h3>\n<p>&nbsp;<\/p>\n<ol>\n<li>Einf\u00fchrung<\/li>\n<\/ol>\n<p>Willkommen bei der Cookie-Richtlinie f\u00fcr die SEAGLOW-Website (die \"Website\"). Diese Richtlinie erkl\u00e4rt, wie wir Cookies und \u00e4hnliche Technologien auf unserer Website verwenden. Durch die Nutzung unserer Website erkl\u00e4ren Sie sich mit der Verwendung von Cookies, wie in dieser Richtlinie beschrieben, einverstanden. Wenn Sie mit der Verwendung von Cookies durch uns nicht einverstanden sind, sollten Sie Ihre Browsereinstellungen entsprechend anpassen oder von der Nutzung unserer Website absehen.<\/p>\n<p>&nbsp;<\/p>\n<p>&nbsp;<\/p>\n<ol start=\"2\">\n<li>Was sind Cookies?<\/li>\n<\/ol>\n<p>Cookies sind kleine Textdateien, die auf Ihrem Ger\u00e4t gespeichert werden, wenn Sie eine Website besuchen. Sie werden h\u00e4ufig verwendet, um Websites effizienter zu gestalten und den Website-Besitzern Informationen zur Verf\u00fcgung zu stellen. Cookies erm\u00f6glichen es Websites, Ihr Ger\u00e4t zu erkennen und einige Informationen \u00fcber Ihre Pr\u00e4ferenzen oder fr\u00fcheren Aktionen zu speichern.<\/p>\n<p>&nbsp;<\/p>\n<p>&nbsp;<\/p>\n<ol start=\"3\">\n<li>Arten von Cookies, die wir verwenden<\/li>\n<\/ol>\n<p>Wir verwenden die folgenden Arten von Cookies auf unserer Website:<\/p>\n<p>Streng Notwendige Cookies: Diese Cookies sind unerl\u00e4sslich, damit Sie auf der Website navigieren und ihre Funktionen nutzen k\u00f6nnen, z. B. den Zugang zu sicheren Bereichen. Ohne diese Cookies k\u00f6nnen die von Ihnen angeforderten Dienste nicht bereitgestellt werden.<\/p>\n<p>&nbsp;<\/p>\n<p>Leistungs-Cookies: Diese Cookies sammeln Informationen dar\u00fcber, wie Besucher unsere Website nutzen, z. B. welche Seiten am h\u00e4ufigsten besucht werden. Diese Informationen werden verwendet, um unsere Website und die Nutzererfahrung zu verbessern.<\/p>\n<p>Funktionalit\u00e4ts-Cookies: Diese Cookies erm\u00f6glichen es der Website, sich an die von Ihnen getroffenen Entscheidungen zu erinnern (z. B. an Ihren Benutzernamen, Ihre Sprache oder Ihre Region) und bieten verbesserte, st\u00e4rker personalisierte Funktionen.<\/p>\n<p>Targeting\/Werbung Cookies: Diese Cookies werden verwendet, um Inhalte zu liefern, die f\u00fcr Sie und Ihre Interessen relevanter sind. Sie k\u00f6nnen auch verwendet werden, um die Anzahl der Werbeeinblendungen zu begrenzen und die Wirksamkeit von Werbekampagnen zu messen.<\/p>\n<p>&nbsp;<\/p>\n<p>&nbsp;<\/p>\n<ol start=\"4\">\n<li>Wie wir Cookies verwenden<\/li>\n<\/ol>\n<p>Wir verwenden Cookies f\u00fcr die folgenden Zwecke:<\/p>\n<p>-Um das ordnungsgem\u00e4\u00dfe Funktionieren der Website zu gew\u00e4hrleisten.<\/p>\n<p>-Zur Analyse und Verbesserung der Leistung unserer Website.<\/p>\n<p>-Um Ihre Erfahrung auf unserer Website zu personalisieren.<\/p>\n<p>-Zielgerichtete Werbung auf der Grundlage Ihrer Browsing-Aktivit\u00e4ten zu liefern.<\/p>\n<p>&nbsp;<\/p>\n<p>&nbsp;<\/p>\n<ol start=\"5\">\n<li>Cookies von Drittanbietern<\/li>\n<\/ol>\n<p>Unsere Website kann auch Cookies von Drittanbietern, wie z. B. Google Analytics, verwenden, um zu analysieren, wie die Nutzer mit der Website interagieren. Diese Cookies k\u00f6nnen Informationen anonym sammeln und Website-Trends aufzeigen, ohne einzelne Besucher zu identifizieren. Weitere Informationen dar\u00fcber, wie diese Drittanbieter Cookies verwenden, finden Sie in den jeweiligen Datenschutzrichtlinien.<\/p>\n<p>&nbsp;<\/p>\n<p>&nbsp;<\/p>\n<ol start=\"6\">\n<li>Verwaltung von Cookies<\/li>\n<\/ol>\n<p>Sie k\u00f6nnen Cookies auf verschiedene Weise kontrollieren und verwalten. Bitte beachten Sie, dass das Entfernen oder Blockieren von Cookies Ihr Nutzererlebnis beeintr\u00e4chtigen kann und einige Teile der Website m\u00f6glicherweise nicht richtig funktionieren. Sie k\u00f6nnen Ihre Cookie-Pr\u00e4ferenzen \u00fcber Ihre Browser-Einstellungen verwalten. Weitere Informationen \u00fcber die Verwaltung von Cookies finden Sie auf den Hilfeseiten Ihres Browsers.<\/p>\n<p>&nbsp;<\/p>\n<ol start=\"7\">\n<li>Aktualisierungen dieser Richtlinie<\/li>\n<\/ol>\n<p>Wir k\u00f6nnen diese Cookie-Richtlinie von Zeit zu Zeit aktualisieren, um \u00c4nderungen in unseren Praktiken oder aus anderen betrieblichen, rechtlichen oder regulatorischen Gr\u00fcnden zu ber\u00fccksichtigen. Wir empfehlen Ihnen, diese Richtlinie in regelm\u00e4\u00dfigen Abst\u00e4nden auf Aktualisierungen hin zu \u00fcberpr\u00fcfen. Das Datum der letzten Aktualisierung wird oben in der Richtlinie angegeben.<\/p>\n<p>&nbsp;<\/p>\n<p>&nbsp;<\/p>\n<ol start=\"8\">\n<li>Kontakt<\/li>\n<\/ol>\n<p>Wenn Sie Fragen zu unserer Verwendung von Cookies oder dieser Cookie-Richtlinie haben, wenden Sie sich bitte an den Projektleiter SEAGLOW:<\/p>\n<p>&nbsp;<\/p>\n<p>&nbsp;<\/p>\n<p>NordDanmarks EU-kontor NOVI Wissenschaftspark<\/p>\n<p>Niels Jernes Vej 10 DK-9220 Aalborg \u00d8 Tlf: +45 6188 5300<\/p>\n<p>E-Mail: <a href=\"mailto:info@ndeu.dk\">info@ndeu.dk<\/a><\/p>\n<p>&nbsp;<\/p>\n<p>&nbsp;<\/p>\n<p>NordDanmarks EU-Kontor, Bruxelles Avenue Palmerston 18<\/p>\n<p>B-1000 Bruxelles Belgien<\/p>\n<p>E-Mail: <a href=\"mailto:info@ndeu.dk\">info@ndeu.dk<\/a><\/p>","protected":false},"excerpt":{"rendered":"<p>Cookies Policy &nbsp; Introduction Welcome to the cookies policy for the SEAGLOW website (the &#8220;Website&#8221;). This policy explains how we use cookies and similar technologies on our Website. By using [&hellip;]<\/p>\n","protected":false},"author":1,"featured_media":0,"parent":0,"menu_order":0,"comment_status":"open","ping_status":"closed","template":"","meta":{"footnotes":""},"class_list":["post-902","page","type-page","status-publish","hentry","has-post-title","has-post-date","has-post-category","has-post-tag","has-post-comment","has-post-author",""],"_links":{"self":[{"href":"https:\/\/seaglow.eu\/de\/wp-json\/wp\/v2\/pages\/902","targetHints":{"allow":["GET"]}}],"collection":[{"href":"https:\/\/seaglow.eu\/de\/wp-json\/wp\/v2\/pages"}],"about":[{"href":"https:\/\/seaglow.eu\/de\/wp-json\/wp\/v2\/types\/page"}],"author":[{"embeddable":true,"href":"https:\/\/seaglow.eu\/de\/wp-json\/wp\/v2\/users\/1"}],"replies":[{"embeddable":true,"href":"https:\/\/seaglow.eu\/de\/wp-json\/wp\/v2\/comments?post=902"}],"version-history":[{"count":4,"href":"https:\/\/seaglow.eu\/de\/wp-json\/wp\/v2\/pages\/902\/revisions"}],"predecessor-version":[{"id":906,"href":"https:\/\/seaglow.eu\/de\/wp-json\/wp\/v2\/pages\/902\/revisions\/906"}],"wp:attachment":[{"href":"https:\/\/seaglow.eu\/de\/wp-json\/wp\/v2\/media?parent=902"}],"curies":[{"name":"wp","href":"https:\/\/api.w.org\/{rel}","templated":true}]}}