{"id":1053,"date":"2024-10-15T15:00:03","date_gmt":"2024-10-15T15:00:03","guid":{"rendered":"https:\/\/seaglow.eu\/?page_id=1053"},"modified":"2024-11-22T08:48:08","modified_gmt":"2024-11-22T08:48:08","slug":"what-we-do","status":"publish","type":"page","link":"https:\/\/seaglow.eu\/de\/what-we-do\/","title":{"rendered":"Was wir tun"},"content":{"rendered":"<!--themify_builder_content-->\n<div id=\"themify_builder_content-1053\" data-postid=\"1053\" class=\"themify_builder_content themify_builder_content-1053 themify_builder tf_clear\">\n                    <div  data-lazy=\"1\" class=\"module_row themify_builder_row tb_39vn18 tb_first tf_w\">\n                        <div class=\"row_inner col_align_top tb_col_count_1 tf_box tf_rel\">\n                        <div  data-lazy=\"1\" class=\"module_column tb-column col-full tb_ws2x18 first\">\n        <span class=\"builder_row_cover tf_abs\"><\/span>            <!-- module text -->\n<div  class=\"module module-text tb_js1718\" data-lazy=\"1\">\n        <div  class=\"tb_text_wrap\">\n        <h1>WAS WIR TUN<\/h1>\n<p style=\"text-align: center;\"><em>Das Ziel des SEAGLOW-Konsortiums ist es, klar und deutlich zu zeigen, dass die Verwendung von<strong> eine Kombination geeigneter Technologien ist ein entscheidender Faktor<\/strong>Dies erm\u00f6glicht eine kosteneffiziente Senkung des Treibstoffverbrauchs, kommt der Fischereigemeinschaft und der Umwelt zugute und beschleunigt die M\u00f6glichkeiten f\u00fcr positive Ver\u00e4nderungen.<\/em><\/p>    <\/div>\n<\/div>\n<!-- \/module text -->        <\/div>\n                        <\/div>\n        <\/div>\n                        <div  data-lazy=\"1\" class=\"module_row themify_builder_row tb_lx5s154 tf_w\">\n                        <div class=\"row_inner col_align_top tb_col_count_2 tf_box tf_rel\">\n                        <div  data-lazy=\"1\" class=\"module_column tb-column col4-2 tb_7wgf155 first\">\n                    <!-- module text -->\n<div  class=\"module module-text tb_ry6g158\" data-lazy=\"1\">\n        <div  class=\"tb_text_wrap\">\n        <h4>Im Februar 2023 ver\u00f6ffentlichte die Europ\u00e4ische Kommission eine Reihe von Ma\u00dfnahmen zur Verbesserung der Nachhaltigkeit und Widerstandsf\u00e4higkeit des Fischerei- und Aquakultursektors der EU, darunter die <a href=\"https:\/\/oceans-and-fisheries.ec.europa.eu\/publications\/communication-commission-energy-transition-eu-fisheries-and-aquaculture-sector_en\">Mitteilung \u00fcber die Energiewende im Fischerei- und Aquakultursektor der EU<\/a>. Die Hauptziele der Ma\u00dfnahmen sind die F\u00f6rderung der Nutzung sauberer Energiequellen und die Verringerung der Abh\u00e4ngigkeit von fossilen Brennstoffen sowie die Verringerung der Auswirkungen des Fischereisektors auf die marinen \u00d6kosysteme.<\/h4>    <\/div>\n<\/div>\n<!-- \/module text -->        <\/div>\n                    <div  data-lazy=\"1\" class=\"module_column tb-column col4-2 tb_eepy155 last\">\n                    <!-- module image -->\n<div  class=\"module module-image tb_qzl8177 image-full-overlay   tf_mw\" data-lazy=\"1\">\n        <div class=\"image-wrap tf_rel tf_mw\">\n            <img loading=\"lazy\" decoding=\"async\" width=\"1920\" height=\"2560\" src=\"https:\/\/seaglow.eu\/wp-content\/uploads\/2024\/06\/billede-20240604-120228-bcef2de1-scaled.jpeg\" class=\"wp-post-image wp-image-638\" title=\"billede - 20240604-120228-bcef2de1\" alt=\"billede - 20240604-120228-bcef2de1\" srcset=\"https:\/\/seaglow.eu\/wp-content\/uploads\/2024\/06\/billede-20240604-120228-bcef2de1-scaled.jpeg 1920w, https:\/\/seaglow.eu\/wp-content\/uploads\/2024\/06\/billede-20240604-120228-bcef2de1-375x500.jpeg 375w, https:\/\/seaglow.eu\/wp-content\/uploads\/2024\/06\/billede-20240604-120228-bcef2de1-900x1200.jpeg 900w, https:\/\/seaglow.eu\/wp-content\/uploads\/2024\/06\/billede-20240604-120228-bcef2de1-225x300.jpeg 225w, https:\/\/seaglow.eu\/wp-content\/uploads\/2024\/06\/billede-20240604-120228-bcef2de1-768x1024.jpeg 768w, https:\/\/seaglow.eu\/wp-content\/uploads\/2024\/06\/billede-20240604-120228-bcef2de1-1152x1536.jpeg 1152w, https:\/\/seaglow.eu\/wp-content\/uploads\/2024\/06\/billede-20240604-120228-bcef2de1-1536x2048.jpeg 1536w, https:\/\/seaglow.eu\/wp-content\/uploads\/2024\/06\/billede-20240604-120228-bcef2de1-56x75.jpeg 56w, https:\/\/seaglow.eu\/wp-content\/uploads\/2024\/06\/billede-20240604-120228-bcef2de1-480x640.jpeg 480w\" sizes=\"auto, (max-width: 1920px) 100vw, 1920px\" \/>    \n        <\/div>\n    <!-- \/image-wrap -->\n    \n        <\/div>\n<!-- \/module image -->        <\/div>\n                        <\/div>\n        <\/div>\n                        <div  data-lazy=\"1\" class=\"module_row themify_builder_row tb_zw9v105 tf_w\">\n                        <div class=\"row_inner col_align_top tb_col_count_2 tf_box tf_rel\">\n                        <div  data-lazy=\"1\" class=\"module_column tb-column col4-2 tb_u1r3105 first\">\n                    <!-- module text -->\n<div  class=\"module module-text tb_uv0n658\" data-lazy=\"1\">\n        <div  class=\"tb_text_wrap\">\n        <h2><span style=\"color: #aec93e;\">Seaglow wird aktiv dazu beitragen, dass zwei wichtige Ziele erreicht werden<\/span> Richtungen des Wandels\u00a0<\/h2>    <\/div>\n<\/div>\n<!-- \/module text --><!-- module image -->\n<div  class=\"module module-image tb_oh8k691 image-top   tf_mw\" data-lazy=\"1\">\n        <div class=\"image-wrap tf_rel tf_mw\">\n            <img loading=\"lazy\" decoding=\"async\" src=\"http:\/\/seaglow.eu\/wp-content\/uploads\/2024\/11\/DSC_0172.jpg\" width=\"496\" height=\"362\" title=\"Was wir tun\" alt=\"What we do\">    \n        <\/div>\n    <!-- \/image-wrap -->\n    \n        <\/div>\n<!-- \/module image -->        <\/div>\n                    <div  data-lazy=\"1\" class=\"module_column tb-column col4-2 tb_h4oj237 last\">\n                    <!-- module text -->\n<div  class=\"module module-text tb_uxnu651\" data-lazy=\"1\">\n        <div  class=\"tb_text_wrap\">\n        <ul>\n<li>\n<h4>Kurz- bis mittelfristige Steigerung der Energieeffizienz\u00a0<\/h4>\n<\/li>\n<li>\n<h4>Schrittweise Umstellung von fossilen Brennstoffen auf andere erneuerbare und kohlenstoffarme Energietr\u00e4ger.<\/h4>\n<\/li>\n<\/ul>\n<p>Das indikative Ziel f\u00fcr den Fischereisektor besteht darin, die Intensit\u00e4t fossiler Brennstoffe (in Litern pro kg angelandetem Produkt) von 2019 bis 2030 um mehr als 15 % zu reduzieren, wobei das Endziel die CO2-Neutralit\u00e4t bis 2050 ist. Die Ma\u00dfnahmen lassen Zeit f\u00fcr Investitionen, und der \u00dcbergang soll schrittweise erfolgen, um dem Sektor die Anpassung zu erleichtern. Als Teil dieses Prozesses umfasst der Aktionsplan Initiativen zur F\u00f6rderung von Forschung und Innovation, zur Entwicklung der erforderlichen Arbeitskr\u00e4fte und zur Verbesserung des Unternehmens- und Investitionsumfelds, einschlie\u00dflich der Finanzierung.<\/p>    <\/div>\n<\/div>\n<!-- \/module text -->        <\/div>\n                        <\/div>\n        <\/div>\n                        <div  data-lazy=\"1\" class=\"module_row themify_builder_row tb_klc5537 tf_w\">\n                        <div class=\"row_inner col_align_top tb_col_count_1 tf_box tf_rel\">\n                        <div  data-lazy=\"1\" class=\"module_column tb-column col-full tb_aqgb537 first\">\n                    <!-- module text -->\n<div  class=\"module module-text tb_z4o1537\" data-lazy=\"1\">\n        <div  class=\"tb_text_wrap\">\n        <h2 style=\"text-align: center;\"><strong>Herausforderungen bei der Deckung des Energiebedarfs im Kontext der Blue Economy<\/strong><\/h2>\n<p style=\"text-align: center;\"><span style=\"color: #01328a;\">Nachhaltige Energiel\u00f6sungen mit den Realit\u00e4ten der maritimen Wirtschaft in Einklang bringen<\/span><\/p>    <\/div>\n<\/div>\n<!-- \/module text -->        <div  data-lazy=\"1\" class=\"module_subrow themify_builder_sub_row tf_w col_align_top tb_col_count_3 tb_9pze80\">\n                <div  data-lazy=\"1\" class=\"module_column sub_column col3-1 tb_zg3v81 first\">\n                    <!-- module image -->\n<div  class=\"module module-image tb_k5hb963 image-top   tf_mw\" data-lazy=\"1\">\n        <div class=\"image-wrap tf_rel tf_mw\">\n            <img loading=\"lazy\" decoding=\"async\" src=\"http:\/\/seaglow.eu\/wp-content\/uploads\/2024\/06\/durabilite.png\" width=\"512\" height=\"512\" title=\"Was wir tun\" alt=\"What we do\">    \n        <\/div>\n    <!-- \/image-wrap -->\n    \n        <\/div>\n<!-- \/module image --><!-- module text -->\n<div  class=\"module module-text tb_k6p594\" data-lazy=\"1\">\n        <div  class=\"tb_text_wrap\">\n        <p>Die Herausforderungen sind zwar bekannt, doch ist es schwierig, den Energiebedarf zu decken, der f\u00fcr die Umstellung auf die blaue Wirtschaft erforderlich ist. Die derzeitigen Rechtsvorschriften schreiben vor, dass Ersatzantriebe die gleiche oder eine geringere Leistung als der urspr\u00fcngliche Motor haben m\u00fcssen, und k\u00f6nnen Anforderungen an einen geringeren CO2-Aussto\u00df enthalten.<\/p>\n<p>Neue Technologien k\u00f6nnen ein h\u00f6heres Gewicht haben als herk\u00f6mmliche Dieselmotoren, was sich auf die Fangkapazit\u00e4t auswirken kann, die auf der Bruttotonnage basiert. Insbesondere bei \u00e4lteren, kleineren Fischereifahrzeugen ist die Gr\u00f6\u00dfe h\u00e4ufig ein Problem, da neue Ausr\u00fcstungen mehr Platz beanspruchen oder die Stabilit\u00e4t des Schiffes beeintr\u00e4chtigen k\u00f6nnen. Diese Kapazit\u00e4tsgrenze kann auch durch einen Mangel an geeigneter Hafeninfrastruktur f\u00fcr die Wartung und Instandhaltung von Motoren noch weiter eingeschr\u00e4nkt werden.\u00a0<\/p>    <\/div>\n<\/div>\n<!-- \/module text -->        <\/div>\n                    <div  data-lazy=\"1\" class=\"module_column sub_column col3-1 tb_5yn0888\">\n                    <!-- module image -->\n<div  class=\"module module-image tb_n52j888 image-top   tf_mw\" data-lazy=\"1\">\n        <div class=\"image-wrap tf_rel tf_mw\">\n            <img loading=\"lazy\" decoding=\"async\" src=\"http:\/\/seaglow.eu\/wp-content\/uploads\/2024\/06\/presentation.png\" width=\"512\" height=\"512\" title=\"Was wir tun\" alt=\"What we do\">    \n        <\/div>\n    <!-- \/image-wrap -->\n    \n        <\/div>\n<!-- \/module image --><!-- module text -->\n<div  class=\"module module-text tb_2d2u888\" data-lazy=\"1\">\n        <div  class=\"tb_text_wrap\">\n        <p>Es besteht ein erhebliches Wissens- und Qualifikationsdefizit, da viele Besch\u00e4ftigte in der Fischereiindustrie nicht \u00fcber neue, effizientere Technologien Bescheid wissen und es ihnen an praktischen F\u00e4higkeiten im Umgang mit neuen Antriebstechnologien mangelt. Die Branche altert, da viele Bootseigner inzwischen \u00fcber 502 Jahre alt sind, und es hat sich als schwierig erwiesen, j\u00fcngere Menschen f\u00fcr die Branche zu gewinnen.<\/p>\n<p>Die Investitionskosten f\u00fcr die Einf\u00fchrung bestimmter energieeffizienter oder kohlenstoffarmer Antriebstechnologien sind im Vergleich zu den begrenzten Einnahmen der meisten Schiffe der Fischereiflotte relativ hoch, was Investitionen zu einem Risiko macht und die Einf\u00fchrung neuer Technologien verz\u00f6gern kann. Schlie\u00dflich gibt es in der Branche einen gewissen Widerstand aufgrund von Traditionen und dem Wunsch, einen bekannten und bew\u00e4hrten Lebensstil beizubehalten.\u00a0<\/p>    <\/div>\n<\/div>\n<!-- \/module text -->        <\/div>\n                    <div  data-lazy=\"1\" class=\"module_column sub_column col3-1 tb_ibeg443 last\">\n                    <!-- module image -->\n<div  class=\"module module-image tb_6qaj443 image-top   tf_mw\" data-lazy=\"1\">\n        <div class=\"image-wrap tf_rel tf_mw\">\n            <img loading=\"lazy\" decoding=\"async\" src=\"http:\/\/seaglow.eu\/wp-content\/uploads\/2024\/06\/energie-maremotrice.png\" width=\"512\" height=\"512\" title=\"Was wir tun\" alt=\"What we do\">    \n        <\/div>\n    <!-- \/image-wrap -->\n    \n        <\/div>\n<!-- \/module image --><!-- module text -->\n<div  class=\"module module-text tb_9q00443\" data-lazy=\"1\">\n        <div  class=\"tb_text_wrap\">\n        <p>Das SEAGLOW-Konsortium erkennt die Herausforderungen in der Industrie und die politischen Richtungen an, die durch den Europ\u00e4ischen Green Deal und insbesondere den neuen Ansatz f\u00fcr die blaue Wirtschaft vorgegeben sind. Es baut vernetzte, komplement\u00e4re und bereichs\u00fcbergreifende Pilotprojekte in der Ost- und Nordsee auf und demonstriert geeignete Technologien, die kurz-, mittel- und langfristige Auswirkungen haben k\u00f6nnen. Die Seaglow-Pilotprojekte werden durch qualitativ hochwertige Daten unterst\u00fctzt, um Investitionen in geeignete L\u00f6sungen f\u00fcr die Energiewende zu verbessern.<\/p>\n<p>Das Konsortium setzt eine Kombination von Technologien und Methoden ein, die in Bezug auf Kosten, Unterst\u00fctzung und Wartung als f\u00fcr die Industrie geeignet angesehen werden. Die Kombination dieser Technologien, die bereichs\u00fcbergreifend und komplement\u00e4r eingesetzt werden und die kombinierten F\u00e4higkeiten, Erfahrungen und Netzwerke der Partnerschaft nutzen, basiert auf einem neuartigen Ansatz, der neue Partnerschaften f\u00fcr die Energiewende auf verschiedenen Ebenen schafft.<\/p>    <\/div>\n<\/div>\n<!-- \/module text -->        <\/div>\n                    <\/div>\n                <\/div>\n                        <\/div>\n        <\/div>\n                        <div  data-lazy=\"1\" class=\"module_row themify_builder_row tb_t108296 tf_w\">\n                        <div class=\"row_inner col_align_top tb_col_count_1 tf_box tf_rel\">\n                        <div  data-lazy=\"1\" class=\"module_column tb-column col-full tb_2v94296 first\">\n                    <!-- module text -->\n<div  class=\"module module-text tb_k0yt64\" data-lazy=\"1\">\n        <div  class=\"tb_text_wrap\">\n        <p style=\"text-align: center;\"><em>HORIZON-MISS-2023-OCEAN-01-05 - Leuchtturm in der Ost- und Nordsee - Gr\u00fcne und energieeffiziente kleine Fischereiflotten - Projekt: 101157477 - SEAGLOW\u00a0<\/em><\/p>    <\/div>\n<\/div>\n<!-- \/module text -->        <\/div>\n                        <\/div>\n        <\/div>\n                        <div  data-lazy=\"1\" class=\"module_row themify_builder_row tb_d6f5113 tf_w\">\n                        <div class=\"row_inner col_align_top tb_col_count_1 tf_box tf_rel\">\n                        <div  data-lazy=\"1\" class=\"module_column tb-column col-full tb_c16z114 first\">\n                            <\/div>\n                        <\/div>\n        <\/div>\n                        <div  data-lazy=\"1\" class=\"module_row themify_builder_row tb_vopq798 tf_w\">\n                        <div class=\"row_inner col_align_top tb_col_count_1 tf_box tf_rel\">\n                        <div  data-lazy=\"1\" class=\"module_column tb-column col-full tb_mg3u798 first\">\n                    <!-- module text -->\n<div  class=\"module module-text tb_2bqh114\" data-lazy=\"1\">\n        <div  class=\"tb_text_wrap\">\n        <p><em>Bildnachweis f\u00fcr diese Seite: @Len Duevel @Seaglow<\/em><\/p>    <\/div>\n<\/div>\n<!-- \/module text -->        <\/div>\n                        <\/div>\n        <\/div>\n        <\/div>\n<!--\/themify_builder_content-->","protected":false},"excerpt":{"rendered":"<p>WHAT WE DO The ambition of the SEAGLOW consortium is to demonstrate clearly and unequivocally that the use of a combination of appropriate technologies is a game-changer, allowing the cost-efficient [&hellip;]<\/p>\n","protected":false},"author":2,"featured_media":0,"parent":0,"menu_order":0,"comment_status":"closed","ping_status":"closed","template":"","meta":{"footnotes":""},"class_list":["post-1053","page","type-page","status-publish","hentry","has-post-title","has-post-date","has-post-category","has-post-tag","has-post-comment","has-post-author",""],"_links":{"self":[{"href":"https:\/\/seaglow.eu\/de\/wp-json\/wp\/v2\/pages\/1053","targetHints":{"allow":["GET"]}}],"collection":[{"href":"https:\/\/seaglow.eu\/de\/wp-json\/wp\/v2\/pages"}],"about":[{"href":"https:\/\/seaglow.eu\/de\/wp-json\/wp\/v2\/types\/page"}],"author":[{"embeddable":true,"href":"https:\/\/seaglow.eu\/de\/wp-json\/wp\/v2\/users\/2"}],"replies":[{"embeddable":true,"href":"https:\/\/seaglow.eu\/de\/wp-json\/wp\/v2\/comments?post=1053"}],"version-history":[{"count":42,"href":"https:\/\/seaglow.eu\/de\/wp-json\/wp\/v2\/pages\/1053\/revisions"}],"predecessor-version":[{"id":1325,"href":"https:\/\/seaglow.eu\/de\/wp-json\/wp\/v2\/pages\/1053\/revisions\/1325"}],"wp:attachment":[{"href":"https:\/\/seaglow.eu\/de\/wp-json\/wp\/v2\/media?parent=1053"}],"curies":[{"name":"wp","href":"https:\/\/api.w.org\/{rel}","templated":true}]}}