{"id":967,"date":"2024-10-15T09:08:05","date_gmt":"2024-10-15T09:08:05","guid":{"rendered":"https:\/\/seaglow.eu\/?page_id=967"},"modified":"2025-05-12T07:51:18","modified_gmt":"2025-05-12T07:51:18","slug":"home-new","status":"publish","type":"page","link":"https:\/\/seaglow.eu\/da\/","title":{"rendered":"Hjem"},"content":{"rendered":"<!--themify_builder_content-->\n<div id=\"themify_builder_content-967\" data-postid=\"967\" class=\"themify_builder_content themify_builder_content-967 themify_builder tf_clear\">\n                    <div  data-lazy=\"1\" class=\"module_row themify_builder_row tb_5zzc583 tb_first tf_w\">\n                        <div class=\"row_inner col_align_top tb_col_count_2 tf_box tf_rel\">\n                        <div  data-lazy=\"1\" class=\"module_column tb-column col4-2 tb_al2s583 first\">\n                    <!-- module text -->\n<div  class=\"module module-text tb_9w0r548    wow\" data-tf-animation=\"fadeInUp\" data-lazy=\"1\">\n        <div  class=\"tb_text_wrap\">\n        <h3>B\u00e6redygtige energianvendelser til <span style=\"color: #aec93e;\">Gr\u00f8n og sk\u00e5nsom drift<\/span> af sm\u00e5 fiskerb\u00e5de i \u00d8sters\u00f8en og Nords\u00f8en.<\/h3>    <\/div>\n<\/div>\n<!-- \/module text -->        <\/div>\n                    <div  data-lazy=\"1\" class=\"module_column tb-column col4-2 tb_n4sn895 last\">\n                    <!-- module image -->\n<div  class=\"module module-image tb_gvf2534 image-top   tf_mw\" data-lazy=\"1\">\n        <div class=\"image-wrap tf_rel tf_mw\">\n            <img loading=\"lazy\" decoding=\"async\" src=\"http:\/\/seaglow.eu\/wp-content\/uploads\/2024\/06\/Funded-by-the-European-Union.png\" width=\"1200\" height=\"480\" title=\"Hjem\" alt=\"Home\">    \n        <\/div>\n    <!-- \/image-wrap -->\n    \n        <\/div>\n<!-- \/module image -->        <\/div>\n                        <\/div>\n        <\/div>\n                        <div  data-lazy=\"1\" class=\"module_row themify_builder_row tb_3v5u368 tf_w\">\n                        <div class=\"row_inner col_align_top tb_col_count_8 tf_box tf_rel\">\n                        <div  data-lazy=\"1\" class=\"module_column tb-column tb_szs518 first\">\n                    <!-- module image -->\n<div  class=\"module module-image tb_tx2m754 image-top   tf_mw\" data-lazy=\"1\">\n        <div class=\"image-wrap tf_rel tf_mw\">\n            <a href=\"https:\/\/eu-norddanmark.dk\/\">\n                   <img loading=\"lazy\" decoding=\"async\" src=\"http:\/\/seaglow.eu\/wp-content\/uploads\/2024\/11\/NDEU_PNG.png\" width=\"320\" height=\"257\" title=\"Hjem\" alt=\"Home\">        <\/a>\n    \n        <\/div>\n    <!-- \/image-wrap -->\n    \n        <\/div>\n<!-- \/module image -->        <\/div>\n                    <div  data-lazy=\"1\" class=\"module_column tb-column tb_3qmu49\">\n                    <!-- module image -->\n<div  class=\"module module-image tb_ej9y459 image-top   tf_mw\" data-lazy=\"1\">\n        <div class=\"image-wrap tf_rel tf_mw\">\n            <a href=\"https:\/\/www.sintef.no\/en\/ocean\/\">\n                   <img loading=\"lazy\" decoding=\"async\" src=\"http:\/\/seaglow.eu\/wp-content\/uploads\/2024\/11\/SINTEF_Logo_Sentrert_CMYK.jpg\" width=\"1078\" height=\"1280\" title=\"Hjem\" alt=\"Home\">        <\/a>\n    \n        <\/div>\n    <!-- \/image-wrap -->\n    \n        <\/div>\n<!-- \/module image -->        <\/div>\n                    <div  data-lazy=\"1\" class=\"module_column tb-column tb_pufi635\">\n                    <!-- module image -->\n<div  class=\"module module-image tb_xfpe154 image-top   auto_fullwidth tf_mw\" data-lazy=\"1\">\n        <div class=\"image-wrap tf_rel tf_mw\">\n            <a href=\"https:\/\/www.teknologisk.dk\/kurser\/it-kurser\/c478\">\n                   <img loading=\"lazy\" decoding=\"async\" src=\"http:\/\/seaglow.eu\/wp-content\/uploads\/2024\/11\/logo2024rgb_DTI_farver_linje1.png\" width=\"1528\" height=\"409\" title=\"Hjem\" alt=\"Home\">        <\/a>\n    \n        <\/div>\n    <!-- \/image-wrap -->\n    \n        <\/div>\n<!-- \/module image -->        <\/div>\n                    <div  data-lazy=\"1\" class=\"module_column tb-column tb_hmp9635\">\n                    <!-- module image -->\n<div  class=\"module module-image tb_g7zk426 image-top   auto_fullwidth tf_mw\" data-lazy=\"1\">\n        <div class=\"image-wrap tf_rel tf_mw\">\n            <a href=\"https:\/\/www.cml.fraunhofer.de\/en\/research-projects\/Seaglow.html\">\n                   <img loading=\"lazy\" decoding=\"async\" src=\"http:\/\/seaglow.eu\/wp-content\/uploads\/2024\/11\/Fraunhofer-CML_Logo_mit-weisem-Hintergrund.jpg\" width=\"746\" height=\"212\" title=\"Hjem\" alt=\"Home\">        <\/a>\n    \n        <\/div>\n    <!-- \/image-wrap -->\n    \n        <\/div>\n<!-- \/module image -->        <\/div>\n                    <div  data-lazy=\"1\" class=\"module_column tb-column tb_eaqt635\">\n                    <!-- module image -->\n<div  class=\"module module-image tb_vqdx802 image-top   tf_mw\" data-lazy=\"1\">\n        <div class=\"image-wrap tf_rel tf_mw\">\n            <a href=\"https:\/\/www.ri.se\/en\">\n                   <img loading=\"lazy\" decoding=\"async\" src=\"http:\/\/seaglow.eu\/wp-content\/uploads\/2024\/11\/RISE_Logo_mText_Black.png\" width=\"2000\" height=\"860\" title=\"Hjem\" alt=\"Home\">        <\/a>\n    \n        <\/div>\n    <!-- \/image-wrap -->\n    \n        <\/div>\n<!-- \/module image -->        <\/div>\n                    <div  data-lazy=\"1\" class=\"module_column tb-column tb_ic5q106\">\n                    <!-- module image -->\n<div  class=\"module module-image tb_7fz626 image-top   tf_mw\" data-lazy=\"1\">\n        <div class=\"image-wrap tf_rel tf_mw\">\n            <a href=\"https:\/\/www.azti.es\/en\/\">\n                   <img loading=\"lazy\" decoding=\"async\" src=\"http:\/\/seaglow.eu\/wp-content\/uploads\/2024\/11\/AZTI.png\" width=\"1240\" height=\"742\" title=\"Hjem\" alt=\"Home\">        <\/a>\n    \n        <\/div>\n    <!-- \/image-wrap -->\n    \n        <\/div>\n<!-- \/module image -->        <\/div>\n                    <div  data-lazy=\"1\" class=\"module_column tb-column tb_qozw794\">\n                    <!-- module image -->\n<div  class=\"module module-image tb_f8kp525 image-top   auto_fullwidth tf_mw\" data-lazy=\"1\">\n        <div class=\"image-wrap tf_rel tf_mw\">\n            <a href=\"https:\/\/www.foodbiocluster.dk\/\">\n                   <img loading=\"lazy\" decoding=\"async\" src=\"http:\/\/seaglow.eu\/wp-content\/uploads\/2024\/11\/FBCD-logo.png\" width=\"393\" height=\"238\" title=\"Hjem\" alt=\"Home\">        <\/a>\n    \n        <\/div>\n    <!-- \/image-wrap -->\n    \n        <\/div>\n<!-- \/module image -->        <\/div>\n                    <div  data-lazy=\"1\" class=\"module_column tb-column tb_shj1635 last\">\n                    <!-- module image -->\n<div  class=\"module module-image tb_qebu802 image-top   tf_mw\" data-lazy=\"1\">\n        <div class=\"image-wrap tf_rel tf_mw\">\n            <a href=\"http:\/\/lifeplatform.eu\">\n                   <img loading=\"lazy\" decoding=\"async\" src=\"http:\/\/seaglow.eu\/wp-content\/uploads\/2024\/11\/LIFE-LOGO-no-white.png\" width=\"300\" height=\"232\" title=\"Hjem\" alt=\"Home\">        <\/a>\n    \n        <\/div>\n    <!-- \/image-wrap -->\n    \n        <\/div>\n<!-- \/module image -->        <\/div>\n                        <\/div>\n        <\/div>\n                        <div  data-lazy=\"1\" class=\"module_row themify_builder_row tb_q0tq55 tf_w\">\n                        <div class=\"row_inner col_align_top tb_col_count_8 tf_box tf_rel\">\n                        <div  data-lazy=\"1\" class=\"module_column tb-column tb_jdu455 first\">\n                    <!-- module image -->\n<div  class=\"module module-image tb_i1ru55 image-top   tf_mw\" data-lazy=\"1\">\n        <div class=\"image-wrap tf_rel tf_mw\">\n            <a href=\"https:\/\/skaansomtkystfiskeri.dk\/\">\n                   <img loading=\"lazy\" decoding=\"async\" src=\"http:\/\/seaglow.eu\/wp-content\/uploads\/2024\/11\/FSK_logo.jpg\" width=\"603\" height=\"589\" title=\"Hjem\" alt=\"Home\">        <\/a>\n    \n        <\/div>\n    <!-- \/image-wrap -->\n    \n        <\/div>\n<!-- \/module image -->        <\/div>\n                    <div  data-lazy=\"1\" class=\"module_column tb-column tb_4hkk55\">\n                    <!-- module image -->\n<div  class=\"module module-image tb_wf8g489 image-top   tf_mw\" data-lazy=\"1\">\n        <div class=\"image-wrap tf_rel tf_mw\">\n            <img loading=\"lazy\" decoding=\"async\" src=\"http:\/\/seaglow.eu\/wp-content\/uploads\/2024\/11\/Bona-Fide.png\" width=\"227\" height=\"289\" title=\"Hjem\" alt=\"Home\">    \n        <\/div>\n    <!-- \/image-wrap -->\n    \n        <\/div>\n<!-- \/module image -->        <\/div>\n                    <div  data-lazy=\"1\" class=\"module_column tb-column tb_7b6e55\">\n                    <!-- module image -->\n<div  class=\"module module-image tb_068u55 image-top   auto_fullwidth tf_mw\" data-lazy=\"1\">\n        <div class=\"image-wrap tf_rel tf_mw\">\n            <a href=\"http:\/\/hhf.dk\/\">\n                   <img loading=\"lazy\" decoding=\"async\" src=\"http:\/\/seaglow.eu\/wp-content\/uploads\/2024\/11\/Hanstolm-3.png\" width=\"584\" height=\"366\" title=\"Hjem\" alt=\"Home\">        <\/a>\n    \n        <\/div>\n    <!-- \/image-wrap -->\n    \n        <\/div>\n<!-- \/module image -->        <\/div>\n                    <div  data-lazy=\"1\" class=\"module_column tb-column tb_gy7u55\">\n                    <!-- module image -->\n<div  class=\"module module-image tb_t30u55 image-top   tf_mw\" data-lazy=\"1\">\n        <div class=\"image-wrap tf_rel tf_mw\">\n            <a href=\"https:\/\/www.sfpo.se\/\">\n                   <img loading=\"lazy\" decoding=\"async\" src=\"http:\/\/seaglow.eu\/wp-content\/uploads\/2024\/11\/SFPO.png\" width=\"284\" height=\"304\" title=\"Hjem\" alt=\"Home\">        <\/a>\n    \n        <\/div>\n    <!-- \/image-wrap -->\n    \n        <\/div>\n<!-- \/module image -->        <\/div>\n                    <div  data-lazy=\"1\" class=\"module_column tb-column tb_24pp55\">\n                    <!-- module image -->\n<div  class=\"module module-image tb_k7ve55 image-top   tf_mw\" data-lazy=\"1\">\n        <div class=\"image-wrap tf_rel tf_mw\">\n            <img loading=\"lazy\" decoding=\"async\" src=\"http:\/\/seaglow.eu\/wp-content\/uploads\/2024\/11\/Voiste-Sadama.png\" width=\"274\" height=\"352\" title=\"Hjem\" alt=\"Home\">    \n        <\/div>\n    <!-- \/image-wrap -->\n    \n        <\/div>\n<!-- \/module image -->        <\/div>\n                    <div  data-lazy=\"1\" class=\"module_column tb-column tb_fq2b55\">\n                    <!-- module image -->\n<div  class=\"module module-image tb_sxou483 image-top   tf_mw\" data-lazy=\"1\">\n        <div class=\"image-wrap tf_rel tf_mw\">\n            <a href=\"https:\/\/www.cleanoceancoatings.com\/en\/clean-ocean-coatings\">\n                   <img loading=\"lazy\" decoding=\"async\" src=\"http:\/\/seaglow.eu\/wp-content\/uploads\/2024\/11\/COC_Logo_Frametransparent_blau-1.png\" width=\"4000\" height=\"4000\" title=\"Hjem\" alt=\"Home\">        <\/a>\n    \n        <\/div>\n    <!-- \/image-wrap -->\n    \n        <\/div>\n<!-- \/module image -->        <\/div>\n                    <div  data-lazy=\"1\" class=\"module_column tb-column tb_mbry55\">\n                    <!-- module image -->\n<div  class=\"module module-image tb_1pzq55 image-top   auto_fullwidth tf_mw\" data-lazy=\"1\">\n        <div class=\"image-wrap tf_rel tf_mw\">\n            <a href=\"https:\/\/www.thaiunion.com\/en\">\n                   <img loading=\"lazy\" decoding=\"async\" src=\"http:\/\/seaglow.eu\/wp-content\/uploads\/2024\/11\/Thai-Union_Color-vertical-logo-1.png\" width=\"1519\" height=\"1162\" title=\"Hjem\" alt=\"Home\">        <\/a>\n    \n        <\/div>\n    <!-- \/image-wrap -->\n    \n        <\/div>\n<!-- \/module image -->        <\/div>\n                    <div  data-lazy=\"1\" class=\"module_column tb-column tb_l4on55 last\">\n                    <!-- module image -->\n<div  class=\"module module-image tb_bs1255 image-top   tf_mw\" data-lazy=\"1\">\n        <div class=\"image-wrap tf_rel tf_mw\">\n            <img loading=\"lazy\" decoding=\"async\" src=\"http:\/\/seaglow.eu\/wp-content\/uploads\/2024\/11\/per-harald.png\" width=\"299\" height=\"281\" title=\"Hjem\" alt=\"Home\">    \n        <\/div>\n    <!-- \/image-wrap -->\n    \n        <\/div>\n<!-- \/module image -->        <\/div>\n                        <\/div>\n        <\/div>\n                        <div  data-lazy=\"1\" class=\"module_row themify_builder_row tb_5jom154 tf_w\">\n                        <div class=\"row_inner col_align_top tb_col_count_1 tf_box tf_rel\">\n                        <div  data-lazy=\"1\" class=\"module_column tb-column col-full tb_903x155 first\">\n                    <!-- module text -->\n<div  class=\"module module-text tb_daf1476\" data-lazy=\"1\">\n        <div  class=\"tb_text_wrap\">\n        <h2 style=\"text-align: center;\">Styrkelse\u00a0<span style=\"color: #aec93e;\">energien<\/span>\u00a0Overgang<\/h2>\n<p style=\"text-align: center;\">Projektet SEAGLOW (Sustainable Energy Applications for Green and Low-impact Operation of small-scale fishing boats in the Baltic and North Sea basins) har til form\u00e5l at demonstrere virkningen og potentialet af 5 forskellige teknologiske anvendelser til at reducere forbruget af fossile br\u00e6ndstoffer og udledningen af drivhusgasser p\u00e5 sm\u00e5 fiskerb\u00e5de i Nords\u00f8en og \u00d8sters\u00f8en. Projektet fokuserer p\u00e5 sammenligning af tilg\u00e6ngelige teknologier gennem projektets industrielle partnere og arbejder p\u00e5 at udvikle og forbedre de anvendte teknologier gennem dataindsamling fra de anvendte tilf\u00e6lde med det m\u00e5l at reducere fart\u00f8jernes milj\u00f8p\u00e5virkning.<\/p>\n<p style=\"text-align: center;\">SEAGLOW indsamler sensordata fra caseskibene for at m\u00e5le effekten af den anvendte applikation over tid samt unders\u00f8ge potentielle kombinationer af teknologierne, som omfatter hybride elektriske drivlinjer, holdbare polymerbaserede overfladebel\u00e6gninger, der forhindrer begroning, reducerer luftmodstanden og forbedrer motorens ydeevne, og brug af billige permanente sensorer til at p\u00e5virke sejladsadf\u00e6rden.<\/p>    <\/div>\n<\/div>\n<!-- \/module text -->        <\/div>\n                        <\/div>\n        <\/div>\n                        <div  data-lazy=\"1\" class=\"module_row themify_builder_row tb_kxix438 tf_w\">\n                        <div class=\"row_inner col_align_top tb_col_count_1 tf_box tf_rel\">\n                        <div  data-lazy=\"1\" class=\"module_column tb-column col-full tb_y811438 first\">\n                    <!-- module buttons -->\n<div  class=\"module module-buttons tb_8oug707 buttons-horizontal solid   circle\" data-lazy=\"1\">\n        <div class=\"module-buttons-item tf_in_flx\">\n                        <a href=\"https:\/\/cordis.europa.eu\/project\/id\/101157477\" class=\"ui builder_button tf_in_flx transparent\" >\n                                                Mere info p\u00e5 EU-kommissionens hjemmeside                                        <\/a>\n                <\/div>\n            <\/div>\n<!-- \/module buttons -->\n        <\/div>\n                        <\/div>\n        <\/div>\n                        <div  data-lazy=\"1\" class=\"module_row themify_builder_row tb_mubw113 tf_w\">\n                        <div class=\"row_inner col_align_top tb_col_count_2 tf_box tf_rel\">\n                        <div  data-lazy=\"1\" class=\"module_column tb-column col4-2 tb_5zn0113 first\">\n                    <!-- module image -->\n<div  class=\"module module-image tb_tat2653 image-full-overlay   tf_mw\" data-lazy=\"1\">\n        <div class=\"image-wrap tf_rel tf_mw\">\n            <img loading=\"lazy\" decoding=\"async\" src=\"http:\/\/seaglow.eu\/wp-content\/uploads\/2024\/12\/EU-Missions_Funded_105x60_Ocean-and-Waters.jpg\" width=\"1240\" height=\"709\" title=\"Hjem\" alt=\"Home\">    \n        <\/div>\n    <!-- \/image-wrap -->\n    \n        <\/div>\n<!-- \/module image -->        <\/div>\n                    <div  data-lazy=\"1\" class=\"module_column tb-column col4-2 tb_fen7518 last\">\n                    <!-- module text -->\n<div  class=\"module module-text tb_b8gq204\" data-lazy=\"1\">\n        <div  class=\"tb_text_wrap\">\n        <div class=\"elementor-element elementor-element-38ce124 rt-default-class elementor-widget elementor-widget-text-editor\" data-id=\"38ce124\" data-element_type=\"widget\" data-widget_type=\"text-editor.default\">\n<div class=\"elementor-widget-container\">\n<h5>Den <span style=\"color: #aec93e;\">SEAGLOW-projektet\u00a0 <span style=\"color: #000000;\">er s<\/span><\/span><span style=\"color: #000000;\">uppo<\/span>rting af EU-missionen <a href=\"https:\/\/research-and-innovation.ec.europa.eu\/funding\/funding-opportunities\/funding-programmes-and-open-calls\/horizon-europe\/eu-missions-horizon-europe\/restore-our-ocean-and-waters_en\">\"Genopret vores hav og vand\" under Horizon Europe<\/a><\/h5>\n<\/div>\n<\/div>\n<div class=\"elementor-element elementor-element-5960d36 rt-default-class elementor-widget elementor-widget-text-editor\" data-id=\"5960d36\" data-element_type=\"widget\" data-widget_type=\"text-editor.default\">\n<div class=\"elementor-widget-container\">\n<p>Handlinger til gennemf\u00f8relse af missionen inden 2030 omfatter:<\/p>\n<\/div>\n<\/div>\n<div class=\"elementor-element elementor-element-478992f rt-default-class elementor-widget elementor-widget-text-editor\" data-id=\"478992f\" data-element_type=\"widget\" data-widget_type=\"text-editor.default\">\n<div class=\"elementor-widget-container\">\n<ul>\n<li>Reducere afh\u00e6ngigheden af fossile br\u00e6ndstoffer.<\/li>\n<li>Bidrager til at genoprette marine \u00f8kosystemer<\/li>\n<\/ul>\n<\/div>\n<\/div>    <\/div>\n<\/div>\n<!-- \/module text --><!-- module buttons -->\n<div  class=\"module module-buttons tb_uyp4918 buttons-horizontal solid   circle\" data-lazy=\"1\">\n        <div class=\"module-buttons-item tf_in_flx\">\n                        <a href=\"https:\/\/seaglow.eu\/da\/what-we-do\/\" class=\"ui builder_button tf_in_flx transparent\" >\n                                                Hvad vi g\u00f8r                                        <\/a>\n                <\/div>\n            <\/div>\n<!-- \/module buttons -->\n        <\/div>\n                        <\/div>\n        <\/div>\n                        <div  data-lazy=\"1\" class=\"module_row themify_builder_row tb_818k258 tf_w\">\n                        <div class=\"row_inner col_align_top tb_col_count_2 tf_box tf_rel\">\n                        <div  data-lazy=\"1\" class=\"module_column tb-column col4-2 tb_1h48259 first\">\n                            <\/div>\n                    <div  data-lazy=\"1\" class=\"module_column tb-column col4-2 tb_lmdd614 last\">\n                    <!-- module text -->\n<div  class=\"module module-text tb_dwju538\" data-lazy=\"1\">\n        <div  class=\"tb_text_wrap\">\n        <p style=\"text-align: center;\">F\u00e5 mere at vide om, hvordan den lille fiskerisektor navigerer i energiomstillingen takket v\u00e6re innovative teknologier, der er testet af et tv\u00e6rfagligt partnerskab.\u00a0<\/p>\n<h5>\u00a0<\/h5>    <\/div>\n<\/div>\n<!-- \/module text --><!-- module buttons -->\n<div  class=\"module module-buttons tb_m50c679 buttons-horizontal solid   circle\" data-lazy=\"1\">\n        <div class=\"module-buttons-item tf_in_flx\">\n                        <a href=\"https:\/\/seaglow.eu\/da\/news\/\" class=\"ui builder_button tf_in_flx transparent\" >\n                                                SE ALLE NYHEDER                                        <em><svg  class=\"tf_fa tf-ti-location-pin\" aria-hidden=\"true\"><use href=\"#tf-ti-location-pin\"><\/use><\/svg><\/em>                            <\/a>\n                <\/div>\n            <\/div>\n<!-- \/module buttons -->\n        <\/div>\n                        <\/div>\n        <\/div>\n                        <div  data-lazy=\"1\" class=\"module_row themify_builder_row tb_ij2x964 tf_w\">\n            <span class=\"builder_row_cover tf_abs\"><\/span>            <div class=\"row_inner col_align_top tb_col_count_1 tf_box tf_rel\">\n                        <div  data-lazy=\"1\" class=\"module_column tb-column col-full tb_3inp965 first\">\n                    <!-- module buttons -->\n<div  class=\"module module-buttons tb_fs3o655 buttons-horizontal solid   circle\" data-lazy=\"1\">\n        <div class=\"module-buttons-item tf_in_flx\">\n                        <a href=\"https:\/\/seaglow.eu\/da\/contact\/\" class=\"ui builder_button tf_in_flx transparent\" >\n                                                Kontakt os                                        <\/a>\n                <\/div>\n            <\/div>\n<!-- \/module buttons -->\n<!-- module widget -->\n<div  class=\"module module-widget tb_hvzi385  repeat\" data-lazy=\"1\">\n    <div class=\"widget themify-social-links\"><ul class=\"social-links horizontal\">\n                        <li class=\"social-link-item twitter font-icon icon-large\">\n                            <a href=\"https:\/\/x.com\/SeaglowEU\" aria-label=\"Twitter\" ><em style=\"color:rgba(255, 255, 255, 1);background-color:#1ca2f3;\"><svg  aria-label=\"Twitter\" class=\"tf_fa tf-fab-twitter\" role=\"img\"><use href=\"#tf-fab-twitter\"><\/use><\/svg><\/em>  <\/a>\n                        <\/li>\n                        <!-- \/themify-link-item -->\n                        <li class=\"social-link-item facebook font-icon icon-large\">\n                            <a href=\"https:\/\/www.facebook.com\/seaglowofficial\/\" aria-label=\"facebook\" ><em style=\"color:rgba(255, 255, 255, 1);background-color:#3b5998;\"><svg  aria-label=\"Facebook\" class=\"tf_fa tf-fab-facebook\" role=\"img\"><use href=\"#tf-fab-facebook\"><\/use><\/svg><\/em>  <\/a>\n                        <\/li>\n                        <!-- \/themify-link-item -->\n                        <li class=\"social-link-item linkedin font-icon icon-large\">\n                            <a href=\"https:\/\/www.linkedin.com\/company\/seaglow-official\/?viewAsMember=true\" aria-label=\"linkedin\" ><em style=\"color:rgba(255, 255, 255, 1);background-color:#0177b5;\"><svg  aria-label=\"Linkedin\" class=\"tf_fa tf-fab-linkedin-in\" role=\"img\"><use href=\"#tf-fab-linkedin-in\"><\/use><\/svg><\/em>  <\/a>\n                        <\/li>\n                        <!-- \/themify-link-item --><\/ul><\/div><\/div>\n<!-- \/module widget -->\n        <\/div>\n                        <\/div>\n        <\/div>\n                        <div  data-lazy=\"1\" class=\"module_row themify_builder_row tb_5ymb202 tf_w\">\n                        <div class=\"row_inner col_align_top tb_col_count_1 tf_box tf_rel\">\n                        <div  data-lazy=\"1\" class=\"module_column tb-column col-full tb_cteu203 first\">\n                    <!-- module text -->\n<div  class=\"module module-text tb_svzi8\" data-lazy=\"1\">\n        <div  class=\"tb_text_wrap\">\n        <h2 style=\"text-align: center;\">Fremme af viden og teknologi<\/h2>\n<p style=\"text-align: center;\"><span style=\"color: #01328a;\">SEAGLOW-konsortiet anerkender udfordringerne i industrien og de politiske retningslinjer, der er fastlagt i den europ\u00e6iske gr\u00f8nne pagt, og is\u00e6r den nye tilgang til den bl\u00e5 \u00f8konomi, og vil opbygge indbyrdes forbundne, komplement\u00e6re og tv\u00e6rg\u00e5ende pilotcases p\u00e5 tv\u00e6rs af \u00d8sters\u00f8en og Nords\u00f8en og demonstrere egnede teknologier, som kan give kort-, mellem- og langsigtede effekter.<\/span><\/p>    <\/div>\n<\/div>\n<!-- \/module text --><!-- module image -->\n<div  class=\"module module-image tb_z6f4892 image-full-overlay   tf_mw\" data-lazy=\"1\">\n        <div class=\"image-wrap tf_rel tf_mw\">\n            <img loading=\"lazy\" decoding=\"async\" src=\"http:\/\/seaglow.eu\/wp-content\/uploads\/2025\/02\/Kick-off_group_photo_resized.jpg\" width=\"2560\" height=\"1920\" title=\"Hjem\" alt=\"Home\">    \n        <\/div>\n    <!-- \/image-wrap -->\n    \n        <\/div>\n<!-- \/module image -->        <\/div>\n                        <\/div>\n        <\/div>\n                        <div  data-lazy=\"1\" class=\"module_row themify_builder_row tb_htj6445 tf_w\">\n                        <div class=\"row_inner col_align_top tb_col_count_1 tf_box tf_rel\">\n                        <div  data-lazy=\"1\" class=\"module_column tb-column col-full tb_8hqy445 first\">\n                    <!-- module text -->\n<div  class=\"module module-text tb_wtz8190\" data-lazy=\"1\">\n        <div  class=\"tb_text_wrap\">\n        <p style=\"text-align: center;\"><em>HORIZON-MISS-2023-OCEAN-01-05 - Fyrt\u00e5rn i \u00d8sters\u00f8en og Nords\u00f8en - Gr\u00f8nne og energieffektive sm\u00e5fiskerfl\u00e5der - Projekt: 101157477 - SEAGLOW\u00a0<\/em><\/p>    <\/div>\n<\/div>\n<!-- \/module text --><!-- module text -->\n<div  class=\"module module-text tb_t9nj985\" data-lazy=\"1\">\n        <div  class=\"tb_text_wrap\">\n        <p><em>Fotokreditering for denne side <span class=\"TextRun SCXW140315300 BCX0\" data-contrast=\"auto\"><span class=\"NormalTextRun SCXW140315300 BCX0\">@ArgoMengel<\/span><\/span><span class=\"EOP SCXW140315300 BCX0\" data-ccp-props=\"{&quot;335551550&quot;:6,&quot;335551620&quot;:6}\"> @Len Duevel @Seaglow\u00a0<\/span><\/em><\/p>    <\/div>\n<\/div>\n<!-- \/module text --><!-- module widget -->\n<div  class=\"module module-widget tb_30dx454\" data-lazy=\"1\">\n    <\/div>\n<!-- \/module widget -->\n        <\/div>\n                        <\/div>\n        <\/div>\n                        <div  data-lazy=\"1\" class=\"module_row themify_builder_row tb_vt5o323 tf_w\">\n                        <div class=\"row_inner col_align_top tb_col_count_1 tf_box tf_rel\">\n                        <div  data-lazy=\"1\" class=\"module_column tb-column col-full tb_wmb4323 first\">\n                            <\/div>\n                        <\/div>\n        <\/div>\n        <\/div>\n<!--\/themify_builder_content-->","protected":false},"excerpt":{"rendered":"<p>Sustainable Energy Applications for Green and Low-impact Operation of small-scale fishing boats in the Baltic and North Sea basins. Empowering\u00a0the energy\u00a0transition The project SEAGLOW (Sustainable Energy Applications for Green and [&hellip;]<\/p>\n","protected":false},"author":2,"featured_media":0,"parent":0,"menu_order":0,"comment_status":"closed","ping_status":"closed","template":"","meta":{"footnotes":""},"class_list":["post-967","page","type-page","status-publish","hentry","has-post-title","has-post-date","has-post-category","has-post-tag","has-post-comment","has-post-author",""],"_links":{"self":[{"href":"https:\/\/seaglow.eu\/da\/wp-json\/wp\/v2\/pages\/967","targetHints":{"allow":["GET"]}}],"collection":[{"href":"https:\/\/seaglow.eu\/da\/wp-json\/wp\/v2\/pages"}],"about":[{"href":"https:\/\/seaglow.eu\/da\/wp-json\/wp\/v2\/types\/page"}],"author":[{"embeddable":true,"href":"https:\/\/seaglow.eu\/da\/wp-json\/wp\/v2\/users\/2"}],"replies":[{"embeddable":true,"href":"https:\/\/seaglow.eu\/da\/wp-json\/wp\/v2\/comments?post=967"}],"version-history":[{"count":132,"href":"https:\/\/seaglow.eu\/da\/wp-json\/wp\/v2\/pages\/967\/revisions"}],"predecessor-version":[{"id":1549,"href":"https:\/\/seaglow.eu\/da\/wp-json\/wp\/v2\/pages\/967\/revisions\/1549"}],"wp:attachment":[{"href":"https:\/\/seaglow.eu\/da\/wp-json\/wp\/v2\/media?parent=967"}],"curies":[{"name":"wp","href":"https:\/\/api.w.org\/{rel}","templated":true}]}}