{"id":907,"date":"2024-07-18T11:47:07","date_gmt":"2024-07-18T11:47:07","guid":{"rendered":"https:\/\/seaglow.eu\/?page_id=907"},"modified":"2024-07-18T11:47:39","modified_gmt":"2024-07-18T11:47:39","slug":"privacy-and-data-protection-policy","status":"publish","type":"page","link":"https:\/\/seaglow.eu\/da\/privacy-and-data-protection-policy\/","title":{"rendered":"Politik for privatlivets fred og databeskyttelse"},"content":{"rendered":"<h3 style=\"text-align: center;\">Politik for privatlivets fred og databeskyttelse<\/h3>\n<p><strong>\u00a0<\/strong><\/p>\n<p>Velkommen til fortroligheds- og databeskyttelsespolitikken for SEAGLOWs websted (\"webstedet\"). Denne politik forklarer, hvordan vi indsamler, bruger, videregiver og beskytter dine personlige oplysninger, n\u00e5r du bes\u00f8ger vores hjemmeside. Ved at bruge vores hjemmeside accepterer du den praksis, der er beskrevet i denne politik.<\/p>\n<p>&nbsp;<\/p>\n<ol start=\"2\">\n<li>Oplysninger, vi indsamler<\/li>\n<\/ol>\n<p>Personlige oplysninger: Vi kan indsamle personlige oplysninger, som du frivilligt giver os, n\u00e5r du interagerer med webstedet, s\u00e5som dit navn, din e-mailadresse, dit telefonnummer og alle andre oplysninger, du v\u00e6lger at give.<\/p>\n<p>Automatisk indsamlede oplysninger: Vi kan ogs\u00e5 automatisk indsamle visse oplysninger om din enhed og brug af hjemmesiden ved hj\u00e6lp af cookies og lignende teknologier. Dette kan omfatte din IP-adresse, browsertype, operativsystem, henvisende URL'er og viste sider.<\/p>\n<p>&nbsp;<\/p>\n<ol start=\"3\">\n<li>Brug af information<\/li>\n<\/ol>\n<p>Vi bruger de oplysninger, vi indsamler, til f\u00f8lgende form\u00e5l:<\/p>\n<p>- At levere og vedligeholde hjemmesiden.<\/p>\n<p>-At forbedre og personligg\u00f8re din oplevelse p\u00e5 hjemmesiden.<\/p>\n<p>-At kommunikere med dig, herunder at besvare dine foresp\u00f8rgsler og give opdateringer om projektet.<\/p>\n<p>&nbsp;<\/p>\n<p>-At analysere og overv\u00e5ge brugen af webstedet og til andre interne form\u00e5l.<\/p>\n<p>-For at overholde juridiske forpligtelser.<\/p>\n<p>&nbsp;<\/p>\n<ol start=\"4\">\n<li>Juridisk grundlag for behandling<\/li>\n<\/ol>\n<p>Vi behandler dine personlige oplysninger baseret p\u00e5 en eller flere af f\u00f8lgende juridiske grunde:<\/p>\n<p>-Dit samtykke, som du til enhver tid kan tr\u00e6kke tilbage.<\/p>\n<p>-N\u00f8dvendigheden af behandling til opfyldelse af en kontrakt med dig.<\/p>\n<p>-Overholdelse af vores juridiske forpligtelser.<\/p>\n<p>Vores legitime interesser, s\u00e5som at forbedre vores tjenester og markedsf\u00f8ringsaktiviteter, hvor disse interesser ikke tilsides\u00e6ttes af dine rettigheder og interesser.<\/p>\n<p>&nbsp;<\/p>\n<ol start=\"5\">\n<li>Deling af information<\/li>\n<\/ol>\n<p>Vi kan dele dine personlige oplysninger med tredjeparter under f\u00f8lgende omst\u00e6ndigheder:<\/p>\n<p>-Med tjenesteudbydere og entrepren\u00f8rer, der hj\u00e6lper os med at drive webstedet og levere tjenester.<\/p>\n<p>-Med vores tilknyttede virksomheder og partnere, der er involveret i det EU-finansierede projekt.<\/p>\n<p>Som svar p\u00e5 lovlige anmodninger fra offentlige myndigheder, herunder for at opfylde nationale sikkerheds- eller retsh\u00e5ndh\u00e6velseskrav.<\/p>\n<p>I forbindelse med enhver fusion, salg af virksomhedens aktiver, finansiering eller overtagelse af hele eller en del af vores projekt af en anden virksomhed.<\/p>\n<p>&nbsp;<\/p>\n<ol start=\"6\">\n<li>Datasikkerhed<\/li>\n<\/ol>\n<p>Vi tr\u00e6ffer passende tekniske og organisatoriske foranstaltninger for at beskytte dine personlige oplysninger mod uautoriseret adgang, brug eller videregivelse. Ingen metode til transmission over internettet eller elektronisk opbevaring er dog helt sikker, og vi kan ikke garantere absolut sikkerhed.<\/p>\n<p>&nbsp;<\/p>\n<ol start=\"7\">\n<li>Dine rettigheder<\/li>\n<\/ol>\n<p>&nbsp;<\/p>\n<p>Du har f\u00f8lgende rettigheder vedr\u00f8rende dine personlige oplysninger i henhold til g\u00e6ldende databeskyttelseslove:<\/p>\n<p>-Adgang: Du har ret til at f\u00e5 adgang til de personlige oplysninger, vi har om dig.<\/p>\n<p>-Berigtigelse: Du kan anmode om, at vi retter eventuelle un\u00f8jagtige eller ufuldst\u00e6ndige personlige oplysninger.<\/p>\n<p>-Sletning: Du har ret til at anmode om sletning af dine personlige oplysninger med forbehold af visse undtagelser.<\/p>\n<p>-Begr\u00e6nsning: Du kan anmode om, at vi begr\u00e6nser behandlingen af dine personlige oplysninger under visse omst\u00e6ndigheder.<\/p>\n<p>-Indsigelse: Du har ret til at g\u00f8re indsigelse mod behandling af dine personlige oplysninger, herunder til direkte markedsf\u00f8ringsform\u00e5l.<\/p>\n<p>-Dataportabilitet: Du kan anmode om en kopi af dine personlige oplysninger i et struktureret, almindeligt anvendt og maskinl\u00e6sbart format.<\/p>\n<p>For at ud\u00f8ve disse rettigheder bedes du kontakte os ved hj\u00e6lp af nedenst\u00e5ende kontaktoplysninger.<\/p>\n<p>&nbsp;<\/p>\n<ol start=\"8\">\n<li>Internationale dataoverf\u00f8rsler<\/li>\n<\/ol>\n<p>Dine personlige oplysninger kan blive overf\u00f8rt til og behandlet i lande uden for Det Europ\u00e6iske \u00d8konomiske Samarbejdsomr\u00e5de (E\u00d8S), der muligvis ikke giver det samme niveau af databeskyttelse som dit hjemland. Vi vil tr\u00e6ffe passende foranstaltninger for at sikre, at dine personlige oplysninger forbliver beskyttet i overensstemmelse med denne politik.<\/p>\n<p>&nbsp;<\/p>\n<ol start=\"9\">\n<li>\u00c6ndringer af denne politik<\/li>\n<\/ol>\n<p>Vi kan opdatere denne privatlivs- og databeskyttelsespolitik fra tid til anden for at afspejle \u00e6ndringer i vores praksis eller af andre driftsm\u00e6ssige, juridiske eller lovgivningsm\u00e6ssige \u00e5rsager. Vi opfordrer dig til at gennemg\u00e5 denne politik med j\u00e6vne mellemrum for eventuelle opdateringer. Datoen for den seneste opdatering vil v\u00e6re angivet nederst i politikken.<\/p>\n<p>&nbsp;<\/p>\n<ol start=\"10\">\n<li>Kontakt os<\/li>\n<\/ol>\n<p>&nbsp;<\/p>\n<p>Hvis du har sp\u00f8rgsm\u00e5l til denne fortroligheds- og databeskyttelsespolitik eller vores datapraksis, bedes du kontakte SEAGLOW-projektlederen p\u00e5:<\/p>\n<p>&nbsp;<\/p>\n<p>NordDanmarks EU-kontor NOVI Science Park<\/p>\n<p>Niels Jernes Vej 10 DK-9220 Aalborg \u00d8 Tlf: +45 6188 5300<\/p>\n<p>E-mail: <a href=\"mailto:info@ndeu.dk\">info@ndeu.dk<\/a><\/p>\n<p>&nbsp;<\/p>\n<p>NordDanmarks EU-Kontor, Bruxelles Avenue Palmerston 18<\/p>\n<p>B-1000 Bruxelles Belgien<\/p>\n<p>E-mail: <a href=\"mailto:info@ndeu.dk\">info@ndeu.dk<\/a><\/p>\n<p>&nbsp;<\/p>\n<p style=\"text-align: right;\"><em>Sidst opdateret: 17. juli 2024<\/em><\/p>","protected":false},"excerpt":{"rendered":"<p>Privacy and Data Protection Policy \u00a0 Welcome to the Privacy and Data Protection Policy for the SEAGLOW website (the &#8220;Website&#8221;). This policy explains how we collect, use, disclose, and protect [&hellip;]<\/p>\n","protected":false},"author":1,"featured_media":0,"parent":0,"menu_order":0,"comment_status":"closed","ping_status":"closed","template":"","meta":{"footnotes":""},"class_list":["post-907","page","type-page","status-publish","hentry","has-post-title","has-post-date","has-post-category","has-post-tag","has-post-comment","has-post-author",""],"_links":{"self":[{"href":"https:\/\/seaglow.eu\/da\/wp-json\/wp\/v2\/pages\/907","targetHints":{"allow":["GET"]}}],"collection":[{"href":"https:\/\/seaglow.eu\/da\/wp-json\/wp\/v2\/pages"}],"about":[{"href":"https:\/\/seaglow.eu\/da\/wp-json\/wp\/v2\/types\/page"}],"author":[{"embeddable":true,"href":"https:\/\/seaglow.eu\/da\/wp-json\/wp\/v2\/users\/1"}],"replies":[{"embeddable":true,"href":"https:\/\/seaglow.eu\/da\/wp-json\/wp\/v2\/comments?post=907"}],"version-history":[{"count":2,"href":"https:\/\/seaglow.eu\/da\/wp-json\/wp\/v2\/pages\/907\/revisions"}],"predecessor-version":[{"id":909,"href":"https:\/\/seaglow.eu\/da\/wp-json\/wp\/v2\/pages\/907\/revisions\/909"}],"wp:attachment":[{"href":"https:\/\/seaglow.eu\/da\/wp-json\/wp\/v2\/media?parent=907"}],"curies":[{"name":"wp","href":"https:\/\/api.w.org\/{rel}","templated":true}]}}