{"id":902,"date":"2024-07-18T11:40:03","date_gmt":"2024-07-18T11:40:03","guid":{"rendered":"https:\/\/seaglow.eu\/?page_id=902"},"modified":"2024-07-18T11:45:24","modified_gmt":"2024-07-18T11:45:24","slug":"cookies-policy","status":"publish","type":"page","link":"https:\/\/seaglow.eu\/da\/cookies-policy\/","title":{"rendered":"Politik for cookies"},"content":{"rendered":"<h3 style=\"text-align: center;\">Politik for cookies<\/h3>\n<p>&nbsp;<\/p>\n<ol>\n<li>Introduktion<\/li>\n<\/ol>\n<p>Velkommen til cookiepolitikken for SEAGLOWs websted (\"webstedet\"). Denne politik forklarer, hvordan vi bruger cookies og lignende teknologier p\u00e5 vores hjemmeside. Ved at bruge vores hjemmeside accepterer du brugen af cookies som beskrevet i denne politik. Hvis du ikke accepterer vores brug af cookies, b\u00f8r du justere dine browserindstillinger i overensstemmelse hermed eller afst\u00e5 fra at bruge vores hjemmeside.<\/p>\n<p>&nbsp;<\/p>\n<p>&nbsp;<\/p>\n<ol start=\"2\">\n<li>Hvad er cookies?<\/li>\n<\/ol>\n<p>Cookies er sm\u00e5 tekstfiler, der placeres p\u00e5 din enhed, n\u00e5r du bes\u00f8ger en hjemmeside. De bruges i vid udstr\u00e6kning til at f\u00e5 websteder til at fungere mere effektivt og til at give oplysninger til webstedsejere. Cookies g\u00f8r det muligt for hjemmesider at genkende din enhed og gemme oplysninger om dine pr\u00e6ferencer eller tidligere handlinger.<\/p>\n<p>&nbsp;<\/p>\n<p>&nbsp;<\/p>\n<ol start=\"3\">\n<li>Typer af cookies, vi bruger<\/li>\n<\/ol>\n<p>Vi bruger f\u00f8lgende typer af cookies p\u00e5 vores hjemmeside:<\/p>\n<p>Strengt n\u00f8dvendige cookies: Disse cookies er afg\u00f8rende for, at du kan navigere p\u00e5 webstedet og bruge dets funktioner, f.eks. adgang til sikre omr\u00e5der. Uden disse cookies kan de tjenester, du har anmodet om, ikke leveres.<\/p>\n<p>&nbsp;<\/p>\n<p>Performance-cookies: Disse cookies indsamler oplysninger om, hvordan bes\u00f8gende bruger vores hjemmeside, f.eks. hvilke sider der bes\u00f8ges oftest. Disse oplysninger bruges til at forbedre vores hjemmeside og brugeroplevelsen.<\/p>\n<p>Funktionalitetscookies: Disse cookies g\u00f8r det muligt for webstedet at huske de valg, du foretager (f.eks. dit brugernavn, sprog eller region) og give forbedrede, mere personlige funktioner.<\/p>\n<p>Cookies til m\u00e5lretning\/annoncering: Disse cookies bruges til at levere indhold, der er mere relevant for dig og dine interesser. De kan ogs\u00e5 bruges til at begr\u00e6nse antallet af gange, du ser en reklame, og til at m\u00e5le effektiviteten af reklamekampagner.<\/p>\n<p>&nbsp;<\/p>\n<p>&nbsp;<\/p>\n<ol start=\"4\">\n<li>S\u00e5dan bruger vi cookies<\/li>\n<\/ol>\n<p>Vi bruger cookies til f\u00f8lgende form\u00e5l:<\/p>\n<p>-For at sikre, at webstedet fungerer korrekt.<\/p>\n<p>-At analysere og forbedre ydeevnen p\u00e5 vores websted.<\/p>\n<p>-At personligg\u00f8re din oplevelse p\u00e5 vores hjemmeside.<\/p>\n<p>-At levere m\u00e5lrettet annoncering baseret p\u00e5 dine browsingaktiviteter.<\/p>\n<p>&nbsp;<\/p>\n<p>&nbsp;<\/p>\n<ol start=\"5\">\n<li>Cookies fra tredjeparter<\/li>\n<\/ol>\n<p>Vores hjemmeside kan ogs\u00e5 bruge cookies fra tredjepartsudbydere, s\u00e5som Google Analytics, til at hj\u00e6lpe os med at analysere, hvordan brugerne interagerer med hjemmesiden. Disse cookies kan indsamle oplysninger anonymt og rapportere websitetendenser uden at identificere individuelle bes\u00f8gende. For mere information om, hvordan disse tredjeparter bruger cookies, henvises til deres respektive privatlivspolitikker.<\/p>\n<p>&nbsp;<\/p>\n<p>&nbsp;<\/p>\n<ol start=\"6\">\n<li>H\u00e5ndtering af cookies<\/li>\n<\/ol>\n<p>Du kan kontrollere og administrere cookies p\u00e5 forskellige m\u00e5der. Bem\u00e6rk, at fjernelse eller blokering af cookies kan p\u00e5virke din brugeroplevelse, og at nogle dele af webstedet muligvis ikke fungerer korrekt. Du kan administrere dine cookiepr\u00e6ferencer via dine browserindstillinger. Du kan f\u00e5 flere oplysninger om, hvordan du administrerer cookies, p\u00e5 hj\u00e6lpesiderne i din browser.<\/p>\n<p>&nbsp;<\/p>\n<ol start=\"7\">\n<li>Opdateringer til denne politik<\/li>\n<\/ol>\n<p>Vi kan opdatere denne cookiepolitik fra tid til anden for at afspejle \u00e6ndringer i vores praksis eller af andre driftsm\u00e6ssige, juridiske eller lovgivningsm\u00e6ssige \u00e5rsager. Vi opfordrer dig til at gennemg\u00e5 denne politik med j\u00e6vne mellemrum for eventuelle opdateringer. Datoen for den seneste opdatering vil v\u00e6re angivet \u00f8verst i politikken.<\/p>\n<p>&nbsp;<\/p>\n<p>&nbsp;<\/p>\n<ol start=\"8\">\n<li>Kontakt os<\/li>\n<\/ol>\n<p>Hvis du har sp\u00f8rgsm\u00e5l om vores brug af cookies eller denne cookiepolitik, bedes du kontakte projektlederen SEAGLOW p\u00e5:<\/p>\n<p>&nbsp;<\/p>\n<p>&nbsp;<\/p>\n<p>NordDanmarks EU-kontor NOVI Science Park<\/p>\n<p>Niels Jernes Vej 10 DK-9220 Aalborg \u00d8 Tlf: +45 6188 5300<\/p>\n<p>E-mail: <a href=\"mailto:info@ndeu.dk\">info@ndeu.dk<\/a><\/p>\n<p>&nbsp;<\/p>\n<p>&nbsp;<\/p>\n<p>NordDanmarks EU-Kontor, Bruxelles Avenue Palmerston 18<\/p>\n<p>B-1000 Bruxelles Belgien<\/p>\n<p>E-mail: <a href=\"mailto:info@ndeu.dk\">info@ndeu.dk<\/a><\/p>","protected":false},"excerpt":{"rendered":"<p>Cookies Policy &nbsp; Introduction Welcome to the cookies policy for the SEAGLOW website (the &#8220;Website&#8221;). This policy explains how we use cookies and similar technologies on our Website. By using [&hellip;]<\/p>\n","protected":false},"author":1,"featured_media":0,"parent":0,"menu_order":0,"comment_status":"open","ping_status":"closed","template":"","meta":{"footnotes":""},"class_list":["post-902","page","type-page","status-publish","hentry","has-post-title","has-post-date","has-post-category","has-post-tag","has-post-comment","has-post-author",""],"_links":{"self":[{"href":"https:\/\/seaglow.eu\/da\/wp-json\/wp\/v2\/pages\/902","targetHints":{"allow":["GET"]}}],"collection":[{"href":"https:\/\/seaglow.eu\/da\/wp-json\/wp\/v2\/pages"}],"about":[{"href":"https:\/\/seaglow.eu\/da\/wp-json\/wp\/v2\/types\/page"}],"author":[{"embeddable":true,"href":"https:\/\/seaglow.eu\/da\/wp-json\/wp\/v2\/users\/1"}],"replies":[{"embeddable":true,"href":"https:\/\/seaglow.eu\/da\/wp-json\/wp\/v2\/comments?post=902"}],"version-history":[{"count":4,"href":"https:\/\/seaglow.eu\/da\/wp-json\/wp\/v2\/pages\/902\/revisions"}],"predecessor-version":[{"id":906,"href":"https:\/\/seaglow.eu\/da\/wp-json\/wp\/v2\/pages\/902\/revisions\/906"}],"wp:attachment":[{"href":"https:\/\/seaglow.eu\/da\/wp-json\/wp\/v2\/media?parent=902"}],"curies":[{"name":"wp","href":"https:\/\/api.w.org\/{rel}","templated":true}]}}