{"id":1053,"date":"2024-10-15T15:00:03","date_gmt":"2024-10-15T15:00:03","guid":{"rendered":"https:\/\/seaglow.eu\/?page_id=1053"},"modified":"2024-11-22T08:48:08","modified_gmt":"2024-11-22T08:48:08","slug":"what-we-do","status":"publish","type":"page","link":"https:\/\/seaglow.eu\/da\/what-we-do\/","title":{"rendered":"Hvad vi g\u00f8r"},"content":{"rendered":"<!--themify_builder_content-->\n<div id=\"themify_builder_content-1053\" data-postid=\"1053\" class=\"themify_builder_content themify_builder_content-1053 themify_builder tf_clear\">\n                    <div  data-lazy=\"1\" class=\"module_row themify_builder_row tb_39vn18 tb_first tf_w\">\n                        <div class=\"row_inner col_align_top tb_col_count_1 tf_box tf_rel\">\n                        <div  data-lazy=\"1\" class=\"module_column tb-column col-full tb_ws2x18 first\">\n        <span class=\"builder_row_cover tf_abs\"><\/span>            <!-- module text -->\n<div  class=\"module module-text tb_js1718\" data-lazy=\"1\">\n        <div  class=\"tb_text_wrap\">\n        <h1>HVAD VI G\u00d8R<\/h1>\n<p style=\"text-align: center;\"><em>SEAGLOW-konsortiets ambition er at demonstrere klart og utvetydigt, at brugen af<strong> en kombination af passende teknologier er en game-changer<\/strong>Det giver mulighed for en omkostningseffektiv reduktion af br\u00e6ndstofforbruget til gavn for fiskerisamfundet og milj\u00f8et og fremskynder mulighederne for positiv forandring.<\/em><\/p>    <\/div>\n<\/div>\n<!-- \/module text -->        <\/div>\n                        <\/div>\n        <\/div>\n                        <div  data-lazy=\"1\" class=\"module_row themify_builder_row tb_lx5s154 tf_w\">\n                        <div class=\"row_inner col_align_top tb_col_count_2 tf_box tf_rel\">\n                        <div  data-lazy=\"1\" class=\"module_column tb-column col4-2 tb_7wgf155 first\">\n                    <!-- module text -->\n<div  class=\"module module-text tb_ry6g158\" data-lazy=\"1\">\n        <div  class=\"tb_text_wrap\">\n        <h4>I februar 2023 offentliggjorde Europa-Kommissionen en r\u00e6kke foranstaltninger til forbedring af b\u00e6redygtigheden og modstandsdygtigheden i EU's fiskeri- og akvakultursektor, herunder <a href=\"https:\/\/oceans-and-fisheries.ec.europa.eu\/publications\/communication-commission-energy-transition-eu-fisheries-and-aquaculture-sector_en\">Meddelelse om energiomstilling i EU's fiskeri- og akvakultursektor<\/a>. Hovedform\u00e5let med foranstaltningerne er at fremme brugen af renere energikilder og reducere afh\u00e6ngigheden af fossile br\u00e6ndstoffer samt at reducere fiskerisektorens indvirkning p\u00e5 de marine \u00f8kosystemer.<\/h4>    <\/div>\n<\/div>\n<!-- \/module text -->        <\/div>\n                    <div  data-lazy=\"1\" class=\"module_column tb-column col4-2 tb_eepy155 last\">\n                    <!-- module image -->\n<div  class=\"module module-image tb_qzl8177 image-full-overlay   tf_mw\" data-lazy=\"1\">\n        <div class=\"image-wrap tf_rel tf_mw\">\n            <img loading=\"lazy\" decoding=\"async\" width=\"1920\" height=\"2560\" src=\"https:\/\/seaglow.eu\/wp-content\/uploads\/2024\/06\/billede-20240604-120228-bcef2de1-scaled.jpeg\" class=\"wp-post-image wp-image-638\" title=\"billede - 20240604-120228-bcef2de1\" alt=\"billede - 20240604-120228-bcef2de1\" srcset=\"https:\/\/seaglow.eu\/wp-content\/uploads\/2024\/06\/billede-20240604-120228-bcef2de1-scaled.jpeg 1920w, https:\/\/seaglow.eu\/wp-content\/uploads\/2024\/06\/billede-20240604-120228-bcef2de1-375x500.jpeg 375w, https:\/\/seaglow.eu\/wp-content\/uploads\/2024\/06\/billede-20240604-120228-bcef2de1-900x1200.jpeg 900w, https:\/\/seaglow.eu\/wp-content\/uploads\/2024\/06\/billede-20240604-120228-bcef2de1-225x300.jpeg 225w, https:\/\/seaglow.eu\/wp-content\/uploads\/2024\/06\/billede-20240604-120228-bcef2de1-768x1024.jpeg 768w, https:\/\/seaglow.eu\/wp-content\/uploads\/2024\/06\/billede-20240604-120228-bcef2de1-1152x1536.jpeg 1152w, https:\/\/seaglow.eu\/wp-content\/uploads\/2024\/06\/billede-20240604-120228-bcef2de1-1536x2048.jpeg 1536w, https:\/\/seaglow.eu\/wp-content\/uploads\/2024\/06\/billede-20240604-120228-bcef2de1-56x75.jpeg 56w, https:\/\/seaglow.eu\/wp-content\/uploads\/2024\/06\/billede-20240604-120228-bcef2de1-480x640.jpeg 480w\" sizes=\"auto, (max-width: 1920px) 100vw, 1920px\" \/>    \n        <\/div>\n    <!-- \/image-wrap -->\n    \n        <\/div>\n<!-- \/module image -->        <\/div>\n                        <\/div>\n        <\/div>\n                        <div  data-lazy=\"1\" class=\"module_row themify_builder_row tb_zw9v105 tf_w\">\n                        <div class=\"row_inner col_align_top tb_col_count_2 tf_box tf_rel\">\n                        <div  data-lazy=\"1\" class=\"module_column tb-column col4-2 tb_u1r3105 first\">\n                    <!-- module text -->\n<div  class=\"module module-text tb_uv0n658\" data-lazy=\"1\">\n        <div  class=\"tb_text_wrap\">\n        <h2><span style=\"color: #aec93e;\">Seaglow vil aktivt bidrage til at opn\u00e5 to hovedm\u00e5l<\/span> retninger for forandring\u00a0<\/h2>    <\/div>\n<\/div>\n<!-- \/module text --><!-- module image -->\n<div  class=\"module module-image tb_oh8k691 image-top   tf_mw\" data-lazy=\"1\">\n        <div class=\"image-wrap tf_rel tf_mw\">\n            <img loading=\"lazy\" decoding=\"async\" src=\"http:\/\/seaglow.eu\/wp-content\/uploads\/2024\/11\/DSC_0172.jpg\" width=\"496\" height=\"362\" title=\"Hvad vi g\u00f8r\" alt=\"What we do\">    \n        <\/div>\n    <!-- \/image-wrap -->\n    \n        <\/div>\n<!-- \/module image -->        <\/div>\n                    <div  data-lazy=\"1\" class=\"module_column tb-column col4-2 tb_h4oj237 last\">\n                    <!-- module text -->\n<div  class=\"module module-text tb_uxnu651\" data-lazy=\"1\">\n        <div  class=\"tb_text_wrap\">\n        <ul>\n<li>\n<h4>\u00d8get energieffektivitet p\u00e5 kort og mellemlangt sigt\u00a0<\/h4>\n<\/li>\n<li>\n<h4>Et gradvist skift fra fossile br\u00e6ndstoffer til andre vedvarende energikilder med lavt kulstofindhold.<\/h4>\n<\/li>\n<\/ul>\n<p>Det vejledende m\u00e5l for fiskerisektoren er at reducere intensiteten af fossile br\u00e6ndstoffer (i liter pr. kg landet produkt) med &gt;15 % fra 2019 til 2030, og det endelige m\u00e5l er CO2-neutralitet i 2050. Tiltagene vil give tid til investeringer, og overgangen forventes at blive gennemf\u00f8rt gradvist for at hj\u00e6lpe sektoren med at tilpasse sig. Som en del af processen omfatter handlingsplanen initiativer til at stimulere forskning og innovation, udvikle den n\u00f8dvendige arbejdskraft og forbedre erhvervs- og investeringsmilj\u00f8et, herunder finansiering.<\/p>    <\/div>\n<\/div>\n<!-- \/module text -->        <\/div>\n                        <\/div>\n        <\/div>\n                        <div  data-lazy=\"1\" class=\"module_row themify_builder_row tb_klc5537 tf_w\">\n                        <div class=\"row_inner col_align_top tb_col_count_1 tf_box tf_rel\">\n                        <div  data-lazy=\"1\" class=\"module_column tb-column col-full tb_aqgb537 first\">\n                    <!-- module text -->\n<div  class=\"module module-text tb_z4o1537\" data-lazy=\"1\">\n        <div  class=\"tb_text_wrap\">\n        <h2 style=\"text-align: center;\"><strong>Udfordringer med at opfylde energibehovet i forbindelse med den bl\u00e5 \u00f8konomi<\/strong><\/h2>\n<p style=\"text-align: center;\"><span style=\"color: #01328a;\">Balance mellem b\u00e6redygtige energil\u00f8sninger og den maritime industris virkelighed<\/span><\/p>    <\/div>\n<\/div>\n<!-- \/module text -->        <div  data-lazy=\"1\" class=\"module_subrow themify_builder_sub_row tf_w col_align_top tb_col_count_3 tb_9pze80\">\n                <div  data-lazy=\"1\" class=\"module_column sub_column col3-1 tb_zg3v81 first\">\n                    <!-- module image -->\n<div  class=\"module module-image tb_k5hb963 image-top   tf_mw\" data-lazy=\"1\">\n        <div class=\"image-wrap tf_rel tf_mw\">\n            <img loading=\"lazy\" decoding=\"async\" src=\"http:\/\/seaglow.eu\/wp-content\/uploads\/2024\/06\/durabilite.png\" width=\"512\" height=\"512\" title=\"Hvad vi g\u00f8r\" alt=\"What we do\">    \n        <\/div>\n    <!-- \/image-wrap -->\n    \n        <\/div>\n<!-- \/module image --><!-- module text -->\n<div  class=\"module module-text tb_k6p594\" data-lazy=\"1\">\n        <div  class=\"tb_text_wrap\">\n        <p>Udfordringerne er kendte, men det er sv\u00e6rt at opfylde de energikrav, der er n\u00f8dvendige for omstillingen inden for den bl\u00e5 \u00f8konomi. Den nuv\u00e6rende lovgivning kr\u00e6ver, at erstatningsmotorer skal have samme effekt eller mindre end den oprindelige motor og kan omfatte krav om lavere CO2-udledning.<\/p>\n<p>Nye teknologier kan have en h\u00f8jere v\u00e6gt end konventionelle dieselmotorer, hvilket kan spille ind p\u00e5 fiskerikapaciteten, som er baseret p\u00e5 bruttotonnage. Is\u00e6r for \u00e6ldre, mindre fiskefart\u00f8jer er st\u00f8rrelsen ofte et problem, da nyt udstyr kan optage mere plads eller p\u00e5virke fart\u00f8jets stabilitet. Dette kapacitetsloft kan ogs\u00e5 blive endnu mere h\u00e6mmet af mangel p\u00e5 passende havneinfrastruktur til service og vedligeholdelse af motorer.\u00a0<\/p>    <\/div>\n<\/div>\n<!-- \/module text -->        <\/div>\n                    <div  data-lazy=\"1\" class=\"module_column sub_column col3-1 tb_5yn0888\">\n                    <!-- module image -->\n<div  class=\"module module-image tb_n52j888 image-top   tf_mw\" data-lazy=\"1\">\n        <div class=\"image-wrap tf_rel tf_mw\">\n            <img loading=\"lazy\" decoding=\"async\" src=\"http:\/\/seaglow.eu\/wp-content\/uploads\/2024\/06\/presentation.png\" width=\"512\" height=\"512\" title=\"Hvad vi g\u00f8r\" alt=\"What we do\">    \n        <\/div>\n    <!-- \/image-wrap -->\n    \n        <\/div>\n<!-- \/module image --><!-- module text -->\n<div  class=\"module module-text tb_2d2u888\" data-lazy=\"1\">\n        <div  class=\"tb_text_wrap\">\n        <p>Der er en betydelig mangel p\u00e5 viden og f\u00e6rdigheder, idet mange ansatte i fiskeindustrien ikke kender til nye, mere effektive teknologier og mangler praktiske f\u00e6rdigheder til at arbejde med nye fremdriftsteknologier. Branchen er aldrende, og mange b\u00e5dejere er nu over 502 \u00e5r, og det har vist sig at v\u00e6re sv\u00e6rt at tiltr\u00e6kke yngre mennesker til branchen.<\/p>\n<p>Der er relativt h\u00f8je investeringsomkostninger ved at indf\u00f8re visse energieffektive eller kulstoffattige fremdriftsteknologier sammenlignet med de begr\u00e6nsede indt\u00e6gter for de fleste fart\u00f8jer i fiskerfl\u00e5den, hvilket g\u00f8r investeringer til en risiko og kan forsinke implementeringen af nye teknologier. Endelig er der en vis modstand i branchen p\u00e5 grund af traditioner og \u00f8nsket om at bevare en kendt og afpr\u00f8vet livsstil.\u00a0<\/p>    <\/div>\n<\/div>\n<!-- \/module text -->        <\/div>\n                    <div  data-lazy=\"1\" class=\"module_column sub_column col3-1 tb_ibeg443 last\">\n                    <!-- module image -->\n<div  class=\"module module-image tb_6qaj443 image-top   tf_mw\" data-lazy=\"1\">\n        <div class=\"image-wrap tf_rel tf_mw\">\n            <img loading=\"lazy\" decoding=\"async\" src=\"http:\/\/seaglow.eu\/wp-content\/uploads\/2024\/06\/energie-maremotrice.png\" width=\"512\" height=\"512\" title=\"Hvad vi g\u00f8r\" alt=\"What we do\">    \n        <\/div>\n    <!-- \/image-wrap -->\n    \n        <\/div>\n<!-- \/module image --><!-- module text -->\n<div  class=\"module module-text tb_9q00443\" data-lazy=\"1\">\n        <div  class=\"tb_text_wrap\">\n        <p>SEAGLOW-konsortiet anerkender udfordringerne i industrien og de politiske retningslinjer, der er fastlagt i den europ\u00e6iske gr\u00f8nne pagt, og is\u00e6r den nye tilgang til den bl\u00e5 \u00f8konomi. Det opbygger indbyrdes forbundne, komplement\u00e6re og tv\u00e6rg\u00e5ende pilotprojekter p\u00e5 tv\u00e6rs af \u00d8sters\u00f8en og Nords\u00f8en, der demonstrerer egnede teknologier, som kan have kort-, mellem- og langsigtede effekter. Seaglow-pilotprojekter underst\u00f8ttes af data af h\u00f8j kvalitet og arbejder p\u00e5 at forbedre investeringerne i passende energiomstillingsl\u00f8sninger.<\/p>\n<p>Konsortiet bruger en kombination af teknologier og metoder, som anses for at v\u00e6re egnede til industrien med hensyn til omkostninger, support og vedligeholdelse. Kombinationen af disse teknologier, der fungerer p\u00e5 en tv\u00e6rg\u00e5ende og komplement\u00e6r m\u00e5de og udnytter partnerskabets kombinerede f\u00e6rdigheder, erfaringer og netv\u00e6rk, er baseret p\u00e5 en ny tilgang, der opbygger nye energiomstillingspartnerskaber p\u00e5 forskellige niveauer.<\/p>    <\/div>\n<\/div>\n<!-- \/module text -->        <\/div>\n                    <\/div>\n                <\/div>\n                        <\/div>\n        <\/div>\n                        <div  data-lazy=\"1\" class=\"module_row themify_builder_row tb_t108296 tf_w\">\n                        <div class=\"row_inner col_align_top tb_col_count_1 tf_box tf_rel\">\n                        <div  data-lazy=\"1\" class=\"module_column tb-column col-full tb_2v94296 first\">\n                    <!-- module text -->\n<div  class=\"module module-text tb_k0yt64\" data-lazy=\"1\">\n        <div  class=\"tb_text_wrap\">\n        <p style=\"text-align: center;\"><em>HORIZON-MISS-2023-OCEAN-01-05 - Fyrt\u00e5rn i \u00d8sters\u00f8en og Nords\u00f8en - Gr\u00f8nne og energieffektive sm\u00e5fiskerfl\u00e5der - Projekt: 101157477 - SEAGLOW\u00a0<\/em><\/p>    <\/div>\n<\/div>\n<!-- \/module text -->        <\/div>\n                        <\/div>\n        <\/div>\n                        <div  data-lazy=\"1\" class=\"module_row themify_builder_row tb_d6f5113 tf_w\">\n                        <div class=\"row_inner col_align_top tb_col_count_1 tf_box tf_rel\">\n                        <div  data-lazy=\"1\" class=\"module_column tb-column col-full tb_c16z114 first\">\n                            <\/div>\n                        <\/div>\n        <\/div>\n                        <div  data-lazy=\"1\" class=\"module_row themify_builder_row tb_vopq798 tf_w\">\n                        <div class=\"row_inner col_align_top tb_col_count_1 tf_box tf_rel\">\n                        <div  data-lazy=\"1\" class=\"module_column tb-column col-full tb_mg3u798 first\">\n                    <!-- module text -->\n<div  class=\"module module-text tb_2bqh114\" data-lazy=\"1\">\n        <div  class=\"tb_text_wrap\">\n        <p><em>Fotos til denne side: @Len Duevel @Seaglow<\/em><\/p>    <\/div>\n<\/div>\n<!-- \/module text -->        <\/div>\n                        <\/div>\n        <\/div>\n        <\/div>\n<!--\/themify_builder_content-->","protected":false},"excerpt":{"rendered":"<p>WHAT WE DO The ambition of the SEAGLOW consortium is to demonstrate clearly and unequivocally that the use of a combination of appropriate technologies is a game-changer, allowing the cost-efficient [&hellip;]<\/p>\n","protected":false},"author":2,"featured_media":0,"parent":0,"menu_order":0,"comment_status":"closed","ping_status":"closed","template":"","meta":{"footnotes":""},"class_list":["post-1053","page","type-page","status-publish","hentry","has-post-title","has-post-date","has-post-category","has-post-tag","has-post-comment","has-post-author",""],"_links":{"self":[{"href":"https:\/\/seaglow.eu\/da\/wp-json\/wp\/v2\/pages\/1053","targetHints":{"allow":["GET"]}}],"collection":[{"href":"https:\/\/seaglow.eu\/da\/wp-json\/wp\/v2\/pages"}],"about":[{"href":"https:\/\/seaglow.eu\/da\/wp-json\/wp\/v2\/types\/page"}],"author":[{"embeddable":true,"href":"https:\/\/seaglow.eu\/da\/wp-json\/wp\/v2\/users\/2"}],"replies":[{"embeddable":true,"href":"https:\/\/seaglow.eu\/da\/wp-json\/wp\/v2\/comments?post=1053"}],"version-history":[{"count":42,"href":"https:\/\/seaglow.eu\/da\/wp-json\/wp\/v2\/pages\/1053\/revisions"}],"predecessor-version":[{"id":1325,"href":"https:\/\/seaglow.eu\/da\/wp-json\/wp\/v2\/pages\/1053\/revisions\/1325"}],"wp:attachment":[{"href":"https:\/\/seaglow.eu\/da\/wp-json\/wp\/v2\/media?parent=1053"}],"curies":[{"name":"wp","href":"https:\/\/api.w.org\/{rel}","templated":true}]}}