{"id":1084,"date":"2024-10-15T15:49:28","date_gmt":"2024-10-15T15:49:28","guid":{"rendered":"https:\/\/seaglow.eu\/?page_id=1084"},"modified":"2024-10-18T08:09:20","modified_gmt":"2024-10-18T08:09:20","slug":"contact","status":"publish","type":"page","link":"http:\/\/seaglow.eu\/da\/contact\/","title":{"rendered":"Kontakt"},"content":{"rendered":"<!--themify_builder_content-->\n<div id=\"themify_builder_content-1084\" data-postid=\"1084\" class=\"themify_builder_content themify_builder_content-1084 themify_builder tf_clear\">\n                    <div  data-lazy=\"1\" class=\"module_row themify_builder_row tb_efg6117 tb_first tf_w\">\n            <span class=\"builder_row_cover tf_abs\"><\/span>            <div class=\"row_inner col_align_top tb_col_count_1 tf_box tf_rel\">\n                        <div  data-lazy=\"1\" class=\"module_column tb-column col-full tb_98zq118 first\">\n                    <!-- module text -->\n<div  class=\"module module-text tb_thli163\" data-lazy=\"1\">\n        <div  class=\"tb_text_wrap\">\n        <h1 style=\"text-align: center;\">Kom ind\u00a0<span style=\"color: #aec93e;\">Ber\u00f8ring<\/span><\/h1>    <\/div>\n<\/div>\n<!-- \/module text --><!-- module text -->\n<div  class=\"module module-text tb_gmuv197\" data-lazy=\"1\">\n        <div  class=\"tb_text_wrap\">\n        <p style=\"text-align: center;\">Vi er her for at hj\u00e6lpe og besvare alle sp\u00f8rgsm\u00e5l<\/p>    <\/div>\n<\/div>\n<!-- \/module text -->        <div  data-lazy=\"1\" class=\"module_subrow themify_builder_sub_row tf_w col_align_top tb_col_count_2 tb_8it5779\">\n                <div  data-lazy=\"1\" class=\"module_column sub_column col4-2 tb_sap5779 first\">\n                    <!-- module text -->\n<div  class=\"module module-text tb_i52q977\" data-lazy=\"1\">\n        <div  class=\"tb_text_wrap\">\n        <p><strong>NorthDenmark EU-Office\/ Nord Danmarks EU-KONTOR<\/strong><\/p>\n<h2><span style=\"color: #aec93e;\">Adresse<\/span><\/h2>\n<p><strong>NordDanmarks EU-kontor<\/strong><\/p>\n<p>NOVI Science ParkNiels Jernes Vej 10DK-9220 Aalborg \u00d8<\/p>\n<p>Kontor: +45 6188 5300<\/p>\n<p><strong>NordDanmarks EU-Kontor, Bruxelles<\/strong>Avenue Palmerston 18B-1000 BruxellesBelgien<\/p>    <\/div>\n<\/div>\n<!-- \/module text --><!-- module icon -->\n<div  class=\"module module-icon tb_381d738    icon_horizontal\" data-lazy=\"1\">\n            <div class=\"module-icon-item\">\n                                                                <em class=\"tf_box\" style=\"color:#ffffff\"><svg  class=\"tf_fa tf-ti-mobile\" aria-hidden=\"true\"><use href=\"#tf-ti-mobile\"><\/use><\/svg><\/em>\n                                                                            <span>+45 6188 0057<\/span>\n                                                            <\/div>\n    <\/div>\n<!-- \/module icon -->\n<!-- module icon -->\n<div  class=\"module module-icon tb_5h2n161    icon_horizontal\" data-lazy=\"1\">\n            <div class=\"module-icon-item\">\n                                                                <em class=\"tf_box\" style=\"color:#ffffff\"><svg  class=\"tf_fa tf-ti-email\" aria-hidden=\"true\"><use href=\"#tf-ti-email\"><\/use><\/svg><\/em>\n                                                                            <span>info@ndeu.dk<\/span>\n                                                            <\/div>\n    <\/div>\n<!-- \/module icon -->\n<!-- module widget -->\n<div  class=\"module module-widget tb_u246348\" data-lazy=\"1\">\n    <div class=\"widget themify-social-links\"><ul class=\"social-links horizontal\">\n                        <li class=\"social-link-item twitter font-icon icon-large\">\n                            <a href=\"https:\/\/x.com\/SeaglowEU\" aria-label=\"Twitter\" ><em style=\"color:rgba(255, 255, 255, 1);background-color:#1ca2f3;\"><svg  aria-label=\"Twitter\" class=\"tf_fa tf-fab-twitter\" role=\"img\"><use href=\"#tf-fab-twitter\"><\/use><\/svg><\/em>  <\/a>\n                        <\/li>\n                        <!-- \/themify-link-item -->\n                        <li class=\"social-link-item facebook font-icon icon-large\">\n                            <a href=\"https:\/\/www.facebook.com\/seaglowofficial\/\" aria-label=\"facebook\" ><em style=\"color:rgba(255, 255, 255, 1);background-color:#3b5998;\"><svg  aria-label=\"Facebook\" class=\"tf_fa tf-fab-facebook\" role=\"img\"><use href=\"#tf-fab-facebook\"><\/use><\/svg><\/em>  <\/a>\n                        <\/li>\n                        <!-- \/themify-link-item -->\n                        <li class=\"social-link-item linkedin font-icon icon-large\">\n                            <a href=\"https:\/\/www.linkedin.com\/company\/seaglow-official\/?viewAsMember=true\" aria-label=\"linkedin\" ><em style=\"color:rgba(255, 255, 255, 1);background-color:#0177b5;\"><svg  aria-label=\"Linkedin\" class=\"tf_fa tf-fab-linkedin-in\" role=\"img\"><use href=\"#tf-fab-linkedin-in\"><\/use><\/svg><\/em>  <\/a>\n                        <\/li>\n                        <!-- \/themify-link-item --><\/ul><\/div><\/div>\n<!-- \/module widget -->\n        <\/div>\n                    <div  data-lazy=\"1\" class=\"module_column sub_column col4-2 tb_0qs8779 last\">\n                    <!-- module text -->\n<div  class=\"module module-text tb_dz5q375\" data-lazy=\"1\">\n        <div  class=\"tb_text_wrap\">\n        <h3 style=\"text-align: center;\"><strong>Send os en besked<\/strong><\/h3>    <\/div>\n<\/div>\n<!-- \/module text --><!-- module plain text -->\n<div  class=\"module module-plain-text tb_awjz586\" data-lazy=\"1\">\n        <div class=\"tb_text_wrap\">\n    \n<div class=\"wpcf7 no-js\" id=\"wpcf7-f609-o1\" lang=\"en-US\" dir=\"ltr\" data-wpcf7-id=\"609\">\n<div class=\"screen-reader-response\"><p role=\"status\" aria-live=\"polite\" aria-atomic=\"true\"><\/p> <ul><\/ul><\/div>\n<form action=\"\/da\/wp-json\/wp\/v2\/pages\/1084#wpcf7-f609-o1\" method=\"post\" class=\"wpcf7-form init\" aria-label=\"Contact form\" novalidate=\"novalidate\" data-status=\"init\" data-trp-original-action=\"\/da\/wp-json\/wp\/v2\/pages\/1084#wpcf7-f609-o1\">\n<fieldset class=\"hidden-fields-container\"><input type=\"hidden\" name=\"_wpcf7\" value=\"609\" \/><input type=\"hidden\" name=\"_wpcf7_version\" value=\"6.1.5\" \/><input type=\"hidden\" name=\"_wpcf7_locale\" value=\"en_US\" \/><input type=\"hidden\" name=\"_wpcf7_unit_tag\" value=\"wpcf7-f609-o1\" \/><input type=\"hidden\" name=\"_wpcf7_container_post\" value=\"0\" \/><input type=\"hidden\" name=\"_wpcf7_posted_data_hash\" value=\"\" \/>\n<\/fieldset>\n<div class=\"column one\">\n\t<p><span class=\"wpcf7-form-control-wrap\" data-name=\"your-name\"><input size=\"40\" maxlength=\"400\" class=\"wpcf7-form-control wpcf7-text wpcf7-validates-as-required\" aria-required=\"true\" aria-invalid=\"false\" placeholder=\"Dit navn\" value=\"\" type=\"text\" name=\"your-name\" \/><\/span>\n\t<\/p>\n<\/div>\n<div class=\"column one\">\n\t<p><span class=\"wpcf7-form-control-wrap\" data-name=\"your-email\"><input size=\"40\" maxlength=\"400\" class=\"wpcf7-form-control wpcf7-email wpcf7-validates-as-required wpcf7-text wpcf7-validates-as-email\" aria-required=\"true\" aria-invalid=\"false\" placeholder=\"Din e-mail\" value=\"\" type=\"email\" name=\"your-email\" \/><\/span>\n\t<\/p>\n<\/div>\n<div class=\"column one\">\n\t<p><span class=\"wpcf7-form-control-wrap\" data-name=\"your-subject\"><input size=\"40\" maxlength=\"400\" class=\"wpcf7-form-control wpcf7-text\" aria-invalid=\"false\" placeholder=\"Emne\" value=\"\" type=\"text\" name=\"your-subject\" \/><\/span>\n\t<\/p>\n<\/div>\n<div class=\"column one\">\n\t<p><span class=\"wpcf7-form-control-wrap\" data-name=\"your-message\"><textarea cols=\"40\" rows=\"6\" maxlength=\"2000\" class=\"wpcf7-form-control wpcf7-textarea\" aria-invalid=\"false\" placeholder=\"Besked\" name=\"your-message\"><\/textarea><\/span>\n\t<\/p>\n<\/div>\n<div class=\"column one\">\n\t<p><input class=\"wpcf7-form-control wpcf7-submit has-spinner button_full_width\" type=\"submit\" value=\"SEND EN BESKED\" \/>\n\t<\/p>\n<\/div><div class=\"wpcf7-response-output\" aria-hidden=\"true\"><\/div>\n<input type=\"hidden\" name=\"trp-form-language\" value=\"da\"\/><\/form>\n<\/div>\n    <\/div>\n<\/div>\n<!-- \/module plain text -->        <\/div>\n                    <\/div>\n                <\/div>\n                        <\/div>\n        <\/div>\n        <\/div>\n<!--\/themify_builder_content-->","protected":false},"excerpt":{"rendered":"<p>Get in\u00a0Touch We\u2019re Here to Help and Answer Any Questions NorthDenmark EU-Office\/ Nord Danmarks EU-KONTOR Address NordDanmarks EU-kontor NOVI Science ParkNiels Jernes Vej 10DK-9220 Aalborg \u00d8 Office: +45 6188 5300 [&hellip;]<\/p>\n","protected":false},"author":2,"featured_media":0,"parent":0,"menu_order":0,"comment_status":"closed","ping_status":"closed","template":"","meta":{"footnotes":""},"class_list":["post-1084","page","type-page","status-publish","hentry","has-post-title","has-post-date","has-post-category","has-post-tag","has-post-comment","has-post-author",""],"_links":{"self":[{"href":"http:\/\/seaglow.eu\/da\/wp-json\/wp\/v2\/pages\/1084","targetHints":{"allow":["GET"]}}],"collection":[{"href":"http:\/\/seaglow.eu\/da\/wp-json\/wp\/v2\/pages"}],"about":[{"href":"http:\/\/seaglow.eu\/da\/wp-json\/wp\/v2\/types\/page"}],"author":[{"embeddable":true,"href":"http:\/\/seaglow.eu\/da\/wp-json\/wp\/v2\/users\/2"}],"replies":[{"embeddable":true,"href":"http:\/\/seaglow.eu\/da\/wp-json\/wp\/v2\/comments?post=1084"}],"version-history":[{"count":26,"href":"http:\/\/seaglow.eu\/da\/wp-json\/wp\/v2\/pages\/1084\/revisions"}],"predecessor-version":[{"id":1171,"href":"http:\/\/seaglow.eu\/da\/wp-json\/wp\/v2\/pages\/1084\/revisions\/1171"}],"wp:attachment":[{"href":"http:\/\/seaglow.eu\/da\/wp-json\/wp\/v2\/media?parent=1084"}],"curies":[{"name":"wp","href":"https:\/\/api.w.org\/{rel}","templated":true}]}}